{"id":9849,"date":"2025-09-28T18:21:59","date_gmt":"2025-09-28T16:21:59","guid":{"rendered":"https:\/\/alimentariarrigoni.it\/?post_type=product&#038;p=9849"},"modified":"2026-04-13T18:27:32","modified_gmt":"2026-04-13T16:27:32","slug":"cremant-dalsace-breit-extra-brut-melanie-pfister","status":"publish","type":"product","link":"https:\/\/alimentariarrigoni.it\/de\/prodotto\/cremant-dalsace-breit-extra-brut-melanie-pfister\/","title":{"rendered":"Cremant d&#8217;Alsace Breit Extra Brut Melanie Pfister"},"content":{"rendered":"<div class=\"wpb-content-wrapper\"><p>[vc_row][vc_column width=&#8220;5\/6&#8243;][vc_single_image image=&#8220;12255&#8243; img_size=&#8220;large&#8220; alignment=&#8220;center&#8220; css=&#8220;&#8220;][\/vc_column][vc_column width=&#8220;1\/6&#8243;][\/vc_column][\/vc_row][vc_row][vc_column width=&#8220;2\/6&#8243;][vc_column_text css=&#8220;&#8220;]<\/p>\n<h2 style=\"text-align: justify;\"><strong><span style=\"font-family: georgia, palatino, serif;\"><span style=\"font-size: 18px;\">ALSAZIA\u00a0<\/span><\/span><\/strong><\/h2>\n<p class=\"p1\" style=\"text-align: justify;\"><span style=\"font-family: georgia, palatino, serif; font-size: 16px;\">L&#8217;Alsazia \u00e8 una regione incantevole, una bomboniera fiorita con scorci che sembrano appartenere a un paese di bambole.<\/span><\/p>\n<p style=\"text-align: justify;\"><span style=\"font-family: georgia, palatino, serif; font-size: 16px;\">In Alsazia la viticoltura fu introdotta dai <strong>Romani<\/strong> e si svilupp\u00f2 grazie ai Merovingi e ai Carolingi, raggiungendo fama nel Medioevo. Dopo un lungo periodo di declino, causato dalla Guerra dei Trent\u2019anni e dalla fillossera, la rinascita avvenne dopo la Seconda guerra mondiale, con l\u2019annessione definitiva dell\u2019Alsazia alla Francia e la creazione dell\u2019<strong>AOC Alsace nel 1962<\/strong>. Oggi la regione \u00e8 considerata una delle pi\u00f9 importanti aree vitivinicole francesi, rinomata per i suoi grandi vini da monovitigno.<\/span><\/p>\n<p>[\/vc_column_text][vc_empty_space][vc_single_image image=&#8220;12257&#8243; img_size=&#8220;large&#8220; alignment=&#8220;center&#8220; css=&#8220;&#8220;][vc_empty_space][vc_column_text css=&#8220;&#8220;]<\/p>\n<p style=\"text-align: justify;\"><span style=\"font-family: georgia, palatino, serif; font-size: 16px;\">Il vigneto alsaziano si estende per oltre 100 km ai piedi dei <strong>Vosgi<\/strong>, affacciandosi sul <strong>Reno<\/strong>. La catena montuosa protegge la zona dalle correnti fredde e umide provenienti dall\u2019Atlantico e dal Canale della Manica, creando un <strong>microclima unico<\/strong>: con soli 500 mm di pioggia annui, l\u2019Alsazia \u00e8 tra le regioni pi\u00f9 secche di Francia. Il clima continentale, caratterizzato da autunni soleggiati e asciutti, favorisce la piena maturazione delle uve, consentendo un\u2019elevata concentrazione di zuccheri e aromi nei grappoli.<\/span><\/p>\n<p>[\/vc_column_text][vc_empty_space][\/vc_column][vc_column width=&#8220;3\/6&#8243;][vc_column_text css=&#8220;&#8220;]<\/p>\n<h1 style=\"text-align: justify;\"><span style=\"font-size: 16px; font-family: georgia, palatino, serif;\"><strong>DESCRIZIONE\u00a0<\/strong><\/span><\/h1>\n<p style=\"text-align: justify;\"><span style=\"font-family: georgia, palatino, serif; font-size: 16px;\">Il Cr\u00e9mant d\u2019Alsace Extra Brut di M\u00e9lanie Pfister \u00e8 uno spumante <strong>Metodo Classico<\/strong> fresco, equilibrato e raffinato. M\u00e9lanie, dopo studi e esperienze in rinomate cantine di Bordeaux e Borgogna, ha rinnovato l\u2019azienda mantenendo per\u00f2 un approccio artigianale e rispettoso del terroir.<\/span><\/p>\n<p style=\"text-align: justify;\"><span style=\"font-family: georgia, palatino, serif; font-size: 16px;\">Prodotto con uve <strong>Chardonnay, Pinot Bianco e Auxerrois<\/strong> provenienti dalla vigna Breit, vicino a <strong>Strasburgo<\/strong>, il vino nasce su suoli <strong>calcarei<\/strong> e beneficia di venti freschi. Le uve sono raccolte a mano, fermentano spontaneamente in acciaio e affinano per almeno <strong>24 mesi sui lieviti in bottiglia<\/strong>.<\/span><\/p>\n<p style=\"text-align: justify;\"><span style=\"font-family: georgia, palatino, serif; font-size: 16px;\">Nel calice si presenta giallo paglierino con perlage fine e persistente; al naso offre note di frutta bianca, agrumi, crosta di pane e crema pasticcera. Al palato \u00e8 elegante, cremoso e minerale, con una freschezza limpida e una bollicina raffinata, una perfetta espressione della finezza alsaziana.<\/span><\/p>\n<p>[\/vc_column_text][vc_empty_space][vc_single_image image=&#8220;12259&#8243; img_size=&#8220;LARGE&#8220; alignment=&#8220;center&#8220; css=&#8220;&#8220;][vc_empty_space][vc_column_text css=&#8220;&#8220;]<\/p>\n<p style=\"text-align: justify;\"><span style=\"font-family: georgia, palatino, serif; font-size: 16px;\">Un\u2019altra caratteristica distintiva dell\u2019Alsazia \u00e8 la grande <strong>variet\u00e0 dei suoli<\/strong>: un mosaico di granito, calcare, argilla, scisti e gesso che dona ai vitigni sfumature aromatiche differenti, ora pi\u00f9 delicate e fruttate, ora pi\u00f9 intense e minerali, contribuendo alla straordinaria <strong>complessit\u00e0 espressiva<\/strong> dei vini della regione.<\/span><\/p>\n<p>[\/vc_column_text][\/vc_column][\/vc_row][vc_row][vc_column width=&#8220;2\/3&#8243;][vc_empty_space][vc_column_text css=&#8220;&#8220;]<\/p>\n<h3 style=\"text-align: justify;\"><span style=\"font-family: georgia, palatino, serif; font-size: 18px;\"><strong>MELANIE PFISTER\u00a0<\/strong><\/span><\/h3>\n<p>[\/vc_column_text][vc_empty_space][vc_column_text css=&#8220;&#8220;]<\/p>\n<p style=\"text-align: justify;\"><span style=\"font-family: georgia, palatino, serif; font-size: 16px;\">La famiglia Pfister, attiva dal 1780 a Dahlenheim, vicino a Strasburgo, vanta oltre due secoli di tradizione vitivinicola in una zona con radici enoiche risalenti al IX secolo. Oggi il Domaine \u00e8 guidato da M\u00e9lanie Pfister, ottava generazione della famiglia, che dal 2008 ha portato nuova energia dopo esperienze in prestigiose cantine come Zind-Humbrecht, M\u00e9o-Camuzet, Cheval Blanc e d\u2019Yquem.<\/span><\/p>\n<p style=\"text-align: justify;\"><span style=\"font-family: georgia, palatino, serif; font-size: 16px;\">Il Domaine conta 10 ettari di vigneti, coltivati secondo principi biologici e biodinamici. Le vigne sorgono su <strong>pendii calcarei molto ripidi<\/strong> e godono del clima fresco dell\u2019Alsazia settentrionale;<\/span><\/p>\n<p style=\"text-align: justify;\"><span style=\"font-family: georgia, palatino, serif; font-size: 16px;\">I vini di M\u00e9lanie Pfister si distinguono per purezza, eleganza e intensit\u00e0 minerale, capaci di riflettere il terroir alsaziano. I bianchi sono strutturati e raffinati, mentre i Cr\u00e9mant spiccano per freschezza e fragranza, tra i migliori dell\u2019AOC.<\/span><\/p>\n<p>[\/vc_column_text][\/vc_column][vc_column width=&#8220;1\/3&#8243;][\/vc_column][\/vc_row]<\/p>\n<\/div>","protected":false},"excerpt":{"rendered":"<p>[vc_row][vc_column width=&#8220;5\/6&#8243;][vc_single_image image=&#8220;12255&#8243; img_size=&#8220;large&#8220; alignment=&#8220;center&#8220; css=&#8220;&#8220;][\/vc_column][vc_column width=&#8220;1\/6&#8243;][\/vc_column][\/vc_row][vc_row][vc_column width=&#8220;2\/6&#8243;][vc_column_text css=&#8220;&#8220;] ALSAZIA\u00a0 L&#8217;Alsazia \u00e8 una regione incantevole, una bomboniera fiorita con scorci che sembrano appartenere a un paese di bambole. In Alsazia la viticoltura fu introdotta dai Romani e si svilupp\u00f2 grazie ai Merovingi e ai Carolingi, raggiungendo fama nel Medioevo. Dopo un lungo periodo di declino,<\/p>\n<div class=\"klb-readmore\"><a href=\"https:\/\/alimentariarrigoni.it\/de\/prodotto\/cremant-dalsace-breit-extra-brut-melanie-pfister\/\" class=\"btn\">READ MORE<\/a><\/div>\n","protected":false},"featured_media":9850,"template":"","meta":[],"product_brand":[],"product_cat":[1308,846,1306,1307,853],"product_tag":[523],"class_list":{"0":"post-9849","1":"product","2":"type-product","3":"status-publish","4":"has-post-thumbnail","6":"product_cat-auxerrois","7":"product_cat-chardonnay-spumanti","8":"product_cat-cremant-dalsace","9":"product_cat-melanie-pfister","10":"product_cat-pinot-blanc","11":"product_tag-acciaio","12":"blog_entry clearfix","14":"first","15":"instock","16":"taxable","17":"shipping-taxable","18":"purchasable","19":"product-type-simple"},"yoast_head":"<!-- This site is optimized with the Yoast SEO Premium plugin v27.4 (Yoast SEO v27.4) - https:\/\/yoast.com\/product\/yoast-seo-premium-wordpress\/ -->\n<title>Cremant d&#039;Alsace Breit Extra Brut Melanie Pfister<\/title>\n<meta name=\"description\" content=\"Cremant d&#039;Alsace Breit Extra Brut Melanie Pfister\" \/>\n<meta name=\"robots\" content=\"index, follow, max-snippet:-1, max-image-preview:large, max-video-preview:-1\" \/>\n<link rel=\"canonical\" href=\"https:\/\/alimentariarrigoni.it\/de\/prodotto\/cremant-dalsace-breit-extra-brut-melanie-pfister\/\" \/>\n<meta property=\"og:locale\" content=\"de_DE\" \/>\n<meta property=\"og:type\" content=\"article\" \/>\n<meta property=\"og:title\" content=\"Cremant d&#039;Alsace Breit Extra Brut Melanie Pfister\" \/>\n<meta property=\"og:description\" content=\"Cremant d&#039;Alsace Breit Extra Brut Melanie Pfister\" \/>\n<meta property=\"og:url\" content=\"https:\/\/alimentariarrigoni.it\/de\/prodotto\/cremant-dalsace-breit-extra-brut-melanie-pfister\/\" \/>\n<meta property=\"og:site_name\" content=\"Alimentari Arrigoni\" \/>\n<meta property=\"article:publisher\" content=\"https:\/\/www.facebook.com\/alimentariarrigoni\/\" \/>\n<meta property=\"article:modified_time\" content=\"2026-04-13T16:27:32+00:00\" \/>\n<meta property=\"og:image\" content=\"https:\/\/alimentariarrigoni.it\/wp-content\/uploads\/2025\/09\/melanie.jpg\" \/>\n\t<meta property=\"og:image:width\" content=\"1050\" \/>\n\t<meta property=\"og:image:height\" content=\"1050\" \/>\n\t<meta property=\"og:image:type\" content=\"image\/jpeg\" \/>\n<meta name=\"twitter:card\" content=\"summary_large_image\" \/>\n<meta name=\"twitter:label1\" content=\"Gesch\u00e4tzte Lesezeit\" \/>\n\t<meta name=\"twitter:data1\" content=\"3\u00a0Minuten\" \/>\n<script type=\"application\/ld+json\" class=\"yoast-schema-graph\">{\"@context\":\"https:\\\/\\\/schema.org\",\"@graph\":[{\"@type\":\"WebPage\",\"@id\":\"https:\\\/\\\/alimentariarrigoni.it\\\/de\\\/prodotto\\\/cremant-dalsace-breit-extra-brut-melanie-pfister\\\/\",\"url\":\"https:\\\/\\\/alimentariarrigoni.it\\\/de\\\/prodotto\\\/cremant-dalsace-breit-extra-brut-melanie-pfister\\\/\",\"name\":\"Cremant d'Alsace Breit Extra Brut Melanie Pfister\",\"isPartOf\":{\"@id\":\"https:\\\/\\\/alimentariarrigoni.it\\\/de\\\/#website\"},\"primaryImageOfPage\":{\"@id\":\"https:\\\/\\\/alimentariarrigoni.it\\\/de\\\/prodotto\\\/cremant-dalsace-breit-extra-brut-melanie-pfister\\\/#primaryimage\"},\"image\":{\"@id\":\"https:\\\/\\\/alimentariarrigoni.it\\\/de\\\/prodotto\\\/cremant-dalsace-breit-extra-brut-melanie-pfister\\\/#primaryimage\"},\"thumbnailUrl\":\"https:\\\/\\\/alimentariarrigoni.it\\\/wp-content\\\/uploads\\\/2025\\\/09\\\/melanie.jpg\",\"datePublished\":\"2025-09-28T16:21:59+00:00\",\"dateModified\":\"2026-04-13T16:27:32+00:00\",\"description\":\"Cremant d'Alsace Breit Extra Brut Melanie Pfister\",\"breadcrumb\":{\"@id\":\"https:\\\/\\\/alimentariarrigoni.it\\\/de\\\/prodotto\\\/cremant-dalsace-breit-extra-brut-melanie-pfister\\\/#breadcrumb\"},\"inLanguage\":\"de\",\"potentialAction\":[{\"@type\":\"ReadAction\",\"target\":[\"https:\\\/\\\/alimentariarrigoni.it\\\/de\\\/prodotto\\\/cremant-dalsace-breit-extra-brut-melanie-pfister\\\/\"]}]},{\"@type\":\"ImageObject\",\"inLanguage\":\"de\",\"@id\":\"https:\\\/\\\/alimentariarrigoni.it\\\/de\\\/prodotto\\\/cremant-dalsace-breit-extra-brut-melanie-pfister\\\/#primaryimage\",\"url\":\"https:\\\/\\\/alimentariarrigoni.it\\\/wp-content\\\/uploads\\\/2025\\\/09\\\/melanie.jpg\",\"contentUrl\":\"https:\\\/\\\/alimentariarrigoni.it\\\/wp-content\\\/uploads\\\/2025\\\/09\\\/melanie.jpg\",\"width\":1050,\"height\":1050,\"caption\":\"Cremant d'Alsace Breit Extra Brut Melanie Pfister\"},{\"@type\":\"BreadcrumbList\",\"@id\":\"https:\\\/\\\/alimentariarrigoni.it\\\/de\\\/prodotto\\\/cremant-dalsace-breit-extra-brut-melanie-pfister\\\/#breadcrumb\",\"itemListElement\":[{\"@type\":\"ListItem\",\"position\":1,\"name\":\"Home\",\"item\":\"https:\\\/\\\/alimentariarrigoni.it\\\/de\\\/\"},{\"@type\":\"ListItem\",\"position\":2,\"name\":\"Shop\",\"item\":\"https:\\\/\\\/alimentariarrigoni.it\\\/de\\\/shop\\\/\"},{\"@type\":\"ListItem\",\"position\":3,\"name\":\"Cremant d&#8217;Alsace Breit Extra Brut Melanie Pfister\"}]},{\"@type\":\"WebSite\",\"@id\":\"https:\\\/\\\/alimentariarrigoni.it\\\/de\\\/#website\",\"url\":\"https:\\\/\\\/alimentariarrigoni.it\\\/de\\\/\",\"name\":\"Alimentari Arrigoni\",\"description\":\"\",\"publisher\":{\"@id\":\"https:\\\/\\\/alimentariarrigoni.it\\\/de\\\/#organization\"},\"potentialAction\":[{\"@type\":\"SearchAction\",\"target\":{\"@type\":\"EntryPoint\",\"urlTemplate\":\"https:\\\/\\\/alimentariarrigoni.it\\\/de\\\/?s={search_term_string}\"},\"query-input\":{\"@type\":\"PropertyValueSpecification\",\"valueRequired\":true,\"valueName\":\"search_term_string\"}}],\"inLanguage\":\"de\"},{\"@type\":\"Organization\",\"@id\":\"https:\\\/\\\/alimentariarrigoni.it\\\/de\\\/#organization\",\"name\":\"Alimentari dal 1894\",\"url\":\"https:\\\/\\\/alimentariarrigoni.it\\\/de\\\/\",\"logo\":{\"@type\":\"ImageObject\",\"inLanguage\":\"de\",\"@id\":\"https:\\\/\\\/alimentariarrigoni.it\\\/de\\\/#\\\/schema\\\/logo\\\/image\\\/\",\"url\":\"https:\\\/\\\/alimentariarrigoni.it\\\/wp-content\\\/uploads\\\/2022\\\/02\\\/logo-mail-mod.-comp.jpg\",\"contentUrl\":\"https:\\\/\\\/alimentariarrigoni.it\\\/wp-content\\\/uploads\\\/2022\\\/02\\\/logo-mail-mod.-comp.jpg\",\"width\":315,\"height\":100,\"caption\":\"Alimentari dal 1894\"},\"image\":{\"@id\":\"https:\\\/\\\/alimentariarrigoni.it\\\/de\\\/#\\\/schema\\\/logo\\\/image\\\/\"},\"sameAs\":[\"https:\\\/\\\/www.facebook.com\\\/alimentariarrigoni\\\/\",\"https:\\\/\\\/www.instagram.com\\\/alimentariarrigoni\\\/\"]}]}<\/script>\n<!-- \/ Yoast SEO Premium plugin. -->","yoast_head_json":{"title":"Cremant d'Alsace Breit Extra Brut Melanie Pfister","description":"Cremant d'Alsace Breit Extra Brut Melanie Pfister","robots":{"index":"index","follow":"follow","max-snippet":"max-snippet:-1","max-image-preview":"max-image-preview:large","max-video-preview":"max-video-preview:-1"},"canonical":"https:\/\/alimentariarrigoni.it\/de\/prodotto\/cremant-dalsace-breit-extra-brut-melanie-pfister\/","og_locale":"de_DE","og_type":"article","og_title":"Cremant d'Alsace Breit Extra Brut Melanie Pfister","og_description":"Cremant d'Alsace Breit Extra Brut Melanie Pfister","og_url":"https:\/\/alimentariarrigoni.it\/de\/prodotto\/cremant-dalsace-breit-extra-brut-melanie-pfister\/","og_site_name":"Alimentari Arrigoni","article_publisher":"https:\/\/www.facebook.com\/alimentariarrigoni\/","article_modified_time":"2026-04-13T16:27:32+00:00","og_image":[{"width":1050,"height":1050,"url":"https:\/\/alimentariarrigoni.it\/wp-content\/uploads\/2025\/09\/melanie.jpg","type":"image\/jpeg"}],"twitter_card":"summary_large_image","twitter_misc":{"Gesch\u00e4tzte Lesezeit":"3\u00a0Minuten"},"schema":{"@context":"https:\/\/schema.org","@graph":[{"@type":"WebPage","@id":"https:\/\/alimentariarrigoni.it\/de\/prodotto\/cremant-dalsace-breit-extra-brut-melanie-pfister\/","url":"https:\/\/alimentariarrigoni.it\/de\/prodotto\/cremant-dalsace-breit-extra-brut-melanie-pfister\/","name":"Cremant d'Alsace Breit Extra Brut Melanie Pfister","isPartOf":{"@id":"https:\/\/alimentariarrigoni.it\/de\/#website"},"primaryImageOfPage":{"@id":"https:\/\/alimentariarrigoni.it\/de\/prodotto\/cremant-dalsace-breit-extra-brut-melanie-pfister\/#primaryimage"},"image":{"@id":"https:\/\/alimentariarrigoni.it\/de\/prodotto\/cremant-dalsace-breit-extra-brut-melanie-pfister\/#primaryimage"},"thumbnailUrl":"https:\/\/alimentariarrigoni.it\/wp-content\/uploads\/2025\/09\/melanie.jpg","datePublished":"2025-09-28T16:21:59+00:00","dateModified":"2026-04-13T16:27:32+00:00","description":"Cremant d'Alsace Breit Extra Brut Melanie Pfister","breadcrumb":{"@id":"https:\/\/alimentariarrigoni.it\/de\/prodotto\/cremant-dalsace-breit-extra-brut-melanie-pfister\/#breadcrumb"},"inLanguage":"de","potentialAction":[{"@type":"ReadAction","target":["https:\/\/alimentariarrigoni.it\/de\/prodotto\/cremant-dalsace-breit-extra-brut-melanie-pfister\/"]}]},{"@type":"ImageObject","inLanguage":"de","@id":"https:\/\/alimentariarrigoni.it\/de\/prodotto\/cremant-dalsace-breit-extra-brut-melanie-pfister\/#primaryimage","url":"https:\/\/alimentariarrigoni.it\/wp-content\/uploads\/2025\/09\/melanie.jpg","contentUrl":"https:\/\/alimentariarrigoni.it\/wp-content\/uploads\/2025\/09\/melanie.jpg","width":1050,"height":1050,"caption":"Cremant d'Alsace Breit Extra Brut Melanie Pfister"},{"@type":"BreadcrumbList","@id":"https:\/\/alimentariarrigoni.it\/de\/prodotto\/cremant-dalsace-breit-extra-brut-melanie-pfister\/#breadcrumb","itemListElement":[{"@type":"ListItem","position":1,"name":"Home","item":"https:\/\/alimentariarrigoni.it\/de\/"},{"@type":"ListItem","position":2,"name":"Shop","item":"https:\/\/alimentariarrigoni.it\/de\/shop\/"},{"@type":"ListItem","position":3,"name":"Cremant d&#8217;Alsace Breit Extra Brut Melanie Pfister"}]},{"@type":"WebSite","@id":"https:\/\/alimentariarrigoni.it\/de\/#website","url":"https:\/\/alimentariarrigoni.it\/de\/","name":"Alimentari Arrigoni","description":"","publisher":{"@id":"https:\/\/alimentariarrigoni.it\/de\/#organization"},"potentialAction":[{"@type":"SearchAction","target":{"@type":"EntryPoint","urlTemplate":"https:\/\/alimentariarrigoni.it\/de\/?s={search_term_string}"},"query-input":{"@type":"PropertyValueSpecification","valueRequired":true,"valueName":"search_term_string"}}],"inLanguage":"de"},{"@type":"Organization","@id":"https:\/\/alimentariarrigoni.it\/de\/#organization","name":"Alimentari dal 1894","url":"https:\/\/alimentariarrigoni.it\/de\/","logo":{"@type":"ImageObject","inLanguage":"de","@id":"https:\/\/alimentariarrigoni.it\/de\/#\/schema\/logo\/image\/","url":"https:\/\/alimentariarrigoni.it\/wp-content\/uploads\/2022\/02\/logo-mail-mod.-comp.jpg","contentUrl":"https:\/\/alimentariarrigoni.it\/wp-content\/uploads\/2022\/02\/logo-mail-mod.-comp.jpg","width":315,"height":100,"caption":"Alimentari dal 1894"},"image":{"@id":"https:\/\/alimentariarrigoni.it\/de\/#\/schema\/logo\/image\/"},"sameAs":["https:\/\/www.facebook.com\/alimentariarrigoni\/","https:\/\/www.instagram.com\/alimentariarrigoni\/"]}]}},"_links":{"self":[{"href":"https:\/\/alimentariarrigoni.it\/de\/wp-json\/wp\/v2\/product\/9849","targetHints":{"allow":["GET"]}}],"collection":[{"href":"https:\/\/alimentariarrigoni.it\/de\/wp-json\/wp\/v2\/product"}],"about":[{"href":"https:\/\/alimentariarrigoni.it\/de\/wp-json\/wp\/v2\/types\/product"}],"wp:featuredmedia":[{"embeddable":true,"href":"https:\/\/alimentariarrigoni.it\/de\/wp-json\/wp\/v2\/media\/9850"}],"wp:attachment":[{"href":"https:\/\/alimentariarrigoni.it\/de\/wp-json\/wp\/v2\/media?parent=9849"}],"wp:term":[{"taxonomy":"product_brand","embeddable":true,"href":"https:\/\/alimentariarrigoni.it\/de\/wp-json\/wp\/v2\/product_brand?post=9849"},{"taxonomy":"product_cat","embeddable":true,"href":"https:\/\/alimentariarrigoni.it\/de\/wp-json\/wp\/v2\/product_cat?post=9849"},{"taxonomy":"product_tag","embeddable":true,"href":"https:\/\/alimentariarrigoni.it\/de\/wp-json\/wp\/v2\/product_tag?post=9849"}],"curies":[{"name":"wp","href":"https:\/\/api.w.org\/{rel}","templated":true}]}}