{"id":9834,"date":"2025-09-28T13:13:26","date_gmt":"2025-09-28T11:13:26","guid":{"rendered":"https:\/\/alimentariarrigoni.it\/?post_type=product&#038;p=9834"},"modified":"2025-12-20T10:14:17","modified_gmt":"2025-12-20T09:14:17","slug":"cremant-de-bourgogne-manuel-olivier","status":"publish","type":"product","link":"https:\/\/alimentariarrigoni.it\/de\/prodotto\/cremant-de-bourgogne-manuel-olivier\/","title":{"rendered":"Cremant de Bourgogne Brut Manuel Olivier"},"content":{"rendered":"<div class=\"wpb-content-wrapper\"><p>[vc_row][vc_column width=&#8220;2\/6&#8243;][vc_column_text css=&#8220;&#8220;]<\/p>\n<h2 style=\"text-align: justify;\"><strong><span style=\"font-family: georgia, palatino, serif;\"><span style=\"font-size: 18px;\">CREMANT DE BOURGOGNE<\/span><\/span><\/strong><\/h2>\n<p style=\"text-align: justify;\"><span style=\"font-family: georgia, palatino, serif; font-size: 18px;\">Lo spumante della Borgogna fece il suo ingresso nella storia nel 1830, quando fu lodato dal poeta Alfred de Musset (1820-1857) nelle sue <em data-start=\"172\" data-end=\"201\">Secr\u00e8tes pens\u00e9es de Rapha\u00ebl<\/em>. La sua produzione inizi\u00f2 all\u2019inizio del XIX secolo a Chablis, Nuits-Saint-Georges, Rully e Tonnerre, e da allora non ha mai smesso di brillare. Per lungo tempo era consuetudine realizzare versioni effervescenti di prestigiosi Grands Crus borgognoni, ma lo status di AOC, ottenuto nel 1975, stabil\u00ec condizioni rigorose per la sua produzione, basate su tecniche tradizionali applicate con grande cura, al fine di ottenere vinificazioni di alta qualit\u00e0.<\/span><\/p>\n<p>[\/vc_column_text][vc_single_image image=&#8220;9837&#8243; img_size=&#8220;large&#8220; css=&#8220;&#8220;][vc_empty_space][\/vc_column][vc_column width=&#8220;3\/6&#8243;][vc_column_text css=&#8220;&#8220;]<\/p>\n<h1><span style=\"font-size: 18px; font-family: georgia, palatino, serif;\"><strong>DESCRIZIONE\u00a0<\/strong><\/span><\/h1>\n<p><span style=\"font-family: georgia, palatino, serif; font-size: 18px;\">Spumante metodo classico 12 mesi sui lieviti da vitigni Aligot\u00e9 25%, Chardonnay 50%, Pinot Nero 25%. Contiene il 20% di vino di riserva.<\/span><\/p>\n<p><span style=\"font-family: georgia, palatino, serif; font-size: 18px;\">Profumo fresco e fruttato. Dopo l\u2019attacco vivace dell\u2019Aligot\u00e9 si percepiscono la finezza delle bollicine e l\u2019eleganza dello Chardonnay, che sfociano in finale nella struttura del Pinot Noir.<\/span>[\/vc_column_text][vc_empty_space][vc_single_image image=&#8220;9836&#8243; img_size=&#8220;large&#8220; css=&#8220;&#8220;][vc_empty_space][vc_column_text css=&#8220;&#8220;]<\/p>\n<h3 style=\"text-align: justify;\"><span style=\"font-family: georgia, palatino, serif; font-size: 18px;\"><strong>MANUEL OLIVIER\u00a0<\/strong><\/span><\/h3>\n<p>[\/vc_column_text][vc_empty_space][vc_column_text css=&#8220;&#8220;]<\/p>\n<p style=\"text-align: justify;\" data-start=\"35\" data-end=\"679\"><span style=\"font-family: georgia, palatino, serif; font-size: 18px;\">La tenuta di famiglia si trova nel borgo di Corboin, terra di vino e di ribes, arroccata sulle alture di Nuits-Saint-Georges e Vosne-Roman\u00e9e. Proveniente da una famiglia di quattro generazioni di agricoltori, lavoratori della terra, Manuel fin dall\u2019infanzia mostra un interesse particolare e una predisposizione per il vino. Lavora nella fattoria dei suoi genitori, produttori di piccoli frutti rossi e di Cassis di Borgogna, ma le sue ambizioni e aspirazioni sono diverse. A soli 20 anni realizza le sue prime vinificazioni. Cinque anni dopo concretizza il suo sogno e si stabilisce come vignaiolo nel piccolo borgo che lo ha visto crescere.<\/span><\/p>\n<p>[\/vc_column_text][vc_empty_space][\/vc_column][\/vc_row]<\/p>\n<\/div>","protected":false},"excerpt":{"rendered":"<p>[vc_row][vc_column width=&#8220;2\/6&#8243;][vc_column_text css=&#8220;&#8220;] CREMANT DE BOURGOGNE Lo spumante della Borgogna fece il suo ingresso nella storia nel 1830, quando fu lodato dal poeta Alfred de Musset (1820-1857) nelle sue Secr\u00e8tes pens\u00e9es de Rapha\u00ebl. La sua produzione inizi\u00f2 all\u2019inizio del XIX secolo a Chablis, Nuits-Saint-Georges, Rully e Tonnerre, e da allora non ha mai smesso di<\/p>\n<div class=\"klb-readmore\"><a href=\"https:\/\/alimentariarrigoni.it\/de\/prodotto\/cremant-de-bourgogne-manuel-olivier\/\" class=\"btn\">READ MORE<\/a><\/div>\n","protected":false},"featured_media":9848,"template":"","meta":[],"product_brand":[],"product_cat":[820,846,1304,1305,847],"product_tag":[1328],"class_list":{"0":"post-9834","1":"product","2":"type-product","3":"status-publish","4":"has-post-thumbnail","6":"product_cat-aligote","7":"product_cat-chardonnay-spumanti","8":"product_cat-cremant-de-bourgogne","9":"product_cat-manuel-olivier","10":"product_cat-pinot-nero-spumanti","11":"product_tag-acciaio-de","12":"blog_entry clearfix","14":"first","15":"instock","16":"taxable","17":"shipping-taxable","18":"purchasable","19":"product-type-simple"},"yoast_head":"<!-- This site is optimized with the Yoast SEO Premium plugin v27.4 (Yoast SEO v27.4) - https:\/\/yoast.com\/product\/yoast-seo-premium-wordpress\/ -->\n<title>Cremant de Bourgogne Manuel Olivier<\/title>\n<meta name=\"description\" content=\"Cremant de Bourgogne Manuel Olivier\" \/>\n<meta name=\"robots\" content=\"index, follow, max-snippet:-1, max-image-preview:large, max-video-preview:-1\" \/>\n<link rel=\"canonical\" href=\"https:\/\/alimentariarrigoni.it\/de\/prodotto\/cremant-de-bourgogne-manuel-olivier\/\" \/>\n<meta property=\"og:locale\" content=\"de_DE\" \/>\n<meta property=\"og:type\" content=\"article\" \/>\n<meta property=\"og:title\" content=\"Cremant de Bourgogne Brut Manuel Olivier\" \/>\n<meta property=\"og:description\" content=\"Cremant de Bourgogne Manuel Olivier\" \/>\n<meta property=\"og:url\" content=\"https:\/\/alimentariarrigoni.it\/de\/prodotto\/cremant-de-bourgogne-manuel-olivier\/\" \/>\n<meta property=\"og:site_name\" content=\"Alimentari Arrigoni\" \/>\n<meta property=\"article:publisher\" content=\"https:\/\/www.facebook.com\/alimentariarrigoni\/\" \/>\n<meta property=\"article:modified_time\" content=\"2025-12-20T09:14:17+00:00\" \/>\n<meta property=\"og:image\" content=\"https:\/\/alimentariarrigoni.it\/wp-content\/uploads\/2025\/09\/manuel-olivier-cremant-bourgogne-def.jpg\" \/>\n\t<meta property=\"og:image:width\" content=\"1050\" \/>\n\t<meta property=\"og:image:height\" content=\"1050\" \/>\n\t<meta property=\"og:image:type\" content=\"image\/jpeg\" \/>\n<meta name=\"twitter:card\" content=\"summary_large_image\" \/>\n<meta name=\"twitter:label1\" content=\"Gesch\u00e4tzte Lesezeit\" \/>\n\t<meta name=\"twitter:data1\" content=\"2\u00a0Minuten\" \/>\n<script type=\"application\/ld+json\" class=\"yoast-schema-graph\">{\"@context\":\"https:\\\/\\\/schema.org\",\"@graph\":[{\"@type\":\"WebPage\",\"@id\":\"https:\\\/\\\/alimentariarrigoni.it\\\/de\\\/prodotto\\\/cremant-de-bourgogne-manuel-olivier\\\/\",\"url\":\"https:\\\/\\\/alimentariarrigoni.it\\\/de\\\/prodotto\\\/cremant-de-bourgogne-manuel-olivier\\\/\",\"name\":\"Cremant de Bourgogne Manuel Olivier\",\"isPartOf\":{\"@id\":\"https:\\\/\\\/alimentariarrigoni.it\\\/de\\\/#website\"},\"primaryImageOfPage\":{\"@id\":\"https:\\\/\\\/alimentariarrigoni.it\\\/de\\\/prodotto\\\/cremant-de-bourgogne-manuel-olivier\\\/#primaryimage\"},\"image\":{\"@id\":\"https:\\\/\\\/alimentariarrigoni.it\\\/de\\\/prodotto\\\/cremant-de-bourgogne-manuel-olivier\\\/#primaryimage\"},\"thumbnailUrl\":\"https:\\\/\\\/alimentariarrigoni.it\\\/wp-content\\\/uploads\\\/2025\\\/09\\\/manuel-olivier-cremant-bourgogne-def.jpg\",\"datePublished\":\"2025-09-28T11:13:26+00:00\",\"dateModified\":\"2025-12-20T09:14:17+00:00\",\"description\":\"Cremant de Bourgogne Manuel Olivier\",\"breadcrumb\":{\"@id\":\"https:\\\/\\\/alimentariarrigoni.it\\\/de\\\/prodotto\\\/cremant-de-bourgogne-manuel-olivier\\\/#breadcrumb\"},\"inLanguage\":\"de\",\"potentialAction\":[{\"@type\":\"ReadAction\",\"target\":[\"https:\\\/\\\/alimentariarrigoni.it\\\/de\\\/prodotto\\\/cremant-de-bourgogne-manuel-olivier\\\/\"]}]},{\"@type\":\"ImageObject\",\"inLanguage\":\"de\",\"@id\":\"https:\\\/\\\/alimentariarrigoni.it\\\/de\\\/prodotto\\\/cremant-de-bourgogne-manuel-olivier\\\/#primaryimage\",\"url\":\"https:\\\/\\\/alimentariarrigoni.it\\\/wp-content\\\/uploads\\\/2025\\\/09\\\/manuel-olivier-cremant-bourgogne-def.jpg\",\"contentUrl\":\"https:\\\/\\\/alimentariarrigoni.it\\\/wp-content\\\/uploads\\\/2025\\\/09\\\/manuel-olivier-cremant-bourgogne-def.jpg\",\"width\":1050,\"height\":1050,\"caption\":\"manuel-olivier-cremant-bourgogne-def\"},{\"@type\":\"BreadcrumbList\",\"@id\":\"https:\\\/\\\/alimentariarrigoni.it\\\/de\\\/prodotto\\\/cremant-de-bourgogne-manuel-olivier\\\/#breadcrumb\",\"itemListElement\":[{\"@type\":\"ListItem\",\"position\":1,\"name\":\"Home\",\"item\":\"https:\\\/\\\/alimentariarrigoni.it\\\/de\\\/\"},{\"@type\":\"ListItem\",\"position\":2,\"name\":\"Shop\",\"item\":\"https:\\\/\\\/alimentariarrigoni.it\\\/de\\\/shop\\\/\"},{\"@type\":\"ListItem\",\"position\":3,\"name\":\"Cremant de Bourgogne Brut Manuel Olivier\"}]},{\"@type\":\"WebSite\",\"@id\":\"https:\\\/\\\/alimentariarrigoni.it\\\/de\\\/#website\",\"url\":\"https:\\\/\\\/alimentariarrigoni.it\\\/de\\\/\",\"name\":\"Alimentari Arrigoni\",\"description\":\"\",\"publisher\":{\"@id\":\"https:\\\/\\\/alimentariarrigoni.it\\\/de\\\/#organization\"},\"potentialAction\":[{\"@type\":\"SearchAction\",\"target\":{\"@type\":\"EntryPoint\",\"urlTemplate\":\"https:\\\/\\\/alimentariarrigoni.it\\\/de\\\/?s={search_term_string}\"},\"query-input\":{\"@type\":\"PropertyValueSpecification\",\"valueRequired\":true,\"valueName\":\"search_term_string\"}}],\"inLanguage\":\"de\"},{\"@type\":\"Organization\",\"@id\":\"https:\\\/\\\/alimentariarrigoni.it\\\/de\\\/#organization\",\"name\":\"Alimentari dal 1894\",\"url\":\"https:\\\/\\\/alimentariarrigoni.it\\\/de\\\/\",\"logo\":{\"@type\":\"ImageObject\",\"inLanguage\":\"de\",\"@id\":\"https:\\\/\\\/alimentariarrigoni.it\\\/de\\\/#\\\/schema\\\/logo\\\/image\\\/\",\"url\":\"https:\\\/\\\/alimentariarrigoni.it\\\/wp-content\\\/uploads\\\/2022\\\/02\\\/logo-mail-mod.-comp.jpg\",\"contentUrl\":\"https:\\\/\\\/alimentariarrigoni.it\\\/wp-content\\\/uploads\\\/2022\\\/02\\\/logo-mail-mod.-comp.jpg\",\"width\":315,\"height\":100,\"caption\":\"Alimentari dal 1894\"},\"image\":{\"@id\":\"https:\\\/\\\/alimentariarrigoni.it\\\/de\\\/#\\\/schema\\\/logo\\\/image\\\/\"},\"sameAs\":[\"https:\\\/\\\/www.facebook.com\\\/alimentariarrigoni\\\/\",\"https:\\\/\\\/www.instagram.com\\\/alimentariarrigoni\\\/\"]}]}<\/script>\n<!-- \/ Yoast SEO Premium plugin. -->","yoast_head_json":{"title":"Cremant de Bourgogne Manuel Olivier","description":"Cremant de Bourgogne Manuel Olivier","robots":{"index":"index","follow":"follow","max-snippet":"max-snippet:-1","max-image-preview":"max-image-preview:large","max-video-preview":"max-video-preview:-1"},"canonical":"https:\/\/alimentariarrigoni.it\/de\/prodotto\/cremant-de-bourgogne-manuel-olivier\/","og_locale":"de_DE","og_type":"article","og_title":"Cremant de Bourgogne Brut Manuel Olivier","og_description":"Cremant de Bourgogne Manuel Olivier","og_url":"https:\/\/alimentariarrigoni.it\/de\/prodotto\/cremant-de-bourgogne-manuel-olivier\/","og_site_name":"Alimentari Arrigoni","article_publisher":"https:\/\/www.facebook.com\/alimentariarrigoni\/","article_modified_time":"2025-12-20T09:14:17+00:00","og_image":[{"width":1050,"height":1050,"url":"https:\/\/alimentariarrigoni.it\/wp-content\/uploads\/2025\/09\/manuel-olivier-cremant-bourgogne-def.jpg","type":"image\/jpeg"}],"twitter_card":"summary_large_image","twitter_misc":{"Gesch\u00e4tzte Lesezeit":"2\u00a0Minuten"},"schema":{"@context":"https:\/\/schema.org","@graph":[{"@type":"WebPage","@id":"https:\/\/alimentariarrigoni.it\/de\/prodotto\/cremant-de-bourgogne-manuel-olivier\/","url":"https:\/\/alimentariarrigoni.it\/de\/prodotto\/cremant-de-bourgogne-manuel-olivier\/","name":"Cremant de Bourgogne Manuel Olivier","isPartOf":{"@id":"https:\/\/alimentariarrigoni.it\/de\/#website"},"primaryImageOfPage":{"@id":"https:\/\/alimentariarrigoni.it\/de\/prodotto\/cremant-de-bourgogne-manuel-olivier\/#primaryimage"},"image":{"@id":"https:\/\/alimentariarrigoni.it\/de\/prodotto\/cremant-de-bourgogne-manuel-olivier\/#primaryimage"},"thumbnailUrl":"https:\/\/alimentariarrigoni.it\/wp-content\/uploads\/2025\/09\/manuel-olivier-cremant-bourgogne-def.jpg","datePublished":"2025-09-28T11:13:26+00:00","dateModified":"2025-12-20T09:14:17+00:00","description":"Cremant de Bourgogne Manuel Olivier","breadcrumb":{"@id":"https:\/\/alimentariarrigoni.it\/de\/prodotto\/cremant-de-bourgogne-manuel-olivier\/#breadcrumb"},"inLanguage":"de","potentialAction":[{"@type":"ReadAction","target":["https:\/\/alimentariarrigoni.it\/de\/prodotto\/cremant-de-bourgogne-manuel-olivier\/"]}]},{"@type":"ImageObject","inLanguage":"de","@id":"https:\/\/alimentariarrigoni.it\/de\/prodotto\/cremant-de-bourgogne-manuel-olivier\/#primaryimage","url":"https:\/\/alimentariarrigoni.it\/wp-content\/uploads\/2025\/09\/manuel-olivier-cremant-bourgogne-def.jpg","contentUrl":"https:\/\/alimentariarrigoni.it\/wp-content\/uploads\/2025\/09\/manuel-olivier-cremant-bourgogne-def.jpg","width":1050,"height":1050,"caption":"manuel-olivier-cremant-bourgogne-def"},{"@type":"BreadcrumbList","@id":"https:\/\/alimentariarrigoni.it\/de\/prodotto\/cremant-de-bourgogne-manuel-olivier\/#breadcrumb","itemListElement":[{"@type":"ListItem","position":1,"name":"Home","item":"https:\/\/alimentariarrigoni.it\/de\/"},{"@type":"ListItem","position":2,"name":"Shop","item":"https:\/\/alimentariarrigoni.it\/de\/shop\/"},{"@type":"ListItem","position":3,"name":"Cremant de Bourgogne Brut Manuel Olivier"}]},{"@type":"WebSite","@id":"https:\/\/alimentariarrigoni.it\/de\/#website","url":"https:\/\/alimentariarrigoni.it\/de\/","name":"Alimentari Arrigoni","description":"","publisher":{"@id":"https:\/\/alimentariarrigoni.it\/de\/#organization"},"potentialAction":[{"@type":"SearchAction","target":{"@type":"EntryPoint","urlTemplate":"https:\/\/alimentariarrigoni.it\/de\/?s={search_term_string}"},"query-input":{"@type":"PropertyValueSpecification","valueRequired":true,"valueName":"search_term_string"}}],"inLanguage":"de"},{"@type":"Organization","@id":"https:\/\/alimentariarrigoni.it\/de\/#organization","name":"Alimentari dal 1894","url":"https:\/\/alimentariarrigoni.it\/de\/","logo":{"@type":"ImageObject","inLanguage":"de","@id":"https:\/\/alimentariarrigoni.it\/de\/#\/schema\/logo\/image\/","url":"https:\/\/alimentariarrigoni.it\/wp-content\/uploads\/2022\/02\/logo-mail-mod.-comp.jpg","contentUrl":"https:\/\/alimentariarrigoni.it\/wp-content\/uploads\/2022\/02\/logo-mail-mod.-comp.jpg","width":315,"height":100,"caption":"Alimentari dal 1894"},"image":{"@id":"https:\/\/alimentariarrigoni.it\/de\/#\/schema\/logo\/image\/"},"sameAs":["https:\/\/www.facebook.com\/alimentariarrigoni\/","https:\/\/www.instagram.com\/alimentariarrigoni\/"]}]}},"_links":{"self":[{"href":"https:\/\/alimentariarrigoni.it\/de\/wp-json\/wp\/v2\/product\/9834","targetHints":{"allow":["GET"]}}],"collection":[{"href":"https:\/\/alimentariarrigoni.it\/de\/wp-json\/wp\/v2\/product"}],"about":[{"href":"https:\/\/alimentariarrigoni.it\/de\/wp-json\/wp\/v2\/types\/product"}],"wp:featuredmedia":[{"embeddable":true,"href":"https:\/\/alimentariarrigoni.it\/de\/wp-json\/wp\/v2\/media\/9848"}],"wp:attachment":[{"href":"https:\/\/alimentariarrigoni.it\/de\/wp-json\/wp\/v2\/media?parent=9834"}],"wp:term":[{"taxonomy":"product_brand","embeddable":true,"href":"https:\/\/alimentariarrigoni.it\/de\/wp-json\/wp\/v2\/product_brand?post=9834"},{"taxonomy":"product_cat","embeddable":true,"href":"https:\/\/alimentariarrigoni.it\/de\/wp-json\/wp\/v2\/product_cat?post=9834"},{"taxonomy":"product_tag","embeddable":true,"href":"https:\/\/alimentariarrigoni.it\/de\/wp-json\/wp\/v2\/product_tag?post=9834"}],"curies":[{"name":"wp","href":"https:\/\/api.w.org\/{rel}","templated":true}]}}