{"id":9803,"date":"2025-09-28T12:38:05","date_gmt":"2025-09-28T10:38:05","guid":{"rendered":"https:\/\/alimentariarrigoni.it\/?post_type=product&#038;p=9803"},"modified":"2026-04-13T18:29:37","modified_gmt":"2026-04-13T16:29:37","slug":"cremant-de-loire-le-funambule-brut-alain-robert","status":"publish","type":"product","link":"https:\/\/alimentariarrigoni.it\/de\/prodotto\/cremant-de-loire-le-funambule-brut-alain-robert\/","title":{"rendered":"Cremant de Loire Le Funambule Brut Alain Robert"},"content":{"rendered":"<div class=\"wpb-content-wrapper\"><p>[vc_row][vc_column width=&#8220;2\/6&#8243;][vc_column_text css=&#8220;&#8220;]<\/p>\n<h2 style=\"text-align: justify;\"><strong><span style=\"font-family: georgia, palatino, serif;\"><span style=\"font-size: 18px;\">VOUVRAY<\/span><\/span><\/strong><\/h2>\n<p class=\"p1\" style=\"text-align: justify;\"><span style=\"font-family: georgia, palatino, serif; font-size: 18px;\">Nel cuore della Valle della Loira, un paesaggio riconosciuto patrimonio mondiale dell\u2019Unesco. 37 ettari di vigneti, piantati prevalentemente con uve Chenin Blanc su terreni argillo-calcarei e argillo-silicei\u00a0 nei villaggi di Chan\u00e7ay e Noizay.<\/span><\/p>\n<p>[\/vc_column_text][vc_empty_space][vc_single_image image=&#8220;9807&#8243; img_size=&#8220;large&#8220; css=&#8220;&#8220;][vc_empty_space][vc_column_text css=&#8220;&#8220;]<\/p>\n<p style=\"text-align: justify;\"><span style=\"font-family: georgia, palatino, serif; font-size: 18px;\"><strong>CHENIN BLANC<\/strong><\/span><\/p>\n<p style=\"text-align: justify;\"><span style=\"font-family: georgia, palatino, serif; font-size: 18px;\">Vitigno di straordinaria versatilit\u00e0 e finezza, noto per la sua vivace acidit\u00e0 e per la capacit\u00e0 di esprimere un ampio spettro di stili, dai bianchi freschi e fruttati ai vini dolci complessi. La sua struttura acida conferisce un eccezionale potenziale di invecchiamento, permettendo di sviluppare aromi evoluti di miele, mandorla, frutta secca e fiori secchi nel tempo. Questa acidit\u00e0, unita alla concentrazione aromatica, lo rende ideale anche per la produzione di spumanti eleganti e longevi, capaci di sorprendere per profondit\u00e0 e persistenza. Coltivato con cura, il Chenin Blanc si distingue per la sua capacit\u00e0 di riflettere il terroir e di evolvere con grazia, diventando un protagonista di grande fascino sia per appassionati che per collezionisti.<\/span><\/p>\n<p>[\/vc_column_text][vc_empty_space][vc_single_image image=&#8220;7493&#8243; img_size=&#8220;large&#8220; css=&#8220;&#8220;][vc_empty_space][\/vc_column][vc_column width=&#8220;3\/6&#8243;][vc_column_text css=&#8220;&#8220;]<\/p>\n<h1><span style=\"font-size: 18px; font-family: georgia, palatino, serif;\"><strong>DESCRIZIONE\u00a0<\/strong><\/span><\/h1>\n<p class=\"p1\" style=\"text-align: justify;\"><span style=\"font-family: georgia, palatino, serif; font-size: 18px;\">Spumante metodo classico 50% Chardonnay e 50% Chenin Blanc \u2013 Terroir argillo-calcareo e argille con selce \u2013 Vigne di 20 anni.<\/span><\/p>\n<p class=\"p1\" style=\"text-align: justify;\"><span style=\"font-family: georgia, palatino, serif; font-size: 18px;\">Lo Chardonnay e lo Chenin Blanc hanno dato vita a questo acrobata che si cimenta in un esercizio di stile che gli riesce alla perfezione: trovare il giusto equilibrio. Con il suo bouquet in mano, il Funambule domina la sua persistenza. La sua scena preferita: farsi invitare alle vostre serate vivaci e festose.<\/span><\/p>\n<p style=\"text-align: justify;\"><span style=\"font-family: georgia, palatino, serif; font-size: 18px;\">Un bel colore dorato e un\u2019eleganza nella sua effervescenza. Al naso \u00e8 rotondo, burroso e fruttato. Al palato, la vivacit\u00e0 dello Chenin risveglia le papille, mentre la generosit\u00e0 dello Chardonnay apporta golosit\u00e0.<\/span><\/p>\n<p>[\/vc_column_text][vc_empty_space][vc_single_image image=&#8220;9805&#8243; img_size=&#8220;LARGE&#8220; css=&#8220;&#8220;][vc_empty_space][vc_column_text css=&#8220;&#8220;]<\/p>\n<h3 style=\"text-align: justify;\"><span style=\"font-family: georgia, palatino, serif; font-size: 18px;\"><strong>ALAIN ROBERT\u00a0<\/strong><\/span><\/h3>\n<p>[\/vc_column_text][vc_empty_space][vc_column_text css=&#8220;&#8220;]<\/p>\n<p class=\"p1\" style=\"text-align: justify;\"><span style=\"font-family: georgia, palatino, serif; font-size: 18px;\">Christiane e Alain Robert hanno scelto di lasciare progressivamente il testimone ai loro due figli, per intraprendere una meritata pensione. I 37 ettari di vigneti che compongono la tenuta di famiglia sono coltivati da molti anni con il metodo della lotta integrata e dal 2021 sono certificati con il marchio \u00abAlta Valorizzazione Ambientale\u00bb. La tenuta possiede una cantina trogloditica scavata nel tufo, nella quale vengono prodotti i vini con Metodo Tradizionale. Alcune botti di rovere e grandi foudres borgognoni sono utilizzati per esaltare lo Chenin Blanc in alcune cuv\u00e9e.<\/span><\/p>\n<p>[\/vc_column_text][vc_empty_space][vc_single_image image=&#8220;9806&#8243; img_size=&#8220;large&#8220; css=&#8220;&#8220;][\/vc_column][\/vc_row]<\/p>\n<\/div>","protected":false},"excerpt":{"rendered":"<p>[vc_row][vc_column width=&#8220;2\/6&#8243;][vc_column_text css=&#8220;&#8220;] VOUVRAY Nel cuore della Valle della Loira, un paesaggio riconosciuto patrimonio mondiale dell\u2019Unesco. 37 ettari di vigneti, piantati prevalentemente con uve Chenin Blanc su terreni argillo-calcarei e argillo-silicei\u00a0 nei villaggi di Chan\u00e7ay e Noizay. [\/vc_column_text][vc_empty_space][vc_single_image image=&#8220;9807&#8243; img_size=&#8220;large&#8220; css=&#8220;&#8220;][vc_empty_space][vc_column_text css=&#8220;&#8220;] CHENIN BLANC Vitigno di straordinaria versatilit\u00e0 e finezza, noto per la sua vivace<\/p>\n<div class=\"klb-readmore\"><a href=\"https:\/\/alimentariarrigoni.it\/de\/prodotto\/cremant-de-loire-le-funambule-brut-alain-robert\/\" class=\"btn\">READ MORE<\/a><\/div>\n","protected":false},"featured_media":9804,"template":"","meta":[],"product_brand":[],"product_cat":[886,846,850,884],"product_tag":[1328],"class_list":{"0":"post-9803","1":"product","2":"type-product","3":"status-publish","4":"has-post-thumbnail","6":"product_cat-alain-robert","7":"product_cat-chardonnay-spumanti","8":"product_cat-chenin-blanc","9":"product_cat-cremant-de-loire","10":"product_tag-acciaio-de","11":"blog_entry clearfix","13":"first","14":"instock","15":"taxable","16":"shipping-taxable","17":"purchasable","18":"product-type-simple"},"yoast_head":"<!-- This site is optimized with the Yoast SEO Premium plugin v27.4 (Yoast SEO v27.4) - https:\/\/yoast.com\/product\/yoast-seo-premium-wordpress\/ -->\n<title>Cremant de Loire Le Funambule Brut Alain Robert<\/title>\n<meta name=\"description\" content=\"Cremant de Loire Le Funambule Brut Alain Robert\" \/>\n<meta name=\"robots\" content=\"index, follow, max-snippet:-1, max-image-preview:large, max-video-preview:-1\" \/>\n<link rel=\"canonical\" href=\"https:\/\/alimentariarrigoni.it\/de\/prodotto\/cremant-de-loire-le-funambule-brut-alain-robert\/\" \/>\n<meta property=\"og:locale\" content=\"de_DE\" \/>\n<meta property=\"og:type\" content=\"article\" \/>\n<meta property=\"og:title\" content=\"Cremant de Loire Le Funambule Brut Alain Robert\" \/>\n<meta property=\"og:description\" content=\"Cremant de Loire Le Funambule Brut Alain Robert\" \/>\n<meta property=\"og:url\" content=\"https:\/\/alimentariarrigoni.it\/de\/prodotto\/cremant-de-loire-le-funambule-brut-alain-robert\/\" \/>\n<meta property=\"og:site_name\" content=\"Alimentari Arrigoni\" \/>\n<meta property=\"article:publisher\" content=\"https:\/\/www.facebook.com\/alimentariarrigoni\/\" \/>\n<meta property=\"article:modified_time\" content=\"2026-04-13T16:29:37+00:00\" \/>\n<meta property=\"og:image\" content=\"https:\/\/alimentariarrigoni.it\/wp-content\/uploads\/2025\/09\/Cremant-de-Loire-Le-Funambule-Brut-Alain-Robert-.jpg\" \/>\n\t<meta property=\"og:image:width\" content=\"1050\" \/>\n\t<meta property=\"og:image:height\" content=\"1050\" \/>\n\t<meta property=\"og:image:type\" content=\"image\/jpeg\" \/>\n<meta name=\"twitter:card\" content=\"summary_large_image\" \/>\n<meta name=\"twitter:label1\" content=\"Gesch\u00e4tzte Lesezeit\" \/>\n\t<meta name=\"twitter:data1\" content=\"3\u00a0Minuten\" \/>\n<script type=\"application\/ld+json\" class=\"yoast-schema-graph\">{\"@context\":\"https:\\\/\\\/schema.org\",\"@graph\":[{\"@type\":\"WebPage\",\"@id\":\"https:\\\/\\\/alimentariarrigoni.it\\\/de\\\/prodotto\\\/cremant-de-loire-le-funambule-brut-alain-robert\\\/\",\"url\":\"https:\\\/\\\/alimentariarrigoni.it\\\/de\\\/prodotto\\\/cremant-de-loire-le-funambule-brut-alain-robert\\\/\",\"name\":\"Cremant de Loire Le Funambule Brut Alain Robert\",\"isPartOf\":{\"@id\":\"https:\\\/\\\/alimentariarrigoni.it\\\/de\\\/#website\"},\"primaryImageOfPage\":{\"@id\":\"https:\\\/\\\/alimentariarrigoni.it\\\/de\\\/prodotto\\\/cremant-de-loire-le-funambule-brut-alain-robert\\\/#primaryimage\"},\"image\":{\"@id\":\"https:\\\/\\\/alimentariarrigoni.it\\\/de\\\/prodotto\\\/cremant-de-loire-le-funambule-brut-alain-robert\\\/#primaryimage\"},\"thumbnailUrl\":\"https:\\\/\\\/alimentariarrigoni.it\\\/wp-content\\\/uploads\\\/2025\\\/09\\\/Cremant-de-Loire-Le-Funambule-Brut-Alain-Robert-.jpg\",\"datePublished\":\"2025-09-28T10:38:05+00:00\",\"dateModified\":\"2026-04-13T16:29:37+00:00\",\"description\":\"Cremant de Loire Le Funambule Brut Alain Robert\",\"breadcrumb\":{\"@id\":\"https:\\\/\\\/alimentariarrigoni.it\\\/de\\\/prodotto\\\/cremant-de-loire-le-funambule-brut-alain-robert\\\/#breadcrumb\"},\"inLanguage\":\"de\",\"potentialAction\":[{\"@type\":\"ReadAction\",\"target\":[\"https:\\\/\\\/alimentariarrigoni.it\\\/de\\\/prodotto\\\/cremant-de-loire-le-funambule-brut-alain-robert\\\/\"]}]},{\"@type\":\"ImageObject\",\"inLanguage\":\"de\",\"@id\":\"https:\\\/\\\/alimentariarrigoni.it\\\/de\\\/prodotto\\\/cremant-de-loire-le-funambule-brut-alain-robert\\\/#primaryimage\",\"url\":\"https:\\\/\\\/alimentariarrigoni.it\\\/wp-content\\\/uploads\\\/2025\\\/09\\\/Cremant-de-Loire-Le-Funambule-Brut-Alain-Robert-.jpg\",\"contentUrl\":\"https:\\\/\\\/alimentariarrigoni.it\\\/wp-content\\\/uploads\\\/2025\\\/09\\\/Cremant-de-Loire-Le-Funambule-Brut-Alain-Robert-.jpg\",\"width\":1050,\"height\":1050,\"caption\":\"Cremant de Loire Le Funambule Brut Alain Robert\"},{\"@type\":\"BreadcrumbList\",\"@id\":\"https:\\\/\\\/alimentariarrigoni.it\\\/de\\\/prodotto\\\/cremant-de-loire-le-funambule-brut-alain-robert\\\/#breadcrumb\",\"itemListElement\":[{\"@type\":\"ListItem\",\"position\":1,\"name\":\"Home\",\"item\":\"https:\\\/\\\/alimentariarrigoni.it\\\/de\\\/\"},{\"@type\":\"ListItem\",\"position\":2,\"name\":\"Shop\",\"item\":\"https:\\\/\\\/alimentariarrigoni.it\\\/de\\\/shop\\\/\"},{\"@type\":\"ListItem\",\"position\":3,\"name\":\"Cremant de Loire Le Funambule Brut Alain Robert\"}]},{\"@type\":\"WebSite\",\"@id\":\"https:\\\/\\\/alimentariarrigoni.it\\\/de\\\/#website\",\"url\":\"https:\\\/\\\/alimentariarrigoni.it\\\/de\\\/\",\"name\":\"Alimentari Arrigoni\",\"description\":\"\",\"publisher\":{\"@id\":\"https:\\\/\\\/alimentariarrigoni.it\\\/de\\\/#organization\"},\"potentialAction\":[{\"@type\":\"SearchAction\",\"target\":{\"@type\":\"EntryPoint\",\"urlTemplate\":\"https:\\\/\\\/alimentariarrigoni.it\\\/de\\\/?s={search_term_string}\"},\"query-input\":{\"@type\":\"PropertyValueSpecification\",\"valueRequired\":true,\"valueName\":\"search_term_string\"}}],\"inLanguage\":\"de\"},{\"@type\":\"Organization\",\"@id\":\"https:\\\/\\\/alimentariarrigoni.it\\\/de\\\/#organization\",\"name\":\"Alimentari dal 1894\",\"url\":\"https:\\\/\\\/alimentariarrigoni.it\\\/de\\\/\",\"logo\":{\"@type\":\"ImageObject\",\"inLanguage\":\"de\",\"@id\":\"https:\\\/\\\/alimentariarrigoni.it\\\/de\\\/#\\\/schema\\\/logo\\\/image\\\/\",\"url\":\"https:\\\/\\\/alimentariarrigoni.it\\\/wp-content\\\/uploads\\\/2022\\\/02\\\/logo-mail-mod.-comp.jpg\",\"contentUrl\":\"https:\\\/\\\/alimentariarrigoni.it\\\/wp-content\\\/uploads\\\/2022\\\/02\\\/logo-mail-mod.-comp.jpg\",\"width\":315,\"height\":100,\"caption\":\"Alimentari dal 1894\"},\"image\":{\"@id\":\"https:\\\/\\\/alimentariarrigoni.it\\\/de\\\/#\\\/schema\\\/logo\\\/image\\\/\"},\"sameAs\":[\"https:\\\/\\\/www.facebook.com\\\/alimentariarrigoni\\\/\",\"https:\\\/\\\/www.instagram.com\\\/alimentariarrigoni\\\/\"]}]}<\/script>\n<!-- \/ Yoast SEO Premium plugin. -->","yoast_head_json":{"title":"Cremant de Loire Le Funambule Brut Alain Robert","description":"Cremant de Loire Le Funambule Brut Alain Robert","robots":{"index":"index","follow":"follow","max-snippet":"max-snippet:-1","max-image-preview":"max-image-preview:large","max-video-preview":"max-video-preview:-1"},"canonical":"https:\/\/alimentariarrigoni.it\/de\/prodotto\/cremant-de-loire-le-funambule-brut-alain-robert\/","og_locale":"de_DE","og_type":"article","og_title":"Cremant de Loire Le Funambule Brut Alain Robert","og_description":"Cremant de Loire Le Funambule Brut Alain Robert","og_url":"https:\/\/alimentariarrigoni.it\/de\/prodotto\/cremant-de-loire-le-funambule-brut-alain-robert\/","og_site_name":"Alimentari Arrigoni","article_publisher":"https:\/\/www.facebook.com\/alimentariarrigoni\/","article_modified_time":"2026-04-13T16:29:37+00:00","og_image":[{"width":1050,"height":1050,"url":"https:\/\/alimentariarrigoni.it\/wp-content\/uploads\/2025\/09\/Cremant-de-Loire-Le-Funambule-Brut-Alain-Robert-.jpg","type":"image\/jpeg"}],"twitter_card":"summary_large_image","twitter_misc":{"Gesch\u00e4tzte Lesezeit":"3\u00a0Minuten"},"schema":{"@context":"https:\/\/schema.org","@graph":[{"@type":"WebPage","@id":"https:\/\/alimentariarrigoni.it\/de\/prodotto\/cremant-de-loire-le-funambule-brut-alain-robert\/","url":"https:\/\/alimentariarrigoni.it\/de\/prodotto\/cremant-de-loire-le-funambule-brut-alain-robert\/","name":"Cremant de Loire Le Funambule Brut Alain Robert","isPartOf":{"@id":"https:\/\/alimentariarrigoni.it\/de\/#website"},"primaryImageOfPage":{"@id":"https:\/\/alimentariarrigoni.it\/de\/prodotto\/cremant-de-loire-le-funambule-brut-alain-robert\/#primaryimage"},"image":{"@id":"https:\/\/alimentariarrigoni.it\/de\/prodotto\/cremant-de-loire-le-funambule-brut-alain-robert\/#primaryimage"},"thumbnailUrl":"https:\/\/alimentariarrigoni.it\/wp-content\/uploads\/2025\/09\/Cremant-de-Loire-Le-Funambule-Brut-Alain-Robert-.jpg","datePublished":"2025-09-28T10:38:05+00:00","dateModified":"2026-04-13T16:29:37+00:00","description":"Cremant de Loire Le Funambule Brut Alain Robert","breadcrumb":{"@id":"https:\/\/alimentariarrigoni.it\/de\/prodotto\/cremant-de-loire-le-funambule-brut-alain-robert\/#breadcrumb"},"inLanguage":"de","potentialAction":[{"@type":"ReadAction","target":["https:\/\/alimentariarrigoni.it\/de\/prodotto\/cremant-de-loire-le-funambule-brut-alain-robert\/"]}]},{"@type":"ImageObject","inLanguage":"de","@id":"https:\/\/alimentariarrigoni.it\/de\/prodotto\/cremant-de-loire-le-funambule-brut-alain-robert\/#primaryimage","url":"https:\/\/alimentariarrigoni.it\/wp-content\/uploads\/2025\/09\/Cremant-de-Loire-Le-Funambule-Brut-Alain-Robert-.jpg","contentUrl":"https:\/\/alimentariarrigoni.it\/wp-content\/uploads\/2025\/09\/Cremant-de-Loire-Le-Funambule-Brut-Alain-Robert-.jpg","width":1050,"height":1050,"caption":"Cremant de Loire Le Funambule Brut Alain Robert"},{"@type":"BreadcrumbList","@id":"https:\/\/alimentariarrigoni.it\/de\/prodotto\/cremant-de-loire-le-funambule-brut-alain-robert\/#breadcrumb","itemListElement":[{"@type":"ListItem","position":1,"name":"Home","item":"https:\/\/alimentariarrigoni.it\/de\/"},{"@type":"ListItem","position":2,"name":"Shop","item":"https:\/\/alimentariarrigoni.it\/de\/shop\/"},{"@type":"ListItem","position":3,"name":"Cremant de Loire Le Funambule Brut Alain Robert"}]},{"@type":"WebSite","@id":"https:\/\/alimentariarrigoni.it\/de\/#website","url":"https:\/\/alimentariarrigoni.it\/de\/","name":"Alimentari Arrigoni","description":"","publisher":{"@id":"https:\/\/alimentariarrigoni.it\/de\/#organization"},"potentialAction":[{"@type":"SearchAction","target":{"@type":"EntryPoint","urlTemplate":"https:\/\/alimentariarrigoni.it\/de\/?s={search_term_string}"},"query-input":{"@type":"PropertyValueSpecification","valueRequired":true,"valueName":"search_term_string"}}],"inLanguage":"de"},{"@type":"Organization","@id":"https:\/\/alimentariarrigoni.it\/de\/#organization","name":"Alimentari dal 1894","url":"https:\/\/alimentariarrigoni.it\/de\/","logo":{"@type":"ImageObject","inLanguage":"de","@id":"https:\/\/alimentariarrigoni.it\/de\/#\/schema\/logo\/image\/","url":"https:\/\/alimentariarrigoni.it\/wp-content\/uploads\/2022\/02\/logo-mail-mod.-comp.jpg","contentUrl":"https:\/\/alimentariarrigoni.it\/wp-content\/uploads\/2022\/02\/logo-mail-mod.-comp.jpg","width":315,"height":100,"caption":"Alimentari dal 1894"},"image":{"@id":"https:\/\/alimentariarrigoni.it\/de\/#\/schema\/logo\/image\/"},"sameAs":["https:\/\/www.facebook.com\/alimentariarrigoni\/","https:\/\/www.instagram.com\/alimentariarrigoni\/"]}]}},"_links":{"self":[{"href":"https:\/\/alimentariarrigoni.it\/de\/wp-json\/wp\/v2\/product\/9803","targetHints":{"allow":["GET"]}}],"collection":[{"href":"https:\/\/alimentariarrigoni.it\/de\/wp-json\/wp\/v2\/product"}],"about":[{"href":"https:\/\/alimentariarrigoni.it\/de\/wp-json\/wp\/v2\/types\/product"}],"wp:featuredmedia":[{"embeddable":true,"href":"https:\/\/alimentariarrigoni.it\/de\/wp-json\/wp\/v2\/media\/9804"}],"wp:attachment":[{"href":"https:\/\/alimentariarrigoni.it\/de\/wp-json\/wp\/v2\/media?parent=9803"}],"wp:term":[{"taxonomy":"product_brand","embeddable":true,"href":"https:\/\/alimentariarrigoni.it\/de\/wp-json\/wp\/v2\/product_brand?post=9803"},{"taxonomy":"product_cat","embeddable":true,"href":"https:\/\/alimentariarrigoni.it\/de\/wp-json\/wp\/v2\/product_cat?post=9803"},{"taxonomy":"product_tag","embeddable":true,"href":"https:\/\/alimentariarrigoni.it\/de\/wp-json\/wp\/v2\/product_tag?post=9803"}],"curies":[{"name":"wp","href":"https:\/\/api.w.org\/{rel}","templated":true}]}}