{"id":971,"date":"2021-09-23T11:28:45","date_gmt":"2021-09-23T09:28:45","guid":{"rendered":"https:\/\/yard.sitowp.com\/alimentariarrigoni\/prodotto\/molino-delle-balze-chardonnay-rocca-di-castagnoli-2019\/"},"modified":"2023-12-11T16:16:50","modified_gmt":"2023-12-11T15:16:50","slug":"molino-delle-balze-rocca-di-castagnoli","status":"publish","type":"product","link":"https:\/\/alimentariarrigoni.it\/de\/prodotto\/molino-delle-balze-rocca-di-castagnoli\/","title":{"rendered":"Molino delle Balze Chardonnay Rocca di Castagnoli 2019"},"content":{"rendered":"<div class=\"wpb-content-wrapper\"><p>[vc_row][vc_column width=&#8220;2\/5&#8243;][vc_empty_space][vc_single_image image=&#8220;7054&#8243; img_size=&#8220;large&#8220;][vc_column_text]<\/p>\n<h2 style=\"text-align: justify;\"><span style=\"font-size: 18px; font-family: georgia, palatino, serif;\"><strong>GAIOLE IN CHIANTI\u00a0<\/strong><\/span><\/h2>\n<p style=\"text-align: justify;\"><span style=\"font-family: georgia, palatino, serif; font-size: 16px;\">I vigneti di Rocca di Castagnoli sono nella zona centrale di <strong>Gaiole in Chianti<\/strong> dove si uniscono tutti i diversi tipi di terreno del Chianti Classico. Troviamo suoli su scaglia toscana (<strong>galestro<\/strong>) con marne e calcari, suoli sabbiosi non calcarei su arenaria (<strong>macigno<\/strong>) e suoli argilloso-calcarei su calcari e argilliti (<strong>alberese<\/strong>). Questa variet\u00e0 di suoli \u00e8 la condizione necessaria per avere grandi vini in cui possono essere presenti tutte le migliori qualit\u00e0 che ogni diversa conformazione geologia apporta.\u00a0<\/span><\/p>\n<p>[\/vc_column_text][vc_empty_space][vc_video link=&#8220;https:\/\/www.youtube.com\/watch?v=qKcArr1Kj28&amp;t=1535s&#8220;][vc_empty_space][vc_single_image image=&#8220;7053&#8243; img_size=&#8220;large&#8220;][\/vc_column][vc_column width=&#8220;3\/6&#8243;][vc_column_text]<\/p>\n<h1><span style=\"font-size: 18px; font-family: georgia, palatino, serif;\"><strong>MOLINO DELLE BALZE<\/strong><\/span><\/h1>\n<p style=\"text-align: justify;\"><span style=\"font-family: georgia, palatino, serif; font-size: 16px;\">Il territorio del Chianti Classico ben si addice a vini bianchi di buona struttura ed eleganza. La presenza di roccia, minerali vari come galestri e calcari danno struttura e acidit\u00e0 in particolare ad un vitigno come lo Chardonnay che ne \u00e8 particolarmente ghiotto. Completa l\u2019alta vocazione la costante caratteristica climatica della zona alta del Chianti Classico con le sue escursioni termiche che dall\u2019Agosto accompagnano la maturazione delle uve fino alla raccolta nella seconda met\u00e0 di settembre.<\/span><\/p>\n<p><span style=\"font-family: georgia, palatino, serif; font-size: 18px;\"><strong>DESCRIZIONE<\/strong><\/span><\/p>\n<p style=\"text-align: justify;\"><span style=\"font-family: georgia, palatino, serif; font-size: 16px;\">Vino di intensa mineralit\u00e0 e sapidit\u00e0 con note di freschezza che lo rendono elegante e persistente, il Molino delle Balze Rocca di Castagnoli \u00e8 un vino bianco di colore giallo paglierino netto e brillante. Ha un persistente profumo di pesca ed albicocca con sottofondo di mela cotogna e miele d\u2019acacia. \u00c8 un vino flessuoso e avvolgente al palato, il cui perfetto equilibrio si conclude in un\u2019ottima persistenza gustativa. Destinato ad una pronta bevibilit\u00e0 ma con una evoluzione nei prossimi 5-10 anni<\/span><\/p>\n<p>[\/vc_column_text][vc_empty_space][vc_single_image image=&#8220;7055&#8243; img_size=&#8220;LARGE&#8220;][vc_empty_space][vc_column_text]<\/p>\n<h3 style=\"text-align: justify;\"><a href=\"https:\/\/alimentariarrigoni.it\/rocca-di-castagnoli\/\"><span style=\"font-family: georgia, palatino, serif; font-size: 18px;\"><strong>ROCCA DI CASTAGNOLI<\/strong><\/span><\/a><\/h3>\n<div class=\"page\" title=\"Page 6\">\n<div class=\"section\">\n<div class=\"layoutArea\">\n<div class=\"column\">\n<p style=\"text-align: justify;\"><span style=\"font-family: georgia, palatino, serif; font-size: 16px;\">Rocca di Castagnoli e\u0300 un\u2019antica fortezza Medievale da cui ha avuto origine la frazione di Castagnoli. Questo luogo e\u0300 stato storicamente posseduto da numerose famiglie con blasone nobiliare, e tra queste i Tempi (il cui stemma rappresenta ancora l\u2019azienda) e i Ricasoli.<\/span><\/p>\n<p style=\"text-align: justify;\"><span style=\"font-family: georgia, palatino, serif; font-size: 16px;\">L\u2019azienda agricola vinicola, presente gia\u0300 dal 1700, e\u0300 sempre stata il centro economico del borgo e si e\u0300 sempre distinta per la grande qualita\u0300 produttiva come testimonia anche la visita, nel 1773, del Granduca Pietro Leopoldo che lodo\u0300 l\u2019ottima gestione, l\u2019innovazione e la manutenzione con cui venivano condotti i terreni.<\/span><\/p>\n<p style=\"text-align: justify;\"><span style=\"font-family: georgia, palatino, serif; font-size: 16px;\">Nel 1924 Rocca di Castagnoli entra a far parte delle aziende agricole che danno vita al <strong>Consorzio del Vino del Chianti Classico.<\/strong><\/span><\/p>\n<p style=\"text-align: justify;\"><span style=\"font-family: georgia, palatino, serif; font-size: 16px;\">Le cantine della rocca medioevale sono state adibite all\u2019invecchiamento in legno, la barricaia, costituita dai migliori legni di rovere francese, mirati all\u2019ottenimento di vini di grande personalita\u0300, eleganza, complessita\u0300 ed equilibrio da gustare nel tempo.<\/span><\/p>\n<\/div>\n<\/div>\n<\/div>\n<\/div>\n<p>[\/vc_column_text][\/vc_column][\/vc_row]<\/p>\n<\/div>","protected":false},"excerpt":{"rendered":"<p>[vc_row][vc_column width=&#8220;2\/5&#8243;][vc_empty_space][vc_single_image image=&#8220;7054&#8243; img_size=&#8220;large&#8220;][vc_column_text] GAIOLE IN CHIANTI\u00a0 I vigneti di Rocca di Castagnoli sono nella zona centrale di Gaiole in Chianti dove si uniscono tutti i diversi tipi di terreno del Chianti Classico. Troviamo suoli su scaglia toscana (galestro) con marne e calcari, suoli sabbiosi non calcarei su arenaria (macigno) e suoli argilloso-calcarei su calcari<\/p>\n<div class=\"klb-readmore\"><a href=\"https:\/\/alimentariarrigoni.it\/de\/prodotto\/molino-delle-balze-rocca-di-castagnoli\/\" class=\"btn\">READ MORE<\/a><\/div>\n","protected":false},"featured_media":7100,"template":"","meta":[],"product_brand":[],"product_cat":[1509,1324,498,897,497,875],"product_tag":[219,810,220,221,222,223,499,536,224,701],"class_list":{"0":"post-971","1":"product","2":"type-product","3":"status-publish","4":"has-post-thumbnail","6":"product_cat-die-weisweine","7":"product_cat-chardonnay-de","8":"product_cat-chianti-classico","9":"product_cat-rocca-di-castagnoli","10":"product_cat-toscana-vino","11":"product_cat-toscana-igt","12":"product_tag-balze","13":"product_tag-bianchi","14":"product_tag-castagnoli","15":"product_tag-chardonnay","16":"product_tag-molino","17":"product_tag-rocca","18":"product_tag-rocca-di-castagnoli","19":"product_tag-tonneau","20":"product_tag-toscana","21":"product_tag-toscana-igt","22":"blog_entry clearfix","24":"first","25":"instock","26":"taxable","27":"shipping-taxable","28":"purchasable","29":"product-type-simple"},"yoast_head":"<!-- This site is optimized with the Yoast SEO Premium plugin v27.3 (Yoast SEO v27.4) - https:\/\/yoast.com\/product\/yoast-seo-premium-wordpress\/ -->\n<title>Molino delle Balze Rocca di Castagnoli 2019<\/title>\n<meta name=\"description\" content=\"Molino delle Balze Rocca di Castagnoli, la presenza di roccia, galestri e calcari danno struttura e acidit\u00e0 al vitigno Chardonnay\" \/>\n<meta name=\"robots\" content=\"index, follow, max-snippet:-1, max-image-preview:large, max-video-preview:-1\" \/>\n<link rel=\"canonical\" href=\"https:\/\/alimentariarrigoni.it\/de\/prodotto\/molino-delle-balze-rocca-di-castagnoli\/\" \/>\n<meta property=\"og:locale\" content=\"de_DE\" \/>\n<meta property=\"og:type\" content=\"article\" \/>\n<meta property=\"og:title\" content=\"Molino delle Balze Chardonnay Rocca di Castagnoli 2019\" \/>\n<meta property=\"og:description\" content=\"Molino delle Balze Rocca di Castagnoli, la presenza di roccia, galestri e calcari danno struttura e acidit\u00e0 al vitigno Chardonnay\" \/>\n<meta property=\"og:url\" content=\"https:\/\/alimentariarrigoni.it\/de\/prodotto\/molino-delle-balze-rocca-di-castagnoli\/\" \/>\n<meta property=\"og:site_name\" content=\"Alimentari Arrigoni\" \/>\n<meta property=\"article:publisher\" content=\"https:\/\/www.facebook.com\/alimentariarrigoni\/\" \/>\n<meta property=\"article:modified_time\" content=\"2023-12-11T15:16:50+00:00\" \/>\n<meta property=\"og:image\" content=\"https:\/\/alimentariarrigoni.it\/wp-content\/uploads\/2021\/09\/molino-delle-balze-rocca-castagnoli-1.jpg\" \/>\n\t<meta property=\"og:image:width\" content=\"1050\" \/>\n\t<meta property=\"og:image:height\" content=\"1050\" \/>\n\t<meta property=\"og:image:type\" content=\"image\/jpeg\" \/>\n<meta name=\"twitter:card\" content=\"summary_large_image\" \/>\n<meta name=\"twitter:label1\" content=\"Gesch\u00e4tzte Lesezeit\" \/>\n\t<meta name=\"twitter:data1\" content=\"3\u00a0Minuten\" \/>\n<script type=\"application\/ld+json\" class=\"yoast-schema-graph\">{\"@context\":\"https:\\\/\\\/schema.org\",\"@graph\":[{\"@type\":\"WebPage\",\"@id\":\"https:\\\/\\\/alimentariarrigoni.it\\\/de\\\/prodotto\\\/molino-delle-balze-rocca-di-castagnoli\\\/\",\"url\":\"https:\\\/\\\/alimentariarrigoni.it\\\/de\\\/prodotto\\\/molino-delle-balze-rocca-di-castagnoli\\\/\",\"name\":\"Molino delle Balze Rocca di Castagnoli 2019\",\"isPartOf\":{\"@id\":\"https:\\\/\\\/alimentariarrigoni.it\\\/de\\\/#website\"},\"primaryImageOfPage\":{\"@id\":\"https:\\\/\\\/alimentariarrigoni.it\\\/de\\\/prodotto\\\/molino-delle-balze-rocca-di-castagnoli\\\/#primaryimage\"},\"image\":{\"@id\":\"https:\\\/\\\/alimentariarrigoni.it\\\/de\\\/prodotto\\\/molino-delle-balze-rocca-di-castagnoli\\\/#primaryimage\"},\"thumbnailUrl\":\"https:\\\/\\\/alimentariarrigoni.it\\\/wp-content\\\/uploads\\\/2021\\\/09\\\/molino-delle-balze-rocca-castagnoli-1.jpg\",\"datePublished\":\"2021-09-23T09:28:45+00:00\",\"dateModified\":\"2023-12-11T15:16:50+00:00\",\"description\":\"Molino delle Balze Rocca di Castagnoli, la presenza di roccia, galestri e calcari danno struttura e acidit\u00e0 al vitigno Chardonnay\",\"breadcrumb\":{\"@id\":\"https:\\\/\\\/alimentariarrigoni.it\\\/de\\\/prodotto\\\/molino-delle-balze-rocca-di-castagnoli\\\/#breadcrumb\"},\"inLanguage\":\"de\",\"potentialAction\":[{\"@type\":\"ReadAction\",\"target\":[\"https:\\\/\\\/alimentariarrigoni.it\\\/de\\\/prodotto\\\/molino-delle-balze-rocca-di-castagnoli\\\/\"]}]},{\"@type\":\"ImageObject\",\"inLanguage\":\"de\",\"@id\":\"https:\\\/\\\/alimentariarrigoni.it\\\/de\\\/prodotto\\\/molino-delle-balze-rocca-di-castagnoli\\\/#primaryimage\",\"url\":\"https:\\\/\\\/alimentariarrigoni.it\\\/wp-content\\\/uploads\\\/2021\\\/09\\\/molino-delle-balze-rocca-castagnoli-1.jpg\",\"contentUrl\":\"https:\\\/\\\/alimentariarrigoni.it\\\/wp-content\\\/uploads\\\/2021\\\/09\\\/molino-delle-balze-rocca-castagnoli-1.jpg\",\"width\":1050,\"height\":1050,\"caption\":\"Molino delle Balze Rocca di Castagnoli\"},{\"@type\":\"BreadcrumbList\",\"@id\":\"https:\\\/\\\/alimentariarrigoni.it\\\/de\\\/prodotto\\\/molino-delle-balze-rocca-di-castagnoli\\\/#breadcrumb\",\"itemListElement\":[{\"@type\":\"ListItem\",\"position\":1,\"name\":\"Home\",\"item\":\"https:\\\/\\\/alimentariarrigoni.it\\\/de\\\/\"},{\"@type\":\"ListItem\",\"position\":2,\"name\":\"Shop\",\"item\":\"https:\\\/\\\/alimentariarrigoni.it\\\/de\\\/shop\\\/\"},{\"@type\":\"ListItem\",\"position\":3,\"name\":\"Molino delle Balze Chardonnay Rocca di Castagnoli 2019\"}]},{\"@type\":\"WebSite\",\"@id\":\"https:\\\/\\\/alimentariarrigoni.it\\\/de\\\/#website\",\"url\":\"https:\\\/\\\/alimentariarrigoni.it\\\/de\\\/\",\"name\":\"Alimentari Arrigoni\",\"description\":\"\",\"publisher\":{\"@id\":\"https:\\\/\\\/alimentariarrigoni.it\\\/de\\\/#organization\"},\"potentialAction\":[{\"@type\":\"SearchAction\",\"target\":{\"@type\":\"EntryPoint\",\"urlTemplate\":\"https:\\\/\\\/alimentariarrigoni.it\\\/de\\\/?s={search_term_string}\"},\"query-input\":{\"@type\":\"PropertyValueSpecification\",\"valueRequired\":true,\"valueName\":\"search_term_string\"}}],\"inLanguage\":\"de\"},{\"@type\":\"Organization\",\"@id\":\"https:\\\/\\\/alimentariarrigoni.it\\\/de\\\/#organization\",\"name\":\"Alimentari dal 1894\",\"url\":\"https:\\\/\\\/alimentariarrigoni.it\\\/de\\\/\",\"logo\":{\"@type\":\"ImageObject\",\"inLanguage\":\"de\",\"@id\":\"https:\\\/\\\/alimentariarrigoni.it\\\/de\\\/#\\\/schema\\\/logo\\\/image\\\/\",\"url\":\"https:\\\/\\\/alimentariarrigoni.it\\\/wp-content\\\/uploads\\\/2022\\\/02\\\/logo-mail-mod.-comp.jpg\",\"contentUrl\":\"https:\\\/\\\/alimentariarrigoni.it\\\/wp-content\\\/uploads\\\/2022\\\/02\\\/logo-mail-mod.-comp.jpg\",\"width\":315,\"height\":100,\"caption\":\"Alimentari dal 1894\"},\"image\":{\"@id\":\"https:\\\/\\\/alimentariarrigoni.it\\\/de\\\/#\\\/schema\\\/logo\\\/image\\\/\"},\"sameAs\":[\"https:\\\/\\\/www.facebook.com\\\/alimentariarrigoni\\\/\",\"https:\\\/\\\/www.instagram.com\\\/alimentariarrigoni\\\/\"]}]}<\/script>\n<!-- \/ Yoast SEO Premium plugin. -->","yoast_head_json":{"title":"Molino delle Balze Rocca di Castagnoli 2019","description":"Molino delle Balze Rocca di Castagnoli, la presenza di roccia, galestri e calcari danno struttura e acidit\u00e0 al vitigno Chardonnay","robots":{"index":"index","follow":"follow","max-snippet":"max-snippet:-1","max-image-preview":"max-image-preview:large","max-video-preview":"max-video-preview:-1"},"canonical":"https:\/\/alimentariarrigoni.it\/de\/prodotto\/molino-delle-balze-rocca-di-castagnoli\/","og_locale":"de_DE","og_type":"article","og_title":"Molino delle Balze Chardonnay Rocca di Castagnoli 2019","og_description":"Molino delle Balze Rocca di Castagnoli, la presenza di roccia, galestri e calcari danno struttura e acidit\u00e0 al vitigno Chardonnay","og_url":"https:\/\/alimentariarrigoni.it\/de\/prodotto\/molino-delle-balze-rocca-di-castagnoli\/","og_site_name":"Alimentari Arrigoni","article_publisher":"https:\/\/www.facebook.com\/alimentariarrigoni\/","article_modified_time":"2023-12-11T15:16:50+00:00","og_image":[{"width":1050,"height":1050,"url":"https:\/\/alimentariarrigoni.it\/wp-content\/uploads\/2021\/09\/molino-delle-balze-rocca-castagnoli-1.jpg","type":"image\/jpeg"}],"twitter_card":"summary_large_image","twitter_misc":{"Gesch\u00e4tzte Lesezeit":"3\u00a0Minuten"},"schema":{"@context":"https:\/\/schema.org","@graph":[{"@type":"WebPage","@id":"https:\/\/alimentariarrigoni.it\/de\/prodotto\/molino-delle-balze-rocca-di-castagnoli\/","url":"https:\/\/alimentariarrigoni.it\/de\/prodotto\/molino-delle-balze-rocca-di-castagnoli\/","name":"Molino delle Balze Rocca di Castagnoli 2019","isPartOf":{"@id":"https:\/\/alimentariarrigoni.it\/de\/#website"},"primaryImageOfPage":{"@id":"https:\/\/alimentariarrigoni.it\/de\/prodotto\/molino-delle-balze-rocca-di-castagnoli\/#primaryimage"},"image":{"@id":"https:\/\/alimentariarrigoni.it\/de\/prodotto\/molino-delle-balze-rocca-di-castagnoli\/#primaryimage"},"thumbnailUrl":"https:\/\/alimentariarrigoni.it\/wp-content\/uploads\/2021\/09\/molino-delle-balze-rocca-castagnoli-1.jpg","datePublished":"2021-09-23T09:28:45+00:00","dateModified":"2023-12-11T15:16:50+00:00","description":"Molino delle Balze Rocca di Castagnoli, la presenza di roccia, galestri e calcari danno struttura e acidit\u00e0 al vitigno Chardonnay","breadcrumb":{"@id":"https:\/\/alimentariarrigoni.it\/de\/prodotto\/molino-delle-balze-rocca-di-castagnoli\/#breadcrumb"},"inLanguage":"de","potentialAction":[{"@type":"ReadAction","target":["https:\/\/alimentariarrigoni.it\/de\/prodotto\/molino-delle-balze-rocca-di-castagnoli\/"]}]},{"@type":"ImageObject","inLanguage":"de","@id":"https:\/\/alimentariarrigoni.it\/de\/prodotto\/molino-delle-balze-rocca-di-castagnoli\/#primaryimage","url":"https:\/\/alimentariarrigoni.it\/wp-content\/uploads\/2021\/09\/molino-delle-balze-rocca-castagnoli-1.jpg","contentUrl":"https:\/\/alimentariarrigoni.it\/wp-content\/uploads\/2021\/09\/molino-delle-balze-rocca-castagnoli-1.jpg","width":1050,"height":1050,"caption":"Molino delle Balze Rocca di Castagnoli"},{"@type":"BreadcrumbList","@id":"https:\/\/alimentariarrigoni.it\/de\/prodotto\/molino-delle-balze-rocca-di-castagnoli\/#breadcrumb","itemListElement":[{"@type":"ListItem","position":1,"name":"Home","item":"https:\/\/alimentariarrigoni.it\/de\/"},{"@type":"ListItem","position":2,"name":"Shop","item":"https:\/\/alimentariarrigoni.it\/de\/shop\/"},{"@type":"ListItem","position":3,"name":"Molino delle Balze Chardonnay Rocca di Castagnoli 2019"}]},{"@type":"WebSite","@id":"https:\/\/alimentariarrigoni.it\/de\/#website","url":"https:\/\/alimentariarrigoni.it\/de\/","name":"Alimentari Arrigoni","description":"","publisher":{"@id":"https:\/\/alimentariarrigoni.it\/de\/#organization"},"potentialAction":[{"@type":"SearchAction","target":{"@type":"EntryPoint","urlTemplate":"https:\/\/alimentariarrigoni.it\/de\/?s={search_term_string}"},"query-input":{"@type":"PropertyValueSpecification","valueRequired":true,"valueName":"search_term_string"}}],"inLanguage":"de"},{"@type":"Organization","@id":"https:\/\/alimentariarrigoni.it\/de\/#organization","name":"Alimentari dal 1894","url":"https:\/\/alimentariarrigoni.it\/de\/","logo":{"@type":"ImageObject","inLanguage":"de","@id":"https:\/\/alimentariarrigoni.it\/de\/#\/schema\/logo\/image\/","url":"https:\/\/alimentariarrigoni.it\/wp-content\/uploads\/2022\/02\/logo-mail-mod.-comp.jpg","contentUrl":"https:\/\/alimentariarrigoni.it\/wp-content\/uploads\/2022\/02\/logo-mail-mod.-comp.jpg","width":315,"height":100,"caption":"Alimentari dal 1894"},"image":{"@id":"https:\/\/alimentariarrigoni.it\/de\/#\/schema\/logo\/image\/"},"sameAs":["https:\/\/www.facebook.com\/alimentariarrigoni\/","https:\/\/www.instagram.com\/alimentariarrigoni\/"]}]}},"_links":{"self":[{"href":"https:\/\/alimentariarrigoni.it\/de\/wp-json\/wp\/v2\/product\/971","targetHints":{"allow":["GET"]}}],"collection":[{"href":"https:\/\/alimentariarrigoni.it\/de\/wp-json\/wp\/v2\/product"}],"about":[{"href":"https:\/\/alimentariarrigoni.it\/de\/wp-json\/wp\/v2\/types\/product"}],"wp:featuredmedia":[{"embeddable":true,"href":"https:\/\/alimentariarrigoni.it\/de\/wp-json\/wp\/v2\/media\/7100"}],"wp:attachment":[{"href":"https:\/\/alimentariarrigoni.it\/de\/wp-json\/wp\/v2\/media?parent=971"}],"wp:term":[{"taxonomy":"product_brand","embeddable":true,"href":"https:\/\/alimentariarrigoni.it\/de\/wp-json\/wp\/v2\/product_brand?post=971"},{"taxonomy":"product_cat","embeddable":true,"href":"https:\/\/alimentariarrigoni.it\/de\/wp-json\/wp\/v2\/product_cat?post=971"},{"taxonomy":"product_tag","embeddable":true,"href":"https:\/\/alimentariarrigoni.it\/de\/wp-json\/wp\/v2\/product_tag?post=971"}],"curies":[{"name":"wp","href":"https:\/\/api.w.org\/{rel}","templated":true}]}}