{"id":9654,"date":"2025-03-25T22:05:09","date_gmt":"2025-03-25T21:05:09","guid":{"rendered":"https:\/\/alimentariarrigoni.it\/?post_type=product&#038;p=9654"},"modified":"2025-12-20T10:15:27","modified_gmt":"2025-12-20T09:15:27","slug":"il-sole-che-ama-la-terra-croatina-passito-pr-pavia-igt-fratelli-agnes-2023","status":"publish","type":"product","link":"https:\/\/alimentariarrigoni.it\/de\/prodotto\/il-sole-che-ama-la-terra-croatina-passito-pr-pavia-igt-fratelli-agnes-2023\/","title":{"rendered":"Il Sole che ama la terra croatina passito  Pr.Pavia IGT Fratelli Agnes 2023"},"content":{"rendered":"<div class=\"wpb-content-wrapper\"><p>[vc_row][vc_column width=&#8220;2\/6&#8243;][vc_column_text]<\/p>\n<h2><span style=\"font-size: 18px; font-family: georgia, palatino, serif;\"><strong>ROVESCALA<\/strong><\/span><\/h2>\n<p>[\/vc_column_text][vc_empty_space][vc_column_text]<\/p>\n<p style=\"text-align: justify;\"><span style=\"font-family: georgia, palatino, serif; font-size: 16px;\">Il terroir di Rovescala \u00e8 particolarmente vocato per la <strong>Croatina<\/strong>, il sottosuolo \u00e8 ricco di argilla e ne permette la coltivazione ai massimi livelli. Inoltre \u00e8 un terroir dalle antichissime origini storiche, fin da sempre vitato. Si ritiene che, gi\u00e0 prima dell&#8217;anno mille, Rovescala fosse un vero e proprio villaggio che riuniva gi\u00e0 un certo numero di abitanti. Frammenti di anfore, vasi, bottiglie di vetro, e persino un prezioso <a href=\"https:\/\/alimentariarrigoni.it\/prodotto\/poculum-agnes-2015\/\">cyathus<\/a> di bronzo, usato per la mescita e l&#8217;assaggio dei vini, sono venuti alla luce nel corso di recenti scavi archeologici eseguiti nel territorio del comune. <\/span><span style=\"font-family: georgia, palatino, serif; font-size: 16px;\">Da questi reperti si fa inequivocabilmente risalire la coltivazione della vite all&#8216;<strong>et\u00e0 romana.<\/strong><\/span><\/p>\n<p>[\/vc_column_text][vc_empty_space][vc_single_image image=&#8220;7549&#8243; img_size=&#8220;large&#8220;][vc_empty_space][\/vc_column][vc_column width=&#8220;3\/6&#8243;][vc_column_text css=&#8220;&#8220;]<\/p>\n<h1 style=\"text-align: justify;\"><span style=\"font-size: 16px; font-family: georgia, palatino, serif;\"><strong>DESCRIZIONE\u00a0<\/strong><\/span><\/h1>\n<p><span style=\"font-family: georgia, palatino, serif; font-size: 16px;\">Passo tra campi\u00a0<\/span><\/p>\n<p><span style=\"font-family: georgia, palatino, serif; font-size: 16px;\">di fiori rossi e fiori gialli\u00a0<\/span><\/p>\n<p><span style=\"font-family: georgia, palatino, serif; font-size: 16px;\">quando il sentiero porta su in collina.<\/span><\/p>\n<p><span style=\"font-family: georgia, palatino, serif; font-size: 16px;\">Per l&#8217;aria tenera e grande ha zampilli\u00a0<\/span><\/p>\n<p><span style=\"font-family: georgia, palatino, serif; font-size: 16px;\">un coro d&#8217;esili voci distanti.<\/span><\/p>\n<p><span style=\"font-family: georgia, palatino, serif; font-size: 16px;\">Nel mattino cresce l&#8217;erba e il grano.<\/span><\/p>\n<p><span style=\"font-family: georgia, palatino, serif; font-size: 16px;\">Io m&#8217;incanto. Vedo il sole<\/span><\/p>\n<p><span style=\"font-family: georgia, palatino, serif; font-size: 16px;\">che ama la terra<\/span><\/p>\n<p><span style=\"font-family: georgia, palatino, serif; font-size: 16px;\"><strong>Pier Giovanni Agnes<\/strong><\/span>[\/vc_column_text][vc_empty_space][vc_single_image image=&#8220;861&#8243; img_size=&#8220;large&#8220;][vc_empty_space][vc_column_text]<\/p>\n<h3 style=\"text-align: justify;\"><span style=\"font-family: georgia, palatino, serif; font-size: 18px;\"><strong>FRATELLI AGNES<\/strong><\/span><\/h3>\n<p class=\"p1\" style=\"text-align: justify;\"><span style=\"font-family: georgia, palatino, serif; font-size: 16px;\">L&#8217;Azienda Agricola I fratelli Agnes a Rovescala \u00e8 avamposto <a href=\"https:\/\/alimentariarrigoni.it\/bonarda-mon-amour-un-legame-indissolubile-con-il-territorio-delloltrepo\/\">dell&#8217;Oltrep\u00f2<\/a> tra Pavia e Piacenza.\u00a0La tradizione enoica locale ha radici molto profonde, come attestano reperti archeologici risalenti all&#8217;et\u00e0 romana.<\/span><\/p>\n<p class=\"p1\" style=\"text-align: justify;\"><span style=\"font-family: georgia, palatino, serif; font-size: 16px;\">Un documento fra tutti merita la citazione, sia per la significativa testimonianza, sia per lo sfondo pittoresco dell&#8217;evocazione storica. E&#8216; un rogito notarile del 22 marzo 1192, conservato a Milano presso l&#8217;archivio di Stato, nel quale, a saldo di un debito, tre feudatari lombardi, nobili creditori, impongono al conte di Rovescala, Anselmo, non la restituzione del denaro, bens\u00ec la fornitura di 600 congi (20 ettolitri) &#8222;de puro vino suarum vinearum de Rovoscalla, de meliori quod habuerit super locum &#8220;\u00a0 L&#8217;etichetta del <a href=\"https:\/\/alimentariarrigoni.it\/prodotto\/millennium-agnes-2016\/\">Millennium<\/a> riporta l&#8217;originale rogito notarile del 1192&#8230; <a href=\"https:\/\/alimentariarrigoni.it\/i-fratelli-agnes-a-rovescala\/\">Vedi Produttore<\/a><\/span><\/p>\n<p>[\/vc_column_text][\/vc_column][\/vc_row]<\/p>\n<\/div>","protected":false},"excerpt":{"rendered":"<p>[vc_row][vc_column width=&#8220;2\/6&#8243;][vc_column_text] ROVESCALA [\/vc_column_text][vc_empty_space][vc_column_text] Il terroir di Rovescala \u00e8 particolarmente vocato per la Croatina, il sottosuolo \u00e8 ricco di argilla e ne permette la coltivazione ai massimi livelli. Inoltre \u00e8 un terroir dalle antichissime origini storiche, fin da sempre vitato. Si ritiene che, gi\u00e0 prima dell&#8217;anno mille, Rovescala fosse un vero e proprio villaggio che<\/p>\n<div class=\"klb-readmore\"><a href=\"https:\/\/alimentariarrigoni.it\/de\/prodotto\/il-sole-che-ama-la-terra-croatina-passito-pr-pavia-igt-fratelli-agnes-2023\/\" class=\"btn\">READ MORE<\/a><\/div>\n","protected":false},"featured_media":9655,"template":"","meta":[],"product_brand":[],"product_cat":[833,888,521,856,661],"product_tag":[523],"class_list":{"0":"post-9654","1":"product","2":"type-product","3":"status-publish","4":"has-post-thumbnail","6":"product_cat-croatina","7":"product_cat-fratelli-agnes","8":"product_cat-vini-della-lombardia","9":"product_cat-provincia-di-pavia-igt","10":"product_cat-vini-rossi","11":"product_tag-acciaio","12":"blog_entry clearfix","14":"first","15":"instock","16":"taxable","17":"shipping-taxable","18":"purchasable","19":"product-type-simple"},"yoast_head":"<!-- This site is optimized with the Yoast SEO Premium plugin v27.4 (Yoast SEO v27.4) - https:\/\/yoast.com\/product\/yoast-seo-premium-wordpress\/ -->\n<title>Il Sole che ama la terra croatina passito Pr.Pavia IGT Fratelli Agnes 2023<\/title>\n<meta name=\"description\" content=\"Il Sole che ama la terra croatina passito Pr.Pavia IGT Fratelli Agnes 2023\" \/>\n<meta name=\"robots\" content=\"index, follow, max-snippet:-1, max-image-preview:large, max-video-preview:-1\" \/>\n<link rel=\"canonical\" href=\"https:\/\/alimentariarrigoni.it\/de\/prodotto\/il-sole-che-ama-la-terra-croatina-passito-pr-pavia-igt-fratelli-agnes-2023\/\" \/>\n<meta property=\"og:locale\" content=\"de_DE\" \/>\n<meta property=\"og:type\" content=\"article\" \/>\n<meta property=\"og:title\" content=\"Il Sole che ama la terra croatina passito Pr.Pavia IGT Fratelli Agnes 2023\" \/>\n<meta property=\"og:description\" content=\"Il Sole che ama la terra croatina passito Pr.Pavia IGT Fratelli Agnes 2023\" \/>\n<meta property=\"og:url\" content=\"https:\/\/alimentariarrigoni.it\/de\/prodotto\/il-sole-che-ama-la-terra-croatina-passito-pr-pavia-igt-fratelli-agnes-2023\/\" \/>\n<meta property=\"og:site_name\" content=\"Alimentari Arrigoni\" \/>\n<meta property=\"article:publisher\" content=\"https:\/\/www.facebook.com\/alimentariarrigoni\/\" \/>\n<meta property=\"article:modified_time\" content=\"2025-12-20T09:15:27+00:00\" \/>\n<meta property=\"og:image\" content=\"https:\/\/alimentariarrigoni.it\/wp-content\/uploads\/2025\/03\/il-sole-che-ama-la-terra-croatina-passito-agnes.jpg\" \/>\n\t<meta property=\"og:image:width\" content=\"1050\" \/>\n\t<meta property=\"og:image:height\" content=\"1050\" \/>\n\t<meta property=\"og:image:type\" content=\"image\/jpeg\" \/>\n<meta name=\"twitter:card\" content=\"summary_large_image\" \/>\n<meta name=\"twitter:label1\" content=\"Gesch\u00e4tzte Lesezeit\" \/>\n\t<meta name=\"twitter:data1\" content=\"2\u00a0Minuten\" \/>\n<script type=\"application\/ld+json\" class=\"yoast-schema-graph\">{\"@context\":\"https:\\\/\\\/schema.org\",\"@graph\":[{\"@type\":\"WebPage\",\"@id\":\"https:\\\/\\\/alimentariarrigoni.it\\\/de\\\/prodotto\\\/il-sole-che-ama-la-terra-croatina-passito-pr-pavia-igt-fratelli-agnes-2023\\\/\",\"url\":\"https:\\\/\\\/alimentariarrigoni.it\\\/de\\\/prodotto\\\/il-sole-che-ama-la-terra-croatina-passito-pr-pavia-igt-fratelli-agnes-2023\\\/\",\"name\":\"Il Sole che ama la terra croatina passito Pr.Pavia IGT Fratelli Agnes 2023\",\"isPartOf\":{\"@id\":\"https:\\\/\\\/alimentariarrigoni.it\\\/de\\\/#website\"},\"primaryImageOfPage\":{\"@id\":\"https:\\\/\\\/alimentariarrigoni.it\\\/de\\\/prodotto\\\/il-sole-che-ama-la-terra-croatina-passito-pr-pavia-igt-fratelli-agnes-2023\\\/#primaryimage\"},\"image\":{\"@id\":\"https:\\\/\\\/alimentariarrigoni.it\\\/de\\\/prodotto\\\/il-sole-che-ama-la-terra-croatina-passito-pr-pavia-igt-fratelli-agnes-2023\\\/#primaryimage\"},\"thumbnailUrl\":\"https:\\\/\\\/alimentariarrigoni.it\\\/wp-content\\\/uploads\\\/2025\\\/03\\\/il-sole-che-ama-la-terra-croatina-passito-agnes.jpg\",\"datePublished\":\"2025-03-25T21:05:09+00:00\",\"dateModified\":\"2025-12-20T09:15:27+00:00\",\"description\":\"Il Sole che ama la terra croatina passito Pr.Pavia IGT Fratelli Agnes 2023\",\"breadcrumb\":{\"@id\":\"https:\\\/\\\/alimentariarrigoni.it\\\/de\\\/prodotto\\\/il-sole-che-ama-la-terra-croatina-passito-pr-pavia-igt-fratelli-agnes-2023\\\/#breadcrumb\"},\"inLanguage\":\"de\",\"potentialAction\":[{\"@type\":\"ReadAction\",\"target\":[\"https:\\\/\\\/alimentariarrigoni.it\\\/de\\\/prodotto\\\/il-sole-che-ama-la-terra-croatina-passito-pr-pavia-igt-fratelli-agnes-2023\\\/\"]}]},{\"@type\":\"ImageObject\",\"inLanguage\":\"de\",\"@id\":\"https:\\\/\\\/alimentariarrigoni.it\\\/de\\\/prodotto\\\/il-sole-che-ama-la-terra-croatina-passito-pr-pavia-igt-fratelli-agnes-2023\\\/#primaryimage\",\"url\":\"https:\\\/\\\/alimentariarrigoni.it\\\/wp-content\\\/uploads\\\/2025\\\/03\\\/il-sole-che-ama-la-terra-croatina-passito-agnes.jpg\",\"contentUrl\":\"https:\\\/\\\/alimentariarrigoni.it\\\/wp-content\\\/uploads\\\/2025\\\/03\\\/il-sole-che-ama-la-terra-croatina-passito-agnes.jpg\",\"width\":1050,\"height\":1050,\"caption\":\"il-sole-che-ama-la-terra-croatina-passito-agnes\"},{\"@type\":\"BreadcrumbList\",\"@id\":\"https:\\\/\\\/alimentariarrigoni.it\\\/de\\\/prodotto\\\/il-sole-che-ama-la-terra-croatina-passito-pr-pavia-igt-fratelli-agnes-2023\\\/#breadcrumb\",\"itemListElement\":[{\"@type\":\"ListItem\",\"position\":1,\"name\":\"Home\",\"item\":\"https:\\\/\\\/alimentariarrigoni.it\\\/de\\\/\"},{\"@type\":\"ListItem\",\"position\":2,\"name\":\"Shop\",\"item\":\"https:\\\/\\\/alimentariarrigoni.it\\\/de\\\/shop\\\/\"},{\"@type\":\"ListItem\",\"position\":3,\"name\":\"Il Sole che ama la terra croatina passito Pr.Pavia IGT Fratelli Agnes 2023\"}]},{\"@type\":\"WebSite\",\"@id\":\"https:\\\/\\\/alimentariarrigoni.it\\\/de\\\/#website\",\"url\":\"https:\\\/\\\/alimentariarrigoni.it\\\/de\\\/\",\"name\":\"Alimentari Arrigoni\",\"description\":\"\",\"publisher\":{\"@id\":\"https:\\\/\\\/alimentariarrigoni.it\\\/de\\\/#organization\"},\"potentialAction\":[{\"@type\":\"SearchAction\",\"target\":{\"@type\":\"EntryPoint\",\"urlTemplate\":\"https:\\\/\\\/alimentariarrigoni.it\\\/de\\\/?s={search_term_string}\"},\"query-input\":{\"@type\":\"PropertyValueSpecification\",\"valueRequired\":true,\"valueName\":\"search_term_string\"}}],\"inLanguage\":\"de\"},{\"@type\":\"Organization\",\"@id\":\"https:\\\/\\\/alimentariarrigoni.it\\\/de\\\/#organization\",\"name\":\"Alimentari dal 1894\",\"url\":\"https:\\\/\\\/alimentariarrigoni.it\\\/de\\\/\",\"logo\":{\"@type\":\"ImageObject\",\"inLanguage\":\"de\",\"@id\":\"https:\\\/\\\/alimentariarrigoni.it\\\/de\\\/#\\\/schema\\\/logo\\\/image\\\/\",\"url\":\"https:\\\/\\\/alimentariarrigoni.it\\\/wp-content\\\/uploads\\\/2022\\\/02\\\/logo-mail-mod.-comp.jpg\",\"contentUrl\":\"https:\\\/\\\/alimentariarrigoni.it\\\/wp-content\\\/uploads\\\/2022\\\/02\\\/logo-mail-mod.-comp.jpg\",\"width\":315,\"height\":100,\"caption\":\"Alimentari dal 1894\"},\"image\":{\"@id\":\"https:\\\/\\\/alimentariarrigoni.it\\\/de\\\/#\\\/schema\\\/logo\\\/image\\\/\"},\"sameAs\":[\"https:\\\/\\\/www.facebook.com\\\/alimentariarrigoni\\\/\",\"https:\\\/\\\/www.instagram.com\\\/alimentariarrigoni\\\/\"]}]}<\/script>\n<!-- \/ Yoast SEO Premium plugin. -->","yoast_head_json":{"title":"Il Sole che ama la terra croatina passito Pr.Pavia IGT Fratelli Agnes 2023","description":"Il Sole che ama la terra croatina passito Pr.Pavia IGT Fratelli Agnes 2023","robots":{"index":"index","follow":"follow","max-snippet":"max-snippet:-1","max-image-preview":"max-image-preview:large","max-video-preview":"max-video-preview:-1"},"canonical":"https:\/\/alimentariarrigoni.it\/de\/prodotto\/il-sole-che-ama-la-terra-croatina-passito-pr-pavia-igt-fratelli-agnes-2023\/","og_locale":"de_DE","og_type":"article","og_title":"Il Sole che ama la terra croatina passito Pr.Pavia IGT Fratelli Agnes 2023","og_description":"Il Sole che ama la terra croatina passito Pr.Pavia IGT Fratelli Agnes 2023","og_url":"https:\/\/alimentariarrigoni.it\/de\/prodotto\/il-sole-che-ama-la-terra-croatina-passito-pr-pavia-igt-fratelli-agnes-2023\/","og_site_name":"Alimentari Arrigoni","article_publisher":"https:\/\/www.facebook.com\/alimentariarrigoni\/","article_modified_time":"2025-12-20T09:15:27+00:00","og_image":[{"width":1050,"height":1050,"url":"https:\/\/alimentariarrigoni.it\/wp-content\/uploads\/2025\/03\/il-sole-che-ama-la-terra-croatina-passito-agnes.jpg","type":"image\/jpeg"}],"twitter_card":"summary_large_image","twitter_misc":{"Gesch\u00e4tzte Lesezeit":"2\u00a0Minuten"},"schema":{"@context":"https:\/\/schema.org","@graph":[{"@type":"WebPage","@id":"https:\/\/alimentariarrigoni.it\/de\/prodotto\/il-sole-che-ama-la-terra-croatina-passito-pr-pavia-igt-fratelli-agnes-2023\/","url":"https:\/\/alimentariarrigoni.it\/de\/prodotto\/il-sole-che-ama-la-terra-croatina-passito-pr-pavia-igt-fratelli-agnes-2023\/","name":"Il Sole che ama la terra croatina passito Pr.Pavia IGT Fratelli Agnes 2023","isPartOf":{"@id":"https:\/\/alimentariarrigoni.it\/de\/#website"},"primaryImageOfPage":{"@id":"https:\/\/alimentariarrigoni.it\/de\/prodotto\/il-sole-che-ama-la-terra-croatina-passito-pr-pavia-igt-fratelli-agnes-2023\/#primaryimage"},"image":{"@id":"https:\/\/alimentariarrigoni.it\/de\/prodotto\/il-sole-che-ama-la-terra-croatina-passito-pr-pavia-igt-fratelli-agnes-2023\/#primaryimage"},"thumbnailUrl":"https:\/\/alimentariarrigoni.it\/wp-content\/uploads\/2025\/03\/il-sole-che-ama-la-terra-croatina-passito-agnes.jpg","datePublished":"2025-03-25T21:05:09+00:00","dateModified":"2025-12-20T09:15:27+00:00","description":"Il Sole che ama la terra croatina passito Pr.Pavia IGT Fratelli Agnes 2023","breadcrumb":{"@id":"https:\/\/alimentariarrigoni.it\/de\/prodotto\/il-sole-che-ama-la-terra-croatina-passito-pr-pavia-igt-fratelli-agnes-2023\/#breadcrumb"},"inLanguage":"de","potentialAction":[{"@type":"ReadAction","target":["https:\/\/alimentariarrigoni.it\/de\/prodotto\/il-sole-che-ama-la-terra-croatina-passito-pr-pavia-igt-fratelli-agnes-2023\/"]}]},{"@type":"ImageObject","inLanguage":"de","@id":"https:\/\/alimentariarrigoni.it\/de\/prodotto\/il-sole-che-ama-la-terra-croatina-passito-pr-pavia-igt-fratelli-agnes-2023\/#primaryimage","url":"https:\/\/alimentariarrigoni.it\/wp-content\/uploads\/2025\/03\/il-sole-che-ama-la-terra-croatina-passito-agnes.jpg","contentUrl":"https:\/\/alimentariarrigoni.it\/wp-content\/uploads\/2025\/03\/il-sole-che-ama-la-terra-croatina-passito-agnes.jpg","width":1050,"height":1050,"caption":"il-sole-che-ama-la-terra-croatina-passito-agnes"},{"@type":"BreadcrumbList","@id":"https:\/\/alimentariarrigoni.it\/de\/prodotto\/il-sole-che-ama-la-terra-croatina-passito-pr-pavia-igt-fratelli-agnes-2023\/#breadcrumb","itemListElement":[{"@type":"ListItem","position":1,"name":"Home","item":"https:\/\/alimentariarrigoni.it\/de\/"},{"@type":"ListItem","position":2,"name":"Shop","item":"https:\/\/alimentariarrigoni.it\/de\/shop\/"},{"@type":"ListItem","position":3,"name":"Il Sole che ama la terra croatina passito Pr.Pavia IGT Fratelli Agnes 2023"}]},{"@type":"WebSite","@id":"https:\/\/alimentariarrigoni.it\/de\/#website","url":"https:\/\/alimentariarrigoni.it\/de\/","name":"Alimentari Arrigoni","description":"","publisher":{"@id":"https:\/\/alimentariarrigoni.it\/de\/#organization"},"potentialAction":[{"@type":"SearchAction","target":{"@type":"EntryPoint","urlTemplate":"https:\/\/alimentariarrigoni.it\/de\/?s={search_term_string}"},"query-input":{"@type":"PropertyValueSpecification","valueRequired":true,"valueName":"search_term_string"}}],"inLanguage":"de"},{"@type":"Organization","@id":"https:\/\/alimentariarrigoni.it\/de\/#organization","name":"Alimentari dal 1894","url":"https:\/\/alimentariarrigoni.it\/de\/","logo":{"@type":"ImageObject","inLanguage":"de","@id":"https:\/\/alimentariarrigoni.it\/de\/#\/schema\/logo\/image\/","url":"https:\/\/alimentariarrigoni.it\/wp-content\/uploads\/2022\/02\/logo-mail-mod.-comp.jpg","contentUrl":"https:\/\/alimentariarrigoni.it\/wp-content\/uploads\/2022\/02\/logo-mail-mod.-comp.jpg","width":315,"height":100,"caption":"Alimentari dal 1894"},"image":{"@id":"https:\/\/alimentariarrigoni.it\/de\/#\/schema\/logo\/image\/"},"sameAs":["https:\/\/www.facebook.com\/alimentariarrigoni\/","https:\/\/www.instagram.com\/alimentariarrigoni\/"]}]}},"_links":{"self":[{"href":"https:\/\/alimentariarrigoni.it\/de\/wp-json\/wp\/v2\/product\/9654","targetHints":{"allow":["GET"]}}],"collection":[{"href":"https:\/\/alimentariarrigoni.it\/de\/wp-json\/wp\/v2\/product"}],"about":[{"href":"https:\/\/alimentariarrigoni.it\/de\/wp-json\/wp\/v2\/types\/product"}],"wp:featuredmedia":[{"embeddable":true,"href":"https:\/\/alimentariarrigoni.it\/de\/wp-json\/wp\/v2\/media\/9655"}],"wp:attachment":[{"href":"https:\/\/alimentariarrigoni.it\/de\/wp-json\/wp\/v2\/media?parent=9654"}],"wp:term":[{"taxonomy":"product_brand","embeddable":true,"href":"https:\/\/alimentariarrigoni.it\/de\/wp-json\/wp\/v2\/product_brand?post=9654"},{"taxonomy":"product_cat","embeddable":true,"href":"https:\/\/alimentariarrigoni.it\/de\/wp-json\/wp\/v2\/product_cat?post=9654"},{"taxonomy":"product_tag","embeddable":true,"href":"https:\/\/alimentariarrigoni.it\/de\/wp-json\/wp\/v2\/product_tag?post=9654"}],"curies":[{"name":"wp","href":"https:\/\/api.w.org\/{rel}","templated":true}]}}