{"id":9467,"date":"2024-12-10T17:29:34","date_gmt":"2024-12-10T16:29:34","guid":{"rendered":"https:\/\/alimentariarrigoni.it\/?post_type=product&#038;p=9467"},"modified":"2025-12-12T19:04:10","modified_gmt":"2025-12-12T18:04:10","slug":"champagne-lysandre-a-j-demiere-2013","status":"publish","type":"product","link":"https:\/\/alimentariarrigoni.it\/de\/prodotto\/champagne-lysandre-a-j-demiere-2013\/","title":{"rendered":"Champagne Lysandre A &#038; J Demi\u00e8re 2013"},"content":{"rendered":"<p><span style=\"font-family: georgia, palatino, serif; font-size: 16px;\">Questa annata <strong>100% Chardonnay da millesimo 2013 \u00e8 vinificato e affinato in barrique.<\/strong> Riflette generosit\u00e0, mineralit\u00e0 e finezza allo stesso tempo.<\/span><br \/>\n<span style=\"font-family: georgia, palatino, serif; font-size: 16px;\">Questo champagne leggermente boscoso esprime appieno il minerale del suo terroir. Con grande precisione, \u00e8\u00a0accattivante.<\/span><\/p>\n<p><span style=\"font-family: georgia, palatino, serif; font-size: 16px;\"><strong>DEGUSTAZIONE<\/strong><\/span><\/p>\n<p><span style=\"font-family: georgia, palatino, serif; font-size: 16px;\"><strong>Alla vista<\/strong> \u00e8 oro con riflessi verdolini, la bollicina \u00e8 molto fine e la schiuma cremosa.<\/span><br \/>\n<span style=\"font-family: georgia, palatino, serif; font-size: 16px;\"><strong>Al naso<\/strong>, molto elegante, esprime pienamente aromi tostati e note legnose, acacia e floreali, fiori d&#8217;arancio, lime.<\/span><br \/>\n<span style=\"font-family: georgia, palatino, serif; font-size: 16px;\"><strong>La bocca<\/strong> \u00e8 vivace, espressione minerale del terroir cui appartiene, appetitoso<\/span><\/p>\n<p><span style=\"font-family: georgia, palatino, serif; font-size: 16px;\">\u00c8 un vino autentico e di grande precisione. Questo champagne, raffinato e impeccabile, sar\u00e0 perfetto per una festa in giardino tra appassionati di prodotti di qualit\u00e0. Si abbina splendidamente con delle capesante.<\/span><\/p>\n<p><span style=\"font-family: georgia, palatino, serif; font-size: 16px;\"><strong>Messo in bottiglia<\/strong> 19 marzo 2014<strong>\u00a0<\/strong><\/span><\/p>\n<p><span style=\"font-family: georgia, palatino, serif; font-size: 16px;\"><strong>D\u00e9gorgement <\/strong>nel Dicembre 2022<\/span><\/p>\n<p><span style=\"font-family: georgia, palatino, serif; font-size: 16px;\"><strong>Dosaggio<\/strong> Brut 6 g\/l<\/span><\/p>\n","protected":false},"excerpt":{"rendered":"<p>Questa annata 100% Chardonnay da millesimo 2013 \u00e8 vinificato e affinato in barrique. Riflette generosit\u00e0, mineralit\u00e0 e finezza allo stesso tempo. Questo champagne leggermente boscoso esprime appieno il minerale del suo terroir. Con grande precisione, \u00e8\u00a0accattivante. DEGUSTAZIONE Alla vista \u00e8 oro con riflessi verdolini, la bollicina \u00e8 molto fine e la schiuma cremosa. Al naso,<\/p>\n<div class=\"klb-readmore\"><a href=\"https:\/\/alimentariarrigoni.it\/de\/prodotto\/champagne-lysandre-a-j-demiere-2013\/\" class=\"btn\">READ MORE<\/a><\/div>\n","protected":false},"featured_media":9468,"template":"","meta":[],"product_brand":[],"product_cat":[1099,883,846],"product_tag":[681],"class_list":{"0":"post-9467","1":"product","2":"type-product","3":"status-publish","4":"has-post-thumbnail","6":"product_cat-a-j-demiere","7":"product_cat-champagne","8":"product_cat-chardonnay-spumanti","9":"product_tag-barrique","10":"blog_entry clearfix","12":"first","13":"outofstock","14":"taxable","15":"shipping-taxable","16":"purchasable","17":"product-type-simple"},"yoast_head":"<!-- This site is optimized with the Yoast SEO Premium plugin v27.4 (Yoast SEO v27.4) - https:\/\/yoast.com\/product\/yoast-seo-premium-wordpress\/ -->\n<title>Champagne Lysandre A &amp; J Demi\u00e8re 2013<\/title>\n<meta name=\"description\" content=\"Champagne Lysandre A &amp; J Demi\u00e8re 2013\" \/>\n<meta name=\"robots\" content=\"index, follow, max-snippet:-1, max-image-preview:large, max-video-preview:-1\" \/>\n<link rel=\"canonical\" href=\"https:\/\/alimentariarrigoni.it\/de\/prodotto\/champagne-lysandre-a-j-demiere-2013\/\" \/>\n<meta property=\"og:locale\" content=\"de_DE\" \/>\n<meta property=\"og:type\" content=\"article\" \/>\n<meta property=\"og:title\" content=\"Champagne Lysandre A &amp; J Demi\u00e8re 2013\" \/>\n<meta property=\"og:description\" content=\"Champagne Lysandre A &amp; J Demi\u00e8re 2013\" \/>\n<meta property=\"og:url\" content=\"https:\/\/alimentariarrigoni.it\/de\/prodotto\/champagne-lysandre-a-j-demiere-2013\/\" \/>\n<meta property=\"og:site_name\" content=\"Alimentari Arrigoni\" \/>\n<meta property=\"article:publisher\" content=\"https:\/\/www.facebook.com\/alimentariarrigoni\/\" \/>\n<meta property=\"article:modified_time\" content=\"2025-12-12T18:04:10+00:00\" \/>\n<meta property=\"og:image\" content=\"https:\/\/alimentariarrigoni.it\/wp-content\/uploads\/2024\/12\/demiere-lysandre-2013.jpg\" \/>\n\t<meta property=\"og:image:width\" content=\"1050\" \/>\n\t<meta property=\"og:image:height\" content=\"1050\" \/>\n\t<meta property=\"og:image:type\" content=\"image\/jpeg\" \/>\n<meta name=\"twitter:card\" content=\"summary_large_image\" \/>\n<meta name=\"twitter:label1\" content=\"Gesch\u00e4tzte Lesezeit\" \/>\n\t<meta name=\"twitter:data1\" content=\"1\u00a0Minute\" \/>\n<script type=\"application\/ld+json\" class=\"yoast-schema-graph\">{\"@context\":\"https:\\\/\\\/schema.org\",\"@graph\":[{\"@type\":\"WebPage\",\"@id\":\"https:\\\/\\\/alimentariarrigoni.it\\\/de\\\/prodotto\\\/champagne-lysandre-a-j-demiere-2013\\\/\",\"url\":\"https:\\\/\\\/alimentariarrigoni.it\\\/de\\\/prodotto\\\/champagne-lysandre-a-j-demiere-2013\\\/\",\"name\":\"Champagne Lysandre A & J Demi\u00e8re 2013\",\"isPartOf\":{\"@id\":\"https:\\\/\\\/alimentariarrigoni.it\\\/de\\\/#website\"},\"primaryImageOfPage\":{\"@id\":\"https:\\\/\\\/alimentariarrigoni.it\\\/de\\\/prodotto\\\/champagne-lysandre-a-j-demiere-2013\\\/#primaryimage\"},\"image\":{\"@id\":\"https:\\\/\\\/alimentariarrigoni.it\\\/de\\\/prodotto\\\/champagne-lysandre-a-j-demiere-2013\\\/#primaryimage\"},\"thumbnailUrl\":\"https:\\\/\\\/alimentariarrigoni.it\\\/wp-content\\\/uploads\\\/2024\\\/12\\\/demiere-lysandre-2013.jpg\",\"datePublished\":\"2024-12-10T16:29:34+00:00\",\"dateModified\":\"2025-12-12T18:04:10+00:00\",\"description\":\"Champagne Lysandre A & J Demi\u00e8re 2013\",\"breadcrumb\":{\"@id\":\"https:\\\/\\\/alimentariarrigoni.it\\\/de\\\/prodotto\\\/champagne-lysandre-a-j-demiere-2013\\\/#breadcrumb\"},\"inLanguage\":\"de\",\"potentialAction\":[{\"@type\":\"ReadAction\",\"target\":[\"https:\\\/\\\/alimentariarrigoni.it\\\/de\\\/prodotto\\\/champagne-lysandre-a-j-demiere-2013\\\/\"]}]},{\"@type\":\"ImageObject\",\"inLanguage\":\"de\",\"@id\":\"https:\\\/\\\/alimentariarrigoni.it\\\/de\\\/prodotto\\\/champagne-lysandre-a-j-demiere-2013\\\/#primaryimage\",\"url\":\"https:\\\/\\\/alimentariarrigoni.it\\\/wp-content\\\/uploads\\\/2024\\\/12\\\/demiere-lysandre-2013.jpg\",\"contentUrl\":\"https:\\\/\\\/alimentariarrigoni.it\\\/wp-content\\\/uploads\\\/2024\\\/12\\\/demiere-lysandre-2013.jpg\",\"width\":1050,\"height\":1050,\"caption\":\"demiere-lysandre-2013\"},{\"@type\":\"BreadcrumbList\",\"@id\":\"https:\\\/\\\/alimentariarrigoni.it\\\/de\\\/prodotto\\\/champagne-lysandre-a-j-demiere-2013\\\/#breadcrumb\",\"itemListElement\":[{\"@type\":\"ListItem\",\"position\":1,\"name\":\"Home\",\"item\":\"https:\\\/\\\/alimentariarrigoni.it\\\/de\\\/\"},{\"@type\":\"ListItem\",\"position\":2,\"name\":\"Shop\",\"item\":\"https:\\\/\\\/alimentariarrigoni.it\\\/de\\\/shop\\\/\"},{\"@type\":\"ListItem\",\"position\":3,\"name\":\"Champagne Lysandre A &#038; J Demi\u00e8re 2013\"}]},{\"@type\":\"WebSite\",\"@id\":\"https:\\\/\\\/alimentariarrigoni.it\\\/de\\\/#website\",\"url\":\"https:\\\/\\\/alimentariarrigoni.it\\\/de\\\/\",\"name\":\"Alimentari Arrigoni\",\"description\":\"\",\"publisher\":{\"@id\":\"https:\\\/\\\/alimentariarrigoni.it\\\/de\\\/#organization\"},\"potentialAction\":[{\"@type\":\"SearchAction\",\"target\":{\"@type\":\"EntryPoint\",\"urlTemplate\":\"https:\\\/\\\/alimentariarrigoni.it\\\/de\\\/?s={search_term_string}\"},\"query-input\":{\"@type\":\"PropertyValueSpecification\",\"valueRequired\":true,\"valueName\":\"search_term_string\"}}],\"inLanguage\":\"de\"},{\"@type\":\"Organization\",\"@id\":\"https:\\\/\\\/alimentariarrigoni.it\\\/de\\\/#organization\",\"name\":\"Alimentari dal 1894\",\"url\":\"https:\\\/\\\/alimentariarrigoni.it\\\/de\\\/\",\"logo\":{\"@type\":\"ImageObject\",\"inLanguage\":\"de\",\"@id\":\"https:\\\/\\\/alimentariarrigoni.it\\\/de\\\/#\\\/schema\\\/logo\\\/image\\\/\",\"url\":\"https:\\\/\\\/alimentariarrigoni.it\\\/wp-content\\\/uploads\\\/2022\\\/02\\\/logo-mail-mod.-comp.jpg\",\"contentUrl\":\"https:\\\/\\\/alimentariarrigoni.it\\\/wp-content\\\/uploads\\\/2022\\\/02\\\/logo-mail-mod.-comp.jpg\",\"width\":315,\"height\":100,\"caption\":\"Alimentari dal 1894\"},\"image\":{\"@id\":\"https:\\\/\\\/alimentariarrigoni.it\\\/de\\\/#\\\/schema\\\/logo\\\/image\\\/\"},\"sameAs\":[\"https:\\\/\\\/www.facebook.com\\\/alimentariarrigoni\\\/\",\"https:\\\/\\\/www.instagram.com\\\/alimentariarrigoni\\\/\"]}]}<\/script>\n<!-- \/ Yoast SEO Premium plugin. -->","yoast_head_json":{"title":"Champagne Lysandre A & J Demi\u00e8re 2013","description":"Champagne Lysandre A & J Demi\u00e8re 2013","robots":{"index":"index","follow":"follow","max-snippet":"max-snippet:-1","max-image-preview":"max-image-preview:large","max-video-preview":"max-video-preview:-1"},"canonical":"https:\/\/alimentariarrigoni.it\/de\/prodotto\/champagne-lysandre-a-j-demiere-2013\/","og_locale":"de_DE","og_type":"article","og_title":"Champagne Lysandre A & J Demi\u00e8re 2013","og_description":"Champagne Lysandre A & J Demi\u00e8re 2013","og_url":"https:\/\/alimentariarrigoni.it\/de\/prodotto\/champagne-lysandre-a-j-demiere-2013\/","og_site_name":"Alimentari Arrigoni","article_publisher":"https:\/\/www.facebook.com\/alimentariarrigoni\/","article_modified_time":"2025-12-12T18:04:10+00:00","og_image":[{"width":1050,"height":1050,"url":"https:\/\/alimentariarrigoni.it\/wp-content\/uploads\/2024\/12\/demiere-lysandre-2013.jpg","type":"image\/jpeg"}],"twitter_card":"summary_large_image","twitter_misc":{"Gesch\u00e4tzte Lesezeit":"1\u00a0Minute"},"schema":{"@context":"https:\/\/schema.org","@graph":[{"@type":"WebPage","@id":"https:\/\/alimentariarrigoni.it\/de\/prodotto\/champagne-lysandre-a-j-demiere-2013\/","url":"https:\/\/alimentariarrigoni.it\/de\/prodotto\/champagne-lysandre-a-j-demiere-2013\/","name":"Champagne Lysandre A & J Demi\u00e8re 2013","isPartOf":{"@id":"https:\/\/alimentariarrigoni.it\/de\/#website"},"primaryImageOfPage":{"@id":"https:\/\/alimentariarrigoni.it\/de\/prodotto\/champagne-lysandre-a-j-demiere-2013\/#primaryimage"},"image":{"@id":"https:\/\/alimentariarrigoni.it\/de\/prodotto\/champagne-lysandre-a-j-demiere-2013\/#primaryimage"},"thumbnailUrl":"https:\/\/alimentariarrigoni.it\/wp-content\/uploads\/2024\/12\/demiere-lysandre-2013.jpg","datePublished":"2024-12-10T16:29:34+00:00","dateModified":"2025-12-12T18:04:10+00:00","description":"Champagne Lysandre A & J Demi\u00e8re 2013","breadcrumb":{"@id":"https:\/\/alimentariarrigoni.it\/de\/prodotto\/champagne-lysandre-a-j-demiere-2013\/#breadcrumb"},"inLanguage":"de","potentialAction":[{"@type":"ReadAction","target":["https:\/\/alimentariarrigoni.it\/de\/prodotto\/champagne-lysandre-a-j-demiere-2013\/"]}]},{"@type":"ImageObject","inLanguage":"de","@id":"https:\/\/alimentariarrigoni.it\/de\/prodotto\/champagne-lysandre-a-j-demiere-2013\/#primaryimage","url":"https:\/\/alimentariarrigoni.it\/wp-content\/uploads\/2024\/12\/demiere-lysandre-2013.jpg","contentUrl":"https:\/\/alimentariarrigoni.it\/wp-content\/uploads\/2024\/12\/demiere-lysandre-2013.jpg","width":1050,"height":1050,"caption":"demiere-lysandre-2013"},{"@type":"BreadcrumbList","@id":"https:\/\/alimentariarrigoni.it\/de\/prodotto\/champagne-lysandre-a-j-demiere-2013\/#breadcrumb","itemListElement":[{"@type":"ListItem","position":1,"name":"Home","item":"https:\/\/alimentariarrigoni.it\/de\/"},{"@type":"ListItem","position":2,"name":"Shop","item":"https:\/\/alimentariarrigoni.it\/de\/shop\/"},{"@type":"ListItem","position":3,"name":"Champagne Lysandre A &#038; J Demi\u00e8re 2013"}]},{"@type":"WebSite","@id":"https:\/\/alimentariarrigoni.it\/de\/#website","url":"https:\/\/alimentariarrigoni.it\/de\/","name":"Alimentari Arrigoni","description":"","publisher":{"@id":"https:\/\/alimentariarrigoni.it\/de\/#organization"},"potentialAction":[{"@type":"SearchAction","target":{"@type":"EntryPoint","urlTemplate":"https:\/\/alimentariarrigoni.it\/de\/?s={search_term_string}"},"query-input":{"@type":"PropertyValueSpecification","valueRequired":true,"valueName":"search_term_string"}}],"inLanguage":"de"},{"@type":"Organization","@id":"https:\/\/alimentariarrigoni.it\/de\/#organization","name":"Alimentari dal 1894","url":"https:\/\/alimentariarrigoni.it\/de\/","logo":{"@type":"ImageObject","inLanguage":"de","@id":"https:\/\/alimentariarrigoni.it\/de\/#\/schema\/logo\/image\/","url":"https:\/\/alimentariarrigoni.it\/wp-content\/uploads\/2022\/02\/logo-mail-mod.-comp.jpg","contentUrl":"https:\/\/alimentariarrigoni.it\/wp-content\/uploads\/2022\/02\/logo-mail-mod.-comp.jpg","width":315,"height":100,"caption":"Alimentari dal 1894"},"image":{"@id":"https:\/\/alimentariarrigoni.it\/de\/#\/schema\/logo\/image\/"},"sameAs":["https:\/\/www.facebook.com\/alimentariarrigoni\/","https:\/\/www.instagram.com\/alimentariarrigoni\/"]}]}},"_links":{"self":[{"href":"https:\/\/alimentariarrigoni.it\/de\/wp-json\/wp\/v2\/product\/9467","targetHints":{"allow":["GET"]}}],"collection":[{"href":"https:\/\/alimentariarrigoni.it\/de\/wp-json\/wp\/v2\/product"}],"about":[{"href":"https:\/\/alimentariarrigoni.it\/de\/wp-json\/wp\/v2\/types\/product"}],"wp:featuredmedia":[{"embeddable":true,"href":"https:\/\/alimentariarrigoni.it\/de\/wp-json\/wp\/v2\/media\/9468"}],"wp:attachment":[{"href":"https:\/\/alimentariarrigoni.it\/de\/wp-json\/wp\/v2\/media?parent=9467"}],"wp:term":[{"taxonomy":"product_brand","embeddable":true,"href":"https:\/\/alimentariarrigoni.it\/de\/wp-json\/wp\/v2\/product_brand?post=9467"},{"taxonomy":"product_cat","embeddable":true,"href":"https:\/\/alimentariarrigoni.it\/de\/wp-json\/wp\/v2\/product_cat?post=9467"},{"taxonomy":"product_tag","embeddable":true,"href":"https:\/\/alimentariarrigoni.it\/de\/wp-json\/wp\/v2\/product_tag?post=9467"}],"curies":[{"name":"wp","href":"https:\/\/api.w.org\/{rel}","templated":true}]}}