{"id":9364,"date":"2024-11-21T20:45:49","date_gmt":"2024-11-21T19:45:49","guid":{"rendered":"https:\/\/alimentariarrigoni.it\/?post_type=product&#038;p=9364"},"modified":"2025-12-16T09:43:57","modified_gmt":"2025-12-16T08:43:57","slug":"terre-ditrj-lazio-igt-monti-cecubi-2021","status":"publish","type":"product","link":"https:\/\/alimentariarrigoni.it\/de\/prodotto\/terre-ditrj-lazio-igt-monti-cecubi-2021\/","title":{"rendered":"Terre d&#8217;Itrj Lazio IGT Monti Cecubi 2021"},"content":{"rendered":"<div class=\"wpb-content-wrapper\"><p>[vc_row][vc_column width=&#8220;2\/6&#8243;][vc_column_text css=&#8220;&#8220;]<\/p>\n<h2 style=\"text-align: justify;\"><span style=\"font-family: georgia, palatino, serif;\"><strong><span style=\"font-size: 18px;\">CAECUBUS AGER<\/span><\/strong><\/span><\/h2>\n<p style=\"text-align: justify;\"><span style=\"font-family: georgia, palatino, serif; font-size: 16px;\">Nell\u2019antica Roma erano molto ricercati i vini\u00a0<strong><em>Caecubum<\/em><\/strong>\u00a0e\u00a0<strong><em>Falernum<\/em><\/strong>, che si contesero il primo posto fino all\u2019inizio del Regno di Augusto.\u00a0<strong>Gaio Plinio<\/strong>, detto il Vecchio, non aveva dubbi: prima il\u00a0<em>Caecubum\u00a0<\/em>(C\u00e8cubo). Oggi, nel suo storico areale di produzione, tra <strong>Fondi, Itri e Sperlonga, <\/strong>un\u2019intraprendente enologa tenta di ricrearlo.<\/span><\/p>\n<p>[\/vc_column_text][vc_empty_space][vc_single_image image=&#8220;9436&#8243; img_size=&#8220;large&#8220; css=&#8220;&#8220;][vc_empty_space][vc_column_text css=&#8220;&#8220;]<\/p>\n<p style=\"text-align: justify;\"><span style=\"font-family: georgia, palatino, serif; font-size: 16px;\">Quando si cerca di identificare i vitigni dei vini romani, ci si imbatte spesso in supposizioni, poich\u00e9 i vini <strong>prendevano il nome dalle zone di provenienza<\/strong>, non dalle uve. Ad esempio, il Surrentinum, il Beneventanum e il Patavium erano vini provenienti rispettivamente dalla penisola sorrentina, dal beneventano e dal padovano. Tra i primi vini celebri per la sua origine c&#8217;era il Falernum, prodotto nell\u2019Ager Falernus (attuale provincia di Caserta, Campania), molto apprezzato e costoso. Un&#8217;iscrizione a Pompei recitava che con 4 assi si poteva bere il vino Falerno. <strong>Tuttavia, Plinio il Vecchio sosteneva che il C\u00e8cubo fosse superiore al Falerno (&#8222;antea caecubum postea falernum&#8220;).<\/strong><\/span><\/p>\n<p>[\/vc_column_text][vc_empty_space][vc_single_image image=&#8220;9435&#8243; img_size=&#8220;large&#8220; alignment=&#8220;center&#8220; css=&#8220;&#8220;][vc_empty_space][vc_column_text css=&#8220;&#8220;]<span style=\"font-family: georgia, palatino, serif; font-size: 16px;\">Il\u00a0C\u00e8cubo\u00a0era un vino prodotto nel<em>\u00a0<strong>Caecubus<\/strong><\/em><strong>\u00a0<em>Ager<\/em><\/strong>\u00a0ovvero in quel territorio compreso tra\u00a0Terracina,\u00a0Sperlonga, Fondi e Itri, lungo la costa del basso Lazio, dove le viti crescevano nella palude, maritate ad alberi di pioppo. <strong>Era un vino talmente raro e costoso che era utilizzato per celebrare\u00a0eventi memorabili.<\/strong><\/span><\/p>\n<p><span style=\"font-family: georgia, palatino, serif; font-size: 16px;\"><em>Nunc est bibendum, nunc pede libero pulsanda tellus\u2026 Caecubum\u00a0<\/em>(Orazio, Ode 1,37) \u201c<em>Ora bisogna brindare, ora bisogna danzare senza freni bevendo<\/em>\u2026\u00a0<em>Cecubo<\/em>\u2026\u201d scriveva Orazio nelle sue\u00a0Odi. E l\u2019occasione lecita per festeggiare era la morte della detestata\u00a0Cleopatra, e con un vino molto pregiato, il C\u00e8cubo.<\/span>[\/vc_column_text][vc_empty_space][vc_single_image image=&#8220;9371&#8243; img_size=&#8220;large&#8220; css=&#8220;&#8220;][\/vc_column][vc_column width=&#8220;3\/6&#8243;][vc_column_text css=&#8220;&#8220;]<\/p>\n<h1 style=\"text-align: justify;\"><span style=\"font-size: 18px; font-family: georgia, palatino, serif;\"><strong>DESCRIZIONE\u00a0<\/strong><\/span><\/h1>\n<p style=\"text-align: justify;\"><span style=\"font-family: georgia, palatino, serif; font-size: 16px;\">\u00c8 il vino dedicato alle terre Itrane e alla loro storia. Durante la costruzione della Via Appia, i romani ebbero modo di apprezzare le qualit\u00e0 del vino prodotto in quei luoghi, portandolo nell\u2019Urbe e decantandolo come tra i migliori vini dell\u2019epoca. <\/span><\/p>\n<p style=\"text-align: justify;\"><strong><span style=\"font-family: georgia, palatino, serif; font-size: 16px;\">50% Merlot, 40% Abbuoto, 10% Serpe.<\/span><\/strong><br \/>\n<span style=\"font-family: georgia, palatino, serif; font-size: 16px;\">Le uve provengono dai vigneti, immersi nei boschi di sughere, caratterizzati da terra rossa, argilloso calcarea, povera di sostanza organica e ricca di minerali.<\/span><\/p>\n<p style=\"text-align: justify;\"><span style=\"font-family: georgia, palatino, serif; font-size: 16px;\">Di colore rosso rubino intenso; al naso \u00e8 <strong>vinoso e delicato<\/strong>. Ricorda la viola, i frutti di bosco, note mediterranee seguite da sentori di tabacco e cuoio. Sapore asciutto, sapido, fresco ed armonioso, ampio e vellutato. Tannino delicato ed equilibrato.<\/span><\/p>\n<p>[\/vc_column_text][vc_empty_space][vc_single_image image=&#8220;9369&#8243; img_size=&#8220;LARGE&#8220; css=&#8220;&#8220;][vc_empty_space][vc_column_text css=&#8220;&#8220;]<span style=\"font-family: georgia, palatino, serif; font-size: 16px;\"><strong>CAECUS BIBENDUM\u00a0<\/strong><\/span><\/p>\n<p style=\"text-align: justify;\"><span style=\"font-family: georgia, palatino, serif; font-size: 16px;\">A scoprirlo e diffonderlo a Roma \u00e8 assai probabile che sia stato il Censore<strong>\u00a0Appio Claudio Ceco,<\/strong>\u00a0colui che nel <strong>312 a.C.<\/strong> diede inizio alla costruzione della\u00a0<strong>via Appia<\/strong>. Giunti tra Fondi e Formia, i lavori della strada rallentarono a causa della conformazione rocciosa delle colline, e il censore romano, non vedente, ebbe tempo e modo di conoscere meglio quei territori, venendo a conoscenza di un eccellente vino locale, che, portato a Roma, prese il suo nome, cos\u00ec come tutto l\u2019areale di produzione. C\u00e8cubo, infatti, viene da\u00a0<em><strong>caecus bibendum\u00a0<\/strong><\/em>\u201cil cieco che beve\u201d.<\/span><\/p>\n<p>[\/vc_column_text][vc_empty_space][vc_column_text css=&#8220;&#8220;]<\/p>\n<p style=\"text-align: justify;\"><span style=\"font-family: georgia, palatino, serif; font-size: 16px;\"><strong>VITIGNI AUTOCTONI RITROVATI<\/strong><\/span><\/p>\n<p style=\"text-align: justify;\"><span style=\"font-family: georgia, palatino, serif; font-size: 16px;\">Non \u00e8 facile risalire ai vitigni dei vini romani, ma per il C\u00e8cubo abbiamo alcune testimonianze. Si ritiene che fosse prodotto con due vitigni principali, tra cui<strong>l\u2019Uva serpe<\/strong>, menzionata da Columella nel 1\u00b0 secolo d.C. con il nome greco &#8222;dracontion&#8220; (serpente), utilizzata per un vino robusto.<\/span><br \/>\n<span style=\"font-family: georgia, palatino, serif; font-size: 16px;\">L\u2019altro vitigno antico del Caecubus Ager \u00e8 <strong>l\u2019Abbu\u00f2to<\/strong>, che alcuni identificano con il nome Caecubum. Questo vitigno era coltivato vicino a Fondi e Itri, nel Caecubus Ager, attorno al<strong> lago Pu\u00f2to<\/strong> (da cui il nome Abbu\u00f2to). Le analisi genetiche confermano che questa variet\u00e0 \u00e8 rimasta localizzata nell\u2019area.<\/span><\/p>\n<p>[\/vc_column_text][vc_empty_space][vc_single_image image=&#8220;9425&#8243; img_size=&#8220;large&#8220; alignment=&#8220;center&#8220; css=&#8220;&#8220;][vc_column_text css=&#8220;&#8220;]<\/p>\n<h3 style=\"text-align: justify;\"><span style=\"font-family: georgia, palatino, serif; font-size: 18px;\"><strong>MONTI CECUBI<\/strong><\/span><\/h3>\n<p style=\"text-align: justify;\"><span style=\"font-family: georgia, palatino, serif; font-size: 16px;\">L\u2019Azienda Agricola Monti Cecubi si trova a <strong>Itri<\/strong>, nel Lazio in provincia di Latina, sulle colline a vista del mare di <strong>Sperlonga<\/strong>, terra d\u2019origine dell\u2019antico Vino Cecubo, tradizione risalente all\u2019epoca<\/span><br \/>\n<span style=\"font-family: georgia, palatino, serif; font-size: 16px;\">della Roma repubblicana.<\/span><\/p>\n<p>[\/vc_column_text][vc_column_text css=&#8220;&#8220;]<\/p>\n<div style=\"text-align: justify;\"><span style=\"font-size: 16px; font-family: georgia, palatino, serif;\">Nel luogo dove duemila anni fa si estendeva il Caecubus Ager, alla fine degli anni &#8217;90, il notaio Antonio Schettino acquist\u00f2 una masseria di circa 100 ettari, situata su una collina nel comune di Itri. Qui si trovavano piccole vigne di vitigni autoctoni locali, tra cui l&#8217;Uva Serpe e l&#8217;Abbuoto. Oggi la propriet\u00e0 comprende 6 ettari di uliveto e circa 17 ettari di vigneto, dove le marze delle antiche vigne trovate sono state utilizzate per impiantare nuovi vigneti.<\/span><\/div>\n<p style=\"text-align: justify;\"><span style=\"font-size: 16px; font-family: georgia, palatino, serif;\"><strong>Chiara Fabietti<\/strong>, giovane enologa con studi a Bordeaux e una solida esperienza in grandi cantine italiane, guida oggi la cantina con l\u2019obiettivo stimolante, ma non semplice, di far rinascere e far apprezzare nuovamente i vini dell\u2019antica Roma, in particolare il C\u00e8cubo, il vino\u00a0era gi\u00e0 noto pi\u00f9 di duemila anni fa, ma com\u2019era veramente rimane un mistero. A Chiara Fabietti spetta il difficile, ma affascinante, compito di riscoprire questa archeologia vinicola, tra vigna e cantina.<\/span><\/p>\n<p>[\/vc_column_text][\/vc_column][\/vc_row]<\/p>\n<\/div>","protected":false},"excerpt":{"rendered":"<p>[vc_row][vc_column width=&#8220;2\/6&#8243;][vc_column_text css=&#8220;&#8220;] CAECUBUS AGER Nell\u2019antica Roma erano molto ricercati i vini\u00a0Caecubum\u00a0e\u00a0Falernum, che si contesero il primo posto fino all\u2019inizio del Regno di Augusto.\u00a0Gaio Plinio, detto il Vecchio, non aveva dubbi: prima il\u00a0Caecubum\u00a0(C\u00e8cubo). Oggi, nel suo storico areale di produzione, tra Fondi, Itri e Sperlonga, un\u2019intraprendente enologa tenta di ricrearlo. [\/vc_column_text][vc_empty_space][vc_single_image image=&#8220;9436&#8243; img_size=&#8220;large&#8220; css=&#8220;&#8220;][vc_empty_space][vc_column_text css=&#8220;&#8220;]<\/p>\n<div class=\"klb-readmore\"><a href=\"https:\/\/alimentariarrigoni.it\/de\/prodotto\/terre-ditrj-lazio-igt-monti-cecubi-2021\/\" class=\"btn\">READ MORE<\/a><\/div>\n","protected":false},"featured_media":9365,"template":"","meta":[],"product_brand":[],"product_cat":[1226,1230,837,1228,1227],"product_tag":[657],"class_list":{"0":"post-9364","1":"product","2":"type-product","3":"status-publish","4":"has-post-thumbnail","6":"product_cat-abbuoto","7":"product_cat-lazio-igt","8":"product_cat-merlot","9":"product_cat-monti-cecubi","10":"product_cat-serpe","11":"product_tag-botte-grande","12":"blog_entry clearfix","14":"first","15":"instock","16":"taxable","17":"shipping-taxable","18":"purchasable","19":"product-type-simple"},"yoast_head":"<!-- This site is optimized with the Yoast SEO Premium plugin v27.3 (Yoast SEO v27.4) - https:\/\/yoast.com\/product\/yoast-seo-premium-wordpress\/ -->\n<title>Terre d&#039;Itrj Lazio IGT Monti Cecubi 2021<\/title>\n<meta name=\"description\" content=\"Terre d&#039;Itrj Lazio IGT Monti Cecubi 2021\" \/>\n<meta name=\"robots\" content=\"index, follow, max-snippet:-1, max-image-preview:large, max-video-preview:-1\" \/>\n<link rel=\"canonical\" href=\"https:\/\/alimentariarrigoni.it\/de\/prodotto\/terre-ditrj-lazio-igt-monti-cecubi-2021\/\" \/>\n<meta property=\"og:locale\" content=\"de_DE\" \/>\n<meta property=\"og:type\" content=\"article\" \/>\n<meta property=\"og:title\" content=\"Terre d&#039;Itrj Lazio IGT Monti Cecubi 2021\" \/>\n<meta property=\"og:description\" content=\"Terre d&#039;Itrj Lazio IGT Monti Cecubi 2021\" \/>\n<meta property=\"og:url\" content=\"https:\/\/alimentariarrigoni.it\/de\/prodotto\/terre-ditrj-lazio-igt-monti-cecubi-2021\/\" \/>\n<meta property=\"og:site_name\" content=\"Alimentari Arrigoni\" \/>\n<meta property=\"article:publisher\" content=\"https:\/\/www.facebook.com\/alimentariarrigoni\/\" \/>\n<meta property=\"article:modified_time\" content=\"2025-12-16T08:43:57+00:00\" \/>\n<meta property=\"og:image\" content=\"https:\/\/alimentariarrigoni.it\/wp-content\/uploads\/2024\/11\/terre-itrj-monti-cecubi.jpg\" \/>\n\t<meta property=\"og:image:width\" content=\"1050\" \/>\n\t<meta property=\"og:image:height\" content=\"1050\" \/>\n\t<meta property=\"og:image:type\" content=\"image\/jpeg\" \/>\n<meta name=\"twitter:card\" content=\"summary_large_image\" \/>\n<meta name=\"twitter:label1\" content=\"Gesch\u00e4tzte Lesezeit\" \/>\n\t<meta name=\"twitter:data1\" content=\"5\u00a0Minuten\" \/>\n<script type=\"application\/ld+json\" class=\"yoast-schema-graph\">{\"@context\":\"https:\\\/\\\/schema.org\",\"@graph\":[{\"@type\":\"WebPage\",\"@id\":\"https:\\\/\\\/alimentariarrigoni.it\\\/de\\\/prodotto\\\/terre-ditrj-lazio-igt-monti-cecubi-2021\\\/\",\"url\":\"https:\\\/\\\/alimentariarrigoni.it\\\/de\\\/prodotto\\\/terre-ditrj-lazio-igt-monti-cecubi-2021\\\/\",\"name\":\"Terre d'Itrj Lazio IGT Monti Cecubi 2021\",\"isPartOf\":{\"@id\":\"https:\\\/\\\/alimentariarrigoni.it\\\/de\\\/#website\"},\"primaryImageOfPage\":{\"@id\":\"https:\\\/\\\/alimentariarrigoni.it\\\/de\\\/prodotto\\\/terre-ditrj-lazio-igt-monti-cecubi-2021\\\/#primaryimage\"},\"image\":{\"@id\":\"https:\\\/\\\/alimentariarrigoni.it\\\/de\\\/prodotto\\\/terre-ditrj-lazio-igt-monti-cecubi-2021\\\/#primaryimage\"},\"thumbnailUrl\":\"https:\\\/\\\/alimentariarrigoni.it\\\/wp-content\\\/uploads\\\/2024\\\/11\\\/terre-itrj-monti-cecubi.jpg\",\"datePublished\":\"2024-11-21T19:45:49+00:00\",\"dateModified\":\"2025-12-16T08:43:57+00:00\",\"description\":\"Terre d'Itrj Lazio IGT Monti Cecubi 2021\",\"breadcrumb\":{\"@id\":\"https:\\\/\\\/alimentariarrigoni.it\\\/de\\\/prodotto\\\/terre-ditrj-lazio-igt-monti-cecubi-2021\\\/#breadcrumb\"},\"inLanguage\":\"de\",\"potentialAction\":[{\"@type\":\"ReadAction\",\"target\":[\"https:\\\/\\\/alimentariarrigoni.it\\\/de\\\/prodotto\\\/terre-ditrj-lazio-igt-monti-cecubi-2021\\\/\"]}]},{\"@type\":\"ImageObject\",\"inLanguage\":\"de\",\"@id\":\"https:\\\/\\\/alimentariarrigoni.it\\\/de\\\/prodotto\\\/terre-ditrj-lazio-igt-monti-cecubi-2021\\\/#primaryimage\",\"url\":\"https:\\\/\\\/alimentariarrigoni.it\\\/wp-content\\\/uploads\\\/2024\\\/11\\\/terre-itrj-monti-cecubi.jpg\",\"contentUrl\":\"https:\\\/\\\/alimentariarrigoni.it\\\/wp-content\\\/uploads\\\/2024\\\/11\\\/terre-itrj-monti-cecubi.jpg\",\"width\":1050,\"height\":1050},{\"@type\":\"BreadcrumbList\",\"@id\":\"https:\\\/\\\/alimentariarrigoni.it\\\/de\\\/prodotto\\\/terre-ditrj-lazio-igt-monti-cecubi-2021\\\/#breadcrumb\",\"itemListElement\":[{\"@type\":\"ListItem\",\"position\":1,\"name\":\"Home\",\"item\":\"https:\\\/\\\/alimentariarrigoni.it\\\/de\\\/\"},{\"@type\":\"ListItem\",\"position\":2,\"name\":\"Shop\",\"item\":\"https:\\\/\\\/alimentariarrigoni.it\\\/de\\\/shop\\\/\"},{\"@type\":\"ListItem\",\"position\":3,\"name\":\"Terre d&#8217;Itrj Lazio IGT Monti Cecubi 2021\"}]},{\"@type\":\"WebSite\",\"@id\":\"https:\\\/\\\/alimentariarrigoni.it\\\/de\\\/#website\",\"url\":\"https:\\\/\\\/alimentariarrigoni.it\\\/de\\\/\",\"name\":\"Alimentari Arrigoni\",\"description\":\"\",\"publisher\":{\"@id\":\"https:\\\/\\\/alimentariarrigoni.it\\\/de\\\/#organization\"},\"potentialAction\":[{\"@type\":\"SearchAction\",\"target\":{\"@type\":\"EntryPoint\",\"urlTemplate\":\"https:\\\/\\\/alimentariarrigoni.it\\\/de\\\/?s={search_term_string}\"},\"query-input\":{\"@type\":\"PropertyValueSpecification\",\"valueRequired\":true,\"valueName\":\"search_term_string\"}}],\"inLanguage\":\"de\"},{\"@type\":\"Organization\",\"@id\":\"https:\\\/\\\/alimentariarrigoni.it\\\/de\\\/#organization\",\"name\":\"Alimentari dal 1894\",\"url\":\"https:\\\/\\\/alimentariarrigoni.it\\\/de\\\/\",\"logo\":{\"@type\":\"ImageObject\",\"inLanguage\":\"de\",\"@id\":\"https:\\\/\\\/alimentariarrigoni.it\\\/de\\\/#\\\/schema\\\/logo\\\/image\\\/\",\"url\":\"https:\\\/\\\/alimentariarrigoni.it\\\/wp-content\\\/uploads\\\/2022\\\/02\\\/logo-mail-mod.-comp.jpg\",\"contentUrl\":\"https:\\\/\\\/alimentariarrigoni.it\\\/wp-content\\\/uploads\\\/2022\\\/02\\\/logo-mail-mod.-comp.jpg\",\"width\":315,\"height\":100,\"caption\":\"Alimentari dal 1894\"},\"image\":{\"@id\":\"https:\\\/\\\/alimentariarrigoni.it\\\/de\\\/#\\\/schema\\\/logo\\\/image\\\/\"},\"sameAs\":[\"https:\\\/\\\/www.facebook.com\\\/alimentariarrigoni\\\/\",\"https:\\\/\\\/www.instagram.com\\\/alimentariarrigoni\\\/\"]}]}<\/script>\n<!-- \/ Yoast SEO Premium plugin. -->","yoast_head_json":{"title":"Terre d'Itrj Lazio IGT Monti Cecubi 2021","description":"Terre d'Itrj Lazio IGT Monti Cecubi 2021","robots":{"index":"index","follow":"follow","max-snippet":"max-snippet:-1","max-image-preview":"max-image-preview:large","max-video-preview":"max-video-preview:-1"},"canonical":"https:\/\/alimentariarrigoni.it\/de\/prodotto\/terre-ditrj-lazio-igt-monti-cecubi-2021\/","og_locale":"de_DE","og_type":"article","og_title":"Terre d'Itrj Lazio IGT Monti Cecubi 2021","og_description":"Terre d'Itrj Lazio IGT Monti Cecubi 2021","og_url":"https:\/\/alimentariarrigoni.it\/de\/prodotto\/terre-ditrj-lazio-igt-monti-cecubi-2021\/","og_site_name":"Alimentari Arrigoni","article_publisher":"https:\/\/www.facebook.com\/alimentariarrigoni\/","article_modified_time":"2025-12-16T08:43:57+00:00","og_image":[{"width":1050,"height":1050,"url":"https:\/\/alimentariarrigoni.it\/wp-content\/uploads\/2024\/11\/terre-itrj-monti-cecubi.jpg","type":"image\/jpeg"}],"twitter_card":"summary_large_image","twitter_misc":{"Gesch\u00e4tzte Lesezeit":"5\u00a0Minuten"},"schema":{"@context":"https:\/\/schema.org","@graph":[{"@type":"WebPage","@id":"https:\/\/alimentariarrigoni.it\/de\/prodotto\/terre-ditrj-lazio-igt-monti-cecubi-2021\/","url":"https:\/\/alimentariarrigoni.it\/de\/prodotto\/terre-ditrj-lazio-igt-monti-cecubi-2021\/","name":"Terre d'Itrj Lazio IGT Monti Cecubi 2021","isPartOf":{"@id":"https:\/\/alimentariarrigoni.it\/de\/#website"},"primaryImageOfPage":{"@id":"https:\/\/alimentariarrigoni.it\/de\/prodotto\/terre-ditrj-lazio-igt-monti-cecubi-2021\/#primaryimage"},"image":{"@id":"https:\/\/alimentariarrigoni.it\/de\/prodotto\/terre-ditrj-lazio-igt-monti-cecubi-2021\/#primaryimage"},"thumbnailUrl":"https:\/\/alimentariarrigoni.it\/wp-content\/uploads\/2024\/11\/terre-itrj-monti-cecubi.jpg","datePublished":"2024-11-21T19:45:49+00:00","dateModified":"2025-12-16T08:43:57+00:00","description":"Terre d'Itrj Lazio IGT Monti Cecubi 2021","breadcrumb":{"@id":"https:\/\/alimentariarrigoni.it\/de\/prodotto\/terre-ditrj-lazio-igt-monti-cecubi-2021\/#breadcrumb"},"inLanguage":"de","potentialAction":[{"@type":"ReadAction","target":["https:\/\/alimentariarrigoni.it\/de\/prodotto\/terre-ditrj-lazio-igt-monti-cecubi-2021\/"]}]},{"@type":"ImageObject","inLanguage":"de","@id":"https:\/\/alimentariarrigoni.it\/de\/prodotto\/terre-ditrj-lazio-igt-monti-cecubi-2021\/#primaryimage","url":"https:\/\/alimentariarrigoni.it\/wp-content\/uploads\/2024\/11\/terre-itrj-monti-cecubi.jpg","contentUrl":"https:\/\/alimentariarrigoni.it\/wp-content\/uploads\/2024\/11\/terre-itrj-monti-cecubi.jpg","width":1050,"height":1050},{"@type":"BreadcrumbList","@id":"https:\/\/alimentariarrigoni.it\/de\/prodotto\/terre-ditrj-lazio-igt-monti-cecubi-2021\/#breadcrumb","itemListElement":[{"@type":"ListItem","position":1,"name":"Home","item":"https:\/\/alimentariarrigoni.it\/de\/"},{"@type":"ListItem","position":2,"name":"Shop","item":"https:\/\/alimentariarrigoni.it\/de\/shop\/"},{"@type":"ListItem","position":3,"name":"Terre d&#8217;Itrj Lazio IGT Monti Cecubi 2021"}]},{"@type":"WebSite","@id":"https:\/\/alimentariarrigoni.it\/de\/#website","url":"https:\/\/alimentariarrigoni.it\/de\/","name":"Alimentari Arrigoni","description":"","publisher":{"@id":"https:\/\/alimentariarrigoni.it\/de\/#organization"},"potentialAction":[{"@type":"SearchAction","target":{"@type":"EntryPoint","urlTemplate":"https:\/\/alimentariarrigoni.it\/de\/?s={search_term_string}"},"query-input":{"@type":"PropertyValueSpecification","valueRequired":true,"valueName":"search_term_string"}}],"inLanguage":"de"},{"@type":"Organization","@id":"https:\/\/alimentariarrigoni.it\/de\/#organization","name":"Alimentari dal 1894","url":"https:\/\/alimentariarrigoni.it\/de\/","logo":{"@type":"ImageObject","inLanguage":"de","@id":"https:\/\/alimentariarrigoni.it\/de\/#\/schema\/logo\/image\/","url":"https:\/\/alimentariarrigoni.it\/wp-content\/uploads\/2022\/02\/logo-mail-mod.-comp.jpg","contentUrl":"https:\/\/alimentariarrigoni.it\/wp-content\/uploads\/2022\/02\/logo-mail-mod.-comp.jpg","width":315,"height":100,"caption":"Alimentari dal 1894"},"image":{"@id":"https:\/\/alimentariarrigoni.it\/de\/#\/schema\/logo\/image\/"},"sameAs":["https:\/\/www.facebook.com\/alimentariarrigoni\/","https:\/\/www.instagram.com\/alimentariarrigoni\/"]}]}},"_links":{"self":[{"href":"https:\/\/alimentariarrigoni.it\/de\/wp-json\/wp\/v2\/product\/9364","targetHints":{"allow":["GET"]}}],"collection":[{"href":"https:\/\/alimentariarrigoni.it\/de\/wp-json\/wp\/v2\/product"}],"about":[{"href":"https:\/\/alimentariarrigoni.it\/de\/wp-json\/wp\/v2\/types\/product"}],"wp:featuredmedia":[{"embeddable":true,"href":"https:\/\/alimentariarrigoni.it\/de\/wp-json\/wp\/v2\/media\/9365"}],"wp:attachment":[{"href":"https:\/\/alimentariarrigoni.it\/de\/wp-json\/wp\/v2\/media?parent=9364"}],"wp:term":[{"taxonomy":"product_brand","embeddable":true,"href":"https:\/\/alimentariarrigoni.it\/de\/wp-json\/wp\/v2\/product_brand?post=9364"},{"taxonomy":"product_cat","embeddable":true,"href":"https:\/\/alimentariarrigoni.it\/de\/wp-json\/wp\/v2\/product_cat?post=9364"},{"taxonomy":"product_tag","embeddable":true,"href":"https:\/\/alimentariarrigoni.it\/de\/wp-json\/wp\/v2\/product_tag?post=9364"}],"curies":[{"name":"wp","href":"https:\/\/api.w.org\/{rel}","templated":true}]}}