{"id":9301,"date":"2024-09-23T19:18:18","date_gmt":"2024-09-23T17:18:18","guid":{"rendered":"https:\/\/alimentariarrigoni.it\/?post_type=product&#038;p=9301"},"modified":"2024-12-16T18:06:31","modified_gmt":"2024-12-16T17:06:31","slug":"primula-gialla-bergamasca-igt-la-collina-2023","status":"publish","type":"product","link":"https:\/\/alimentariarrigoni.it\/de\/prodotto\/primula-gialla-bergamasca-igt-la-collina-2023\/","title":{"rendered":"Primula Gialla Bergamasca IGT La Collina 2023"},"content":{"rendered":"<div class=\"wpb-content-wrapper\"><p>[vc_row][vc_column width=&#8220;2\/6&#8243;][vc_column_text]<\/p>\n<h2 style=\"text-align: justify;\"><span style=\"font-size: 16px; font-family: georgia, palatino, serif;\"><strong>VALCALEPIO E GRUMELLO DEL MONTE\u00a0<\/strong><\/span><\/h2>\n<p>&nbsp;<\/p>\n<p class=\"p1\" style=\"text-align: justify;\"><span style=\"font-family: georgia, palatino, serif; font-size: 16px;\">La Valcalepio \u00e8 la fascia collinare pedemontana compresa nella Provincia di Bergamo da Almenno San Bartolomeo, la zona pi\u00f9 a ovest, fino alle sponde e a sud del Lago d\u2019Iseo con Grumello del monte e Sarnico. Una cerchia di colline, tutte alla destra orografica del fiume Oglio, dove la tradizione contadina del vino \u00e8 ben radicata fin dall\u2019epoca romana come viene descritto da Plinio.\u00a0<\/span><\/p>\n<p class=\"p1\" style=\"text-align: justify;\"><span style=\"font-family: georgia, palatino, serif; font-size: 16px;\">Nella zona pi\u00f9 a ovest di Bergamo, i terreni pi\u00f9 profondi e di matrice argillosa danno vini pi\u00f9 strutturati e complessi, mentre a est<span class=\"Apple-converted-space\">\u00a0 <\/span>e in prossimit\u00e0 del lago d\u2019Iseo e di Grumello del monte i vini sono pi\u00f9 eleganti e delicati.<\/span><\/p>\n<p class=\"p1\" style=\"text-align: justify;\"><span style=\"font-family: georgia, palatino, serif; font-size: 16px;\">I vitigni per il rosso sono Merlot e Cabernet Sauvignon, mentre per il bianco lo Chardonnay, il Pinot bianco e Pinot grigio.<\/span><\/p>\n<p>[\/vc_column_text][vc_empty_space][vc_single_image image=&#8220;9073&#8243; img_size=&#8220;FULL&#8220; alignment=&#8220;center&#8220;][vc_empty_space][vc_column_text][\/vc_column_text][\/vc_column][vc_column width=&#8220;3\/6&#8243;][vc_column_text css=&#8220;&#8220;]<\/p>\n<h1><span style=\"font-size: 18px; font-family: georgia, palatino, serif;\"><strong>DESCRIZIONE Primula Gialla Bergamasca IGT La Collina 2023 <\/strong><\/span><\/h1>\n<div style=\"text-align: justify;\"><span style=\"font-family: georgia, palatino, serif; font-size: 16px;\">Ottenuto dal vitigno bergamasco per eccellenza, il nostro Moscato Giallo in purezza vinificato secco vuole essere un omaggio alla tradizione bergamasca, che oggi re- interpretiamo in una chiave pi\u00f9 contemporanea affiancando l&#8217;aromaticit\u00e0 tipica di questo vitigno ad una sorprendente freschezza e sapidit\u00e0.<\/span><\/div>\n<div style=\"text-align: justify;\"><span style=\"font-family: georgia, palatino, serif; font-size: 16px;\">Un vino dalle antiche tradizioni, gi\u00e0 prodotto da Bruno in versione sfusa e oggi elevato ad un vino gastronomico dai profumi intensi ma al contempo delicato ed elegante.\u00a0<\/span><\/div>\n<div style=\"text-align: justify;\"><span style=\"font-family: georgia, palatino, serif; font-size: 16px;\">Dal colore giallo paglierino, talvolta dorato, un profumo aromatico tipico di moscato con sentori che ricordano la salvia. Al sapore si presenta secco e morbido, delicato ed armonico con note che ricordano l\u2019essenza di cedro e pompelmo.\u00a0<\/span><\/div>\n<p>[\/vc_column_text][vc_empty_space height=&#8220;50px&#8220;][vc_single_image image=&#8220;9074&#8243; img_size=&#8220;large&#8220;][vc_empty_space height=&#8220;15 px&#8220;][vc_column_text]<\/p>\n<h3><span style=\"font-family: georgia, palatino, serif;\"><span style=\"font-size: 18px;\">LA COLLINA\u00a0<\/span><\/span><\/h3>\n<p style=\"text-align: justify;\"><span style=\"font-family: georgia, palatino, serif; font-size: 16px;\">Il bisnonno Luigi, che dalla Valle Imagna migr\u00f2 a Grumello del monte nel lontano 1830, pose i pilastri dell\u2019azienda nella pittoresca cascina che tutt\u2019oggi ne \u00e8 il corpo. E&#8216; il nonno Andrea e successivamente il padre Bruno a porre un\u2019anima in questo corpo; un\u2019anima scalpitante di passione, rispetto e sacrificio per la vigna, quell\u2019anima che inconsciamente tramand\u00f2 al figlio Luigi, il vignaiolo dei nostri tempi.<\/span><\/p>\n<p>[\/vc_column_text][\/vc_column][\/vc_row]<\/p>\n<\/div>","protected":false},"excerpt":{"rendered":"<p>[vc_row][vc_column width=&#8220;2\/6&#8243;][vc_column_text] VALCALEPIO E GRUMELLO DEL MONTE\u00a0 &nbsp; La Valcalepio \u00e8 la fascia collinare pedemontana compresa nella Provincia di Bergamo da Almenno San Bartolomeo, la zona pi\u00f9 a ovest, fino alle sponde e a sud del Lago d\u2019Iseo con Grumello del monte e Sarnico. Una cerchia di colline, tutte alla destra orografica del fiume Oglio,<\/p>\n<div class=\"klb-readmore\"><a href=\"https:\/\/alimentariarrigoni.it\/de\/prodotto\/primula-gialla-bergamasca-igt-la-collina-2023\/\" class=\"btn\">READ MORE<\/a><\/div>\n","protected":false},"featured_media":9302,"template":"","meta":[],"product_brand":[],"product_cat":[1223,1183,825],"product_tag":[523],"class_list":{"0":"post-9301","1":"product","2":"type-product","3":"status-publish","4":"has-post-thumbnail","6":"product_cat-bergamasca-bianco-igt","7":"product_cat-la-collina","8":"product_cat-moscato","9":"product_tag-acciaio","10":"blog_entry clearfix","12":"first","13":"instock","14":"taxable","15":"shipping-taxable","16":"purchasable","17":"product-type-simple"},"yoast_head":"<!-- This site is optimized with the Yoast SEO Premium plugin v27.4 (Yoast SEO v27.4) - https:\/\/yoast.com\/product\/yoast-seo-premium-wordpress\/ -->\n<title>Primula Gialla Bergamasca IGT La Collina 2023<\/title>\n<meta name=\"description\" content=\"Primula Gialla Bergamasca IGT La Collina 2023 ottenuto dal vitigno bergamasco per eccellenza, il nostro Moscato Giallo in purezza vinificato secco vuole essere un omaggio alla tradizione bergamasca, che oggi re- interpretiamo in una chiave pi\u00f9 contemporanea affiancando l&#039;aromaticit\u00e0 tipica di questo vitigno ad una sorprendente freschezza e sapidit\u00e0.\" \/>\n<meta name=\"robots\" content=\"index, follow, max-snippet:-1, max-image-preview:large, max-video-preview:-1\" \/>\n<link rel=\"canonical\" href=\"https:\/\/alimentariarrigoni.it\/de\/prodotto\/primula-gialla-bergamasca-igt-la-collina-2023\/\" \/>\n<meta property=\"og:locale\" content=\"de_DE\" \/>\n<meta property=\"og:type\" content=\"article\" \/>\n<meta property=\"og:title\" content=\"Primula Gialla Bergamasca IGT La Collina 2023\" \/>\n<meta property=\"og:description\" content=\"Primula Gialla Bergamasca IGT La Collina 2023 ottenuto dal vitigno bergamasco per eccellenza, il nostro Moscato Giallo in purezza vinificato secco vuole essere un omaggio alla tradizione bergamasca, che oggi re- interpretiamo in una chiave pi\u00f9 contemporanea affiancando l&#039;aromaticit\u00e0 tipica di questo vitigno ad una sorprendente freschezza e sapidit\u00e0.\" \/>\n<meta property=\"og:url\" content=\"https:\/\/alimentariarrigoni.it\/de\/prodotto\/primula-gialla-bergamasca-igt-la-collina-2023\/\" \/>\n<meta property=\"og:site_name\" content=\"Alimentari Arrigoni\" \/>\n<meta property=\"article:publisher\" content=\"https:\/\/www.facebook.com\/alimentariarrigoni\/\" \/>\n<meta property=\"article:modified_time\" content=\"2024-12-16T17:06:31+00:00\" \/>\n<meta property=\"og:image\" content=\"https:\/\/alimentariarrigoni.it\/wp-content\/uploads\/2024\/09\/primula-bianca-moscato-giallo-collina.jpg\" \/>\n\t<meta property=\"og:image:width\" content=\"1050\" \/>\n\t<meta property=\"og:image:height\" content=\"1050\" \/>\n\t<meta property=\"og:image:type\" content=\"image\/jpeg\" \/>\n<meta name=\"twitter:card\" content=\"summary_large_image\" \/>\n<meta name=\"twitter:label1\" content=\"Gesch\u00e4tzte Lesezeit\" \/>\n\t<meta name=\"twitter:data1\" content=\"2\u00a0Minuten\" \/>\n<script type=\"application\/ld+json\" class=\"yoast-schema-graph\">{\"@context\":\"https:\\\/\\\/schema.org\",\"@graph\":[{\"@type\":\"WebPage\",\"@id\":\"https:\\\/\\\/alimentariarrigoni.it\\\/de\\\/prodotto\\\/primula-gialla-bergamasca-igt-la-collina-2023\\\/\",\"url\":\"https:\\\/\\\/alimentariarrigoni.it\\\/de\\\/prodotto\\\/primula-gialla-bergamasca-igt-la-collina-2023\\\/\",\"name\":\"Primula Gialla Bergamasca IGT La Collina 2023\",\"isPartOf\":{\"@id\":\"https:\\\/\\\/alimentariarrigoni.it\\\/de\\\/#website\"},\"primaryImageOfPage\":{\"@id\":\"https:\\\/\\\/alimentariarrigoni.it\\\/de\\\/prodotto\\\/primula-gialla-bergamasca-igt-la-collina-2023\\\/#primaryimage\"},\"image\":{\"@id\":\"https:\\\/\\\/alimentariarrigoni.it\\\/de\\\/prodotto\\\/primula-gialla-bergamasca-igt-la-collina-2023\\\/#primaryimage\"},\"thumbnailUrl\":\"https:\\\/\\\/alimentariarrigoni.it\\\/wp-content\\\/uploads\\\/2024\\\/09\\\/primula-bianca-moscato-giallo-collina.jpg\",\"datePublished\":\"2024-09-23T17:18:18+00:00\",\"dateModified\":\"2024-12-16T17:06:31+00:00\",\"description\":\"Primula Gialla Bergamasca IGT La Collina 2023 ottenuto dal vitigno bergamasco per eccellenza, il nostro Moscato Giallo in purezza vinificato secco vuole essere un omaggio alla tradizione bergamasca, che oggi re- interpretiamo in una chiave pi\u00f9 contemporanea affiancando l'aromaticit\u00e0 tipica di questo vitigno ad una sorprendente freschezza e sapidit\u00e0.\",\"breadcrumb\":{\"@id\":\"https:\\\/\\\/alimentariarrigoni.it\\\/de\\\/prodotto\\\/primula-gialla-bergamasca-igt-la-collina-2023\\\/#breadcrumb\"},\"inLanguage\":\"de\",\"potentialAction\":[{\"@type\":\"ReadAction\",\"target\":[\"https:\\\/\\\/alimentariarrigoni.it\\\/de\\\/prodotto\\\/primula-gialla-bergamasca-igt-la-collina-2023\\\/\"]}]},{\"@type\":\"ImageObject\",\"inLanguage\":\"de\",\"@id\":\"https:\\\/\\\/alimentariarrigoni.it\\\/de\\\/prodotto\\\/primula-gialla-bergamasca-igt-la-collina-2023\\\/#primaryimage\",\"url\":\"https:\\\/\\\/alimentariarrigoni.it\\\/wp-content\\\/uploads\\\/2024\\\/09\\\/primula-bianca-moscato-giallo-collina.jpg\",\"contentUrl\":\"https:\\\/\\\/alimentariarrigoni.it\\\/wp-content\\\/uploads\\\/2024\\\/09\\\/primula-bianca-moscato-giallo-collina.jpg\",\"width\":1050,\"height\":1050,\"caption\":\"primula-bianca-moscato-giallo-collina\"},{\"@type\":\"BreadcrumbList\",\"@id\":\"https:\\\/\\\/alimentariarrigoni.it\\\/de\\\/prodotto\\\/primula-gialla-bergamasca-igt-la-collina-2023\\\/#breadcrumb\",\"itemListElement\":[{\"@type\":\"ListItem\",\"position\":1,\"name\":\"Home\",\"item\":\"https:\\\/\\\/alimentariarrigoni.it\\\/de\\\/\"},{\"@type\":\"ListItem\",\"position\":2,\"name\":\"Shop\",\"item\":\"https:\\\/\\\/alimentariarrigoni.it\\\/de\\\/shop\\\/\"},{\"@type\":\"ListItem\",\"position\":3,\"name\":\"Primula Gialla Bergamasca IGT La Collina 2023\"}]},{\"@type\":\"WebSite\",\"@id\":\"https:\\\/\\\/alimentariarrigoni.it\\\/de\\\/#website\",\"url\":\"https:\\\/\\\/alimentariarrigoni.it\\\/de\\\/\",\"name\":\"Alimentari Arrigoni\",\"description\":\"\",\"publisher\":{\"@id\":\"https:\\\/\\\/alimentariarrigoni.it\\\/de\\\/#organization\"},\"potentialAction\":[{\"@type\":\"SearchAction\",\"target\":{\"@type\":\"EntryPoint\",\"urlTemplate\":\"https:\\\/\\\/alimentariarrigoni.it\\\/de\\\/?s={search_term_string}\"},\"query-input\":{\"@type\":\"PropertyValueSpecification\",\"valueRequired\":true,\"valueName\":\"search_term_string\"}}],\"inLanguage\":\"de\"},{\"@type\":\"Organization\",\"@id\":\"https:\\\/\\\/alimentariarrigoni.it\\\/de\\\/#organization\",\"name\":\"Alimentari dal 1894\",\"url\":\"https:\\\/\\\/alimentariarrigoni.it\\\/de\\\/\",\"logo\":{\"@type\":\"ImageObject\",\"inLanguage\":\"de\",\"@id\":\"https:\\\/\\\/alimentariarrigoni.it\\\/de\\\/#\\\/schema\\\/logo\\\/image\\\/\",\"url\":\"https:\\\/\\\/alimentariarrigoni.it\\\/wp-content\\\/uploads\\\/2022\\\/02\\\/logo-mail-mod.-comp.jpg\",\"contentUrl\":\"https:\\\/\\\/alimentariarrigoni.it\\\/wp-content\\\/uploads\\\/2022\\\/02\\\/logo-mail-mod.-comp.jpg\",\"width\":315,\"height\":100,\"caption\":\"Alimentari dal 1894\"},\"image\":{\"@id\":\"https:\\\/\\\/alimentariarrigoni.it\\\/de\\\/#\\\/schema\\\/logo\\\/image\\\/\"},\"sameAs\":[\"https:\\\/\\\/www.facebook.com\\\/alimentariarrigoni\\\/\",\"https:\\\/\\\/www.instagram.com\\\/alimentariarrigoni\\\/\"]}]}<\/script>\n<!-- \/ Yoast SEO Premium plugin. -->","yoast_head_json":{"title":"Primula Gialla Bergamasca IGT La Collina 2023","description":"Primula Gialla Bergamasca IGT La Collina 2023 ottenuto dal vitigno bergamasco per eccellenza, il nostro Moscato Giallo in purezza vinificato secco vuole essere un omaggio alla tradizione bergamasca, che oggi re- interpretiamo in una chiave pi\u00f9 contemporanea affiancando l'aromaticit\u00e0 tipica di questo vitigno ad una sorprendente freschezza e sapidit\u00e0.","robots":{"index":"index","follow":"follow","max-snippet":"max-snippet:-1","max-image-preview":"max-image-preview:large","max-video-preview":"max-video-preview:-1"},"canonical":"https:\/\/alimentariarrigoni.it\/de\/prodotto\/primula-gialla-bergamasca-igt-la-collina-2023\/","og_locale":"de_DE","og_type":"article","og_title":"Primula Gialla Bergamasca IGT La Collina 2023","og_description":"Primula Gialla Bergamasca IGT La Collina 2023 ottenuto dal vitigno bergamasco per eccellenza, il nostro Moscato Giallo in purezza vinificato secco vuole essere un omaggio alla tradizione bergamasca, che oggi re- interpretiamo in una chiave pi\u00f9 contemporanea affiancando l'aromaticit\u00e0 tipica di questo vitigno ad una sorprendente freschezza e sapidit\u00e0.","og_url":"https:\/\/alimentariarrigoni.it\/de\/prodotto\/primula-gialla-bergamasca-igt-la-collina-2023\/","og_site_name":"Alimentari Arrigoni","article_publisher":"https:\/\/www.facebook.com\/alimentariarrigoni\/","article_modified_time":"2024-12-16T17:06:31+00:00","og_image":[{"width":1050,"height":1050,"url":"https:\/\/alimentariarrigoni.it\/wp-content\/uploads\/2024\/09\/primula-bianca-moscato-giallo-collina.jpg","type":"image\/jpeg"}],"twitter_card":"summary_large_image","twitter_misc":{"Gesch\u00e4tzte Lesezeit":"2\u00a0Minuten"},"schema":{"@context":"https:\/\/schema.org","@graph":[{"@type":"WebPage","@id":"https:\/\/alimentariarrigoni.it\/de\/prodotto\/primula-gialla-bergamasca-igt-la-collina-2023\/","url":"https:\/\/alimentariarrigoni.it\/de\/prodotto\/primula-gialla-bergamasca-igt-la-collina-2023\/","name":"Primula Gialla Bergamasca IGT La Collina 2023","isPartOf":{"@id":"https:\/\/alimentariarrigoni.it\/de\/#website"},"primaryImageOfPage":{"@id":"https:\/\/alimentariarrigoni.it\/de\/prodotto\/primula-gialla-bergamasca-igt-la-collina-2023\/#primaryimage"},"image":{"@id":"https:\/\/alimentariarrigoni.it\/de\/prodotto\/primula-gialla-bergamasca-igt-la-collina-2023\/#primaryimage"},"thumbnailUrl":"https:\/\/alimentariarrigoni.it\/wp-content\/uploads\/2024\/09\/primula-bianca-moscato-giallo-collina.jpg","datePublished":"2024-09-23T17:18:18+00:00","dateModified":"2024-12-16T17:06:31+00:00","description":"Primula Gialla Bergamasca IGT La Collina 2023 ottenuto dal vitigno bergamasco per eccellenza, il nostro Moscato Giallo in purezza vinificato secco vuole essere un omaggio alla tradizione bergamasca, che oggi re- interpretiamo in una chiave pi\u00f9 contemporanea affiancando l'aromaticit\u00e0 tipica di questo vitigno ad una sorprendente freschezza e sapidit\u00e0.","breadcrumb":{"@id":"https:\/\/alimentariarrigoni.it\/de\/prodotto\/primula-gialla-bergamasca-igt-la-collina-2023\/#breadcrumb"},"inLanguage":"de","potentialAction":[{"@type":"ReadAction","target":["https:\/\/alimentariarrigoni.it\/de\/prodotto\/primula-gialla-bergamasca-igt-la-collina-2023\/"]}]},{"@type":"ImageObject","inLanguage":"de","@id":"https:\/\/alimentariarrigoni.it\/de\/prodotto\/primula-gialla-bergamasca-igt-la-collina-2023\/#primaryimage","url":"https:\/\/alimentariarrigoni.it\/wp-content\/uploads\/2024\/09\/primula-bianca-moscato-giallo-collina.jpg","contentUrl":"https:\/\/alimentariarrigoni.it\/wp-content\/uploads\/2024\/09\/primula-bianca-moscato-giallo-collina.jpg","width":1050,"height":1050,"caption":"primula-bianca-moscato-giallo-collina"},{"@type":"BreadcrumbList","@id":"https:\/\/alimentariarrigoni.it\/de\/prodotto\/primula-gialla-bergamasca-igt-la-collina-2023\/#breadcrumb","itemListElement":[{"@type":"ListItem","position":1,"name":"Home","item":"https:\/\/alimentariarrigoni.it\/de\/"},{"@type":"ListItem","position":2,"name":"Shop","item":"https:\/\/alimentariarrigoni.it\/de\/shop\/"},{"@type":"ListItem","position":3,"name":"Primula Gialla Bergamasca IGT La Collina 2023"}]},{"@type":"WebSite","@id":"https:\/\/alimentariarrigoni.it\/de\/#website","url":"https:\/\/alimentariarrigoni.it\/de\/","name":"Alimentari Arrigoni","description":"","publisher":{"@id":"https:\/\/alimentariarrigoni.it\/de\/#organization"},"potentialAction":[{"@type":"SearchAction","target":{"@type":"EntryPoint","urlTemplate":"https:\/\/alimentariarrigoni.it\/de\/?s={search_term_string}"},"query-input":{"@type":"PropertyValueSpecification","valueRequired":true,"valueName":"search_term_string"}}],"inLanguage":"de"},{"@type":"Organization","@id":"https:\/\/alimentariarrigoni.it\/de\/#organization","name":"Alimentari dal 1894","url":"https:\/\/alimentariarrigoni.it\/de\/","logo":{"@type":"ImageObject","inLanguage":"de","@id":"https:\/\/alimentariarrigoni.it\/de\/#\/schema\/logo\/image\/","url":"https:\/\/alimentariarrigoni.it\/wp-content\/uploads\/2022\/02\/logo-mail-mod.-comp.jpg","contentUrl":"https:\/\/alimentariarrigoni.it\/wp-content\/uploads\/2022\/02\/logo-mail-mod.-comp.jpg","width":315,"height":100,"caption":"Alimentari dal 1894"},"image":{"@id":"https:\/\/alimentariarrigoni.it\/de\/#\/schema\/logo\/image\/"},"sameAs":["https:\/\/www.facebook.com\/alimentariarrigoni\/","https:\/\/www.instagram.com\/alimentariarrigoni\/"]}]}},"_links":{"self":[{"href":"https:\/\/alimentariarrigoni.it\/de\/wp-json\/wp\/v2\/product\/9301","targetHints":{"allow":["GET"]}}],"collection":[{"href":"https:\/\/alimentariarrigoni.it\/de\/wp-json\/wp\/v2\/product"}],"about":[{"href":"https:\/\/alimentariarrigoni.it\/de\/wp-json\/wp\/v2\/types\/product"}],"wp:featuredmedia":[{"embeddable":true,"href":"https:\/\/alimentariarrigoni.it\/de\/wp-json\/wp\/v2\/media\/9302"}],"wp:attachment":[{"href":"https:\/\/alimentariarrigoni.it\/de\/wp-json\/wp\/v2\/media?parent=9301"}],"wp:term":[{"taxonomy":"product_brand","embeddable":true,"href":"https:\/\/alimentariarrigoni.it\/de\/wp-json\/wp\/v2\/product_brand?post=9301"},{"taxonomy":"product_cat","embeddable":true,"href":"https:\/\/alimentariarrigoni.it\/de\/wp-json\/wp\/v2\/product_cat?post=9301"},{"taxonomy":"product_tag","embeddable":true,"href":"https:\/\/alimentariarrigoni.it\/de\/wp-json\/wp\/v2\/product_tag?post=9301"}],"curies":[{"name":"wp","href":"https:\/\/api.w.org\/{rel}","templated":true}]}}