{"id":9118,"date":"2024-03-30T16:55:14","date_gmt":"2024-03-30T15:55:14","guid":{"rendered":"https:\/\/alimentariarrigoni.it\/?post_type=product&#038;p=9118"},"modified":"2025-12-09T18:25:40","modified_gmt":"2025-12-09T17:25:40","slug":"valtellina-superiore-inferno-docg-riter-2019","status":"publish","type":"product","link":"https:\/\/alimentariarrigoni.it\/de\/prodotto\/valtellina-superiore-inferno-docg-riter-2019\/","title":{"rendered":"Valtellina Superiore Inferno DOCG Riter 2019"},"content":{"rendered":"<div class=\"wpb-content-wrapper\"><p>[vc_row][vc_column width=&#8220;2\/6&#8243;][vc_column_text]<\/p>\n<h2 style=\"text-align: justify;\"><span style=\"font-size: 16px; font-family: georgia, palatino, serif;\"><strong>VALTELLINA INFERNO\u00a0<\/strong><\/span><\/h2>\n<p style=\"text-align: justify;\"><span style=\"font-family: georgia, palatino, serif; font-size: 16px;\">Inferno \u00e8 un nome che risuona a voce alta nella storia del vino valtellinese. Questa illustre sottozona di\u00a0<strong>55 ettari<\/strong>\u00a0si allunga da ovest verso est, appena lasciati alle spalle i vigneti del Grumello e la citt\u00e0 di Sondrio. L\u2019Inferno \u00e8 una zona pi\u00f9 compatta sul piano dell\u2019altimetria (tra i <strong>300 e i 500 metri<\/strong>), mentre ha significative differenze tra le vigne al suo interno. Il cuore storico della sottozona \u00e8 collocato al centro, caratterizzato da <strong>pendenze vertiginose<\/strong> con un\u2019<strong>esposizione in pieno sud<\/strong>. Appena sopra, in risposta all\u2019animo estremo del paesaggio dell\u2019Inferno, si trova il Paradiso, un anfratto di terra con pendenze lievi ed esposizione pi\u00f9 fresca. Pi\u00f9 a est c&#8217;\u00e8\u00a0la zona del\u00a0Calvario, mentre all\u2019opposto, ai confini con il Grumello, si trovano tracce argillose attorno ai Runsc.<\/span><\/p>\n<p>[\/vc_column_text][vc_empty_space][vc_single_image image=&#8220;9120&#8243; img_size=&#8220;LARGE&#8220;][vc_column_text]<\/p>\n<p style=\"text-align: justify;\"><span style=\"font-family: georgia, palatino, serif; font-size: 16px;\">L\u2019Inferno, insieme alla Sassella, <strong>d\u00e0 somme termiche mediamente pi\u00f9 alte<\/strong> rispetto alle altre sottozone del Valtellina Superiore. I vini di Inferno, rispetto alle altre sottozone, sono i pi\u00f9 strutturati e tannici.<\/span><\/p>\n<p>[\/vc_column_text][\/vc_column][vc_column width=&#8220;3\/6&#8243;][vc_single_image image=&#8220;9115&#8243; img_size=&#8220;FULL&#8220;][vc_empty_space height=&#8220;15 px&#8220;][vc_single_image image=&#8220;9121&#8243; img_size=&#8220;FULL&#8220; alignment=&#8220;center&#8220;][vc_empty_space height=&#8220;15 px&#8220;][vc_column_text]<\/p>\n<h3><span style=\"font-family: georgia, palatino, serif;\"><span style=\"font-size: 18px;\">RITER<\/span><\/span><\/h3>\n<p style=\"text-align: justify;\"><span style=\"font-family: georgia, palatino, serif; font-size: 16px;\">Riter \u00e8 il soprannome storico della famiglia Mottolini di <strong>Poggiridenti alto.<\/strong><\/span><\/p>\n<p style=\"text-align: justify;\"><span style=\"font-family: georgia, palatino, serif; font-size: 16px;\">Di origine contadina, ora impegnata anche in altri settori, grazie alla spinta di Emilio quartogenito, appassionato di vigne, vini e territorio e all\u2019impegno del figlio Ludovico, prende forma il progetto di tornare al \u201ccome si faceva\u201d con un occhio alla sostenibilit\u00e0 ambientale nelle scelte in vigna e in cantina. In certificazione BIOLOGICO dal 2018 coltivano le vigne di propriet\u00e0, in comune di Poggiridenti, nella sottozona DOCG Inferno.<\/span><\/p>\n<p style=\"text-align: justify;\"><span style=\"font-family: georgia, palatino, serif; font-size: 16px;\">Vigneti di nebbiolo chiavennasca ultra decennali, impiantati a rittocchino, che maturano nel mese di ottobre ad una quota media di <strong>450 mslm<\/strong> ,<\/span><\/p>\n<p style=\"text-align: justify;\"><span style=\"font-family: georgia, palatino, serif; font-size: 16px;\">Lavorazione classica con potatura a 9\/12 gemme, inerbimento e trattamenti da disciplinare biologico. Vinificazione tradizionale in <strong>acciaio<\/strong> con <strong>macerazioni<\/strong> mediamente di <strong>45 giorni<\/strong>, torchiature leggere, attenzione alle <strong>fasi lunari<\/strong> nelle lavorazioni in cantina , affinamenti in <strong>botti grandi<\/strong>.<\/span><\/p>\n<p>[\/vc_column_text][\/vc_column][\/vc_row]<\/p>\n<\/div>","protected":false},"excerpt":{"rendered":"<p>[vc_row][vc_column width=&#8220;2\/6&#8243;][vc_column_text] VALTELLINA INFERNO\u00a0 Inferno \u00e8 un nome che risuona a voce alta nella storia del vino valtellinese. Questa illustre sottozona di\u00a055 ettari\u00a0si allunga da ovest verso est, appena lasciati alle spalle i vigneti del Grumello e la citt\u00e0 di Sondrio. L\u2019Inferno \u00e8 una zona pi\u00f9 compatta sul piano dell\u2019altimetria (tra i 300 e i<\/p>\n<div class=\"klb-readmore\"><a href=\"https:\/\/alimentariarrigoni.it\/de\/prodotto\/valtellina-superiore-inferno-docg-riter-2019\/\" class=\"btn\">READ MORE<\/a><\/div>\n","protected":false},"featured_media":9119,"template":"","meta":[],"product_brand":[],"product_cat":[1394,1199,1198],"product_tag":[1396],"class_list":{"0":"post-9118","1":"product","2":"type-product","3":"status-publish","4":"has-post-thumbnail","6":"product_cat-nebbiolo-de","7":"product_cat-riter","8":"product_cat-valtellina-superiore-docg","9":"product_tag-botte-grande-de","10":"blog_entry clearfix","12":"first","13":"instock","14":"taxable","15":"shipping-taxable","16":"purchasable","17":"product-type-simple"},"yoast_head":"<!-- This site is optimized with the Yoast SEO Premium plugin v27.4 (Yoast SEO v27.4) - https:\/\/yoast.com\/product\/yoast-seo-premium-wordpress\/ -->\n<title>Valtellina Superiore Inferno DOCG Riter 2019<\/title>\n<meta name=\"description\" content=\"Valtellina Superiore Inferno DOCG Riter 2019\" \/>\n<meta name=\"robots\" content=\"index, follow, max-snippet:-1, max-image-preview:large, max-video-preview:-1\" \/>\n<link rel=\"canonical\" href=\"https:\/\/alimentariarrigoni.it\/de\/prodotto\/valtellina-superiore-inferno-docg-riter-2019\/\" \/>\n<meta property=\"og:locale\" content=\"de_DE\" \/>\n<meta property=\"og:type\" content=\"article\" \/>\n<meta property=\"og:title\" content=\"Valtellina Superiore Inferno DOCG Riter 2019\" \/>\n<meta property=\"og:description\" content=\"Valtellina Superiore Inferno DOCG Riter 2019\" \/>\n<meta property=\"og:url\" content=\"https:\/\/alimentariarrigoni.it\/de\/prodotto\/valtellina-superiore-inferno-docg-riter-2019\/\" \/>\n<meta property=\"og:site_name\" content=\"Alimentari Arrigoni\" \/>\n<meta property=\"article:publisher\" content=\"https:\/\/www.facebook.com\/alimentariarrigoni\/\" \/>\n<meta property=\"article:modified_time\" content=\"2025-12-09T17:25:40+00:00\" \/>\n<meta property=\"og:image\" content=\"https:\/\/alimentariarrigoni.it\/wp-content\/uploads\/2024\/03\/riter-valtellina-inferno.jpg\" \/>\n\t<meta property=\"og:image:width\" content=\"1050\" \/>\n\t<meta property=\"og:image:height\" content=\"1050\" \/>\n\t<meta property=\"og:image:type\" content=\"image\/jpeg\" \/>\n<meta name=\"twitter:card\" content=\"summary_large_image\" \/>\n<meta name=\"twitter:label1\" content=\"Gesch\u00e4tzte Lesezeit\" \/>\n\t<meta name=\"twitter:data1\" content=\"2\u00a0Minuten\" \/>\n<script type=\"application\/ld+json\" class=\"yoast-schema-graph\">{\"@context\":\"https:\\\/\\\/schema.org\",\"@graph\":[{\"@type\":\"WebPage\",\"@id\":\"https:\\\/\\\/alimentariarrigoni.it\\\/de\\\/prodotto\\\/valtellina-superiore-inferno-docg-riter-2019\\\/\",\"url\":\"https:\\\/\\\/alimentariarrigoni.it\\\/de\\\/prodotto\\\/valtellina-superiore-inferno-docg-riter-2019\\\/\",\"name\":\"Valtellina Superiore Inferno DOCG Riter 2019\",\"isPartOf\":{\"@id\":\"https:\\\/\\\/alimentariarrigoni.it\\\/de\\\/#website\"},\"primaryImageOfPage\":{\"@id\":\"https:\\\/\\\/alimentariarrigoni.it\\\/de\\\/prodotto\\\/valtellina-superiore-inferno-docg-riter-2019\\\/#primaryimage\"},\"image\":{\"@id\":\"https:\\\/\\\/alimentariarrigoni.it\\\/de\\\/prodotto\\\/valtellina-superiore-inferno-docg-riter-2019\\\/#primaryimage\"},\"thumbnailUrl\":\"https:\\\/\\\/alimentariarrigoni.it\\\/wp-content\\\/uploads\\\/2024\\\/03\\\/riter-valtellina-inferno.jpg\",\"datePublished\":\"2024-03-30T15:55:14+00:00\",\"dateModified\":\"2025-12-09T17:25:40+00:00\",\"description\":\"Valtellina Superiore Inferno DOCG Riter 2019\",\"breadcrumb\":{\"@id\":\"https:\\\/\\\/alimentariarrigoni.it\\\/de\\\/prodotto\\\/valtellina-superiore-inferno-docg-riter-2019\\\/#breadcrumb\"},\"inLanguage\":\"de\",\"potentialAction\":[{\"@type\":\"ReadAction\",\"target\":[\"https:\\\/\\\/alimentariarrigoni.it\\\/de\\\/prodotto\\\/valtellina-superiore-inferno-docg-riter-2019\\\/\"]}]},{\"@type\":\"ImageObject\",\"inLanguage\":\"de\",\"@id\":\"https:\\\/\\\/alimentariarrigoni.it\\\/de\\\/prodotto\\\/valtellina-superiore-inferno-docg-riter-2019\\\/#primaryimage\",\"url\":\"https:\\\/\\\/alimentariarrigoni.it\\\/wp-content\\\/uploads\\\/2024\\\/03\\\/riter-valtellina-inferno.jpg\",\"contentUrl\":\"https:\\\/\\\/alimentariarrigoni.it\\\/wp-content\\\/uploads\\\/2024\\\/03\\\/riter-valtellina-inferno.jpg\",\"width\":1050,\"height\":1050,\"caption\":\"riter-valtellina-inferno\"},{\"@type\":\"BreadcrumbList\",\"@id\":\"https:\\\/\\\/alimentariarrigoni.it\\\/de\\\/prodotto\\\/valtellina-superiore-inferno-docg-riter-2019\\\/#breadcrumb\",\"itemListElement\":[{\"@type\":\"ListItem\",\"position\":1,\"name\":\"Home\",\"item\":\"https:\\\/\\\/alimentariarrigoni.it\\\/de\\\/\"},{\"@type\":\"ListItem\",\"position\":2,\"name\":\"Shop\",\"item\":\"https:\\\/\\\/alimentariarrigoni.it\\\/de\\\/shop\\\/\"},{\"@type\":\"ListItem\",\"position\":3,\"name\":\"Valtellina Superiore Inferno DOCG Riter 2019\"}]},{\"@type\":\"WebSite\",\"@id\":\"https:\\\/\\\/alimentariarrigoni.it\\\/de\\\/#website\",\"url\":\"https:\\\/\\\/alimentariarrigoni.it\\\/de\\\/\",\"name\":\"Alimentari Arrigoni\",\"description\":\"\",\"publisher\":{\"@id\":\"https:\\\/\\\/alimentariarrigoni.it\\\/de\\\/#organization\"},\"potentialAction\":[{\"@type\":\"SearchAction\",\"target\":{\"@type\":\"EntryPoint\",\"urlTemplate\":\"https:\\\/\\\/alimentariarrigoni.it\\\/de\\\/?s={search_term_string}\"},\"query-input\":{\"@type\":\"PropertyValueSpecification\",\"valueRequired\":true,\"valueName\":\"search_term_string\"}}],\"inLanguage\":\"de\"},{\"@type\":\"Organization\",\"@id\":\"https:\\\/\\\/alimentariarrigoni.it\\\/de\\\/#organization\",\"name\":\"Alimentari dal 1894\",\"url\":\"https:\\\/\\\/alimentariarrigoni.it\\\/de\\\/\",\"logo\":{\"@type\":\"ImageObject\",\"inLanguage\":\"de\",\"@id\":\"https:\\\/\\\/alimentariarrigoni.it\\\/de\\\/#\\\/schema\\\/logo\\\/image\\\/\",\"url\":\"https:\\\/\\\/alimentariarrigoni.it\\\/wp-content\\\/uploads\\\/2022\\\/02\\\/logo-mail-mod.-comp.jpg\",\"contentUrl\":\"https:\\\/\\\/alimentariarrigoni.it\\\/wp-content\\\/uploads\\\/2022\\\/02\\\/logo-mail-mod.-comp.jpg\",\"width\":315,\"height\":100,\"caption\":\"Alimentari dal 1894\"},\"image\":{\"@id\":\"https:\\\/\\\/alimentariarrigoni.it\\\/de\\\/#\\\/schema\\\/logo\\\/image\\\/\"},\"sameAs\":[\"https:\\\/\\\/www.facebook.com\\\/alimentariarrigoni\\\/\",\"https:\\\/\\\/www.instagram.com\\\/alimentariarrigoni\\\/\"]}]}<\/script>\n<!-- \/ Yoast SEO Premium plugin. -->","yoast_head_json":{"title":"Valtellina Superiore Inferno DOCG Riter 2019","description":"Valtellina Superiore Inferno DOCG Riter 2019","robots":{"index":"index","follow":"follow","max-snippet":"max-snippet:-1","max-image-preview":"max-image-preview:large","max-video-preview":"max-video-preview:-1"},"canonical":"https:\/\/alimentariarrigoni.it\/de\/prodotto\/valtellina-superiore-inferno-docg-riter-2019\/","og_locale":"de_DE","og_type":"article","og_title":"Valtellina Superiore Inferno DOCG Riter 2019","og_description":"Valtellina Superiore Inferno DOCG Riter 2019","og_url":"https:\/\/alimentariarrigoni.it\/de\/prodotto\/valtellina-superiore-inferno-docg-riter-2019\/","og_site_name":"Alimentari Arrigoni","article_publisher":"https:\/\/www.facebook.com\/alimentariarrigoni\/","article_modified_time":"2025-12-09T17:25:40+00:00","og_image":[{"width":1050,"height":1050,"url":"https:\/\/alimentariarrigoni.it\/wp-content\/uploads\/2024\/03\/riter-valtellina-inferno.jpg","type":"image\/jpeg"}],"twitter_card":"summary_large_image","twitter_misc":{"Gesch\u00e4tzte Lesezeit":"2\u00a0Minuten"},"schema":{"@context":"https:\/\/schema.org","@graph":[{"@type":"WebPage","@id":"https:\/\/alimentariarrigoni.it\/de\/prodotto\/valtellina-superiore-inferno-docg-riter-2019\/","url":"https:\/\/alimentariarrigoni.it\/de\/prodotto\/valtellina-superiore-inferno-docg-riter-2019\/","name":"Valtellina Superiore Inferno DOCG Riter 2019","isPartOf":{"@id":"https:\/\/alimentariarrigoni.it\/de\/#website"},"primaryImageOfPage":{"@id":"https:\/\/alimentariarrigoni.it\/de\/prodotto\/valtellina-superiore-inferno-docg-riter-2019\/#primaryimage"},"image":{"@id":"https:\/\/alimentariarrigoni.it\/de\/prodotto\/valtellina-superiore-inferno-docg-riter-2019\/#primaryimage"},"thumbnailUrl":"https:\/\/alimentariarrigoni.it\/wp-content\/uploads\/2024\/03\/riter-valtellina-inferno.jpg","datePublished":"2024-03-30T15:55:14+00:00","dateModified":"2025-12-09T17:25:40+00:00","description":"Valtellina Superiore Inferno DOCG Riter 2019","breadcrumb":{"@id":"https:\/\/alimentariarrigoni.it\/de\/prodotto\/valtellina-superiore-inferno-docg-riter-2019\/#breadcrumb"},"inLanguage":"de","potentialAction":[{"@type":"ReadAction","target":["https:\/\/alimentariarrigoni.it\/de\/prodotto\/valtellina-superiore-inferno-docg-riter-2019\/"]}]},{"@type":"ImageObject","inLanguage":"de","@id":"https:\/\/alimentariarrigoni.it\/de\/prodotto\/valtellina-superiore-inferno-docg-riter-2019\/#primaryimage","url":"https:\/\/alimentariarrigoni.it\/wp-content\/uploads\/2024\/03\/riter-valtellina-inferno.jpg","contentUrl":"https:\/\/alimentariarrigoni.it\/wp-content\/uploads\/2024\/03\/riter-valtellina-inferno.jpg","width":1050,"height":1050,"caption":"riter-valtellina-inferno"},{"@type":"BreadcrumbList","@id":"https:\/\/alimentariarrigoni.it\/de\/prodotto\/valtellina-superiore-inferno-docg-riter-2019\/#breadcrumb","itemListElement":[{"@type":"ListItem","position":1,"name":"Home","item":"https:\/\/alimentariarrigoni.it\/de\/"},{"@type":"ListItem","position":2,"name":"Shop","item":"https:\/\/alimentariarrigoni.it\/de\/shop\/"},{"@type":"ListItem","position":3,"name":"Valtellina Superiore Inferno DOCG Riter 2019"}]},{"@type":"WebSite","@id":"https:\/\/alimentariarrigoni.it\/de\/#website","url":"https:\/\/alimentariarrigoni.it\/de\/","name":"Alimentari Arrigoni","description":"","publisher":{"@id":"https:\/\/alimentariarrigoni.it\/de\/#organization"},"potentialAction":[{"@type":"SearchAction","target":{"@type":"EntryPoint","urlTemplate":"https:\/\/alimentariarrigoni.it\/de\/?s={search_term_string}"},"query-input":{"@type":"PropertyValueSpecification","valueRequired":true,"valueName":"search_term_string"}}],"inLanguage":"de"},{"@type":"Organization","@id":"https:\/\/alimentariarrigoni.it\/de\/#organization","name":"Alimentari dal 1894","url":"https:\/\/alimentariarrigoni.it\/de\/","logo":{"@type":"ImageObject","inLanguage":"de","@id":"https:\/\/alimentariarrigoni.it\/de\/#\/schema\/logo\/image\/","url":"https:\/\/alimentariarrigoni.it\/wp-content\/uploads\/2022\/02\/logo-mail-mod.-comp.jpg","contentUrl":"https:\/\/alimentariarrigoni.it\/wp-content\/uploads\/2022\/02\/logo-mail-mod.-comp.jpg","width":315,"height":100,"caption":"Alimentari dal 1894"},"image":{"@id":"https:\/\/alimentariarrigoni.it\/de\/#\/schema\/logo\/image\/"},"sameAs":["https:\/\/www.facebook.com\/alimentariarrigoni\/","https:\/\/www.instagram.com\/alimentariarrigoni\/"]}]}},"_links":{"self":[{"href":"https:\/\/alimentariarrigoni.it\/de\/wp-json\/wp\/v2\/product\/9118","targetHints":{"allow":["GET"]}}],"collection":[{"href":"https:\/\/alimentariarrigoni.it\/de\/wp-json\/wp\/v2\/product"}],"about":[{"href":"https:\/\/alimentariarrigoni.it\/de\/wp-json\/wp\/v2\/types\/product"}],"wp:featuredmedia":[{"embeddable":true,"href":"https:\/\/alimentariarrigoni.it\/de\/wp-json\/wp\/v2\/media\/9119"}],"wp:attachment":[{"href":"https:\/\/alimentariarrigoni.it\/de\/wp-json\/wp\/v2\/media?parent=9118"}],"wp:term":[{"taxonomy":"product_brand","embeddable":true,"href":"https:\/\/alimentariarrigoni.it\/de\/wp-json\/wp\/v2\/product_brand?post=9118"},{"taxonomy":"product_cat","embeddable":true,"href":"https:\/\/alimentariarrigoni.it\/de\/wp-json\/wp\/v2\/product_cat?post=9118"},{"taxonomy":"product_tag","embeddable":true,"href":"https:\/\/alimentariarrigoni.it\/de\/wp-json\/wp\/v2\/product_tag?post=9118"}],"curies":[{"name":"wp","href":"https:\/\/api.w.org\/{rel}","templated":true}]}}