{"id":9116,"date":"2024-03-30T16:40:26","date_gmt":"2024-03-30T15:40:26","guid":{"rendered":"https:\/\/alimentariarrigoni.it\/?post_type=product&#038;p=9116"},"modified":"2025-08-18T19:12:42","modified_gmt":"2025-08-18T17:12:42","slug":"valtellina-superiore-grumello-docg-agrilu-2020","status":"publish","type":"product","link":"https:\/\/alimentariarrigoni.it\/de\/prodotto\/valtellina-superiore-grumello-docg-agrilu-2020\/","title":{"rendered":"Valtellina Superiore Grumello DOCG Agrilu 2020"},"content":{"rendered":"<div class=\"wpb-content-wrapper\"><p>[vc_row][vc_column width=&#8220;2\/6&#8243;][vc_column_text]<\/p>\n<h2 style=\"text-align: justify;\"><span style=\"font-size: 16px; font-family: georgia, palatino, serif;\"><strong>VALTELLINA GRUMELLO\u00a0<\/strong><\/span><\/h2>\n<p style=\"text-align: justify;\"><span style=\"font-family: georgia, palatino, serif; font-size: 16px;\">Alzando lo sguardo dalla citt\u00e0 di <strong>Sondrio, in direzione nord<\/strong>, si pu\u00f2 cogliere tutta l\u2019essenza di questa storica sottozona, un cuore compatto e al tempo stesso articolato, per un totale di\u00a0<strong>circa 80 ettari<\/strong>. Il Grumello ha come punto di riferimento geografico e culturale il suo <strong>castello<\/strong>, da cui prendono strada due settori. Appena sotto, scivolando verso il capoluogo, \u00e8 presente un importante nucleo vitato caratterizzato da terrazzi rocciosi e molto impervi. Si trovano le zone Ca\u2019 Rossa, Ca\u2019 Bianca, Sant\u2019Antonio. Sopra al castello, la sottozona \u00e8 pi\u00f9\u00a0\u201clineare\u201d, all\u2019interno del quale si trova l\u2019area dei Dossi Salati e delle Prudenze.<\/span><\/p>\n<p>[\/vc_column_text][vc_empty_space][vc_single_image image=&#8220;9117&#8243; img_size=&#8220;FULL&#8220; alignment=&#8220;center&#8220;][vc_empty_space][vc_column_text]<\/p>\n<p style=\"text-align: justify;\"><span style=\"font-family: georgia, palatino, serif; font-size: 16px;\">Anche nel Grumello la variabilit\u00e0 altimetrica, estesa tra i <strong>350 e i 600 metri<\/strong>, \u00e8 un fattore chiave di esaltazione delle differenze. I vini di Grumello, rispetto alle altre sottozone, evidenziano notevole <strong>morbidezza e longevit\u00e0<\/strong>.<\/span><\/p>\n<p>[\/vc_column_text][\/vc_column][vc_column width=&#8220;3\/6&#8243;][vc_single_image image=&#8220;9115&#8243; img_size=&#8220;FULL&#8220;][vc_empty_space height=&#8220;15 px&#8220;][vc_column_text]<\/p>\n<h3><span style=\"font-family: georgia, palatino, serif;\"><span style=\"font-size: 18px;\">AGRILU<\/span><\/span><\/h3>\n<p style=\"text-align: justify;\"><span style=\"font-family: georgia, palatino, serif; font-size: 16px;\">Esperienza che nasce in media valle nelle vigne di Maroggia, poi trasportata alla zona del Grumello, nei vigneti di famiglia .<\/span><\/p>\n<p style=\"text-align: justify;\"><span style=\"font-family: georgia, palatino, serif; font-size: 16px;\">Vinificatori di prima generazion , hanno aderito al progetto cantina 1881 gestendo anche un agriturismo al Pian Di Spagna, lago di Como.<\/span><\/p>\n<p style=\"text-align: justify;\"><span style=\"font-family: georgia, palatino, serif; font-size: 16px;\">Vigneti ultradecennali, in forte pendenza, coltivati in agricoltura convenzionale danno raccolti che poi vengono gestiti in cantina con i metodi tradizionali, vinificazione in acciaio e grandi botti di rovere. Peculiarit\u00e0 \u00e8 quella di sposare il progetto di rispetto anche mediante lotta integrata delle avversit\u00e0, quindi di incidere il meno possibile sui suoli vinificando con metodi tradizionali e di attesa. Il territorio si esprime nei vini prodotti, con le varie sfumature che gli areali possono cedere, quindi vini armonici in Maroggia e di forte carattere in Grumello .<\/span><\/p>\n<p>[\/vc_column_text][\/vc_column][\/vc_row]<\/p>\n<\/div>","protected":false},"excerpt":{"rendered":"<p class=\"p1\"><span style=\"font-family: georgia, palatino, serif; font-size: 16px;\">Rosa e di violetta con sfumature di piante balsamiche. Prepotenti la fragola selvatica con ribes e lampone. Belle le note minerali di pietra che si percepiscono. In bocca dirompe la freschezza dei frutti rossi.<\/span><\/p>\n","protected":false},"featured_media":9150,"template":"","meta":[],"product_brand":[],"product_cat":[1197,838,1198],"product_tag":[657],"class_list":{"0":"post-9116","1":"product","2":"type-product","3":"status-publish","4":"has-post-thumbnail","6":"product_cat-agrilu","7":"product_cat-nebbiolo","8":"product_cat-valtellina-superiore-docg","9":"product_tag-botte-grande","10":"blog_entry clearfix","12":"first","13":"instock","14":"taxable","15":"shipping-taxable","16":"purchasable","17":"product-type-simple"},"yoast_head":"<!-- This site is optimized with the Yoast SEO Premium plugin v27.4 (Yoast SEO v27.4) - https:\/\/yoast.com\/product\/yoast-seo-premium-wordpress\/ -->\n<title>Valtellina Superiore Grumello DOCG Agrilu 2020<\/title>\n<meta name=\"description\" content=\"Valtellina Superiore Grumello DOCG Agrilu 2020. Rosa e di violetta con sfumature di piante balsamiche. Prepotenti la fragola selvatica con ribes e lampone. Belle le note minerali di pietra che si percepiscono. In bocca dirompe la freschezza dei frutti rossi.\" \/>\n<meta name=\"robots\" content=\"index, follow, max-snippet:-1, max-image-preview:large, max-video-preview:-1\" \/>\n<link rel=\"canonical\" href=\"https:\/\/alimentariarrigoni.it\/de\/prodotto\/valtellina-superiore-grumello-docg-agrilu-2020\/\" \/>\n<meta property=\"og:locale\" content=\"de_DE\" \/>\n<meta property=\"og:type\" content=\"article\" \/>\n<meta property=\"og:title\" content=\"Valtellina Superiore Grumello DOCG Agrilu 2020\" \/>\n<meta property=\"og:description\" content=\"Valtellina Superiore Grumello DOCG Agrilu 2020. Rosa e di violetta con sfumature di piante balsamiche. Prepotenti la fragola selvatica con ribes e lampone. Belle le note minerali di pietra che si percepiscono. In bocca dirompe la freschezza dei frutti rossi.\" \/>\n<meta property=\"og:url\" content=\"https:\/\/alimentariarrigoni.it\/de\/prodotto\/valtellina-superiore-grumello-docg-agrilu-2020\/\" \/>\n<meta property=\"og:site_name\" content=\"Alimentari Arrigoni\" \/>\n<meta property=\"article:publisher\" content=\"https:\/\/www.facebook.com\/alimentariarrigoni\/\" \/>\n<meta property=\"article:modified_time\" content=\"2025-08-18T17:12:42+00:00\" \/>\n<meta property=\"og:image\" content=\"https:\/\/alimentariarrigoni.it\/wp-content\/uploads\/2024\/03\/grumello-streggia.jpg\" \/>\n\t<meta property=\"og:image:width\" content=\"1050\" \/>\n\t<meta property=\"og:image:height\" content=\"1050\" \/>\n\t<meta property=\"og:image:type\" content=\"image\/jpeg\" \/>\n<meta name=\"twitter:card\" content=\"summary_large_image\" \/>\n<meta name=\"twitter:label1\" content=\"Gesch\u00e4tzte Lesezeit\" \/>\n\t<meta name=\"twitter:data1\" content=\"2\u00a0Minuten\" \/>\n<script type=\"application\/ld+json\" class=\"yoast-schema-graph\">{\"@context\":\"https:\\\/\\\/schema.org\",\"@graph\":[{\"@type\":\"WebPage\",\"@id\":\"https:\\\/\\\/alimentariarrigoni.it\\\/de\\\/prodotto\\\/valtellina-superiore-grumello-docg-agrilu-2020\\\/\",\"url\":\"https:\\\/\\\/alimentariarrigoni.it\\\/de\\\/prodotto\\\/valtellina-superiore-grumello-docg-agrilu-2020\\\/\",\"name\":\"Valtellina Superiore Grumello DOCG Agrilu 2020\",\"isPartOf\":{\"@id\":\"https:\\\/\\\/alimentariarrigoni.it\\\/de\\\/#website\"},\"primaryImageOfPage\":{\"@id\":\"https:\\\/\\\/alimentariarrigoni.it\\\/de\\\/prodotto\\\/valtellina-superiore-grumello-docg-agrilu-2020\\\/#primaryimage\"},\"image\":{\"@id\":\"https:\\\/\\\/alimentariarrigoni.it\\\/de\\\/prodotto\\\/valtellina-superiore-grumello-docg-agrilu-2020\\\/#primaryimage\"},\"thumbnailUrl\":\"https:\\\/\\\/alimentariarrigoni.it\\\/wp-content\\\/uploads\\\/2024\\\/03\\\/grumello-streggia.jpg\",\"datePublished\":\"2024-03-30T15:40:26+00:00\",\"dateModified\":\"2025-08-18T17:12:42+00:00\",\"description\":\"Valtellina Superiore Grumello DOCG Agrilu 2020. Rosa e di violetta con sfumature di piante balsamiche. Prepotenti la fragola selvatica con ribes e lampone. Belle le note minerali di pietra che si percepiscono. In bocca dirompe la freschezza dei frutti rossi.\",\"breadcrumb\":{\"@id\":\"https:\\\/\\\/alimentariarrigoni.it\\\/de\\\/prodotto\\\/valtellina-superiore-grumello-docg-agrilu-2020\\\/#breadcrumb\"},\"inLanguage\":\"de\",\"potentialAction\":[{\"@type\":\"ReadAction\",\"target\":[\"https:\\\/\\\/alimentariarrigoni.it\\\/de\\\/prodotto\\\/valtellina-superiore-grumello-docg-agrilu-2020\\\/\"]}]},{\"@type\":\"ImageObject\",\"inLanguage\":\"de\",\"@id\":\"https:\\\/\\\/alimentariarrigoni.it\\\/de\\\/prodotto\\\/valtellina-superiore-grumello-docg-agrilu-2020\\\/#primaryimage\",\"url\":\"https:\\\/\\\/alimentariarrigoni.it\\\/wp-content\\\/uploads\\\/2024\\\/03\\\/grumello-streggia.jpg\",\"contentUrl\":\"https:\\\/\\\/alimentariarrigoni.it\\\/wp-content\\\/uploads\\\/2024\\\/03\\\/grumello-streggia.jpg\",\"width\":1050,\"height\":1050},{\"@type\":\"BreadcrumbList\",\"@id\":\"https:\\\/\\\/alimentariarrigoni.it\\\/de\\\/prodotto\\\/valtellina-superiore-grumello-docg-agrilu-2020\\\/#breadcrumb\",\"itemListElement\":[{\"@type\":\"ListItem\",\"position\":1,\"name\":\"Home\",\"item\":\"https:\\\/\\\/alimentariarrigoni.it\\\/de\\\/\"},{\"@type\":\"ListItem\",\"position\":2,\"name\":\"Shop\",\"item\":\"https:\\\/\\\/alimentariarrigoni.it\\\/de\\\/shop\\\/\"},{\"@type\":\"ListItem\",\"position\":3,\"name\":\"Valtellina Superiore Grumello DOCG Agrilu 2020\"}]},{\"@type\":\"WebSite\",\"@id\":\"https:\\\/\\\/alimentariarrigoni.it\\\/de\\\/#website\",\"url\":\"https:\\\/\\\/alimentariarrigoni.it\\\/de\\\/\",\"name\":\"Alimentari Arrigoni\",\"description\":\"\",\"publisher\":{\"@id\":\"https:\\\/\\\/alimentariarrigoni.it\\\/de\\\/#organization\"},\"potentialAction\":[{\"@type\":\"SearchAction\",\"target\":{\"@type\":\"EntryPoint\",\"urlTemplate\":\"https:\\\/\\\/alimentariarrigoni.it\\\/de\\\/?s={search_term_string}\"},\"query-input\":{\"@type\":\"PropertyValueSpecification\",\"valueRequired\":true,\"valueName\":\"search_term_string\"}}],\"inLanguage\":\"de\"},{\"@type\":\"Organization\",\"@id\":\"https:\\\/\\\/alimentariarrigoni.it\\\/de\\\/#organization\",\"name\":\"Alimentari dal 1894\",\"url\":\"https:\\\/\\\/alimentariarrigoni.it\\\/de\\\/\",\"logo\":{\"@type\":\"ImageObject\",\"inLanguage\":\"de\",\"@id\":\"https:\\\/\\\/alimentariarrigoni.it\\\/de\\\/#\\\/schema\\\/logo\\\/image\\\/\",\"url\":\"https:\\\/\\\/alimentariarrigoni.it\\\/wp-content\\\/uploads\\\/2022\\\/02\\\/logo-mail-mod.-comp.jpg\",\"contentUrl\":\"https:\\\/\\\/alimentariarrigoni.it\\\/wp-content\\\/uploads\\\/2022\\\/02\\\/logo-mail-mod.-comp.jpg\",\"width\":315,\"height\":100,\"caption\":\"Alimentari dal 1894\"},\"image\":{\"@id\":\"https:\\\/\\\/alimentariarrigoni.it\\\/de\\\/#\\\/schema\\\/logo\\\/image\\\/\"},\"sameAs\":[\"https:\\\/\\\/www.facebook.com\\\/alimentariarrigoni\\\/\",\"https:\\\/\\\/www.instagram.com\\\/alimentariarrigoni\\\/\"]}]}<\/script>\n<!-- \/ Yoast SEO Premium plugin. -->","yoast_head_json":{"title":"Valtellina Superiore Grumello DOCG Agrilu 2020","description":"Valtellina Superiore Grumello DOCG Agrilu 2020. Rosa e di violetta con sfumature di piante balsamiche. Prepotenti la fragola selvatica con ribes e lampone. Belle le note minerali di pietra che si percepiscono. In bocca dirompe la freschezza dei frutti rossi.","robots":{"index":"index","follow":"follow","max-snippet":"max-snippet:-1","max-image-preview":"max-image-preview:large","max-video-preview":"max-video-preview:-1"},"canonical":"https:\/\/alimentariarrigoni.it\/de\/prodotto\/valtellina-superiore-grumello-docg-agrilu-2020\/","og_locale":"de_DE","og_type":"article","og_title":"Valtellina Superiore Grumello DOCG Agrilu 2020","og_description":"Valtellina Superiore Grumello DOCG Agrilu 2020. Rosa e di violetta con sfumature di piante balsamiche. Prepotenti la fragola selvatica con ribes e lampone. Belle le note minerali di pietra che si percepiscono. In bocca dirompe la freschezza dei frutti rossi.","og_url":"https:\/\/alimentariarrigoni.it\/de\/prodotto\/valtellina-superiore-grumello-docg-agrilu-2020\/","og_site_name":"Alimentari Arrigoni","article_publisher":"https:\/\/www.facebook.com\/alimentariarrigoni\/","article_modified_time":"2025-08-18T17:12:42+00:00","og_image":[{"width":1050,"height":1050,"url":"https:\/\/alimentariarrigoni.it\/wp-content\/uploads\/2024\/03\/grumello-streggia.jpg","type":"image\/jpeg"}],"twitter_card":"summary_large_image","twitter_misc":{"Gesch\u00e4tzte Lesezeit":"2\u00a0Minuten"},"schema":{"@context":"https:\/\/schema.org","@graph":[{"@type":"WebPage","@id":"https:\/\/alimentariarrigoni.it\/de\/prodotto\/valtellina-superiore-grumello-docg-agrilu-2020\/","url":"https:\/\/alimentariarrigoni.it\/de\/prodotto\/valtellina-superiore-grumello-docg-agrilu-2020\/","name":"Valtellina Superiore Grumello DOCG Agrilu 2020","isPartOf":{"@id":"https:\/\/alimentariarrigoni.it\/de\/#website"},"primaryImageOfPage":{"@id":"https:\/\/alimentariarrigoni.it\/de\/prodotto\/valtellina-superiore-grumello-docg-agrilu-2020\/#primaryimage"},"image":{"@id":"https:\/\/alimentariarrigoni.it\/de\/prodotto\/valtellina-superiore-grumello-docg-agrilu-2020\/#primaryimage"},"thumbnailUrl":"https:\/\/alimentariarrigoni.it\/wp-content\/uploads\/2024\/03\/grumello-streggia.jpg","datePublished":"2024-03-30T15:40:26+00:00","dateModified":"2025-08-18T17:12:42+00:00","description":"Valtellina Superiore Grumello DOCG Agrilu 2020. Rosa e di violetta con sfumature di piante balsamiche. Prepotenti la fragola selvatica con ribes e lampone. Belle le note minerali di pietra che si percepiscono. In bocca dirompe la freschezza dei frutti rossi.","breadcrumb":{"@id":"https:\/\/alimentariarrigoni.it\/de\/prodotto\/valtellina-superiore-grumello-docg-agrilu-2020\/#breadcrumb"},"inLanguage":"de","potentialAction":[{"@type":"ReadAction","target":["https:\/\/alimentariarrigoni.it\/de\/prodotto\/valtellina-superiore-grumello-docg-agrilu-2020\/"]}]},{"@type":"ImageObject","inLanguage":"de","@id":"https:\/\/alimentariarrigoni.it\/de\/prodotto\/valtellina-superiore-grumello-docg-agrilu-2020\/#primaryimage","url":"https:\/\/alimentariarrigoni.it\/wp-content\/uploads\/2024\/03\/grumello-streggia.jpg","contentUrl":"https:\/\/alimentariarrigoni.it\/wp-content\/uploads\/2024\/03\/grumello-streggia.jpg","width":1050,"height":1050},{"@type":"BreadcrumbList","@id":"https:\/\/alimentariarrigoni.it\/de\/prodotto\/valtellina-superiore-grumello-docg-agrilu-2020\/#breadcrumb","itemListElement":[{"@type":"ListItem","position":1,"name":"Home","item":"https:\/\/alimentariarrigoni.it\/de\/"},{"@type":"ListItem","position":2,"name":"Shop","item":"https:\/\/alimentariarrigoni.it\/de\/shop\/"},{"@type":"ListItem","position":3,"name":"Valtellina Superiore Grumello DOCG Agrilu 2020"}]},{"@type":"WebSite","@id":"https:\/\/alimentariarrigoni.it\/de\/#website","url":"https:\/\/alimentariarrigoni.it\/de\/","name":"Alimentari Arrigoni","description":"","publisher":{"@id":"https:\/\/alimentariarrigoni.it\/de\/#organization"},"potentialAction":[{"@type":"SearchAction","target":{"@type":"EntryPoint","urlTemplate":"https:\/\/alimentariarrigoni.it\/de\/?s={search_term_string}"},"query-input":{"@type":"PropertyValueSpecification","valueRequired":true,"valueName":"search_term_string"}}],"inLanguage":"de"},{"@type":"Organization","@id":"https:\/\/alimentariarrigoni.it\/de\/#organization","name":"Alimentari dal 1894","url":"https:\/\/alimentariarrigoni.it\/de\/","logo":{"@type":"ImageObject","inLanguage":"de","@id":"https:\/\/alimentariarrigoni.it\/de\/#\/schema\/logo\/image\/","url":"https:\/\/alimentariarrigoni.it\/wp-content\/uploads\/2022\/02\/logo-mail-mod.-comp.jpg","contentUrl":"https:\/\/alimentariarrigoni.it\/wp-content\/uploads\/2022\/02\/logo-mail-mod.-comp.jpg","width":315,"height":100,"caption":"Alimentari dal 1894"},"image":{"@id":"https:\/\/alimentariarrigoni.it\/de\/#\/schema\/logo\/image\/"},"sameAs":["https:\/\/www.facebook.com\/alimentariarrigoni\/","https:\/\/www.instagram.com\/alimentariarrigoni\/"]}]}},"_links":{"self":[{"href":"https:\/\/alimentariarrigoni.it\/de\/wp-json\/wp\/v2\/product\/9116","targetHints":{"allow":["GET"]}}],"collection":[{"href":"https:\/\/alimentariarrigoni.it\/de\/wp-json\/wp\/v2\/product"}],"about":[{"href":"https:\/\/alimentariarrigoni.it\/de\/wp-json\/wp\/v2\/types\/product"}],"wp:featuredmedia":[{"embeddable":true,"href":"https:\/\/alimentariarrigoni.it\/de\/wp-json\/wp\/v2\/media\/9150"}],"wp:attachment":[{"href":"https:\/\/alimentariarrigoni.it\/de\/wp-json\/wp\/v2\/media?parent=9116"}],"wp:term":[{"taxonomy":"product_brand","embeddable":true,"href":"https:\/\/alimentariarrigoni.it\/de\/wp-json\/wp\/v2\/product_brand?post=9116"},{"taxonomy":"product_cat","embeddable":true,"href":"https:\/\/alimentariarrigoni.it\/de\/wp-json\/wp\/v2\/product_cat?post=9116"},{"taxonomy":"product_tag","embeddable":true,"href":"https:\/\/alimentariarrigoni.it\/de\/wp-json\/wp\/v2\/product_tag?post=9116"}],"curies":[{"name":"wp","href":"https:\/\/api.w.org\/{rel}","templated":true}]}}