{"id":8923,"date":"2024-01-30T16:53:37","date_gmt":"2024-01-30T15:53:37","guid":{"rendered":"https:\/\/alimentariarrigoni.it\/?post_type=product&#038;p=8923"},"modified":"2025-12-16T20:59:20","modified_gmt":"2025-12-16T19:59:20","slug":"dom-cabanon-spumante-brut-magnum-fattoria-cabanon","status":"publish","type":"product","link":"https:\/\/alimentariarrigoni.it\/de\/prodotto\/dom-cabanon-spumante-brut-magnum-fattoria-cabanon\/","title":{"rendered":"Dom Cabanon Spumante Brut MAGNUM Fattoria Cabanon 2022"},"content":{"rendered":"<div class=\"wpb-content-wrapper\"><p>[vc_row][vc_column width=&#8220;5\/12&#8243;][vc_column_text]<\/p>\n<h2 style=\"text-align: justify;\"><span style=\"font-size: 18px; font-family: georgia, palatino, serif;\"><strong>GODIASCO SALICE TERME<\/strong><\/span><\/h2>\n<p style=\"text-align: justify;\"><span style=\"font-size: 16px; font-family: georgia, palatino, serif;\"><em>Elena Mercandelli racconta:\u00a0\u00a0\u201cQuando mio padre inizi\u00f2, l\u2019Oltrep\u00f2 Pavese non era per nulla rappresentato nella nostra zona (Godiasco e dintorni) e venivamo spesso derisi da coloro che rappresentavano il classico Oltrep\u00f2. Consideravano, la nostra, una collina troppo impervia e scarna; forse non sono mai esistiti veri motivi per denigrare, ma per il solo fatto che non c\u2019era mai stato nulla e che il cuore dell\u2019Oltrep\u00f2 si trovava dalla parte opposta. Pap\u00e0 ebbe anche l\u2019intuito del \u201cbio\u201d molti anni prima che la Comunit\u00e0 europea ne stilasse il decalogo e la Legge costitutiva; vivere in modo sano, senza inquinare e mangiando e bevendo cose genuine. Io ero una bambina quando pap\u00e0 inizi\u00f2; insieme a lui ed alle sue idee ed ai suoi sogni sono cresciuta. Lo capivo pap\u00e0. Da lui ho imparato (fermo restando che moltissimo ancora devo imparare e che mai si pu\u00f2 finire di farlo)le basi del nostro lavoro ed i principi essenziali e tante sfumature&#8220;.<\/em><\/span><\/p>\n<p>[\/vc_column_text][vc_empty_space][vc_single_image image=&#8220;827&#8243; img_size=&#8220;large&#8220;][vc_empty_space][vc_column_text]<\/p>\n<p style=\"text-align: justify;\"><span style=\"font-family: georgia, palatino, serif; font-size: 16px;\">Godiasco \u00e8 dislocato geograficamente come <strong>\u201c<i>terra di confine<\/i>\u201d<\/strong> con il Piemonte. Ha caratteristiche geologiche con suoli <strong>argilosi-calcarei, scheletrici e ben drenanti<\/strong> e caratteristiche climatiche\u00a0 sensibilmente differenti dal resto della virtuale patria\u00a0 dell\u2019Oltrep\u00f2 Pavese, e sono proprio esse, principalmente, a donare\u00a0 distinzione e unicit\u00e0 ai\u00a0 vini di Fattoria Cabanon.\u00a0<\/span><\/p>\n<p style=\"text-align: justify;\"><span style=\"font-family: georgia, palatino, serif; font-size: 16px;\">I vigneti di Cabanon sono tutti vecchi, di almeno 40 anni e producono poco, ma di elevata qualit\u00e0. Le rese per ettaro sono molto basse al di sotto dei <strong>45 quintali<\/strong> per ettaro e rese ancora minori in vino, ben al di sotto di quelle previste dal disciplinare di produzione dell&#8217;Oltrepo Pavese DOC\u00a0 che consente anche oltre 100 quintali per ettaro.\u00a0 Fattoria Cabanon ha deciso di uscire dalle DOC dell&#8217;Oltrepo Pavese e di utilizzare la generica <a href=\"https:\/\/alimentariarrigoni.it\/prodotto\/boisee-la-piccola-principessa-fattoria-cabanon-2016\/\">Provincia di Pavia IGT<\/a> o addirittura <a href=\"https:\/\/alimentariarrigoni.it\/prodotto\/cuoredivino-la-botte-18-fattoria-cabanon-2018\/\">Vino da Tavola<\/a> perch\u00e8 non condivideva pi\u00f9 le scelte e le direttive del Consorzio di Tutela.\u00a0<\/span><\/p>\n<p>[\/vc_column_text][\/vc_column][vc_column width=&#8220;3\/6&#8243;][vc_column_text]<\/p>\n<h1 style=\"text-align: justify;\"><span style=\"font-size: 18px; font-family: georgia, palatino, serif;\"><strong>DESCRIZIONE DOM CABANON SPUMANTE BRUT MAGNUM FATTORIA CABANON 2022<\/strong><\/span><\/h1>\n<p class=\"p1\" style=\"text-align: justify;\"><span style=\"font-family: georgia, palatino, serif; font-size: 16px;\">Spumante metodo ancestrale ottenuto da uve <b>Chardonnay, <a href=\"https:\/\/alimentariarrigoni.it\/prodotto\/il-cavaliere-selvaggio-sauvignon-blanc-fattoria-cabanon\/\">Sauvignon Blanc<\/a> e <a href=\"https:\/\/alimentariarrigoni.it\/prodotto\/cavaliere-grigio-pinot-grigio-fattoria-cabanon\/\">Pinot Grigio<\/a><\/b> raccolte a completa maturazione\u00a0e consegnate integre in cantina per essere vinificato senza aggiunta di zucchero,\u00a0lieviti o altri additivi.<\/span><\/p>\n<p class=\"p1\" style=\"text-align: justify;\"><span style=\"font-family: georgia, palatino, serif; font-size: 16px;\">Dopo un lungo periodo di lenta rifermentazione in bottiglia, lo proponiamo integro, sui lieviti naturali che con il loro intimo contatto ne migliorano le caratteristiche qualitative e la conservazione.\u00a0<\/span><\/p>\n<p class=\"p1\" style=\"text-align: justify;\"><span style=\"font-family: georgia, palatino, serif; font-size: 16px;\">L\u2019Abate <span class=\"s1\">Dom Perignon<\/span> bevve cos\u00ec la prima bottiglia di champagne, senza sboccatura, come Vi offriamo di fare nel pi\u00f9 naturale e autentico modo di degustare un vino spumante.\u00a0<\/span><\/p>\n<p>[\/vc_column_text][vc_empty_space][vc_single_image image=&#8220;7570&#8243; img_size=&#8220;full&#8220;][vc_empty_space][vc_column_text]<\/p>\n<h3 style=\"text-align: justify;\"><a href=\"https:\/\/alimentariarrigoni.it\/fattoria-cabanon\/\"><span style=\"font-family: georgia, palatino, serif; font-size: 18px;\"><strong>FATTORIA CABANON\u00a0<\/strong><\/span><\/a><\/h3>\n<p style=\"text-align: justify;\"><span style=\"font-family: georgia, palatino, serif; font-size: 16px;\">L\u2019azienda vanta da sempre una tradizione di agricoltura biologica, in anticipo di decenni. Il rispetto per l\u2019ambiente e la ricerca di una vita il pi\u00f9 sana possibile \u00e8 la base di tutte le iniziative aziendali; Cabanon produce vini e distillati nel pi\u00f9 assoluto rispetto della natura e della salute dei consumatori.<\/span><\/p>\n<p style=\"text-align: justify;\"><span style=\"font-family: georgia, palatino, serif; font-size: 16px;\">Un\u2019azienda agricola a conduzione familiare che, pur non trascurando le pi\u00f9 moderne tecniche enologiche, coltiva e vinifica uve nell\u2019assoluto rispetto della pi\u00f9 antica tradizione rurale, arricchendo i prodotti di autentici umori e sapori di nostranit\u00e0 e tipicit\u00e0, classici della produzione artigianale.<\/span><\/p>\n<p style=\"text-align: justify;\"><span style=\"font-family: georgia, palatino, serif; font-size: 16px;\">La tradizione vitivinicola di Cabanon \u00e8 attiva sin dal 1909. Fu per\u00f2 Giovanni Mercandelli, padre dell\u2019attuale proprietaria Elena, ad avere l\u2019intuito di creare su quei terreni una attivit\u00e0 vitivinicola imprenditoriale e fu lui a crearla quasi dal nulla, sul finire degli anni \u201960. Ebbe l\u2019intuito di impiantare vitigni innovativi e del tutto estranei al classico territorio Oltrep\u00f2, (quali Cabernet, Sauvignon Blanc, Syrah ed altri ancora, quasi innominabili!) ed ebbe sempre uno sguardo attento verso la Francia.<\/span><\/p>\n<p>[\/vc_column_text][\/vc_column][\/vc_row]<\/p>\n<\/div>","protected":false},"excerpt":{"rendered":"<p class=\"p1\"><span style=\"font-family: georgia, palatino, serif; font-size: 16px;\"><strong>Tipologia<\/strong>: vino spumante di qualit\u00e0, metodo tradizionale, sui lieviti<\/span><br \/>\n<span style=\"font-family: georgia, palatino, serif; font-size: 16px;\"><strong>Bottiglie<\/strong>: 5000<\/span><br \/>\n<span style=\"font-family: georgia, palatino, serif; font-size: 16px;\"><strong>Alcol<\/strong>: 14 % vol.<\/span><br \/>\n<span style=\"font-family: georgia, palatino, serif; font-size: 16px;\"><strong>Vitigni<\/strong>: chardonnay, sauvignon blanc, pinot grigio<\/span><br \/>\n<span style=\"font-family: georgia, palatino, serif; font-size: 16px;\"><strong>Resa\/ha<\/strong>:\u00a045 q.li<\/span><br \/>\n<span style=\"font-family: georgia, palatino, serif; font-size: 16px;\"><strong>Allevamento<\/strong>: guyot e cordone speronato<\/span><br \/>\n<span style=\"font-family: georgia, palatino, serif; font-size: 16px;\"><strong>Vigneto<\/strong>: viti di oltre 40 anni su suolo argilloso- calcareo e scheletrico, ben ventilato<\/span><br \/>\n<span style=\"font-family: georgia, palatino, serif; font-size: 16px;\"><strong>Vinificazione<\/strong>: spumante sans ann\u00e8 assemblaggio di pi\u00f9 annata, fermentazione alcolica in acciaio,\u00a0 seconda Fermentazione in bottiglia senza aggiunta di lieviti e senza sboccatura.\u00a0<\/span><br \/>\n<span style=\"font-family: georgia, palatino, serif; font-size: 16px;\"><strong>Affinamento<\/strong>: in bottiglia sui propri lieviti\u00a0<\/span><br \/>\n<span style=\"font-family: georgia, palatino, serif; font-size: 16px;\"><strong>Servizio<\/strong>: eventualmente metterlo in posizione verticale qualche ora prima del servizio oppure decantarlo per separarlo dal naturale sedimento. servire a 7-8 \u00b0c.<\/span><\/p>\n","protected":false},"featured_media":8934,"template":"","meta":[],"product_brand":[],"product_cat":[846,885,521,854,852,663],"product_tag":[535,282,434,671,530,610,435],"class_list":{"0":"post-8923","1":"product","2":"type-product","3":"status-publish","4":"has-post-thumbnail","6":"product_cat-chardonnay-spumanti","7":"product_cat-fattoria-cabanon","8":"product_cat-vini-della-lombardia","9":"product_cat-pinot-grigio-spumanti","10":"product_cat-sauvignon-blanc-spumanti","11":"product_cat-spumanti","12":"product_tag-ancestrale","13":"product_tag-cabanon","14":"product_tag-domcabanon","15":"product_tag-fattoria-cabanon","16":"product_tag-fattoriacabanon","17":"product_tag-spumanti","18":"product_tag-surlie","19":"blog_entry clearfix","21":"first","22":"instock","23":"taxable","24":"shipping-taxable","25":"product-type-simple"},"yoast_head":"<!-- This site is optimized with the Yoast SEO Premium plugin v27.4 (Yoast SEO v27.4) - https:\/\/yoast.com\/product\/yoast-seo-premium-wordpress\/ -->\n<title>Dom Cabanon Spumante Brut MAGNUM Fattoria Cabanon<\/title>\n<meta name=\"description\" content=\"Dom Cabanon Spumante Brut MAGNUM Fattoria Cabanon , uve raccolte a piena maturazione. Senza aggiunta di zucchero, lieviti o additivi\" \/>\n<meta name=\"robots\" content=\"index, follow, max-snippet:-1, max-image-preview:large, max-video-preview:-1\" \/>\n<link rel=\"canonical\" href=\"https:\/\/alimentariarrigoni.it\/de\/prodotto\/dom-cabanon-spumante-brut-magnum-fattoria-cabanon\/\" \/>\n<meta property=\"og:locale\" content=\"de_DE\" \/>\n<meta property=\"og:type\" content=\"article\" \/>\n<meta property=\"og:title\" content=\"Dom Cabanon Spumante Brut MAGNUM Fattoria Cabanon 2022\" \/>\n<meta property=\"og:description\" content=\"Dom Cabanon Spumante Brut MAGNUM Fattoria Cabanon , uve raccolte a piena maturazione. Senza aggiunta di zucchero, lieviti o additivi\" \/>\n<meta property=\"og:url\" content=\"https:\/\/alimentariarrigoni.it\/de\/prodotto\/dom-cabanon-spumante-brut-magnum-fattoria-cabanon\/\" \/>\n<meta property=\"og:site_name\" content=\"Alimentari Arrigoni\" \/>\n<meta property=\"article:publisher\" content=\"https:\/\/www.facebook.com\/alimentariarrigoni\/\" \/>\n<meta property=\"article:modified_time\" content=\"2025-12-16T19:59:20+00:00\" \/>\n<meta property=\"og:image\" content=\"https:\/\/alimentariarrigoni.it\/wp-content\/uploads\/2024\/01\/dom-cabanon-magnum.jpg\" \/>\n\t<meta property=\"og:image:width\" content=\"1050\" \/>\n\t<meta property=\"og:image:height\" content=\"1050\" \/>\n\t<meta property=\"og:image:type\" content=\"image\/jpeg\" \/>\n<meta name=\"twitter:card\" content=\"summary_large_image\" \/>\n<meta name=\"twitter:label1\" content=\"Gesch\u00e4tzte Lesezeit\" \/>\n\t<meta name=\"twitter:data1\" content=\"4\u00a0Minuten\" \/>\n<script type=\"application\/ld+json\" class=\"yoast-schema-graph\">{\"@context\":\"https:\\\/\\\/schema.org\",\"@graph\":[{\"@type\":\"WebPage\",\"@id\":\"https:\\\/\\\/alimentariarrigoni.it\\\/de\\\/prodotto\\\/dom-cabanon-spumante-brut-magnum-fattoria-cabanon\\\/\",\"url\":\"https:\\\/\\\/alimentariarrigoni.it\\\/de\\\/prodotto\\\/dom-cabanon-spumante-brut-magnum-fattoria-cabanon\\\/\",\"name\":\"Dom Cabanon Spumante Brut MAGNUM Fattoria Cabanon\",\"isPartOf\":{\"@id\":\"https:\\\/\\\/alimentariarrigoni.it\\\/de\\\/#website\"},\"primaryImageOfPage\":{\"@id\":\"https:\\\/\\\/alimentariarrigoni.it\\\/de\\\/prodotto\\\/dom-cabanon-spumante-brut-magnum-fattoria-cabanon\\\/#primaryimage\"},\"image\":{\"@id\":\"https:\\\/\\\/alimentariarrigoni.it\\\/de\\\/prodotto\\\/dom-cabanon-spumante-brut-magnum-fattoria-cabanon\\\/#primaryimage\"},\"thumbnailUrl\":\"https:\\\/\\\/alimentariarrigoni.it\\\/wp-content\\\/uploads\\\/2024\\\/01\\\/dom-cabanon-magnum.jpg\",\"datePublished\":\"2024-01-30T15:53:37+00:00\",\"dateModified\":\"2025-12-16T19:59:20+00:00\",\"description\":\"Dom Cabanon Spumante Brut MAGNUM Fattoria Cabanon , uve raccolte a piena maturazione. Senza aggiunta di zucchero, lieviti o additivi\",\"breadcrumb\":{\"@id\":\"https:\\\/\\\/alimentariarrigoni.it\\\/de\\\/prodotto\\\/dom-cabanon-spumante-brut-magnum-fattoria-cabanon\\\/#breadcrumb\"},\"inLanguage\":\"de\",\"potentialAction\":[{\"@type\":\"ReadAction\",\"target\":[\"https:\\\/\\\/alimentariarrigoni.it\\\/de\\\/prodotto\\\/dom-cabanon-spumante-brut-magnum-fattoria-cabanon\\\/\"]}]},{\"@type\":\"ImageObject\",\"inLanguage\":\"de\",\"@id\":\"https:\\\/\\\/alimentariarrigoni.it\\\/de\\\/prodotto\\\/dom-cabanon-spumante-brut-magnum-fattoria-cabanon\\\/#primaryimage\",\"url\":\"https:\\\/\\\/alimentariarrigoni.it\\\/wp-content\\\/uploads\\\/2024\\\/01\\\/dom-cabanon-magnum.jpg\",\"contentUrl\":\"https:\\\/\\\/alimentariarrigoni.it\\\/wp-content\\\/uploads\\\/2024\\\/01\\\/dom-cabanon-magnum.jpg\",\"width\":1050,\"height\":1050},{\"@type\":\"BreadcrumbList\",\"@id\":\"https:\\\/\\\/alimentariarrigoni.it\\\/de\\\/prodotto\\\/dom-cabanon-spumante-brut-magnum-fattoria-cabanon\\\/#breadcrumb\",\"itemListElement\":[{\"@type\":\"ListItem\",\"position\":1,\"name\":\"Home\",\"item\":\"https:\\\/\\\/alimentariarrigoni.it\\\/de\\\/\"},{\"@type\":\"ListItem\",\"position\":2,\"name\":\"Shop\",\"item\":\"https:\\\/\\\/alimentariarrigoni.it\\\/de\\\/shop\\\/\"},{\"@type\":\"ListItem\",\"position\":3,\"name\":\"Dom Cabanon Spumante Brut MAGNUM Fattoria Cabanon 2022\"}]},{\"@type\":\"WebSite\",\"@id\":\"https:\\\/\\\/alimentariarrigoni.it\\\/de\\\/#website\",\"url\":\"https:\\\/\\\/alimentariarrigoni.it\\\/de\\\/\",\"name\":\"Alimentari Arrigoni\",\"description\":\"\",\"publisher\":{\"@id\":\"https:\\\/\\\/alimentariarrigoni.it\\\/de\\\/#organization\"},\"potentialAction\":[{\"@type\":\"SearchAction\",\"target\":{\"@type\":\"EntryPoint\",\"urlTemplate\":\"https:\\\/\\\/alimentariarrigoni.it\\\/de\\\/?s={search_term_string}\"},\"query-input\":{\"@type\":\"PropertyValueSpecification\",\"valueRequired\":true,\"valueName\":\"search_term_string\"}}],\"inLanguage\":\"de\"},{\"@type\":\"Organization\",\"@id\":\"https:\\\/\\\/alimentariarrigoni.it\\\/de\\\/#organization\",\"name\":\"Alimentari dal 1894\",\"url\":\"https:\\\/\\\/alimentariarrigoni.it\\\/de\\\/\",\"logo\":{\"@type\":\"ImageObject\",\"inLanguage\":\"de\",\"@id\":\"https:\\\/\\\/alimentariarrigoni.it\\\/de\\\/#\\\/schema\\\/logo\\\/image\\\/\",\"url\":\"https:\\\/\\\/alimentariarrigoni.it\\\/wp-content\\\/uploads\\\/2022\\\/02\\\/logo-mail-mod.-comp.jpg\",\"contentUrl\":\"https:\\\/\\\/alimentariarrigoni.it\\\/wp-content\\\/uploads\\\/2022\\\/02\\\/logo-mail-mod.-comp.jpg\",\"width\":315,\"height\":100,\"caption\":\"Alimentari dal 1894\"},\"image\":{\"@id\":\"https:\\\/\\\/alimentariarrigoni.it\\\/de\\\/#\\\/schema\\\/logo\\\/image\\\/\"},\"sameAs\":[\"https:\\\/\\\/www.facebook.com\\\/alimentariarrigoni\\\/\",\"https:\\\/\\\/www.instagram.com\\\/alimentariarrigoni\\\/\"]}]}<\/script>\n<!-- \/ Yoast SEO Premium plugin. -->","yoast_head_json":{"title":"Dom Cabanon Spumante Brut MAGNUM Fattoria Cabanon","description":"Dom Cabanon Spumante Brut MAGNUM Fattoria Cabanon , uve raccolte a piena maturazione. Senza aggiunta di zucchero, lieviti o additivi","robots":{"index":"index","follow":"follow","max-snippet":"max-snippet:-1","max-image-preview":"max-image-preview:large","max-video-preview":"max-video-preview:-1"},"canonical":"https:\/\/alimentariarrigoni.it\/de\/prodotto\/dom-cabanon-spumante-brut-magnum-fattoria-cabanon\/","og_locale":"de_DE","og_type":"article","og_title":"Dom Cabanon Spumante Brut MAGNUM Fattoria Cabanon 2022","og_description":"Dom Cabanon Spumante Brut MAGNUM Fattoria Cabanon , uve raccolte a piena maturazione. Senza aggiunta di zucchero, lieviti o additivi","og_url":"https:\/\/alimentariarrigoni.it\/de\/prodotto\/dom-cabanon-spumante-brut-magnum-fattoria-cabanon\/","og_site_name":"Alimentari Arrigoni","article_publisher":"https:\/\/www.facebook.com\/alimentariarrigoni\/","article_modified_time":"2025-12-16T19:59:20+00:00","og_image":[{"width":1050,"height":1050,"url":"https:\/\/alimentariarrigoni.it\/wp-content\/uploads\/2024\/01\/dom-cabanon-magnum.jpg","type":"image\/jpeg"}],"twitter_card":"summary_large_image","twitter_misc":{"Gesch\u00e4tzte Lesezeit":"4\u00a0Minuten"},"schema":{"@context":"https:\/\/schema.org","@graph":[{"@type":"WebPage","@id":"https:\/\/alimentariarrigoni.it\/de\/prodotto\/dom-cabanon-spumante-brut-magnum-fattoria-cabanon\/","url":"https:\/\/alimentariarrigoni.it\/de\/prodotto\/dom-cabanon-spumante-brut-magnum-fattoria-cabanon\/","name":"Dom Cabanon Spumante Brut MAGNUM Fattoria Cabanon","isPartOf":{"@id":"https:\/\/alimentariarrigoni.it\/de\/#website"},"primaryImageOfPage":{"@id":"https:\/\/alimentariarrigoni.it\/de\/prodotto\/dom-cabanon-spumante-brut-magnum-fattoria-cabanon\/#primaryimage"},"image":{"@id":"https:\/\/alimentariarrigoni.it\/de\/prodotto\/dom-cabanon-spumante-brut-magnum-fattoria-cabanon\/#primaryimage"},"thumbnailUrl":"https:\/\/alimentariarrigoni.it\/wp-content\/uploads\/2024\/01\/dom-cabanon-magnum.jpg","datePublished":"2024-01-30T15:53:37+00:00","dateModified":"2025-12-16T19:59:20+00:00","description":"Dom Cabanon Spumante Brut MAGNUM Fattoria Cabanon , uve raccolte a piena maturazione. Senza aggiunta di zucchero, lieviti o additivi","breadcrumb":{"@id":"https:\/\/alimentariarrigoni.it\/de\/prodotto\/dom-cabanon-spumante-brut-magnum-fattoria-cabanon\/#breadcrumb"},"inLanguage":"de","potentialAction":[{"@type":"ReadAction","target":["https:\/\/alimentariarrigoni.it\/de\/prodotto\/dom-cabanon-spumante-brut-magnum-fattoria-cabanon\/"]}]},{"@type":"ImageObject","inLanguage":"de","@id":"https:\/\/alimentariarrigoni.it\/de\/prodotto\/dom-cabanon-spumante-brut-magnum-fattoria-cabanon\/#primaryimage","url":"https:\/\/alimentariarrigoni.it\/wp-content\/uploads\/2024\/01\/dom-cabanon-magnum.jpg","contentUrl":"https:\/\/alimentariarrigoni.it\/wp-content\/uploads\/2024\/01\/dom-cabanon-magnum.jpg","width":1050,"height":1050},{"@type":"BreadcrumbList","@id":"https:\/\/alimentariarrigoni.it\/de\/prodotto\/dom-cabanon-spumante-brut-magnum-fattoria-cabanon\/#breadcrumb","itemListElement":[{"@type":"ListItem","position":1,"name":"Home","item":"https:\/\/alimentariarrigoni.it\/de\/"},{"@type":"ListItem","position":2,"name":"Shop","item":"https:\/\/alimentariarrigoni.it\/de\/shop\/"},{"@type":"ListItem","position":3,"name":"Dom Cabanon Spumante Brut MAGNUM Fattoria Cabanon 2022"}]},{"@type":"WebSite","@id":"https:\/\/alimentariarrigoni.it\/de\/#website","url":"https:\/\/alimentariarrigoni.it\/de\/","name":"Alimentari Arrigoni","description":"","publisher":{"@id":"https:\/\/alimentariarrigoni.it\/de\/#organization"},"potentialAction":[{"@type":"SearchAction","target":{"@type":"EntryPoint","urlTemplate":"https:\/\/alimentariarrigoni.it\/de\/?s={search_term_string}"},"query-input":{"@type":"PropertyValueSpecification","valueRequired":true,"valueName":"search_term_string"}}],"inLanguage":"de"},{"@type":"Organization","@id":"https:\/\/alimentariarrigoni.it\/de\/#organization","name":"Alimentari dal 1894","url":"https:\/\/alimentariarrigoni.it\/de\/","logo":{"@type":"ImageObject","inLanguage":"de","@id":"https:\/\/alimentariarrigoni.it\/de\/#\/schema\/logo\/image\/","url":"https:\/\/alimentariarrigoni.it\/wp-content\/uploads\/2022\/02\/logo-mail-mod.-comp.jpg","contentUrl":"https:\/\/alimentariarrigoni.it\/wp-content\/uploads\/2022\/02\/logo-mail-mod.-comp.jpg","width":315,"height":100,"caption":"Alimentari dal 1894"},"image":{"@id":"https:\/\/alimentariarrigoni.it\/de\/#\/schema\/logo\/image\/"},"sameAs":["https:\/\/www.facebook.com\/alimentariarrigoni\/","https:\/\/www.instagram.com\/alimentariarrigoni\/"]}]}},"_links":{"self":[{"href":"https:\/\/alimentariarrigoni.it\/de\/wp-json\/wp\/v2\/product\/8923","targetHints":{"allow":["GET"]}}],"collection":[{"href":"https:\/\/alimentariarrigoni.it\/de\/wp-json\/wp\/v2\/product"}],"about":[{"href":"https:\/\/alimentariarrigoni.it\/de\/wp-json\/wp\/v2\/types\/product"}],"wp:featuredmedia":[{"embeddable":true,"href":"https:\/\/alimentariarrigoni.it\/de\/wp-json\/wp\/v2\/media\/8934"}],"wp:attachment":[{"href":"https:\/\/alimentariarrigoni.it\/de\/wp-json\/wp\/v2\/media?parent=8923"}],"wp:term":[{"taxonomy":"product_brand","embeddable":true,"href":"https:\/\/alimentariarrigoni.it\/de\/wp-json\/wp\/v2\/product_brand?post=8923"},{"taxonomy":"product_cat","embeddable":true,"href":"https:\/\/alimentariarrigoni.it\/de\/wp-json\/wp\/v2\/product_cat?post=8923"},{"taxonomy":"product_tag","embeddable":true,"href":"https:\/\/alimentariarrigoni.it\/de\/wp-json\/wp\/v2\/product_tag?post=8923"}],"curies":[{"name":"wp","href":"https:\/\/api.w.org\/{rel}","templated":true}]}}