{"id":8740,"date":"2023-11-25T20:07:40","date_gmt":"2023-11-25T19:07:40","guid":{"rendered":"https:\/\/alimentariarrigoni.it\/?post_type=product&#038;p=8740"},"modified":"2025-10-25T11:28:37","modified_gmt":"2025-10-25T09:28:37","slug":"boscoriccio-rocca-di-castagnoli-2021","status":"publish","type":"product","link":"https:\/\/alimentariarrigoni.it\/de\/prodotto\/boscoriccio-rocca-di-castagnoli-2021\/","title":{"rendered":"Boscoriccio Rocca di Castagnoli 2021"},"content":{"rendered":"<div class=\"wpb-content-wrapper\"><p>[vc_row][vc_column width=&#8220;2\/5&#8243;][vc_empty_space][vc_single_image image=&#8220;7054&#8243; img_size=&#8220;large&#8220;][vc_column_text]<\/p>\n<h2 style=\"text-align: justify;\"><span style=\"font-size: 18px; font-family: georgia, palatino, serif;\"><strong>GAIOLE IN CHIANTI\u00a0<\/strong><\/span><\/h2>\n<p style=\"text-align: justify;\"><span style=\"font-family: georgia, palatino, serif; font-size: 16px;\">I vigneti di Rocca di Castagnoli sono nella zona centrale di <strong>Gaiole in Chianti<\/strong> dove si uniscono tutti i diversi tipi di terreno del Chianti Classico. Troviamo suoli su scaglia toscana (<strong>galestro<\/strong>) con marne e calcari, suoli sabbiosi non calcarei su arenaria (<strong>macigno<\/strong>) e suoli argilloso-calcarei su calcari e argilliti (<strong>alberese<\/strong>). Questa variet\u00e0 di suoli \u00e8 la condizione necessaria per avere grandi vini in cui possono essere presenti tutte le migliori qualit\u00e0 che ogni diversa conformazione geologia apporta.\u00a0<\/span><\/p>\n<p>[\/vc_column_text][vc_empty_space][vc_video link=&#8220;https:\/\/www.youtube.com\/watch?v=qKcArr1Kj28&amp;t=1535s&#8220;][vc_empty_space][vc_single_image image=&#8220;7053&#8243; img_size=&#8220;large&#8220;][\/vc_column][vc_column width=&#8220;3\/6&#8243;][vc_column_text]<\/p>\n<h1 style=\"text-align: justify;\"><span style=\"font-size: 18px; font-family: georgia, palatino, serif;\"><strong>CASTAGNOLI<\/strong><\/span><\/h1>\n<p style=\"text-align: justify;\"><span style=\"font-family: georgia, palatino, serif; font-size: 18px;\">Le uve da cui trae origine questo vino sono prodotte da tutti gli appezzamenti di propriet\u00e0, 72 ettari siti intorno alla Rocca medievale e il borgo da cui ha origine il nome dell\u2019azienda.<\/span><\/p>\n<p style=\"text-align: justify;\"><span style=\"font-family: georgia, palatino, serif; font-size: 18px;\"><strong>DESCRIZIONE<\/strong><\/span><\/p>\n<p style=\"text-align: justify;\"><span style=\"font-family: georgia, palatino, serif; font-size: 18px;\">BoscoRiccio nasce come una dedica al nostro territorio, il bosco rappresenta ci\u00f2 che ci circonda e con cui viviamo in simbiosi da secoli, il Riccio invece \u00e8 un chiaro riferimento al Castagno da cui la nostra azienda prende il nome. Nasce cos\u00ec BoscoRiccio un vino pensato per essere un inno alla convivialit\u00e0, al buon bere e alla gioia di stare insieme in maniera spensierata e divertente. Abbiamo voluto produrre un vino fresco, giovanile, colorato e conviviale. Un vino &#8222;easy&#8220; e spensierato, perch\u00e8 non appesantito dalla troppa retorica che spesso circonda il mondo del vino, ha un anima un p\u00f2 Funk e un p\u00f2 Rock. L&#8217;abbiamo prodotto con ci\u00f2 che ci piace.<\/span><\/p>\n<p>[\/vc_column_text][vc_empty_space][vc_single_image image=&#8220;7055&#8243; img_size=&#8220;LARGE&#8220;][vc_empty_space][vc_column_text]<\/p>\n<h3 style=\"text-align: justify;\"><a href=\"https:\/\/alimentariarrigoni.it\/rocca-di-castagnoli\/\"><span style=\"font-family: georgia, palatino, serif; font-size: 18px;\"><strong>ROCCA DI CASTAGNOLI<\/strong><\/span><\/a><\/h3>\n<div class=\"page\" title=\"Page 6\">\n<div class=\"section\">\n<div class=\"layoutArea\">\n<div class=\"column\">\n<p style=\"text-align: justify;\"><span style=\"font-family: georgia, palatino, serif; font-size: 16px;\">Rocca di Castagnoli e\u0300 un\u2019antica fortezza Medievale da cui ha avuto origine la frazione di Castagnoli. Questo luogo e\u0300 stato storicamente posseduto da numerose famiglie con blasone nobiliare, e tra queste i Tempi (il cui stemma rappresenta ancora l\u2019azienda) e i Ricasoli.<\/span><\/p>\n<p style=\"text-align: justify;\"><span style=\"font-family: georgia, palatino, serif; font-size: 16px;\">L\u2019azienda agricola vinicola, presente gia\u0300 dal 1700, e\u0300 sempre stata il centro economico del borgo e si e\u0300 sempre distinta per la grande qualita\u0300 produttiva come testimonia anche la visita, nel 1773, del Granduca Pietro Leopoldo che lodo\u0300 l\u2019ottima gestione, l\u2019innovazione e la manutenzione con cui venivano condotti i terreni.<\/span><\/p>\n<p style=\"text-align: justify;\"><span style=\"font-family: georgia, palatino, serif; font-size: 16px;\">Nel 1924 Rocca di Castagnoli entra a far parte delle aziende agricole che danno vita al <strong>Consorzio del Vino del Chianti Classico.<\/strong><\/span><\/p>\n<p style=\"text-align: justify;\"><span style=\"font-family: georgia, palatino, serif; font-size: 16px;\">Le cantine della rocca medioevale sono state adibite all\u2019invecchiamento in legno, la barricaia, costituita dai migliori legni di rovere francese, mirati all\u2019ottenimento di vini di grande personalita\u0300, eleganza, complessita\u0300 ed equilibrio da gustare nel tempo.<\/span><\/p>\n<\/div>\n<\/div>\n<\/div>\n<\/div>\n<p>[\/vc_column_text][\/vc_column][\/vc_row]<\/p>\n<\/div>","protected":false},"excerpt":{"rendered":"<p>[vc_row][vc_column width=&#8220;2\/5&#8243;][vc_empty_space][vc_single_image image=&#8220;7054&#8243; img_size=&#8220;large&#8220;][vc_column_text] GAIOLE IN CHIANTI\u00a0 I vigneti di Rocca di Castagnoli sono nella zona centrale di Gaiole in Chianti dove si uniscono tutti i diversi tipi di terreno del Chianti Classico. Troviamo suoli su scaglia toscana (galestro) con marne e calcari, suoli sabbiosi non calcarei su arenaria (macigno) e suoli argilloso-calcarei su calcari<\/p>\n<div class=\"klb-readmore\"><a href=\"https:\/\/alimentariarrigoni.it\/de\/prodotto\/boscoriccio-rocca-di-castagnoli-2021\/\" class=\"btn\">READ MORE<\/a><\/div>\n","protected":false},"featured_media":8655,"template":"","meta":[],"product_brand":[],"product_cat":[1097,1096,897,875],"product_tag":[681,536],"class_list":{"0":"post-8740","1":"product","2":"type-product","3":"status-publish","4":"has-post-thumbnail","6":"product_cat-cabernet-franc","7":"product_cat-petit-verdot","8":"product_cat-rocca-di-castagnoli","9":"product_cat-toscana-igt","10":"product_tag-barrique","11":"product_tag-tonneau","12":"blog_entry clearfix","14":"first","15":"instock","16":"taxable","17":"shipping-taxable","18":"purchasable","19":"product-type-simple"},"yoast_head":"<!-- This site is optimized with the Yoast SEO Premium plugin v27.3 (Yoast SEO v27.4) - https:\/\/yoast.com\/product\/yoast-seo-premium-wordpress\/ -->\n<title>Boscoriccio Rocca di Castagnoli 2021<\/title>\n<meta name=\"description\" content=\"Boscoriccio Rocca di Castagnoli 2021\" \/>\n<meta name=\"robots\" content=\"index, follow, max-snippet:-1, max-image-preview:large, max-video-preview:-1\" \/>\n<link rel=\"canonical\" href=\"https:\/\/alimentariarrigoni.it\/de\/prodotto\/boscoriccio-rocca-di-castagnoli-2021\/\" \/>\n<meta property=\"og:locale\" content=\"de_DE\" \/>\n<meta property=\"og:type\" content=\"article\" \/>\n<meta property=\"og:title\" content=\"Boscoriccio Rocca di Castagnoli 2021\" \/>\n<meta property=\"og:description\" content=\"Boscoriccio Rocca di Castagnoli 2021\" \/>\n<meta property=\"og:url\" content=\"https:\/\/alimentariarrigoni.it\/de\/prodotto\/boscoriccio-rocca-di-castagnoli-2021\/\" \/>\n<meta property=\"og:site_name\" content=\"Alimentari Arrigoni\" \/>\n<meta property=\"article:publisher\" content=\"https:\/\/www.facebook.com\/alimentariarrigoni\/\" \/>\n<meta property=\"article:modified_time\" content=\"2025-10-25T09:28:37+00:00\" \/>\n<meta property=\"og:image\" content=\"https:\/\/alimentariarrigoni.it\/wp-content\/uploads\/2023\/11\/boscoriccio-rocca-castagnoli.jpg\" \/>\n\t<meta property=\"og:image:width\" content=\"1050\" \/>\n\t<meta property=\"og:image:height\" content=\"1050\" \/>\n\t<meta property=\"og:image:type\" content=\"image\/jpeg\" \/>\n<meta name=\"twitter:card\" content=\"summary_large_image\" \/>\n<meta name=\"twitter:label1\" content=\"Gesch\u00e4tzte Lesezeit\" \/>\n\t<meta name=\"twitter:data1\" content=\"3\u00a0Minuten\" \/>\n<script type=\"application\/ld+json\" class=\"yoast-schema-graph\">{\"@context\":\"https:\\\/\\\/schema.org\",\"@graph\":[{\"@type\":\"WebPage\",\"@id\":\"https:\\\/\\\/alimentariarrigoni.it\\\/de\\\/prodotto\\\/boscoriccio-rocca-di-castagnoli-2021\\\/\",\"url\":\"https:\\\/\\\/alimentariarrigoni.it\\\/de\\\/prodotto\\\/boscoriccio-rocca-di-castagnoli-2021\\\/\",\"name\":\"Boscoriccio Rocca di Castagnoli 2021\",\"isPartOf\":{\"@id\":\"https:\\\/\\\/alimentariarrigoni.it\\\/de\\\/#website\"},\"primaryImageOfPage\":{\"@id\":\"https:\\\/\\\/alimentariarrigoni.it\\\/de\\\/prodotto\\\/boscoriccio-rocca-di-castagnoli-2021\\\/#primaryimage\"},\"image\":{\"@id\":\"https:\\\/\\\/alimentariarrigoni.it\\\/de\\\/prodotto\\\/boscoriccio-rocca-di-castagnoli-2021\\\/#primaryimage\"},\"thumbnailUrl\":\"https:\\\/\\\/alimentariarrigoni.it\\\/wp-content\\\/uploads\\\/2023\\\/11\\\/boscoriccio-rocca-castagnoli.jpg\",\"datePublished\":\"2023-11-25T19:07:40+00:00\",\"dateModified\":\"2025-10-25T09:28:37+00:00\",\"description\":\"Boscoriccio Rocca di Castagnoli 2021\",\"breadcrumb\":{\"@id\":\"https:\\\/\\\/alimentariarrigoni.it\\\/de\\\/prodotto\\\/boscoriccio-rocca-di-castagnoli-2021\\\/#breadcrumb\"},\"inLanguage\":\"de\",\"potentialAction\":[{\"@type\":\"ReadAction\",\"target\":[\"https:\\\/\\\/alimentariarrigoni.it\\\/de\\\/prodotto\\\/boscoriccio-rocca-di-castagnoli-2021\\\/\"]}]},{\"@type\":\"ImageObject\",\"inLanguage\":\"de\",\"@id\":\"https:\\\/\\\/alimentariarrigoni.it\\\/de\\\/prodotto\\\/boscoriccio-rocca-di-castagnoli-2021\\\/#primaryimage\",\"url\":\"https:\\\/\\\/alimentariarrigoni.it\\\/wp-content\\\/uploads\\\/2023\\\/11\\\/boscoriccio-rocca-castagnoli.jpg\",\"contentUrl\":\"https:\\\/\\\/alimentariarrigoni.it\\\/wp-content\\\/uploads\\\/2023\\\/11\\\/boscoriccio-rocca-castagnoli.jpg\",\"width\":1050,\"height\":1050,\"caption\":\"boscoriccio-rocca-castagnoli\"},{\"@type\":\"BreadcrumbList\",\"@id\":\"https:\\\/\\\/alimentariarrigoni.it\\\/de\\\/prodotto\\\/boscoriccio-rocca-di-castagnoli-2021\\\/#breadcrumb\",\"itemListElement\":[{\"@type\":\"ListItem\",\"position\":1,\"name\":\"Home\",\"item\":\"https:\\\/\\\/alimentariarrigoni.it\\\/de\\\/\"},{\"@type\":\"ListItem\",\"position\":2,\"name\":\"Shop\",\"item\":\"https:\\\/\\\/alimentariarrigoni.it\\\/de\\\/shop\\\/\"},{\"@type\":\"ListItem\",\"position\":3,\"name\":\"Boscoriccio Rocca di Castagnoli 2021\"}]},{\"@type\":\"WebSite\",\"@id\":\"https:\\\/\\\/alimentariarrigoni.it\\\/de\\\/#website\",\"url\":\"https:\\\/\\\/alimentariarrigoni.it\\\/de\\\/\",\"name\":\"Alimentari Arrigoni\",\"description\":\"\",\"publisher\":{\"@id\":\"https:\\\/\\\/alimentariarrigoni.it\\\/de\\\/#organization\"},\"potentialAction\":[{\"@type\":\"SearchAction\",\"target\":{\"@type\":\"EntryPoint\",\"urlTemplate\":\"https:\\\/\\\/alimentariarrigoni.it\\\/de\\\/?s={search_term_string}\"},\"query-input\":{\"@type\":\"PropertyValueSpecification\",\"valueRequired\":true,\"valueName\":\"search_term_string\"}}],\"inLanguage\":\"de\"},{\"@type\":\"Organization\",\"@id\":\"https:\\\/\\\/alimentariarrigoni.it\\\/de\\\/#organization\",\"name\":\"Alimentari dal 1894\",\"url\":\"https:\\\/\\\/alimentariarrigoni.it\\\/de\\\/\",\"logo\":{\"@type\":\"ImageObject\",\"inLanguage\":\"de\",\"@id\":\"https:\\\/\\\/alimentariarrigoni.it\\\/de\\\/#\\\/schema\\\/logo\\\/image\\\/\",\"url\":\"https:\\\/\\\/alimentariarrigoni.it\\\/wp-content\\\/uploads\\\/2022\\\/02\\\/logo-mail-mod.-comp.jpg\",\"contentUrl\":\"https:\\\/\\\/alimentariarrigoni.it\\\/wp-content\\\/uploads\\\/2022\\\/02\\\/logo-mail-mod.-comp.jpg\",\"width\":315,\"height\":100,\"caption\":\"Alimentari dal 1894\"},\"image\":{\"@id\":\"https:\\\/\\\/alimentariarrigoni.it\\\/de\\\/#\\\/schema\\\/logo\\\/image\\\/\"},\"sameAs\":[\"https:\\\/\\\/www.facebook.com\\\/alimentariarrigoni\\\/\",\"https:\\\/\\\/www.instagram.com\\\/alimentariarrigoni\\\/\"]}]}<\/script>\n<!-- \/ Yoast SEO Premium plugin. -->","yoast_head_json":{"title":"Boscoriccio Rocca di Castagnoli 2021","description":"Boscoriccio Rocca di Castagnoli 2021","robots":{"index":"index","follow":"follow","max-snippet":"max-snippet:-1","max-image-preview":"max-image-preview:large","max-video-preview":"max-video-preview:-1"},"canonical":"https:\/\/alimentariarrigoni.it\/de\/prodotto\/boscoriccio-rocca-di-castagnoli-2021\/","og_locale":"de_DE","og_type":"article","og_title":"Boscoriccio Rocca di Castagnoli 2021","og_description":"Boscoriccio Rocca di Castagnoli 2021","og_url":"https:\/\/alimentariarrigoni.it\/de\/prodotto\/boscoriccio-rocca-di-castagnoli-2021\/","og_site_name":"Alimentari Arrigoni","article_publisher":"https:\/\/www.facebook.com\/alimentariarrigoni\/","article_modified_time":"2025-10-25T09:28:37+00:00","og_image":[{"width":1050,"height":1050,"url":"https:\/\/alimentariarrigoni.it\/wp-content\/uploads\/2023\/11\/boscoriccio-rocca-castagnoli.jpg","type":"image\/jpeg"}],"twitter_card":"summary_large_image","twitter_misc":{"Gesch\u00e4tzte Lesezeit":"3\u00a0Minuten"},"schema":{"@context":"https:\/\/schema.org","@graph":[{"@type":"WebPage","@id":"https:\/\/alimentariarrigoni.it\/de\/prodotto\/boscoriccio-rocca-di-castagnoli-2021\/","url":"https:\/\/alimentariarrigoni.it\/de\/prodotto\/boscoriccio-rocca-di-castagnoli-2021\/","name":"Boscoriccio Rocca di Castagnoli 2021","isPartOf":{"@id":"https:\/\/alimentariarrigoni.it\/de\/#website"},"primaryImageOfPage":{"@id":"https:\/\/alimentariarrigoni.it\/de\/prodotto\/boscoriccio-rocca-di-castagnoli-2021\/#primaryimage"},"image":{"@id":"https:\/\/alimentariarrigoni.it\/de\/prodotto\/boscoriccio-rocca-di-castagnoli-2021\/#primaryimage"},"thumbnailUrl":"https:\/\/alimentariarrigoni.it\/wp-content\/uploads\/2023\/11\/boscoriccio-rocca-castagnoli.jpg","datePublished":"2023-11-25T19:07:40+00:00","dateModified":"2025-10-25T09:28:37+00:00","description":"Boscoriccio Rocca di Castagnoli 2021","breadcrumb":{"@id":"https:\/\/alimentariarrigoni.it\/de\/prodotto\/boscoriccio-rocca-di-castagnoli-2021\/#breadcrumb"},"inLanguage":"de","potentialAction":[{"@type":"ReadAction","target":["https:\/\/alimentariarrigoni.it\/de\/prodotto\/boscoriccio-rocca-di-castagnoli-2021\/"]}]},{"@type":"ImageObject","inLanguage":"de","@id":"https:\/\/alimentariarrigoni.it\/de\/prodotto\/boscoriccio-rocca-di-castagnoli-2021\/#primaryimage","url":"https:\/\/alimentariarrigoni.it\/wp-content\/uploads\/2023\/11\/boscoriccio-rocca-castagnoli.jpg","contentUrl":"https:\/\/alimentariarrigoni.it\/wp-content\/uploads\/2023\/11\/boscoriccio-rocca-castagnoli.jpg","width":1050,"height":1050,"caption":"boscoriccio-rocca-castagnoli"},{"@type":"BreadcrumbList","@id":"https:\/\/alimentariarrigoni.it\/de\/prodotto\/boscoriccio-rocca-di-castagnoli-2021\/#breadcrumb","itemListElement":[{"@type":"ListItem","position":1,"name":"Home","item":"https:\/\/alimentariarrigoni.it\/de\/"},{"@type":"ListItem","position":2,"name":"Shop","item":"https:\/\/alimentariarrigoni.it\/de\/shop\/"},{"@type":"ListItem","position":3,"name":"Boscoriccio Rocca di Castagnoli 2021"}]},{"@type":"WebSite","@id":"https:\/\/alimentariarrigoni.it\/de\/#website","url":"https:\/\/alimentariarrigoni.it\/de\/","name":"Alimentari Arrigoni","description":"","publisher":{"@id":"https:\/\/alimentariarrigoni.it\/de\/#organization"},"potentialAction":[{"@type":"SearchAction","target":{"@type":"EntryPoint","urlTemplate":"https:\/\/alimentariarrigoni.it\/de\/?s={search_term_string}"},"query-input":{"@type":"PropertyValueSpecification","valueRequired":true,"valueName":"search_term_string"}}],"inLanguage":"de"},{"@type":"Organization","@id":"https:\/\/alimentariarrigoni.it\/de\/#organization","name":"Alimentari dal 1894","url":"https:\/\/alimentariarrigoni.it\/de\/","logo":{"@type":"ImageObject","inLanguage":"de","@id":"https:\/\/alimentariarrigoni.it\/de\/#\/schema\/logo\/image\/","url":"https:\/\/alimentariarrigoni.it\/wp-content\/uploads\/2022\/02\/logo-mail-mod.-comp.jpg","contentUrl":"https:\/\/alimentariarrigoni.it\/wp-content\/uploads\/2022\/02\/logo-mail-mod.-comp.jpg","width":315,"height":100,"caption":"Alimentari dal 1894"},"image":{"@id":"https:\/\/alimentariarrigoni.it\/de\/#\/schema\/logo\/image\/"},"sameAs":["https:\/\/www.facebook.com\/alimentariarrigoni\/","https:\/\/www.instagram.com\/alimentariarrigoni\/"]}]}},"_links":{"self":[{"href":"https:\/\/alimentariarrigoni.it\/de\/wp-json\/wp\/v2\/product\/8740","targetHints":{"allow":["GET"]}}],"collection":[{"href":"https:\/\/alimentariarrigoni.it\/de\/wp-json\/wp\/v2\/product"}],"about":[{"href":"https:\/\/alimentariarrigoni.it\/de\/wp-json\/wp\/v2\/types\/product"}],"wp:featuredmedia":[{"embeddable":true,"href":"https:\/\/alimentariarrigoni.it\/de\/wp-json\/wp\/v2\/media\/8655"}],"wp:attachment":[{"href":"https:\/\/alimentariarrigoni.it\/de\/wp-json\/wp\/v2\/media?parent=8740"}],"wp:term":[{"taxonomy":"product_brand","embeddable":true,"href":"https:\/\/alimentariarrigoni.it\/de\/wp-json\/wp\/v2\/product_brand?post=8740"},{"taxonomy":"product_cat","embeddable":true,"href":"https:\/\/alimentariarrigoni.it\/de\/wp-json\/wp\/v2\/product_cat?post=8740"},{"taxonomy":"product_tag","embeddable":true,"href":"https:\/\/alimentariarrigoni.it\/de\/wp-json\/wp\/v2\/product_tag?post=8740"}],"curies":[{"name":"wp","href":"https:\/\/api.w.org\/{rel}","templated":true}]}}