{"id":7157,"date":"2022-04-13T18:33:08","date_gmt":"2022-04-13T16:33:08","guid":{"rendered":"https:\/\/alimentariarrigoni.it\/?post_type=product&#038;p=7157"},"modified":"2025-04-18T12:25:06","modified_gmt":"2025-04-18T10:25:06","slug":"vespolina-colline-novaresi-doc-miru-2021","status":"publish","type":"product","link":"https:\/\/alimentariarrigoni.it\/de\/prodotto\/vespolina-colline-novaresi-doc-miru-2021\/","title":{"rendered":"Vespolina Colline Novaresi DOC Mir\u00f9 2021"},"content":{"rendered":"<div class=\"wpb-content-wrapper\"><p>[vc_row][vc_column width=&#8220;2\/6&#8243;][vc_column_text]<\/p>\r\n<h1><span style=\"font-size: 18px; font-family: georgia, palatino, serif;\"><strong>DESCRIZIONE Vespolina Colline Novaresi DOC Mir\u00f9 2021<\/strong><\/span><\/h1>\r\n<p>[\/vc_column_text][vc_empty_space][vc_column_text]<\/p>\r\n<h2><span style=\"font-family: georgia, palatino, serif; font-size: 18px;\"><strong>MIRU&#8216;<\/strong><\/span><\/h2>\r\n<p class=\"p1\" style=\"text-align: justify;\"><span style=\"font-family: georgia, palatino, serif; font-size: 16px;\">La cantina si struttura nel centro di Ghemme, a fianco della chiesa di Santa Maria Assunta, eretta a partire dal 1666 e completata nel 1863.<span class=\"Apple-converted-space\">\u00a0<\/span><\/span><\/p>\r\n<p class=\"p1\" style=\"text-align: justify;\"><span style=\"font-family: georgia, palatino, serif; font-size: 16px;\">In questa suggestiva atmosfera di un tempo, dalle nostre uve fortemente mineralizzate dal terreno di origine fluvioglaciale, nasce un vino dalle origini &#8222;sacre&#8220;, con grande struttura e medio corpo; la cantina \u00e8 proprio qui, nel centro storico e nei pressi della Chiesa Patronale.<\/span><\/p>\r\n<p>[\/vc_column_text][vc_empty_space height=&#8220;10px&#8220;][vc_single_image image=&#8220;7568&#8243; img_size=&#8220;full&#8220;][vc_empty_space height=&#8220;10px&#8220;][vc_column_text][\/vc_column_text][\/vc_column][vc_column width=&#8220;3\/6&#8243;][vc_column_text]<\/p>\r\n<h2 style=\"text-align: justify;\"><a href=\"https:\/\/alimentariarrigoni.it\/nebbiolo-tra-alto-piemonte-e-langhe\/\"><span style=\"font-size: 18px; font-family: georgia, palatino, serif;\"><strong>ALTO PIEMONTE<\/strong><\/span><\/a><\/h2>\r\n<p style=\"text-align: justify;\"><span style=\"font-size: 18px;\"><!-- \/wp:post-content --><\/span><\/p>\r\n<p>[\/vc_column_text][vc_empty_space height=&#8220;10px&#8220;][vc_single_image image=&#8220;7566&#8243; img_size=&#8220;full&#8220;][vc_empty_space height=&#8220;10px&#8220;][vc_column_text]<\/p>\r\n<p style=\"text-align: justify;\"><span style=\"font-size: 16px; font-family: georgia, palatino, serif;\">180 milioni di anni l&#8217;esplosione di un super vulcano con una potenza tale da modificare il clima del nostro pianeta per molti anni, inizia cos\u00ec la storia dell&#8216;<a href=\"https:\/\/alimentariarrigoni.it\/la-vespolina-di-paride-chiovini-la-verticale-con-guido-invernizzi\/\">Alto Piemonte.<\/a><\/span><\/p>\r\n<p style=\"text-align: justify;\"><span style=\"font-size: 16px; font-family: georgia, palatino, serif;\"><!-- \/wp:paragraph --><\/span><\/p>\r\n<p style=\"text-align: justify;\"><span style=\"font-size: 16px; font-family: georgia, palatino, serif;\"><!-- wp:paragraph -->50 milioni di anni fa la placca africana si scontra con quella europea dando origine alle Alpi e per effetto dello scontro, tutta la struttura sommersa dell\u2019antico supervulcano viene proiettata in superficie, assumendo un andamento orizzontale. L\u2019enorme caldera del super vulcano coincide oggi con le valli dei fiumi Sesia e Sessera, tra le province di <strong>Novara<\/strong>, <strong>Vercelli<\/strong> e <strong>Biella<\/strong> nell\u2019Alto Piemonte.<\/span><\/p>\r\n<p style=\"text-align: justify;\"><span style=\"font-size: 16px; font-family: georgia, palatino, serif;\"><!-- \/wp:paragraph --><\/span><\/p>\r\n<p style=\"text-align: justify;\"><span style=\"font-size: 16px; font-family: georgia, palatino, serif;\"><!-- wp:paragraph -->Il terreno \u00e8 costituito da <strong>porfidi<\/strong> che vanno dal giallo, al rosa, al rosso; si tratta di roccia friabile, priva di humus, acida, salina e ricca di minerali<strong>. <\/strong>I vini che provengono dalle viti che affondano le radici in questo terreno unico donano aromi e sapori inconfondibili\u00a0ed estremamente intriganti.<\/span><\/p>\r\n<p>[\/vc_column_text][vc_empty_space][vc_column_text]<\/p>\r\n<h4><span style=\"font-size: 18px; font-family: georgia, palatino, serif;\"><strong>GHEMME<\/strong><\/span><\/h4>\r\n<p>[\/vc_column_text][vc_empty_space height=&#8220;10px&#8220;][vc_single_image image=&#8220;7565&#8243; img_size=&#8220;full&#8220;][vc_empty_space height=&#8220;10px&#8220;][vc_column_text]<\/p>\r\n<p style=\"text-align: justify;\"><span style=\"font-family: georgia, palatino, serif; font-size: 16px;\">Sulla sinistra orografica della Sesia sorge Ghemme, villaggio di antica tradizione viticola. Prolungamento settentrionale di Fara e Sizzano, il vigneto si dispone su due piccole dorsali collinari orientate sud sud est e nord nord ovest, tra loro intervallate da la valletta del torrente Strona. Quattro sono le zone principali: i <strong>ronchi<\/strong> ovvero il declivio che si solleva dalla pianura; la <strong>prima collina<\/strong> cio\u00e8 il modesto altopiano che inizia alla sommit\u00e0 dei ronchi e che poi digrada a est nella valle della Strona; quindi, quasi a ripetere lo schema, i <strong>ronchetti<\/strong> che risalgono dalla Strona, e infine alle loro spalle la <strong>seconda collina<\/strong>, fino alla valle del torrente Strego, confine orientale della denominazione.\u00a0<\/span><\/p>\r\n<p><span style=\"font-family: georgia, palatino, serif; font-size: 16px;\">La matrice geologica, come a Fara e Sizzano, \u00e8 fluvio glaciale, esito dell&#8217;azione di erosione ad opera della Sesia. Il suolo \u00e8 perci\u00f2 composito: vi si trovano pi\u00f9 argilla che in altre denominazioni, limiti pi\u00f9 o meno compatti, rocce vulcaniche, gneiss, ciottoli e sassi ricchi di minerali, friabilissimi e spesso tramutati in sabbia dall&#8217;intrusione dell&#8217;acqua che, gelando, li frantuma. Ghemme \u00e8 una ricapitolazione geologica dell&#8217;intera Valsesia.\u00a0\u00a0<\/span>[\/vc_column_text][\/vc_column][\/vc_row]<\/p><\/div>","protected":false},"excerpt":{"rendered":"<p class=\"p1\"><span style=\"font-family: georgia, palatino, serif; font-size: 16px;\"><strong>Tipologia<\/strong>: rosso DOC<\/span> <br \/><span style=\"font-family: georgia, palatino, serif; font-size: 16px;\"><strong>Bottiglie<\/strong>: 5000<\/span> <br \/><span style=\"font-family: georgia, palatino, serif; font-size: 16px;\"><strong>Alcol<\/strong>: 12,5 % vol.\u00a0<\/span> <br \/><span style=\"font-family: georgia, palatino, serif; font-size: 16px;\"><strong>Vitigni<\/strong>: vespolina\u00a0<\/span> <br \/><span style=\"font-family: georgia, palatino, serif; font-size: 16px;\"><strong>Allevamento<\/strong>: guyot, lotta guidata ed integrata\u00a0<\/span> <br \/><span style=\"font-family: georgia, palatino, serif; font-size: 16px;\"><strong>Vigneto<\/strong>: vecchie viti su \u00a0terreni acidi, fluvio-glaciale, morenico con componenti limo-argillose, sabbiose e ciottoli<\/span> <br \/><span style=\"font-family: georgia, palatino, serif; font-size: 16px;\"><strong>Vinificazione<\/strong>: fermentazione alcolica in acciaio a temperatura controllata con lieviti selezionati. Malolattica svolta in acciaio<\/span> <br \/><span style=\"font-family: georgia, palatino, serif; font-size: 16px;\"><strong>Affinamento<\/strong>: 4 mesi in acciaio<\/span><\/p>\n","protected":false},"featured_media":7160,"template":"","meta":[],"product_brand":[],"product_cat":[522,862,892,488,661,845],"product_tag":[523,524,691,675,352,809,349],"class_list":{"0":"post-7157","1":"product","2":"type-product","3":"status-publish","4":"has-post-thumbnail","6":"product_cat-alto-piemonte","7":"product_cat-colline-novaresi-doc","8":"product_cat-miru","9":"product_cat-vini-del-piemonte","10":"product_cat-vini-rossi","11":"product_cat-vespolina","12":"product_tag-acciaio","13":"product_tag-alto-piemonte","14":"product_tag-colline-novaresi-doc","15":"product_tag-miru","16":"product_tag-piemonte","17":"product_tag-rossi","18":"product_tag-vespolina","19":"blog_entry clearfix","21":"first","22":"instock","23":"taxable","24":"shipping-taxable","25":"purchasable","26":"product-type-simple"},"yoast_head":"<!-- This site is optimized with the Yoast SEO Premium plugin v27.3 (Yoast SEO v27.4) - https:\/\/yoast.com\/product\/yoast-seo-premium-wordpress\/ -->\n<title>Vespolina Colline Novaresi DOC Mir\u00f9 2021<\/title>\n<meta name=\"description\" content=\"Vespolina Colline Novaresi DOC Mir\u00f9 2021\" \/>\n<meta name=\"robots\" content=\"index, follow, max-snippet:-1, max-image-preview:large, max-video-preview:-1\" \/>\n<link rel=\"canonical\" href=\"https:\/\/alimentariarrigoni.it\/de\/prodotto\/vespolina-colline-novaresi-doc-miru-2021\/\" \/>\n<meta property=\"og:locale\" content=\"de_DE\" \/>\n<meta property=\"og:type\" content=\"article\" \/>\n<meta property=\"og:title\" content=\"Vespolina Colline Novaresi DOC Mir\u00f9 2021\" \/>\n<meta property=\"og:description\" content=\"Vespolina Colline Novaresi DOC Mir\u00f9 2021\" \/>\n<meta property=\"og:url\" content=\"https:\/\/alimentariarrigoni.it\/de\/prodotto\/vespolina-colline-novaresi-doc-miru-2021\/\" \/>\n<meta property=\"og:site_name\" content=\"Alimentari Arrigoni\" \/>\n<meta property=\"article:publisher\" content=\"https:\/\/www.facebook.com\/alimentariarrigoni\/\" \/>\n<meta property=\"article:modified_time\" content=\"2025-04-18T10:25:06+00:00\" \/>\n<meta property=\"og:image\" content=\"https:\/\/alimentariarrigoni.it\/wp-content\/uploads\/2022\/04\/vespolina-miru\u0300.jpg\" \/>\n\t<meta property=\"og:image:width\" content=\"1050\" \/>\n\t<meta property=\"og:image:height\" content=\"1050\" \/>\n\t<meta property=\"og:image:type\" content=\"image\/jpeg\" \/>\n<meta name=\"twitter:card\" content=\"summary_large_image\" \/>\n<meta name=\"twitter:label1\" content=\"Gesch\u00e4tzte Lesezeit\" \/>\n\t<meta name=\"twitter:data1\" content=\"3\u00a0Minuten\" \/>\n<script type=\"application\/ld+json\" class=\"yoast-schema-graph\">{\"@context\":\"https:\\\/\\\/schema.org\",\"@graph\":[{\"@type\":\"WebPage\",\"@id\":\"https:\\\/\\\/alimentariarrigoni.it\\\/de\\\/prodotto\\\/vespolina-colline-novaresi-doc-miru-2021\\\/\",\"url\":\"https:\\\/\\\/alimentariarrigoni.it\\\/de\\\/prodotto\\\/vespolina-colline-novaresi-doc-miru-2021\\\/\",\"name\":\"Vespolina Colline Novaresi DOC Mir\u00f9 2021\",\"isPartOf\":{\"@id\":\"https:\\\/\\\/alimentariarrigoni.it\\\/de\\\/#website\"},\"primaryImageOfPage\":{\"@id\":\"https:\\\/\\\/alimentariarrigoni.it\\\/de\\\/prodotto\\\/vespolina-colline-novaresi-doc-miru-2021\\\/#primaryimage\"},\"image\":{\"@id\":\"https:\\\/\\\/alimentariarrigoni.it\\\/de\\\/prodotto\\\/vespolina-colline-novaresi-doc-miru-2021\\\/#primaryimage\"},\"thumbnailUrl\":\"https:\\\/\\\/alimentariarrigoni.it\\\/wp-content\\\/uploads\\\/2022\\\/04\\\/vespolina-miru\u0300.jpg\",\"datePublished\":\"2022-04-13T16:33:08+00:00\",\"dateModified\":\"2025-04-18T10:25:06+00:00\",\"description\":\"Vespolina Colline Novaresi DOC Mir\u00f9 2021\",\"breadcrumb\":{\"@id\":\"https:\\\/\\\/alimentariarrigoni.it\\\/de\\\/prodotto\\\/vespolina-colline-novaresi-doc-miru-2021\\\/#breadcrumb\"},\"inLanguage\":\"de\",\"potentialAction\":[{\"@type\":\"ReadAction\",\"target\":[\"https:\\\/\\\/alimentariarrigoni.it\\\/de\\\/prodotto\\\/vespolina-colline-novaresi-doc-miru-2021\\\/\"]}]},{\"@type\":\"ImageObject\",\"inLanguage\":\"de\",\"@id\":\"https:\\\/\\\/alimentariarrigoni.it\\\/de\\\/prodotto\\\/vespolina-colline-novaresi-doc-miru-2021\\\/#primaryimage\",\"url\":\"https:\\\/\\\/alimentariarrigoni.it\\\/wp-content\\\/uploads\\\/2022\\\/04\\\/vespolina-miru\u0300.jpg\",\"contentUrl\":\"https:\\\/\\\/alimentariarrigoni.it\\\/wp-content\\\/uploads\\\/2022\\\/04\\\/vespolina-miru\u0300.jpg\",\"width\":1050,\"height\":1050,\"caption\":\"Vespolina Colline Novaresi Mir\u00f9\"},{\"@type\":\"BreadcrumbList\",\"@id\":\"https:\\\/\\\/alimentariarrigoni.it\\\/de\\\/prodotto\\\/vespolina-colline-novaresi-doc-miru-2021\\\/#breadcrumb\",\"itemListElement\":[{\"@type\":\"ListItem\",\"position\":1,\"name\":\"Home\",\"item\":\"https:\\\/\\\/alimentariarrigoni.it\\\/de\\\/\"},{\"@type\":\"ListItem\",\"position\":2,\"name\":\"Shop\",\"item\":\"https:\\\/\\\/alimentariarrigoni.it\\\/de\\\/shop\\\/\"},{\"@type\":\"ListItem\",\"position\":3,\"name\":\"Vespolina Colline Novaresi DOC Mir\u00f9 2021\"}]},{\"@type\":\"WebSite\",\"@id\":\"https:\\\/\\\/alimentariarrigoni.it\\\/de\\\/#website\",\"url\":\"https:\\\/\\\/alimentariarrigoni.it\\\/de\\\/\",\"name\":\"Alimentari Arrigoni\",\"description\":\"\",\"publisher\":{\"@id\":\"https:\\\/\\\/alimentariarrigoni.it\\\/de\\\/#organization\"},\"potentialAction\":[{\"@type\":\"SearchAction\",\"target\":{\"@type\":\"EntryPoint\",\"urlTemplate\":\"https:\\\/\\\/alimentariarrigoni.it\\\/de\\\/?s={search_term_string}\"},\"query-input\":{\"@type\":\"PropertyValueSpecification\",\"valueRequired\":true,\"valueName\":\"search_term_string\"}}],\"inLanguage\":\"de\"},{\"@type\":\"Organization\",\"@id\":\"https:\\\/\\\/alimentariarrigoni.it\\\/de\\\/#organization\",\"name\":\"Alimentari dal 1894\",\"url\":\"https:\\\/\\\/alimentariarrigoni.it\\\/de\\\/\",\"logo\":{\"@type\":\"ImageObject\",\"inLanguage\":\"de\",\"@id\":\"https:\\\/\\\/alimentariarrigoni.it\\\/de\\\/#\\\/schema\\\/logo\\\/image\\\/\",\"url\":\"https:\\\/\\\/alimentariarrigoni.it\\\/wp-content\\\/uploads\\\/2022\\\/02\\\/logo-mail-mod.-comp.jpg\",\"contentUrl\":\"https:\\\/\\\/alimentariarrigoni.it\\\/wp-content\\\/uploads\\\/2022\\\/02\\\/logo-mail-mod.-comp.jpg\",\"width\":315,\"height\":100,\"caption\":\"Alimentari dal 1894\"},\"image\":{\"@id\":\"https:\\\/\\\/alimentariarrigoni.it\\\/de\\\/#\\\/schema\\\/logo\\\/image\\\/\"},\"sameAs\":[\"https:\\\/\\\/www.facebook.com\\\/alimentariarrigoni\\\/\",\"https:\\\/\\\/www.instagram.com\\\/alimentariarrigoni\\\/\"]}]}<\/script>\n<!-- \/ Yoast SEO Premium plugin. -->","yoast_head_json":{"title":"Vespolina Colline Novaresi DOC Mir\u00f9 2021","description":"Vespolina Colline Novaresi DOC Mir\u00f9 2021","robots":{"index":"index","follow":"follow","max-snippet":"max-snippet:-1","max-image-preview":"max-image-preview:large","max-video-preview":"max-video-preview:-1"},"canonical":"https:\/\/alimentariarrigoni.it\/de\/prodotto\/vespolina-colline-novaresi-doc-miru-2021\/","og_locale":"de_DE","og_type":"article","og_title":"Vespolina Colline Novaresi DOC Mir\u00f9 2021","og_description":"Vespolina Colline Novaresi DOC Mir\u00f9 2021","og_url":"https:\/\/alimentariarrigoni.it\/de\/prodotto\/vespolina-colline-novaresi-doc-miru-2021\/","og_site_name":"Alimentari Arrigoni","article_publisher":"https:\/\/www.facebook.com\/alimentariarrigoni\/","article_modified_time":"2025-04-18T10:25:06+00:00","og_image":[{"width":1050,"height":1050,"url":"https:\/\/alimentariarrigoni.it\/wp-content\/uploads\/2022\/04\/vespolina-miru\u0300.jpg","type":"image\/jpeg"}],"twitter_card":"summary_large_image","twitter_misc":{"Gesch\u00e4tzte Lesezeit":"3\u00a0Minuten"},"schema":{"@context":"https:\/\/schema.org","@graph":[{"@type":"WebPage","@id":"https:\/\/alimentariarrigoni.it\/de\/prodotto\/vespolina-colline-novaresi-doc-miru-2021\/","url":"https:\/\/alimentariarrigoni.it\/de\/prodotto\/vespolina-colline-novaresi-doc-miru-2021\/","name":"Vespolina Colline Novaresi DOC Mir\u00f9 2021","isPartOf":{"@id":"https:\/\/alimentariarrigoni.it\/de\/#website"},"primaryImageOfPage":{"@id":"https:\/\/alimentariarrigoni.it\/de\/prodotto\/vespolina-colline-novaresi-doc-miru-2021\/#primaryimage"},"image":{"@id":"https:\/\/alimentariarrigoni.it\/de\/prodotto\/vespolina-colline-novaresi-doc-miru-2021\/#primaryimage"},"thumbnailUrl":"https:\/\/alimentariarrigoni.it\/wp-content\/uploads\/2022\/04\/vespolina-miru\u0300.jpg","datePublished":"2022-04-13T16:33:08+00:00","dateModified":"2025-04-18T10:25:06+00:00","description":"Vespolina Colline Novaresi DOC Mir\u00f9 2021","breadcrumb":{"@id":"https:\/\/alimentariarrigoni.it\/de\/prodotto\/vespolina-colline-novaresi-doc-miru-2021\/#breadcrumb"},"inLanguage":"de","potentialAction":[{"@type":"ReadAction","target":["https:\/\/alimentariarrigoni.it\/de\/prodotto\/vespolina-colline-novaresi-doc-miru-2021\/"]}]},{"@type":"ImageObject","inLanguage":"de","@id":"https:\/\/alimentariarrigoni.it\/de\/prodotto\/vespolina-colline-novaresi-doc-miru-2021\/#primaryimage","url":"https:\/\/alimentariarrigoni.it\/wp-content\/uploads\/2022\/04\/vespolina-miru\u0300.jpg","contentUrl":"https:\/\/alimentariarrigoni.it\/wp-content\/uploads\/2022\/04\/vespolina-miru\u0300.jpg","width":1050,"height":1050,"caption":"Vespolina Colline Novaresi Mir\u00f9"},{"@type":"BreadcrumbList","@id":"https:\/\/alimentariarrigoni.it\/de\/prodotto\/vespolina-colline-novaresi-doc-miru-2021\/#breadcrumb","itemListElement":[{"@type":"ListItem","position":1,"name":"Home","item":"https:\/\/alimentariarrigoni.it\/de\/"},{"@type":"ListItem","position":2,"name":"Shop","item":"https:\/\/alimentariarrigoni.it\/de\/shop\/"},{"@type":"ListItem","position":3,"name":"Vespolina Colline Novaresi DOC Mir\u00f9 2021"}]},{"@type":"WebSite","@id":"https:\/\/alimentariarrigoni.it\/de\/#website","url":"https:\/\/alimentariarrigoni.it\/de\/","name":"Alimentari Arrigoni","description":"","publisher":{"@id":"https:\/\/alimentariarrigoni.it\/de\/#organization"},"potentialAction":[{"@type":"SearchAction","target":{"@type":"EntryPoint","urlTemplate":"https:\/\/alimentariarrigoni.it\/de\/?s={search_term_string}"},"query-input":{"@type":"PropertyValueSpecification","valueRequired":true,"valueName":"search_term_string"}}],"inLanguage":"de"},{"@type":"Organization","@id":"https:\/\/alimentariarrigoni.it\/de\/#organization","name":"Alimentari dal 1894","url":"https:\/\/alimentariarrigoni.it\/de\/","logo":{"@type":"ImageObject","inLanguage":"de","@id":"https:\/\/alimentariarrigoni.it\/de\/#\/schema\/logo\/image\/","url":"https:\/\/alimentariarrigoni.it\/wp-content\/uploads\/2022\/02\/logo-mail-mod.-comp.jpg","contentUrl":"https:\/\/alimentariarrigoni.it\/wp-content\/uploads\/2022\/02\/logo-mail-mod.-comp.jpg","width":315,"height":100,"caption":"Alimentari dal 1894"},"image":{"@id":"https:\/\/alimentariarrigoni.it\/de\/#\/schema\/logo\/image\/"},"sameAs":["https:\/\/www.facebook.com\/alimentariarrigoni\/","https:\/\/www.instagram.com\/alimentariarrigoni\/"]}]}},"_links":{"self":[{"href":"https:\/\/alimentariarrigoni.it\/de\/wp-json\/wp\/v2\/product\/7157","targetHints":{"allow":["GET"]}}],"collection":[{"href":"https:\/\/alimentariarrigoni.it\/de\/wp-json\/wp\/v2\/product"}],"about":[{"href":"https:\/\/alimentariarrigoni.it\/de\/wp-json\/wp\/v2\/types\/product"}],"wp:featuredmedia":[{"embeddable":true,"href":"https:\/\/alimentariarrigoni.it\/de\/wp-json\/wp\/v2\/media\/7160"}],"wp:attachment":[{"href":"https:\/\/alimentariarrigoni.it\/de\/wp-json\/wp\/v2\/media?parent=7157"}],"wp:term":[{"taxonomy":"product_brand","embeddable":true,"href":"https:\/\/alimentariarrigoni.it\/de\/wp-json\/wp\/v2\/product_brand?post=7157"},{"taxonomy":"product_cat","embeddable":true,"href":"https:\/\/alimentariarrigoni.it\/de\/wp-json\/wp\/v2\/product_cat?post=7157"},{"taxonomy":"product_tag","embeddable":true,"href":"https:\/\/alimentariarrigoni.it\/de\/wp-json\/wp\/v2\/product_tag?post=7157"}],"curies":[{"name":"wp","href":"https:\/\/api.w.org\/{rel}","templated":true}]}}