{"id":6878,"date":"2022-01-31T12:36:03","date_gmt":"2022-01-31T11:36:03","guid":{"rendered":"https:\/\/alimentariarrigoni.it\/?post_type=product&#038;p=6878"},"modified":"2025-08-18T19:10:55","modified_gmt":"2025-08-18T17:10:55","slug":"pernand-vergelesses-belles-filles-domaine-rapet-2019","status":"publish","type":"product","link":"https:\/\/alimentariarrigoni.it\/de\/prodotto\/pernand-vergelesses-belles-filles-domaine-rapet-2019\/","title":{"rendered":"Pernand Vergelesses Belles Filles Domaine Rapet 2019"},"content":{"rendered":"<div class=\"wpb-content-wrapper\"><p>[vc_row][vc_column width=&#8220;1\/2&#8243;][vc_column_text]<\/p>\n<h1 style=\"text-align: center;\"><span style=\"font-family: 'times new roman', times, serif;\">Pernand Vergelesses Belles Filles Domaine Rapet 2019<\/span><\/h1>\n<p style=\"text-align: justify;\"><span style=\"font-family: 'times new roman', times, serif; font-size: 18px;\">Pernand Vergelesses Belles Filles Domaine Rapet \u00e8 un vino rosso di Borgogna di Pinot Noir dall&#8217;omonimo villaggio di <a href=\"https:\/\/www.bourgogne-wines.com\/our-wines-our-terroir\/the-bourgogne-winegrowing-region-and-its-appellations\/pernand-vergelesses,2458,9253.html?&amp;args=Y29tcF9pZD0yMjc4JmFjdGlvbj12aWV3RmljaGUmaWQ9MzY0Jnw%3D\">Pernand-Vergelesses <\/a>immerso in una valle verde e tranquilla tra la C\u00f4te de Nuits e la C\u00f4te de Beaune, ai piedi della collina di Corton. \u00c8 l&#8217;unica zona a produrre in egual quantit\u00e0 vini rossi e bianchi, accogliendo calorosamente turisti e winelover, che rimangono incantati da questo luogo meraviglioso.<\/span><\/p>\n<p style=\"text-align: justify;\"><span style=\"font-family: 'times new roman', times, serif; font-size: 18px;\">Il nome del &#8222;climat&#8220;\u00a0 &#8222;Bois No\u00ebl et Belles Filles&#8220; si riferisce, poeticamente parlando, a una certa localit\u00e0 dove le giovani si recavano gioiosamente per appuntamenti romantici.<\/span><\/p>\n<p style=\"text-align: justify;\"><span style=\"font-family: 'times new roman', times, serif; font-size: 18px;\">Qui nascono\u00a0vini rossi morbidi e fruttati, vere perle della <a href=\"https:\/\/alimentariarrigoni.it\/prodotto\/savigny-les-beaune-aux-fournaux-domaine-rapet-2019\/\">C\u00f4te de Beaune<\/a>. <a href=\"https:\/\/alimentariarrigoni.it\/domaine-rapet\/\">Vedi Produttore<\/a><\/span><\/p>\n<p><img loading=\"lazy\" decoding=\"async\" class=\"size-full wp-image-6880 aligncenter\" src=\"https:\/\/alimentariarrigoni.it\/wp-content\/uploads\/2022\/01\/pernand-vergelesses-belles-filles-mappa.jpg\" alt=\"pernand-vergelesses-belles-filles-mappa\" width=\"792\" height=\"591\" srcset=\"https:\/\/alimentariarrigoni.it\/wp-content\/uploads\/2022\/01\/pernand-vergelesses-belles-filles-mappa.jpg 792w, https:\/\/alimentariarrigoni.it\/wp-content\/uploads\/2022\/01\/pernand-vergelesses-belles-filles-mappa-80x60.jpg 80w, https:\/\/alimentariarrigoni.it\/wp-content\/uploads\/2022\/01\/pernand-vergelesses-belles-filles-mappa-600x448.jpg 600w, https:\/\/alimentariarrigoni.it\/wp-content\/uploads\/2022\/01\/pernand-vergelesses-belles-filles-mappa-300x224.jpg 300w, https:\/\/alimentariarrigoni.it\/wp-content\/uploads\/2022\/01\/pernand-vergelesses-belles-filles-mappa-768x573.jpg 768w\" sizes=\"auto, (max-width: 792px) 100vw, 792px\" \/>[\/vc_column_text][vc_empty_space][\/vc_column][vc_column width=&#8220;1\/2&#8243;][vc_video link=&#8220;https:\/\/www.youtube.com\/watch?v=Cdz2FnCNHwA&amp;t=106s&#8220; align=&#8220;center&#8220;][vc_empty_space][vc_column_text]<\/p>\n<p class=\"p1\" style=\"text-align: justify;\"><span style=\"font-family: 'times new roman', times, serif; font-size: 18px;\"><strong>Vinificazione<\/strong>: miriamo ad ottenere vini fruttati, ricchi di tannini ben miscelati, che \u00e8 il segno dell&#8217;uva ben matura. Durante la vendemmia portiamo l&#8217;uva in piccole cassette per non schiacciarle e per un&#8217;attenta cernita in cantina; usiamo un nastro trasportatore per il riempimento dei serbatoi in modo da rispettare l&#8217;uva. La fermentazione dura 15 giorni con, follature del cappello, permettendo al vino di assorbire la ricchezza e il colore delle bucce prima della pigiatura. L&#8217;affinamento avviene in barriques di cui il 20 % nuove. Il travaso per mezzo di un soffietto elimina la necessit\u00e0 di una pompa. Tutti questi accorgimenti limitano il pi\u00f9 possibile la manipolazione delle uve e del vino, preservandone cos\u00ec tutta la ricchezza.<\/span><\/p>\n<p><strong><span style=\"font-family: 'times new roman', times, serif; font-size: 18px;\">Alcol:\u00a0<\/span><\/strong><span style=\"font-family: 'times new roman', times, serif; font-size: 18px;\">13,5% vol.<\/span><\/p>\n<p class=\"p1\" style=\"text-align: justify;\"><span style=\"font-family: 'times new roman', times, serif; font-size: 18px;\"><strong>Pernand &#8211; Vergelesses:<\/strong> Questo &#8222;climat&#8220;, ben esposto ad est, \u00e8 situato di fronte al villaggio di Pernand.<\/span><\/p>\n<p class=\"p1\" style=\"text-align: justify;\"><span style=\"font-family: 'times new roman', times, serif; font-size: 18px;\">Il pendio \u00e8 piuttosto ripido e l&#8217;erosione \u00e8 limitata da sponde calcaree. Il terreno assume un colore rosso per l&#8217;argilla ferruginosa presente nel terreno.<\/span><\/p>\n<p style=\"text-align: justify;\"><span style=\"font-family: 'times new roman', times, serif; font-size: 18px;\"><strong>Al naso:<\/strong>\u00a0aromi sono freschi, frutti rossi e ribes nero.<\/span><\/p>\n<p style=\"text-align: justify;\"><span style=\"font-family: 'times new roman', times, serif; font-size: 18px;\"><strong>In bocca:\u00a0<\/strong> rotondi e fruttati con un tocco minerale.<\/span><\/p>\n<p style=\"text-align: justify;\"><span style=\"font-family: 'times new roman', times, serif; font-size: 18px;\"><strong>Servizio:<\/strong> il Pernand pu\u00f2 gi\u00e0 essere servito dopo 3 anni. La temperatura di servizio ideale \u00e8 di circa 15\u00b0C. Si abbina con filetto di manzo, saut\u00e9 di vitello, spalla d&#8217;agnello, fricass\u00e9e d&#8217;anatra (fricassea, carne stufata in casseruola con burro ed erbe aromatiche e aggiunta ti tuorlo e limone) o con una selezione di prelibati formaggi.<\/span><\/p>\n<p>[\/vc_column_text][\/vc_column][\/vc_row]<\/p>\n<\/div>","protected":false},"excerpt":{"rendered":"<p>[vc_row][vc_column width=&#8220;1\/2&#8243;][vc_column_text] Pernand Vergelesses Belles Filles Domaine Rapet 2019 Pernand Vergelesses Belles Filles Domaine Rapet \u00e8 un vino rosso di Borgogna di Pinot Noir dall&#8217;omonimo villaggio di Pernand-Vergelesses immerso in una valle verde e tranquilla tra la C\u00f4te de Nuits e la C\u00f4te de Beaune, ai piedi della collina di Corton. \u00c8 l&#8217;unica zona a<\/p>\n<div class=\"klb-readmore\"><a href=\"https:\/\/alimentariarrigoni.it\/de\/prodotto\/pernand-vergelesses-belles-filles-domaine-rapet-2019\/\" class=\"btn\">READ MORE<\/a><\/div>\n","protected":false},"featured_media":6879,"template":"","meta":[],"product_brand":[],"product_cat":[881,887,491,1438,1363],"product_tag":[681,483,711,678,492,634,635,1455],"class_list":{"0":"post-6878","1":"product","2":"type-product","3":"status-publish","4":"has-post-thumbnail","6":"product_cat-bourgogne-village","7":"product_cat-domaine-rapet","8":"product_cat-francia-vini","9":"product_cat-pinot-nero-de","10":"product_cat-die-rotweine","11":"product_tag-barrique","12":"product_tag-bourgogne","13":"product_tag-bourgogne-village","14":"product_tag-domaine-rapet","15":"product_tag-francia","16":"product_tag-pinot-nero","17":"product_tag-rapet","18":"product_tag-rossi-de","19":"blog_entry clearfix","21":"first","22":"instock","23":"taxable","24":"shipping-taxable","25":"purchasable","26":"product-type-simple"},"yoast_head":"<!-- This site is optimized with the Yoast SEO Premium plugin v27.3 (Yoast SEO v27.4) - https:\/\/yoast.com\/product\/yoast-seo-premium-wordpress\/ -->\n<title>Pernand Vergelesses Belles Filles Domaine Rapet 2019<\/title>\n<meta name=\"description\" content=\"Pernand Vergelesses Belles Filles Domaine Rapet tra la C\u00f4te de Nuits e la C\u00f4te de Beaune, ai piedi della collina di Corton.\" \/>\n<meta name=\"robots\" content=\"index, follow, max-snippet:-1, max-image-preview:large, max-video-preview:-1\" \/>\n<link rel=\"canonical\" href=\"https:\/\/alimentariarrigoni.it\/de\/prodotto\/pernand-vergelesses-belles-filles-domaine-rapet-2019\/\" \/>\n<meta property=\"og:locale\" content=\"de_DE\" \/>\n<meta property=\"og:type\" content=\"article\" \/>\n<meta property=\"og:title\" content=\"Pernand Vergelesses Belles Filles Domaine Rapet 2019\" \/>\n<meta property=\"og:description\" content=\"Pernand Vergelesses Belles Filles Domaine Rapet tra la C\u00f4te de Nuits e la C\u00f4te de Beaune, ai piedi della collina di Corton.\" \/>\n<meta property=\"og:url\" content=\"https:\/\/alimentariarrigoni.it\/de\/prodotto\/pernand-vergelesses-belles-filles-domaine-rapet-2019\/\" \/>\n<meta property=\"og:site_name\" content=\"Alimentari Arrigoni\" \/>\n<meta property=\"article:publisher\" content=\"https:\/\/www.facebook.com\/alimentariarrigoni\/\" \/>\n<meta property=\"article:modified_time\" content=\"2025-08-18T17:10:55+00:00\" \/>\n<meta property=\"og:image\" content=\"https:\/\/alimentariarrigoni.it\/wp-content\/uploads\/2022\/01\/pernand-vergelesses-belle-files-rapet.jpg\" \/>\n\t<meta property=\"og:image:width\" content=\"1050\" \/>\n\t<meta property=\"og:image:height\" content=\"1050\" \/>\n\t<meta property=\"og:image:type\" content=\"image\/jpeg\" \/>\n<meta name=\"twitter:card\" content=\"summary_large_image\" \/>\n<meta name=\"twitter:label1\" content=\"Gesch\u00e4tzte Lesezeit\" \/>\n\t<meta name=\"twitter:data1\" content=\"3\u00a0Minuten\" \/>\n<script type=\"application\/ld+json\" class=\"yoast-schema-graph\">{\"@context\":\"https:\\\/\\\/schema.org\",\"@graph\":[{\"@type\":\"WebPage\",\"@id\":\"https:\\\/\\\/alimentariarrigoni.it\\\/de\\\/prodotto\\\/pernand-vergelesses-belles-filles-domaine-rapet-2019\\\/\",\"url\":\"https:\\\/\\\/alimentariarrigoni.it\\\/de\\\/prodotto\\\/pernand-vergelesses-belles-filles-domaine-rapet-2019\\\/\",\"name\":\"Pernand Vergelesses Belles Filles Domaine Rapet 2019\",\"isPartOf\":{\"@id\":\"https:\\\/\\\/alimentariarrigoni.it\\\/de\\\/#website\"},\"primaryImageOfPage\":{\"@id\":\"https:\\\/\\\/alimentariarrigoni.it\\\/de\\\/prodotto\\\/pernand-vergelesses-belles-filles-domaine-rapet-2019\\\/#primaryimage\"},\"image\":{\"@id\":\"https:\\\/\\\/alimentariarrigoni.it\\\/de\\\/prodotto\\\/pernand-vergelesses-belles-filles-domaine-rapet-2019\\\/#primaryimage\"},\"thumbnailUrl\":\"https:\\\/\\\/alimentariarrigoni.it\\\/wp-content\\\/uploads\\\/2022\\\/01\\\/pernand-vergelesses-belle-files-rapet.jpg\",\"datePublished\":\"2022-01-31T11:36:03+00:00\",\"dateModified\":\"2025-08-18T17:10:55+00:00\",\"description\":\"Pernand Vergelesses Belles Filles Domaine Rapet tra la C\u00f4te de Nuits e la C\u00f4te de Beaune, ai piedi della collina di Corton.\",\"breadcrumb\":{\"@id\":\"https:\\\/\\\/alimentariarrigoni.it\\\/de\\\/prodotto\\\/pernand-vergelesses-belles-filles-domaine-rapet-2019\\\/#breadcrumb\"},\"inLanguage\":\"de\",\"potentialAction\":[{\"@type\":\"ReadAction\",\"target\":[\"https:\\\/\\\/alimentariarrigoni.it\\\/de\\\/prodotto\\\/pernand-vergelesses-belles-filles-domaine-rapet-2019\\\/\"]}]},{\"@type\":\"ImageObject\",\"inLanguage\":\"de\",\"@id\":\"https:\\\/\\\/alimentariarrigoni.it\\\/de\\\/prodotto\\\/pernand-vergelesses-belles-filles-domaine-rapet-2019\\\/#primaryimage\",\"url\":\"https:\\\/\\\/alimentariarrigoni.it\\\/wp-content\\\/uploads\\\/2022\\\/01\\\/pernand-vergelesses-belle-files-rapet.jpg\",\"contentUrl\":\"https:\\\/\\\/alimentariarrigoni.it\\\/wp-content\\\/uploads\\\/2022\\\/01\\\/pernand-vergelesses-belle-files-rapet.jpg\",\"width\":1050,\"height\":1050,\"caption\":\"pernand-vergelesses-belles-files-rapet\"},{\"@type\":\"BreadcrumbList\",\"@id\":\"https:\\\/\\\/alimentariarrigoni.it\\\/de\\\/prodotto\\\/pernand-vergelesses-belles-filles-domaine-rapet-2019\\\/#breadcrumb\",\"itemListElement\":[{\"@type\":\"ListItem\",\"position\":1,\"name\":\"Home\",\"item\":\"https:\\\/\\\/alimentariarrigoni.it\\\/de\\\/\"},{\"@type\":\"ListItem\",\"position\":2,\"name\":\"Shop\",\"item\":\"https:\\\/\\\/alimentariarrigoni.it\\\/de\\\/shop\\\/\"},{\"@type\":\"ListItem\",\"position\":3,\"name\":\"Pernand Vergelesses Belles Filles Domaine Rapet 2019\"}]},{\"@type\":\"WebSite\",\"@id\":\"https:\\\/\\\/alimentariarrigoni.it\\\/de\\\/#website\",\"url\":\"https:\\\/\\\/alimentariarrigoni.it\\\/de\\\/\",\"name\":\"Alimentari Arrigoni\",\"description\":\"\",\"publisher\":{\"@id\":\"https:\\\/\\\/alimentariarrigoni.it\\\/de\\\/#organization\"},\"potentialAction\":[{\"@type\":\"SearchAction\",\"target\":{\"@type\":\"EntryPoint\",\"urlTemplate\":\"https:\\\/\\\/alimentariarrigoni.it\\\/de\\\/?s={search_term_string}\"},\"query-input\":{\"@type\":\"PropertyValueSpecification\",\"valueRequired\":true,\"valueName\":\"search_term_string\"}}],\"inLanguage\":\"de\"},{\"@type\":\"Organization\",\"@id\":\"https:\\\/\\\/alimentariarrigoni.it\\\/de\\\/#organization\",\"name\":\"Alimentari dal 1894\",\"url\":\"https:\\\/\\\/alimentariarrigoni.it\\\/de\\\/\",\"logo\":{\"@type\":\"ImageObject\",\"inLanguage\":\"de\",\"@id\":\"https:\\\/\\\/alimentariarrigoni.it\\\/de\\\/#\\\/schema\\\/logo\\\/image\\\/\",\"url\":\"https:\\\/\\\/alimentariarrigoni.it\\\/wp-content\\\/uploads\\\/2022\\\/02\\\/logo-mail-mod.-comp.jpg\",\"contentUrl\":\"https:\\\/\\\/alimentariarrigoni.it\\\/wp-content\\\/uploads\\\/2022\\\/02\\\/logo-mail-mod.-comp.jpg\",\"width\":315,\"height\":100,\"caption\":\"Alimentari dal 1894\"},\"image\":{\"@id\":\"https:\\\/\\\/alimentariarrigoni.it\\\/de\\\/#\\\/schema\\\/logo\\\/image\\\/\"},\"sameAs\":[\"https:\\\/\\\/www.facebook.com\\\/alimentariarrigoni\\\/\",\"https:\\\/\\\/www.instagram.com\\\/alimentariarrigoni\\\/\"]}]}<\/script>\n<!-- \/ Yoast SEO Premium plugin. -->","yoast_head_json":{"title":"Pernand Vergelesses Belles Filles Domaine Rapet 2019","description":"Pernand Vergelesses Belles Filles Domaine Rapet tra la C\u00f4te de Nuits e la C\u00f4te de Beaune, ai piedi della collina di Corton.","robots":{"index":"index","follow":"follow","max-snippet":"max-snippet:-1","max-image-preview":"max-image-preview:large","max-video-preview":"max-video-preview:-1"},"canonical":"https:\/\/alimentariarrigoni.it\/de\/prodotto\/pernand-vergelesses-belles-filles-domaine-rapet-2019\/","og_locale":"de_DE","og_type":"article","og_title":"Pernand Vergelesses Belles Filles Domaine Rapet 2019","og_description":"Pernand Vergelesses Belles Filles Domaine Rapet tra la C\u00f4te de Nuits e la C\u00f4te de Beaune, ai piedi della collina di Corton.","og_url":"https:\/\/alimentariarrigoni.it\/de\/prodotto\/pernand-vergelesses-belles-filles-domaine-rapet-2019\/","og_site_name":"Alimentari Arrigoni","article_publisher":"https:\/\/www.facebook.com\/alimentariarrigoni\/","article_modified_time":"2025-08-18T17:10:55+00:00","og_image":[{"width":1050,"height":1050,"url":"https:\/\/alimentariarrigoni.it\/wp-content\/uploads\/2022\/01\/pernand-vergelesses-belle-files-rapet.jpg","type":"image\/jpeg"}],"twitter_card":"summary_large_image","twitter_misc":{"Gesch\u00e4tzte Lesezeit":"3\u00a0Minuten"},"schema":{"@context":"https:\/\/schema.org","@graph":[{"@type":"WebPage","@id":"https:\/\/alimentariarrigoni.it\/de\/prodotto\/pernand-vergelesses-belles-filles-domaine-rapet-2019\/","url":"https:\/\/alimentariarrigoni.it\/de\/prodotto\/pernand-vergelesses-belles-filles-domaine-rapet-2019\/","name":"Pernand Vergelesses Belles Filles Domaine Rapet 2019","isPartOf":{"@id":"https:\/\/alimentariarrigoni.it\/de\/#website"},"primaryImageOfPage":{"@id":"https:\/\/alimentariarrigoni.it\/de\/prodotto\/pernand-vergelesses-belles-filles-domaine-rapet-2019\/#primaryimage"},"image":{"@id":"https:\/\/alimentariarrigoni.it\/de\/prodotto\/pernand-vergelesses-belles-filles-domaine-rapet-2019\/#primaryimage"},"thumbnailUrl":"https:\/\/alimentariarrigoni.it\/wp-content\/uploads\/2022\/01\/pernand-vergelesses-belle-files-rapet.jpg","datePublished":"2022-01-31T11:36:03+00:00","dateModified":"2025-08-18T17:10:55+00:00","description":"Pernand Vergelesses Belles Filles Domaine Rapet tra la C\u00f4te de Nuits e la C\u00f4te de Beaune, ai piedi della collina di Corton.","breadcrumb":{"@id":"https:\/\/alimentariarrigoni.it\/de\/prodotto\/pernand-vergelesses-belles-filles-domaine-rapet-2019\/#breadcrumb"},"inLanguage":"de","potentialAction":[{"@type":"ReadAction","target":["https:\/\/alimentariarrigoni.it\/de\/prodotto\/pernand-vergelesses-belles-filles-domaine-rapet-2019\/"]}]},{"@type":"ImageObject","inLanguage":"de","@id":"https:\/\/alimentariarrigoni.it\/de\/prodotto\/pernand-vergelesses-belles-filles-domaine-rapet-2019\/#primaryimage","url":"https:\/\/alimentariarrigoni.it\/wp-content\/uploads\/2022\/01\/pernand-vergelesses-belle-files-rapet.jpg","contentUrl":"https:\/\/alimentariarrigoni.it\/wp-content\/uploads\/2022\/01\/pernand-vergelesses-belle-files-rapet.jpg","width":1050,"height":1050,"caption":"pernand-vergelesses-belles-files-rapet"},{"@type":"BreadcrumbList","@id":"https:\/\/alimentariarrigoni.it\/de\/prodotto\/pernand-vergelesses-belles-filles-domaine-rapet-2019\/#breadcrumb","itemListElement":[{"@type":"ListItem","position":1,"name":"Home","item":"https:\/\/alimentariarrigoni.it\/de\/"},{"@type":"ListItem","position":2,"name":"Shop","item":"https:\/\/alimentariarrigoni.it\/de\/shop\/"},{"@type":"ListItem","position":3,"name":"Pernand Vergelesses Belles Filles Domaine Rapet 2019"}]},{"@type":"WebSite","@id":"https:\/\/alimentariarrigoni.it\/de\/#website","url":"https:\/\/alimentariarrigoni.it\/de\/","name":"Alimentari Arrigoni","description":"","publisher":{"@id":"https:\/\/alimentariarrigoni.it\/de\/#organization"},"potentialAction":[{"@type":"SearchAction","target":{"@type":"EntryPoint","urlTemplate":"https:\/\/alimentariarrigoni.it\/de\/?s={search_term_string}"},"query-input":{"@type":"PropertyValueSpecification","valueRequired":true,"valueName":"search_term_string"}}],"inLanguage":"de"},{"@type":"Organization","@id":"https:\/\/alimentariarrigoni.it\/de\/#organization","name":"Alimentari dal 1894","url":"https:\/\/alimentariarrigoni.it\/de\/","logo":{"@type":"ImageObject","inLanguage":"de","@id":"https:\/\/alimentariarrigoni.it\/de\/#\/schema\/logo\/image\/","url":"https:\/\/alimentariarrigoni.it\/wp-content\/uploads\/2022\/02\/logo-mail-mod.-comp.jpg","contentUrl":"https:\/\/alimentariarrigoni.it\/wp-content\/uploads\/2022\/02\/logo-mail-mod.-comp.jpg","width":315,"height":100,"caption":"Alimentari dal 1894"},"image":{"@id":"https:\/\/alimentariarrigoni.it\/de\/#\/schema\/logo\/image\/"},"sameAs":["https:\/\/www.facebook.com\/alimentariarrigoni\/","https:\/\/www.instagram.com\/alimentariarrigoni\/"]}]}},"_links":{"self":[{"href":"https:\/\/alimentariarrigoni.it\/de\/wp-json\/wp\/v2\/product\/6878","targetHints":{"allow":["GET"]}}],"collection":[{"href":"https:\/\/alimentariarrigoni.it\/de\/wp-json\/wp\/v2\/product"}],"about":[{"href":"https:\/\/alimentariarrigoni.it\/de\/wp-json\/wp\/v2\/types\/product"}],"wp:featuredmedia":[{"embeddable":true,"href":"https:\/\/alimentariarrigoni.it\/de\/wp-json\/wp\/v2\/media\/6879"}],"wp:attachment":[{"href":"https:\/\/alimentariarrigoni.it\/de\/wp-json\/wp\/v2\/media?parent=6878"}],"wp:term":[{"taxonomy":"product_brand","embeddable":true,"href":"https:\/\/alimentariarrigoni.it\/de\/wp-json\/wp\/v2\/product_brand?post=6878"},{"taxonomy":"product_cat","embeddable":true,"href":"https:\/\/alimentariarrigoni.it\/de\/wp-json\/wp\/v2\/product_cat?post=6878"},{"taxonomy":"product_tag","embeddable":true,"href":"https:\/\/alimentariarrigoni.it\/de\/wp-json\/wp\/v2\/product_tag?post=6878"}],"curies":[{"name":"wp","href":"https:\/\/api.w.org\/{rel}","templated":true}]}}