{"id":6876,"date":"2022-01-31T12:08:33","date_gmt":"2022-01-31T11:08:33","guid":{"rendered":"https:\/\/alimentariarrigoni.it\/?post_type=product&#038;p=6876"},"modified":"2023-12-25T20:51:13","modified_gmt":"2023-12-25T19:51:13","slug":"chorey-les-beaune-vieilles-vignes-domaine-rapet-2017","status":"publish","type":"product","link":"https:\/\/alimentariarrigoni.it\/de\/prodotto\/chorey-les-beaune-vieilles-vignes-domaine-rapet-2017\/","title":{"rendered":"Chorey L\u00e8s Beaune Vieilles Vignes Domaine Rapet 2017"},"content":{"rendered":"<h1 style=\"text-align: center;\"><span style=\"font-family: 'times new roman', times, serif;\">Chorey Les Beaune Vieilles Vignes Domaine Rapet 2017<\/span><\/h1>\n<p class=\"p1\" style=\"text-align: justify;\"><span style=\"font-family: 'times new roman', times, serif; font-size: 18px;\">Il Chorey L\u00e8s Beaune \u00e8 un vino rosso di <a href=\"https:\/\/www.bourgogne-wines.com\/\">Borgogna<\/a> ancora poco conosciuto, dal comune di Chorey-les-Beaune. Il vitigno utilizzato \u00e8 il Pinot Nero.<\/span><\/p>\n<p class=\"p1\" style=\"text-align: justify;\"><span style=\"font-family: 'times new roman', times, serif; font-size: 18px;\"> Il nome Chorey deriva dal latino Canus, &#8222;Carro&#8220;. Il villaggio \u00e8 situato sulla grande strada romana da Autun a Besan\u00e7on dove negli anni venti a.C passavano molti cavalli e carri.<\/span><\/p>\n<p><img loading=\"lazy\" decoding=\"async\" class=\"aligncenter size-full wp-image-6932\" src=\"https:\/\/alimentariarrigoni.it\/wp-content\/uploads\/2022\/01\/chorey-mappa.jpg\" alt=\"\" width=\"1061\" height=\"747\" srcset=\"https:\/\/alimentariarrigoni.it\/wp-content\/uploads\/2022\/01\/chorey-mappa.jpg 1061w, https:\/\/alimentariarrigoni.it\/wp-content\/uploads\/2022\/01\/chorey-mappa-80x56.jpg 80w, https:\/\/alimentariarrigoni.it\/wp-content\/uploads\/2022\/01\/chorey-mappa-600x422.jpg 600w, https:\/\/alimentariarrigoni.it\/wp-content\/uploads\/2022\/01\/chorey-mappa-300x211.jpg 300w, https:\/\/alimentariarrigoni.it\/wp-content\/uploads\/2022\/01\/chorey-mappa-1024x721.jpg 1024w, https:\/\/alimentariarrigoni.it\/wp-content\/uploads\/2022\/01\/chorey-mappa-768x541.jpg 768w, https:\/\/alimentariarrigoni.it\/wp-content\/uploads\/2022\/01\/chorey-mappa-220x154.jpg 220w\" sizes=\"auto, (max-width: 1061px) 100vw, 1061px\" \/><\/p>\n<p class=\"p1\" style=\"text-align: justify;\"><span style=\"font-family: 'times new roman', times, serif; font-size: 18px;\"><strong>Vinificazione<\/strong>: Durante la vendemmia l&#8217;uva viene raccolta in piccole cassette per non essere schiacciata e per un&#8217;attenta cernita in cantina. Viene usato un nastro trasportatore per il riempimento dei serbatoi in modo da rispettare l&#8217;uva. La macerazione pre-fermentativa dura 15 giorni con follature del cappello, permettendo al vino di assorbire la ricchezza e il colore delle bucce prima della pigiatura. <\/span><span style=\"font-family: 'times new roman', times, serif; font-size: 18px;\">L&#8217;affinamento avviene in barriques di cui il 30 % nuove per 12 mesi. Il travaso per mezzo di un soffietto elimina la necessit\u00e0 di una pompa, intaccando cosi il meno possibile il vino. Tutti questi accorgimenti limitano il pi\u00f9 possibile la manipolazione delle uve e del vino, preservandone cos\u00ec tutta la ricchezza.<\/span><\/p>\n<p class=\"p1\" style=\"text-align: justify;\"><span style=\"font-family: 'times new roman', times, serif; font-size: 18px;\">Le radici delle vecchie viti di Chorey-Les-Beaune di Domaine Rapet affondano in profondit\u00e0 in un terreno alluvionale, marnoso, calcareo, sassoso e leggermente ferruginoso, discendente dalla C\u00f4te de <a href=\"https:\/\/alimentariarrigoni.it\/prodotto\/savigny-les-beaune-aux-fournaux-domaine-rapet-2019\/\">Savigny<\/a> e dall&#8217;Aloxe nel corso di migliaia di anni (ecco perch\u00e8 \u00e8 una delle poche eccezioni in cui la denominazione village \u00e8 permessa ad est della strada D974, l&#8217;altra celebre eccezione \u00e8 Gevrey-Chambertin).\u00a0<\/span><\/p>\n<p class=\"p1\" style=\"text-align: justify;\"><span style=\"font-family: 'times new roman', times, serif; font-size: 18px;\"><strong>Al naso:<\/strong> amarena, lampone, frutta rossa matura e marmellata di fragole, mora, cassis, sottobosco, fungo e un accenno speziato. <\/span><\/p>\n<p class=\"p1\" style=\"text-align: justify;\"><span style=\"font-family: 'times new roman', times, serif; font-size: 18px;\"><strong>In Bocca: <\/strong>possiede gi\u00e0 una buona rotondit\u00e0 che col tempo tender\u00e0 a migliorare e una struttura delicata, esaltata da tannini finissimi, quasi impercettibili. E&#8216; un vino estivo, di grande gusto e classe, soprattutto di grande interesse e quindi fascino.\u00a0<\/span><\/p>\n<p class=\"p1\" style=\"text-align: justify;\"><span style=\"font-family: 'times new roman', times, serif; font-size: 18px;\"><strong>Servizio:<\/strong> dai 14-16\u00b0C questo vino \u00e8 un Borgogna versatile. Si abbina ad antipasti caldi, pollame arrosto o carne di manzo bollita, il meglio \u00e8 con le frattaglie come rognone e fegato e perch\u00e8 no una pizza !\u00a0<\/span><\/p>\n<p><a href=\"https:\/\/alimentariarrigoni.it\/domaine-rapet\/\">Vedi Produttore\u00a0<\/a><\/p>\n","protected":false},"excerpt":{"rendered":"<p>Chorey Les Beaune Vieilles Vignes Domaine Rapet 2017 Il Chorey L\u00e8s Beaune \u00e8 un vino rosso di Borgogna ancora poco conosciuto, dal comune di Chorey-les-Beaune. Il vitigno utilizzato \u00e8 il Pinot Nero. Il nome Chorey deriva dal latino Canus, &#8222;Carro&#8220;. Il villaggio \u00e8 situato sulla grande strada romana da Autun a Besan\u00e7on dove negli anni<\/p>\n<div class=\"klb-readmore\"><a href=\"https:\/\/alimentariarrigoni.it\/de\/prodotto\/chorey-les-beaune-vieilles-vignes-domaine-rapet-2017\/\" class=\"btn\">READ MORE<\/a><\/div>\n","protected":false},"featured_media":6988,"template":"","meta":[],"product_brand":[],"product_cat":[881,887,491,840,661],"product_tag":[681,483,711,678,492,634,635,809],"class_list":{"0":"post-6876","1":"product","2":"type-product","3":"status-publish","4":"has-post-thumbnail","6":"product_cat-bourgogne-village","7":"product_cat-domaine-rapet","8":"product_cat-francia-vini","9":"product_cat-pinot-nero","10":"product_cat-vini-rossi","11":"product_tag-barrique","12":"product_tag-bourgogne","13":"product_tag-bourgogne-village","14":"product_tag-domaine-rapet","15":"product_tag-francia","16":"product_tag-pinot-nero","17":"product_tag-rapet","18":"product_tag-rossi","19":"blog_entry clearfix","21":"first","22":"instock","23":"taxable","24":"shipping-taxable","25":"purchasable","26":"product-type-simple"},"yoast_head":"<!-- This site is optimized with the Yoast SEO Premium plugin v27.3 (Yoast SEO v27.4) - https:\/\/yoast.com\/product\/yoast-seo-premium-wordpress\/ -->\n<title>Chorey Les Beaune Vieilles Vignes Domaine Rapet 2017<\/title>\n<meta name=\"description\" content=\"Chorey Les Beaune Vieilles Vignes Domaine Rapet 2017 \u00e8 un vino rosso di Borgogna ancora poco conosciuto che riserva interessanti sorprese.\" \/>\n<meta name=\"robots\" content=\"index, follow, max-snippet:-1, max-image-preview:large, max-video-preview:-1\" \/>\n<link rel=\"canonical\" href=\"https:\/\/alimentariarrigoni.it\/de\/prodotto\/chorey-les-beaune-vieilles-vignes-domaine-rapet-2017\/\" \/>\n<meta property=\"og:locale\" content=\"de_DE\" \/>\n<meta property=\"og:type\" content=\"article\" \/>\n<meta property=\"og:title\" content=\"Chorey L\u00e8s Beaune Vieilles Vignes Domaine Rapet 2017\" \/>\n<meta property=\"og:description\" content=\"Chorey Les Beaune Vieilles Vignes Domaine Rapet 2017 \u00e8 un vino rosso di Borgogna ancora poco conosciuto che riserva interessanti sorprese.\" \/>\n<meta property=\"og:url\" content=\"https:\/\/alimentariarrigoni.it\/de\/prodotto\/chorey-les-beaune-vieilles-vignes-domaine-rapet-2017\/\" \/>\n<meta property=\"og:site_name\" content=\"Alimentari Arrigoni\" \/>\n<meta property=\"article:publisher\" content=\"https:\/\/www.facebook.com\/alimentariarrigoni\/\" \/>\n<meta property=\"article:modified_time\" content=\"2023-12-25T19:51:13+00:00\" \/>\n<meta property=\"og:image\" content=\"https:\/\/alimentariarrigoni.it\/wp-content\/uploads\/2022\/01\/chorey-les-beaune-rapet-2017.jpg\" \/>\n\t<meta property=\"og:image:width\" content=\"1050\" \/>\n\t<meta property=\"og:image:height\" content=\"1050\" \/>\n\t<meta property=\"og:image:type\" content=\"image\/jpeg\" \/>\n<meta name=\"twitter:card\" content=\"summary_large_image\" \/>\n<meta name=\"twitter:label1\" content=\"Gesch\u00e4tzte Lesezeit\" \/>\n\t<meta name=\"twitter:data1\" content=\"2\u00a0Minuten\" \/>\n<script type=\"application\/ld+json\" class=\"yoast-schema-graph\">{\"@context\":\"https:\\\/\\\/schema.org\",\"@graph\":[{\"@type\":\"WebPage\",\"@id\":\"https:\\\/\\\/alimentariarrigoni.it\\\/de\\\/prodotto\\\/chorey-les-beaune-vieilles-vignes-domaine-rapet-2017\\\/\",\"url\":\"https:\\\/\\\/alimentariarrigoni.it\\\/de\\\/prodotto\\\/chorey-les-beaune-vieilles-vignes-domaine-rapet-2017\\\/\",\"name\":\"Chorey Les Beaune Vieilles Vignes Domaine Rapet 2017\",\"isPartOf\":{\"@id\":\"https:\\\/\\\/alimentariarrigoni.it\\\/de\\\/#website\"},\"primaryImageOfPage\":{\"@id\":\"https:\\\/\\\/alimentariarrigoni.it\\\/de\\\/prodotto\\\/chorey-les-beaune-vieilles-vignes-domaine-rapet-2017\\\/#primaryimage\"},\"image\":{\"@id\":\"https:\\\/\\\/alimentariarrigoni.it\\\/de\\\/prodotto\\\/chorey-les-beaune-vieilles-vignes-domaine-rapet-2017\\\/#primaryimage\"},\"thumbnailUrl\":\"https:\\\/\\\/alimentariarrigoni.it\\\/wp-content\\\/uploads\\\/2022\\\/01\\\/chorey-les-beaune-rapet-2017.jpg\",\"datePublished\":\"2022-01-31T11:08:33+00:00\",\"dateModified\":\"2023-12-25T19:51:13+00:00\",\"description\":\"Chorey Les Beaune Vieilles Vignes Domaine Rapet 2017 \u00e8 un vino rosso di Borgogna ancora poco conosciuto che riserva interessanti sorprese.\",\"breadcrumb\":{\"@id\":\"https:\\\/\\\/alimentariarrigoni.it\\\/de\\\/prodotto\\\/chorey-les-beaune-vieilles-vignes-domaine-rapet-2017\\\/#breadcrumb\"},\"inLanguage\":\"de\",\"potentialAction\":[{\"@type\":\"ReadAction\",\"target\":[\"https:\\\/\\\/alimentariarrigoni.it\\\/de\\\/prodotto\\\/chorey-les-beaune-vieilles-vignes-domaine-rapet-2017\\\/\"]}]},{\"@type\":\"ImageObject\",\"inLanguage\":\"de\",\"@id\":\"https:\\\/\\\/alimentariarrigoni.it\\\/de\\\/prodotto\\\/chorey-les-beaune-vieilles-vignes-domaine-rapet-2017\\\/#primaryimage\",\"url\":\"https:\\\/\\\/alimentariarrigoni.it\\\/wp-content\\\/uploads\\\/2022\\\/01\\\/chorey-les-beaune-rapet-2017.jpg\",\"contentUrl\":\"https:\\\/\\\/alimentariarrigoni.it\\\/wp-content\\\/uploads\\\/2022\\\/01\\\/chorey-les-beaune-rapet-2017.jpg\",\"width\":1050,\"height\":1050,\"caption\":\"chorey-les-beaune-rapet-2017\"},{\"@type\":\"BreadcrumbList\",\"@id\":\"https:\\\/\\\/alimentariarrigoni.it\\\/de\\\/prodotto\\\/chorey-les-beaune-vieilles-vignes-domaine-rapet-2017\\\/#breadcrumb\",\"itemListElement\":[{\"@type\":\"ListItem\",\"position\":1,\"name\":\"Home\",\"item\":\"https:\\\/\\\/alimentariarrigoni.it\\\/de\\\/\"},{\"@type\":\"ListItem\",\"position\":2,\"name\":\"Shop\",\"item\":\"https:\\\/\\\/alimentariarrigoni.it\\\/de\\\/shop\\\/\"},{\"@type\":\"ListItem\",\"position\":3,\"name\":\"Chorey L\u00e8s Beaune Vieilles Vignes Domaine Rapet 2017\"}]},{\"@type\":\"WebSite\",\"@id\":\"https:\\\/\\\/alimentariarrigoni.it\\\/de\\\/#website\",\"url\":\"https:\\\/\\\/alimentariarrigoni.it\\\/de\\\/\",\"name\":\"Alimentari Arrigoni\",\"description\":\"\",\"publisher\":{\"@id\":\"https:\\\/\\\/alimentariarrigoni.it\\\/de\\\/#organization\"},\"potentialAction\":[{\"@type\":\"SearchAction\",\"target\":{\"@type\":\"EntryPoint\",\"urlTemplate\":\"https:\\\/\\\/alimentariarrigoni.it\\\/de\\\/?s={search_term_string}\"},\"query-input\":{\"@type\":\"PropertyValueSpecification\",\"valueRequired\":true,\"valueName\":\"search_term_string\"}}],\"inLanguage\":\"de\"},{\"@type\":\"Organization\",\"@id\":\"https:\\\/\\\/alimentariarrigoni.it\\\/de\\\/#organization\",\"name\":\"Alimentari dal 1894\",\"url\":\"https:\\\/\\\/alimentariarrigoni.it\\\/de\\\/\",\"logo\":{\"@type\":\"ImageObject\",\"inLanguage\":\"de\",\"@id\":\"https:\\\/\\\/alimentariarrigoni.it\\\/de\\\/#\\\/schema\\\/logo\\\/image\\\/\",\"url\":\"https:\\\/\\\/alimentariarrigoni.it\\\/wp-content\\\/uploads\\\/2022\\\/02\\\/logo-mail-mod.-comp.jpg\",\"contentUrl\":\"https:\\\/\\\/alimentariarrigoni.it\\\/wp-content\\\/uploads\\\/2022\\\/02\\\/logo-mail-mod.-comp.jpg\",\"width\":315,\"height\":100,\"caption\":\"Alimentari dal 1894\"},\"image\":{\"@id\":\"https:\\\/\\\/alimentariarrigoni.it\\\/de\\\/#\\\/schema\\\/logo\\\/image\\\/\"},\"sameAs\":[\"https:\\\/\\\/www.facebook.com\\\/alimentariarrigoni\\\/\",\"https:\\\/\\\/www.instagram.com\\\/alimentariarrigoni\\\/\"]}]}<\/script>\n<!-- \/ Yoast SEO Premium plugin. -->","yoast_head_json":{"title":"Chorey Les Beaune Vieilles Vignes Domaine Rapet 2017","description":"Chorey Les Beaune Vieilles Vignes Domaine Rapet 2017 \u00e8 un vino rosso di Borgogna ancora poco conosciuto che riserva interessanti sorprese.","robots":{"index":"index","follow":"follow","max-snippet":"max-snippet:-1","max-image-preview":"max-image-preview:large","max-video-preview":"max-video-preview:-1"},"canonical":"https:\/\/alimentariarrigoni.it\/de\/prodotto\/chorey-les-beaune-vieilles-vignes-domaine-rapet-2017\/","og_locale":"de_DE","og_type":"article","og_title":"Chorey L\u00e8s Beaune Vieilles Vignes Domaine Rapet 2017","og_description":"Chorey Les Beaune Vieilles Vignes Domaine Rapet 2017 \u00e8 un vino rosso di Borgogna ancora poco conosciuto che riserva interessanti sorprese.","og_url":"https:\/\/alimentariarrigoni.it\/de\/prodotto\/chorey-les-beaune-vieilles-vignes-domaine-rapet-2017\/","og_site_name":"Alimentari Arrigoni","article_publisher":"https:\/\/www.facebook.com\/alimentariarrigoni\/","article_modified_time":"2023-12-25T19:51:13+00:00","og_image":[{"width":1050,"height":1050,"url":"https:\/\/alimentariarrigoni.it\/wp-content\/uploads\/2022\/01\/chorey-les-beaune-rapet-2017.jpg","type":"image\/jpeg"}],"twitter_card":"summary_large_image","twitter_misc":{"Gesch\u00e4tzte Lesezeit":"2\u00a0Minuten"},"schema":{"@context":"https:\/\/schema.org","@graph":[{"@type":"WebPage","@id":"https:\/\/alimentariarrigoni.it\/de\/prodotto\/chorey-les-beaune-vieilles-vignes-domaine-rapet-2017\/","url":"https:\/\/alimentariarrigoni.it\/de\/prodotto\/chorey-les-beaune-vieilles-vignes-domaine-rapet-2017\/","name":"Chorey Les Beaune Vieilles Vignes Domaine Rapet 2017","isPartOf":{"@id":"https:\/\/alimentariarrigoni.it\/de\/#website"},"primaryImageOfPage":{"@id":"https:\/\/alimentariarrigoni.it\/de\/prodotto\/chorey-les-beaune-vieilles-vignes-domaine-rapet-2017\/#primaryimage"},"image":{"@id":"https:\/\/alimentariarrigoni.it\/de\/prodotto\/chorey-les-beaune-vieilles-vignes-domaine-rapet-2017\/#primaryimage"},"thumbnailUrl":"https:\/\/alimentariarrigoni.it\/wp-content\/uploads\/2022\/01\/chorey-les-beaune-rapet-2017.jpg","datePublished":"2022-01-31T11:08:33+00:00","dateModified":"2023-12-25T19:51:13+00:00","description":"Chorey Les Beaune Vieilles Vignes Domaine Rapet 2017 \u00e8 un vino rosso di Borgogna ancora poco conosciuto che riserva interessanti sorprese.","breadcrumb":{"@id":"https:\/\/alimentariarrigoni.it\/de\/prodotto\/chorey-les-beaune-vieilles-vignes-domaine-rapet-2017\/#breadcrumb"},"inLanguage":"de","potentialAction":[{"@type":"ReadAction","target":["https:\/\/alimentariarrigoni.it\/de\/prodotto\/chorey-les-beaune-vieilles-vignes-domaine-rapet-2017\/"]}]},{"@type":"ImageObject","inLanguage":"de","@id":"https:\/\/alimentariarrigoni.it\/de\/prodotto\/chorey-les-beaune-vieilles-vignes-domaine-rapet-2017\/#primaryimage","url":"https:\/\/alimentariarrigoni.it\/wp-content\/uploads\/2022\/01\/chorey-les-beaune-rapet-2017.jpg","contentUrl":"https:\/\/alimentariarrigoni.it\/wp-content\/uploads\/2022\/01\/chorey-les-beaune-rapet-2017.jpg","width":1050,"height":1050,"caption":"chorey-les-beaune-rapet-2017"},{"@type":"BreadcrumbList","@id":"https:\/\/alimentariarrigoni.it\/de\/prodotto\/chorey-les-beaune-vieilles-vignes-domaine-rapet-2017\/#breadcrumb","itemListElement":[{"@type":"ListItem","position":1,"name":"Home","item":"https:\/\/alimentariarrigoni.it\/de\/"},{"@type":"ListItem","position":2,"name":"Shop","item":"https:\/\/alimentariarrigoni.it\/de\/shop\/"},{"@type":"ListItem","position":3,"name":"Chorey L\u00e8s Beaune Vieilles Vignes Domaine Rapet 2017"}]},{"@type":"WebSite","@id":"https:\/\/alimentariarrigoni.it\/de\/#website","url":"https:\/\/alimentariarrigoni.it\/de\/","name":"Alimentari Arrigoni","description":"","publisher":{"@id":"https:\/\/alimentariarrigoni.it\/de\/#organization"},"potentialAction":[{"@type":"SearchAction","target":{"@type":"EntryPoint","urlTemplate":"https:\/\/alimentariarrigoni.it\/de\/?s={search_term_string}"},"query-input":{"@type":"PropertyValueSpecification","valueRequired":true,"valueName":"search_term_string"}}],"inLanguage":"de"},{"@type":"Organization","@id":"https:\/\/alimentariarrigoni.it\/de\/#organization","name":"Alimentari dal 1894","url":"https:\/\/alimentariarrigoni.it\/de\/","logo":{"@type":"ImageObject","inLanguage":"de","@id":"https:\/\/alimentariarrigoni.it\/de\/#\/schema\/logo\/image\/","url":"https:\/\/alimentariarrigoni.it\/wp-content\/uploads\/2022\/02\/logo-mail-mod.-comp.jpg","contentUrl":"https:\/\/alimentariarrigoni.it\/wp-content\/uploads\/2022\/02\/logo-mail-mod.-comp.jpg","width":315,"height":100,"caption":"Alimentari dal 1894"},"image":{"@id":"https:\/\/alimentariarrigoni.it\/de\/#\/schema\/logo\/image\/"},"sameAs":["https:\/\/www.facebook.com\/alimentariarrigoni\/","https:\/\/www.instagram.com\/alimentariarrigoni\/"]}]}},"_links":{"self":[{"href":"https:\/\/alimentariarrigoni.it\/de\/wp-json\/wp\/v2\/product\/6876","targetHints":{"allow":["GET"]}}],"collection":[{"href":"https:\/\/alimentariarrigoni.it\/de\/wp-json\/wp\/v2\/product"}],"about":[{"href":"https:\/\/alimentariarrigoni.it\/de\/wp-json\/wp\/v2\/types\/product"}],"wp:featuredmedia":[{"embeddable":true,"href":"https:\/\/alimentariarrigoni.it\/de\/wp-json\/wp\/v2\/media\/6988"}],"wp:attachment":[{"href":"https:\/\/alimentariarrigoni.it\/de\/wp-json\/wp\/v2\/media?parent=6876"}],"wp:term":[{"taxonomy":"product_brand","embeddable":true,"href":"https:\/\/alimentariarrigoni.it\/de\/wp-json\/wp\/v2\/product_brand?post=6876"},{"taxonomy":"product_cat","embeddable":true,"href":"https:\/\/alimentariarrigoni.it\/de\/wp-json\/wp\/v2\/product_cat?post=6876"},{"taxonomy":"product_tag","embeddable":true,"href":"https:\/\/alimentariarrigoni.it\/de\/wp-json\/wp\/v2\/product_tag?post=6876"}],"curies":[{"name":"wp","href":"https:\/\/api.w.org\/{rel}","templated":true}]}}