{"id":6873,"date":"2022-01-31T12:36:50","date_gmt":"2022-01-31T11:36:50","guid":{"rendered":"https:\/\/alimentariarrigoni.it\/?post_type=product&#038;p=6873"},"modified":"2024-12-23T16:44:12","modified_gmt":"2024-12-23T15:44:12","slug":"savigny-les-beaune-aux-fournaux-domaine-rapet-2019","status":"publish","type":"product","link":"https:\/\/alimentariarrigoni.it\/de\/prodotto\/savigny-les-beaune-aux-fournaux-domaine-rapet-2019\/","title":{"rendered":"Savigny L\u00e8s Beaune Aux Fournaux Domaine Rapet 2019"},"content":{"rendered":"<div class=\"wpb-content-wrapper\"><p>[vc_row][vc_column width=&#8220;1\/2&#8243;][vc_column_text]<\/p>\n<h1 style=\"text-align: center;\"><span style=\"font-family: 'times new roman', times, serif;\">Savigny L\u00e8s Beaune Aux Fournaux Domaine Rapet 2019<\/span><\/h1>\n<p class=\"p1\" style=\"text-align: justify;\"><span style=\"font-family: 'times new roman', times, serif; font-size: 18px;\">Il Savigny L\u00e8s Beaune Aux Fournaux Domaine Rapet 2019 \u00e8 un grande vino rosso di Borgogna del comune di Savigny-L\u00e8s-Beaune d<\/span><span style=\"font-family: 'times new roman', times, serif; font-size: 18px;\">a un vigneto di <a href=\"https:\/\/www.bourgogne-wines.com\/\">Pinot Nero<\/a> che ha pi\u00f9 di 50 anni.<\/span><br \/>\n<span style=\"font-family: 'times new roman', times, serif; font-size: 18px;\">Aux Fournaux \u00e8 la propaggine meridionale della parcella Premier Cru &#8222;Les Vergelesses&#8220;, uno dei Premier Cru pi\u00f9 importanti di <a href=\"https:\/\/alimentariarrigoni.it\/prodotto\/pernand-vergelesses-belles-filles-domaine-rapet-2019\/\">Pernand Vergelesses<\/a>; tuttavia a differenza di quella, Aux Fornaux \u00e8 classificata Premier Cru solo nella sua met\u00e0 pi\u00f9 alta tra i 242 e 263 m. Erano qui presenti forni a carbone, dei quali sono stati trovati reperti; di qui il nome. <a href=\"https:\/\/alimentariarrigoni.it\/domaine-rapet\/\">Vedi Produttore<\/a><\/span><\/p>\n<p><img loading=\"lazy\" decoding=\"async\" class=\"aligncenter size-full wp-image-6875\" src=\"https:\/\/alimentariarrigoni.it\/wp-content\/uploads\/2022\/01\/vigneto-savigny-rapet.jpg\" alt=\"\" width=\"799\" height=\"597\" srcset=\"https:\/\/alimentariarrigoni.it\/wp-content\/uploads\/2022\/01\/vigneto-savigny-rapet.jpg 799w, https:\/\/alimentariarrigoni.it\/wp-content\/uploads\/2022\/01\/vigneto-savigny-rapet-80x60.jpg 80w, https:\/\/alimentariarrigoni.it\/wp-content\/uploads\/2022\/01\/vigneto-savigny-rapet-600x448.jpg 600w, https:\/\/alimentariarrigoni.it\/wp-content\/uploads\/2022\/01\/vigneto-savigny-rapet-300x224.jpg 300w, https:\/\/alimentariarrigoni.it\/wp-content\/uploads\/2022\/01\/vigneto-savigny-rapet-768x574.jpg 768w\" sizes=\"auto, (max-width: 799px) 100vw, 799px\" \/>[\/vc_column_text][vc_empty_space][vc_column_text]<\/p>\n<p style=\"text-align: justify;\"><span style=\"font-size: 18px; font-family: 'times new roman', times, serif;\"><strong>Rapet<\/strong> e\u0300 una delle famiglie piu\u0300 antiche della Co\u0302te d&#8217;Or ed il loro Domaine risale al 1765.<\/span><br \/>\n<span style=\"font-size: 18px; font-family: 'times new roman', times, serif;\">L&#8217;azienda e\u0300 ora condotta da Vincent Rapet e sua moglie Sylvette che gestiscono 20 ha a <a href=\"https:\/\/alimentariarrigoni.it\/prodotto\/pernand-vergelesses-belles-filles-domaine-rapet-2019\/\">Pernand-Vergelesses<\/a> e villages limitrofi&#8230; <a href=\"https:\/\/alimentariarrigoni.it\/domaine-rapet\/\">Vedi produttore<\/a><\/span><\/p>\n<p>[\/vc_column_text][\/vc_column][vc_column width=&#8220;1\/2&#8243;][vc_video link=&#8220;https:\/\/www.youtube.com\/watch?v=GefmmUOz6Co&amp;t=1s&#8220; align=&#8220;center&#8220;][vc_empty_space][vc_column_text]<\/p>\n<p class=\"p1\" style=\"text-align: justify;\"><span style=\"font-family: 'times new roman', times, serif; font-size: 18px;\"><strong>Vinificazione<\/strong>: durante la vendemmia l&#8217;uva viene trasportata in piccole cassette per non essere schiacciata e per un&#8217;accurata cernita in cantina, inoltre permette di ottenere vini fruttati, ricchi di tannini eleganti e ben amalgamati, che \u00e8 il segno dell&#8217;uva ben matura. In cantina un nastro trasportatore permette di riempire i serbatoi senza danneggiare l&#8217;uva. La macerazione pre-fermentativa dura 15 giorni con follature del cappello, permettendo al vino di assorbire la ricchezza e il colore delle bucce prima della pigiatura.\u00a0 L&#8217;affinamento avviene in botti di cui il 20 % nuove e dura 12 mesi. Il travaso per mezzo di un soffietto elimina la necessit\u00e0 di una pompa. Tutti questi accorgimenti limitano il pi\u00f9 possibile la manipolazione delle uve e del vino preservandone tutta la ricchezza.<\/span><\/p>\n<p><span style=\"font-size: 18px; font-family: 'times new roman', times, serif;\"><strong>Alcol: <\/strong>13,5% vol.<\/span><\/p>\n<p class=\"p1\"><span style=\"font-family: 'times new roman', times, serif; font-size: 18px;\"><strong>Al naso:<\/strong> elegante, abbastanza intenso, caratterizzato da un bouquet di piccoli frutti rossi e neri (ribes nero, ciliegia, lampone) e fiori (viola) per poi sviluppare successivamente note di sottobosco dopo alcuni anni.<\/span><\/p>\n<p class=\"p1\"><span style=\"font-family: 'times new roman', times, serif; font-size: 18px;\"><strong>In bocca:<\/strong> delicato con tannini discreti.<\/span><\/p>\n<p class=\"p1\" style=\"text-align: justify;\"><span style=\"font-family: 'times new roman', times, serif; font-size: 18px;\"><strong>Servizio: <\/strong>adatto a tagli di manzo importanti o persino foie gras. Con un pollo arrosto croccante, la carnosit\u00e0 del vino compenserebbe una certa secchezza nella carne fibrosa del pollo e allo stesso modo sosterrebbe piatti di pollame pi\u00f9 aromatici (glassati o caramellati). <\/span><span style=\"font-family: 'times new roman', times, serif; font-size: 18px;\">Per i formaggi, starebbe meglio con tipi dal sapore pi\u00f9 dolce come Chaource, Brie de Meaux, Tomme, Reblochon, Cantal, Mont d&#8217;Or, \u00c9poisses. Temperatura di servizio a 15\u00b0C<\/span><\/p>\n<p>&nbsp;<\/p>\n<p>[\/vc_column_text][vc_empty_space][\/vc_column][\/vc_row]<\/p>\n<\/div>","protected":false},"excerpt":{"rendered":"<p>[vc_row][vc_column width=&#8220;1\/2&#8243;][vc_column_text] Savigny L\u00e8s Beaune Aux Fournaux Domaine Rapet 2019 Il Savigny L\u00e8s Beaune Aux Fournaux Domaine Rapet 2019 \u00e8 un grande vino rosso di Borgogna del comune di Savigny-L\u00e8s-Beaune da un vigneto di Pinot Nero che ha pi\u00f9 di 50 anni. Aux Fournaux \u00e8 la propaggine meridionale della parcella Premier Cru &#8222;Les Vergelesses&#8220;, uno<\/p>\n<div class=\"klb-readmore\"><a href=\"https:\/\/alimentariarrigoni.it\/de\/prodotto\/savigny-les-beaune-aux-fournaux-domaine-rapet-2019\/\" class=\"btn\">READ MORE<\/a><\/div>\n","protected":false},"featured_media":6874,"template":"","meta":[],"product_brand":[],"product_cat":[881,887,491,840,661],"product_tag":[681,483,711,678,492,634,494,635,809],"class_list":{"0":"post-6873","1":"product","2":"type-product","3":"status-publish","4":"has-post-thumbnail","6":"product_cat-bourgogne-village","7":"product_cat-domaine-rapet","8":"product_cat-francia-vini","9":"product_cat-pinot-nero","10":"product_cat-vini-rossi","11":"product_tag-barrique","12":"product_tag-bourgogne","13":"product_tag-bourgogne-village","14":"product_tag-domaine-rapet","15":"product_tag-francia","16":"product_tag-pinot-nero","17":"product_tag-pinot-noir","18":"product_tag-rapet","19":"product_tag-rossi","20":"blog_entry clearfix","22":"first","23":"instock","24":"taxable","25":"shipping-taxable","26":"purchasable","27":"product-type-simple"},"yoast_head":"<!-- This site is optimized with the Yoast SEO Premium plugin v27.3 (Yoast SEO v27.4) - https:\/\/yoast.com\/product\/yoast-seo-premium-wordpress\/ -->\n<title>Savigny L\u00e8s Beaune Aux Fournaux Domaine Rapet 2019<\/title>\n<meta name=\"description\" content=\"Savigny L\u00e8s Beaune Aux Fournaux Domaine Rapet. Pinot Nero di oltre 50 anni, propaggine meridionale della omonima parcella Premier Cru.\" \/>\n<meta name=\"robots\" content=\"index, follow, max-snippet:-1, max-image-preview:large, max-video-preview:-1\" \/>\n<link rel=\"canonical\" href=\"https:\/\/alimentariarrigoni.it\/de\/prodotto\/savigny-les-beaune-aux-fournaux-domaine-rapet-2019\/\" \/>\n<meta property=\"og:locale\" content=\"de_DE\" \/>\n<meta property=\"og:type\" content=\"article\" \/>\n<meta property=\"og:title\" content=\"Savigny L\u00e8s Beaune Aux Fournaux Domaine Rapet 2019\" \/>\n<meta property=\"og:description\" content=\"Savigny L\u00e8s Beaune Aux Fournaux Domaine Rapet. Pinot Nero di oltre 50 anni, propaggine meridionale della omonima parcella Premier Cru.\" \/>\n<meta property=\"og:url\" content=\"https:\/\/alimentariarrigoni.it\/de\/prodotto\/savigny-les-beaune-aux-fournaux-domaine-rapet-2019\/\" \/>\n<meta property=\"og:site_name\" content=\"Alimentari Arrigoni\" \/>\n<meta property=\"article:publisher\" content=\"https:\/\/www.facebook.com\/alimentariarrigoni\/\" \/>\n<meta property=\"article:modified_time\" content=\"2024-12-23T15:44:12+00:00\" \/>\n<meta property=\"og:image\" content=\"https:\/\/alimentariarrigoni.it\/wp-content\/uploads\/2022\/01\/Savigny-les-beaune-rapet.jpg\" \/>\n\t<meta property=\"og:image:width\" content=\"1050\" \/>\n\t<meta property=\"og:image:height\" content=\"1050\" \/>\n\t<meta property=\"og:image:type\" content=\"image\/jpeg\" \/>\n<meta name=\"twitter:card\" content=\"summary_large_image\" \/>\n<meta name=\"twitter:label1\" content=\"Gesch\u00e4tzte Lesezeit\" \/>\n\t<meta name=\"twitter:data1\" content=\"3\u00a0Minuten\" \/>\n<script type=\"application\/ld+json\" class=\"yoast-schema-graph\">{\"@context\":\"https:\\\/\\\/schema.org\",\"@graph\":[{\"@type\":\"WebPage\",\"@id\":\"https:\\\/\\\/alimentariarrigoni.it\\\/de\\\/prodotto\\\/savigny-les-beaune-aux-fournaux-domaine-rapet-2019\\\/\",\"url\":\"https:\\\/\\\/alimentariarrigoni.it\\\/de\\\/prodotto\\\/savigny-les-beaune-aux-fournaux-domaine-rapet-2019\\\/\",\"name\":\"Savigny L\u00e8s Beaune Aux Fournaux Domaine Rapet 2019\",\"isPartOf\":{\"@id\":\"https:\\\/\\\/alimentariarrigoni.it\\\/de\\\/#website\"},\"primaryImageOfPage\":{\"@id\":\"https:\\\/\\\/alimentariarrigoni.it\\\/de\\\/prodotto\\\/savigny-les-beaune-aux-fournaux-domaine-rapet-2019\\\/#primaryimage\"},\"image\":{\"@id\":\"https:\\\/\\\/alimentariarrigoni.it\\\/de\\\/prodotto\\\/savigny-les-beaune-aux-fournaux-domaine-rapet-2019\\\/#primaryimage\"},\"thumbnailUrl\":\"https:\\\/\\\/alimentariarrigoni.it\\\/wp-content\\\/uploads\\\/2022\\\/01\\\/Savigny-les-beaune-rapet.jpg\",\"datePublished\":\"2022-01-31T11:36:50+00:00\",\"dateModified\":\"2024-12-23T15:44:12+00:00\",\"description\":\"Savigny L\u00e8s Beaune Aux Fournaux Domaine Rapet. Pinot Nero di oltre 50 anni, propaggine meridionale della omonima parcella Premier Cru.\",\"breadcrumb\":{\"@id\":\"https:\\\/\\\/alimentariarrigoni.it\\\/de\\\/prodotto\\\/savigny-les-beaune-aux-fournaux-domaine-rapet-2019\\\/#breadcrumb\"},\"inLanguage\":\"de\",\"potentialAction\":[{\"@type\":\"ReadAction\",\"target\":[\"https:\\\/\\\/alimentariarrigoni.it\\\/de\\\/prodotto\\\/savigny-les-beaune-aux-fournaux-domaine-rapet-2019\\\/\"]}]},{\"@type\":\"ImageObject\",\"inLanguage\":\"de\",\"@id\":\"https:\\\/\\\/alimentariarrigoni.it\\\/de\\\/prodotto\\\/savigny-les-beaune-aux-fournaux-domaine-rapet-2019\\\/#primaryimage\",\"url\":\"https:\\\/\\\/alimentariarrigoni.it\\\/wp-content\\\/uploads\\\/2022\\\/01\\\/Savigny-les-beaune-rapet.jpg\",\"contentUrl\":\"https:\\\/\\\/alimentariarrigoni.it\\\/wp-content\\\/uploads\\\/2022\\\/01\\\/Savigny-les-beaune-rapet.jpg\",\"width\":1050,\"height\":1050,\"caption\":\"Savigny-les-beaune-rapet\"},{\"@type\":\"BreadcrumbList\",\"@id\":\"https:\\\/\\\/alimentariarrigoni.it\\\/de\\\/prodotto\\\/savigny-les-beaune-aux-fournaux-domaine-rapet-2019\\\/#breadcrumb\",\"itemListElement\":[{\"@type\":\"ListItem\",\"position\":1,\"name\":\"Home\",\"item\":\"https:\\\/\\\/alimentariarrigoni.it\\\/de\\\/\"},{\"@type\":\"ListItem\",\"position\":2,\"name\":\"Shop\",\"item\":\"https:\\\/\\\/alimentariarrigoni.it\\\/de\\\/shop\\\/\"},{\"@type\":\"ListItem\",\"position\":3,\"name\":\"Savigny L\u00e8s Beaune Aux Fournaux Domaine Rapet 2019\"}]},{\"@type\":\"WebSite\",\"@id\":\"https:\\\/\\\/alimentariarrigoni.it\\\/de\\\/#website\",\"url\":\"https:\\\/\\\/alimentariarrigoni.it\\\/de\\\/\",\"name\":\"Alimentari Arrigoni\",\"description\":\"\",\"publisher\":{\"@id\":\"https:\\\/\\\/alimentariarrigoni.it\\\/de\\\/#organization\"},\"potentialAction\":[{\"@type\":\"SearchAction\",\"target\":{\"@type\":\"EntryPoint\",\"urlTemplate\":\"https:\\\/\\\/alimentariarrigoni.it\\\/de\\\/?s={search_term_string}\"},\"query-input\":{\"@type\":\"PropertyValueSpecification\",\"valueRequired\":true,\"valueName\":\"search_term_string\"}}],\"inLanguage\":\"de\"},{\"@type\":\"Organization\",\"@id\":\"https:\\\/\\\/alimentariarrigoni.it\\\/de\\\/#organization\",\"name\":\"Alimentari dal 1894\",\"url\":\"https:\\\/\\\/alimentariarrigoni.it\\\/de\\\/\",\"logo\":{\"@type\":\"ImageObject\",\"inLanguage\":\"de\",\"@id\":\"https:\\\/\\\/alimentariarrigoni.it\\\/de\\\/#\\\/schema\\\/logo\\\/image\\\/\",\"url\":\"https:\\\/\\\/alimentariarrigoni.it\\\/wp-content\\\/uploads\\\/2022\\\/02\\\/logo-mail-mod.-comp.jpg\",\"contentUrl\":\"https:\\\/\\\/alimentariarrigoni.it\\\/wp-content\\\/uploads\\\/2022\\\/02\\\/logo-mail-mod.-comp.jpg\",\"width\":315,\"height\":100,\"caption\":\"Alimentari dal 1894\"},\"image\":{\"@id\":\"https:\\\/\\\/alimentariarrigoni.it\\\/de\\\/#\\\/schema\\\/logo\\\/image\\\/\"},\"sameAs\":[\"https:\\\/\\\/www.facebook.com\\\/alimentariarrigoni\\\/\",\"https:\\\/\\\/www.instagram.com\\\/alimentariarrigoni\\\/\"]}]}<\/script>\n<!-- \/ Yoast SEO Premium plugin. -->","yoast_head_json":{"title":"Savigny L\u00e8s Beaune Aux Fournaux Domaine Rapet 2019","description":"Savigny L\u00e8s Beaune Aux Fournaux Domaine Rapet. Pinot Nero di oltre 50 anni, propaggine meridionale della omonima parcella Premier Cru.","robots":{"index":"index","follow":"follow","max-snippet":"max-snippet:-1","max-image-preview":"max-image-preview:large","max-video-preview":"max-video-preview:-1"},"canonical":"https:\/\/alimentariarrigoni.it\/de\/prodotto\/savigny-les-beaune-aux-fournaux-domaine-rapet-2019\/","og_locale":"de_DE","og_type":"article","og_title":"Savigny L\u00e8s Beaune Aux Fournaux Domaine Rapet 2019","og_description":"Savigny L\u00e8s Beaune Aux Fournaux Domaine Rapet. Pinot Nero di oltre 50 anni, propaggine meridionale della omonima parcella Premier Cru.","og_url":"https:\/\/alimentariarrigoni.it\/de\/prodotto\/savigny-les-beaune-aux-fournaux-domaine-rapet-2019\/","og_site_name":"Alimentari Arrigoni","article_publisher":"https:\/\/www.facebook.com\/alimentariarrigoni\/","article_modified_time":"2024-12-23T15:44:12+00:00","og_image":[{"width":1050,"height":1050,"url":"https:\/\/alimentariarrigoni.it\/wp-content\/uploads\/2022\/01\/Savigny-les-beaune-rapet.jpg","type":"image\/jpeg"}],"twitter_card":"summary_large_image","twitter_misc":{"Gesch\u00e4tzte Lesezeit":"3\u00a0Minuten"},"schema":{"@context":"https:\/\/schema.org","@graph":[{"@type":"WebPage","@id":"https:\/\/alimentariarrigoni.it\/de\/prodotto\/savigny-les-beaune-aux-fournaux-domaine-rapet-2019\/","url":"https:\/\/alimentariarrigoni.it\/de\/prodotto\/savigny-les-beaune-aux-fournaux-domaine-rapet-2019\/","name":"Savigny L\u00e8s Beaune Aux Fournaux Domaine Rapet 2019","isPartOf":{"@id":"https:\/\/alimentariarrigoni.it\/de\/#website"},"primaryImageOfPage":{"@id":"https:\/\/alimentariarrigoni.it\/de\/prodotto\/savigny-les-beaune-aux-fournaux-domaine-rapet-2019\/#primaryimage"},"image":{"@id":"https:\/\/alimentariarrigoni.it\/de\/prodotto\/savigny-les-beaune-aux-fournaux-domaine-rapet-2019\/#primaryimage"},"thumbnailUrl":"https:\/\/alimentariarrigoni.it\/wp-content\/uploads\/2022\/01\/Savigny-les-beaune-rapet.jpg","datePublished":"2022-01-31T11:36:50+00:00","dateModified":"2024-12-23T15:44:12+00:00","description":"Savigny L\u00e8s Beaune Aux Fournaux Domaine Rapet. Pinot Nero di oltre 50 anni, propaggine meridionale della omonima parcella Premier Cru.","breadcrumb":{"@id":"https:\/\/alimentariarrigoni.it\/de\/prodotto\/savigny-les-beaune-aux-fournaux-domaine-rapet-2019\/#breadcrumb"},"inLanguage":"de","potentialAction":[{"@type":"ReadAction","target":["https:\/\/alimentariarrigoni.it\/de\/prodotto\/savigny-les-beaune-aux-fournaux-domaine-rapet-2019\/"]}]},{"@type":"ImageObject","inLanguage":"de","@id":"https:\/\/alimentariarrigoni.it\/de\/prodotto\/savigny-les-beaune-aux-fournaux-domaine-rapet-2019\/#primaryimage","url":"https:\/\/alimentariarrigoni.it\/wp-content\/uploads\/2022\/01\/Savigny-les-beaune-rapet.jpg","contentUrl":"https:\/\/alimentariarrigoni.it\/wp-content\/uploads\/2022\/01\/Savigny-les-beaune-rapet.jpg","width":1050,"height":1050,"caption":"Savigny-les-beaune-rapet"},{"@type":"BreadcrumbList","@id":"https:\/\/alimentariarrigoni.it\/de\/prodotto\/savigny-les-beaune-aux-fournaux-domaine-rapet-2019\/#breadcrumb","itemListElement":[{"@type":"ListItem","position":1,"name":"Home","item":"https:\/\/alimentariarrigoni.it\/de\/"},{"@type":"ListItem","position":2,"name":"Shop","item":"https:\/\/alimentariarrigoni.it\/de\/shop\/"},{"@type":"ListItem","position":3,"name":"Savigny L\u00e8s Beaune Aux Fournaux Domaine Rapet 2019"}]},{"@type":"WebSite","@id":"https:\/\/alimentariarrigoni.it\/de\/#website","url":"https:\/\/alimentariarrigoni.it\/de\/","name":"Alimentari Arrigoni","description":"","publisher":{"@id":"https:\/\/alimentariarrigoni.it\/de\/#organization"},"potentialAction":[{"@type":"SearchAction","target":{"@type":"EntryPoint","urlTemplate":"https:\/\/alimentariarrigoni.it\/de\/?s={search_term_string}"},"query-input":{"@type":"PropertyValueSpecification","valueRequired":true,"valueName":"search_term_string"}}],"inLanguage":"de"},{"@type":"Organization","@id":"https:\/\/alimentariarrigoni.it\/de\/#organization","name":"Alimentari dal 1894","url":"https:\/\/alimentariarrigoni.it\/de\/","logo":{"@type":"ImageObject","inLanguage":"de","@id":"https:\/\/alimentariarrigoni.it\/de\/#\/schema\/logo\/image\/","url":"https:\/\/alimentariarrigoni.it\/wp-content\/uploads\/2022\/02\/logo-mail-mod.-comp.jpg","contentUrl":"https:\/\/alimentariarrigoni.it\/wp-content\/uploads\/2022\/02\/logo-mail-mod.-comp.jpg","width":315,"height":100,"caption":"Alimentari dal 1894"},"image":{"@id":"https:\/\/alimentariarrigoni.it\/de\/#\/schema\/logo\/image\/"},"sameAs":["https:\/\/www.facebook.com\/alimentariarrigoni\/","https:\/\/www.instagram.com\/alimentariarrigoni\/"]}]}},"_links":{"self":[{"href":"https:\/\/alimentariarrigoni.it\/de\/wp-json\/wp\/v2\/product\/6873","targetHints":{"allow":["GET"]}}],"collection":[{"href":"https:\/\/alimentariarrigoni.it\/de\/wp-json\/wp\/v2\/product"}],"about":[{"href":"https:\/\/alimentariarrigoni.it\/de\/wp-json\/wp\/v2\/types\/product"}],"wp:featuredmedia":[{"embeddable":true,"href":"https:\/\/alimentariarrigoni.it\/de\/wp-json\/wp\/v2\/media\/6874"}],"wp:attachment":[{"href":"https:\/\/alimentariarrigoni.it\/de\/wp-json\/wp\/v2\/media?parent=6873"}],"wp:term":[{"taxonomy":"product_brand","embeddable":true,"href":"https:\/\/alimentariarrigoni.it\/de\/wp-json\/wp\/v2\/product_brand?post=6873"},{"taxonomy":"product_cat","embeddable":true,"href":"https:\/\/alimentariarrigoni.it\/de\/wp-json\/wp\/v2\/product_cat?post=6873"},{"taxonomy":"product_tag","embeddable":true,"href":"https:\/\/alimentariarrigoni.it\/de\/wp-json\/wp\/v2\/product_tag?post=6873"}],"curies":[{"name":"wp","href":"https:\/\/api.w.org\/{rel}","templated":true}]}}