{"id":3162,"date":"2021-09-12T09:17:56","date_gmt":"2021-09-12T07:17:56","guid":{"rendered":"https:\/\/yard.sitowp.com\/alimentariarrigoni\/prodotto\/cuore-bianco-gregorio-fattoria-cabanon-2020\/"},"modified":"2026-02-24T10:25:21","modified_gmt":"2026-02-24T09:25:21","slug":"cuore-bianco-gregorio-fattoria-cabanon-2023","status":"publish","type":"product","link":"https:\/\/alimentariarrigoni.it\/de\/prodotto\/cuore-bianco-gregorio-fattoria-cabanon-2023\/","title":{"rendered":"Cuore Bianco Gregorio Fattoria Cabanon 2023"},"content":{"rendered":"<div class=\"wpb-content-wrapper\"><p>[vc_row][vc_column width=&#8220;5\/12&#8243;][vc_column_text]<\/p>\n<h2 style=\"text-align: justify;\"><span style=\"font-size: 18px; font-family: georgia, palatino, serif;\"><strong>GODIASCO SALICE TERME<\/strong><\/span><\/h2>\n<p style=\"text-align: justify;\"><span style=\"font-size: 16px; font-family: georgia, palatino, serif;\"><em>Elena Mercandelli racconta:\u00a0\u00a0\u201cQuando mio padre inizi\u00f2, l\u2019Oltrep\u00f2 Pavese non era per nulla rappresentato nella nostra zona (Godiasco e dintorni) e venivamo spesso derisi da coloro che rappresentavano il classico Oltrep\u00f2. Consideravano, la nostra, una collina troppo impervia e scarna; forse non sono mai esistiti veri motivi per denigrare, ma per il solo fatto che non c\u2019era mai stato nulla e che il cuore dell\u2019Oltrep\u00f2 si trovava dalla parte opposta. Pap\u00e0 ebbe anche l\u2019intuito del \u201cbio\u201d molti anni prima che la Comunit\u00e0 europea ne stilasse il decalogo e la Legge costitutiva; vivere in modo sano, senza inquinare e mangiando e bevendo cose genuine. Io ero una bambina quando pap\u00e0 inizi\u00f2; insieme a lui ed alle sue idee ed ai suoi sogni sono cresciuta. Lo capivo pap\u00e0. Da lui ho imparato (fermo restando che moltissimo ancora devo imparare e che mai si pu\u00f2 finire di farlo)le basi del nostro lavoro ed i principi essenziali e tante sfumature&#8220;.<\/em><\/span><\/p>\n<p>[\/vc_column_text][vc_empty_space][vc_single_image image=&#8220;827&#8243; img_size=&#8220;large&#8220;][vc_empty_space][vc_column_text]<\/p>\n<p style=\"text-align: justify;\"><span style=\"font-family: georgia, palatino, serif; font-size: 16px;\">Godiasco \u00e8 dislocato geograficamente come <strong>\u201c<i>terra di confine<\/i>\u201d<\/strong> con il Piemonte. Ha caratteristiche geologiche con suoli <strong>argilosi-calcarei, scheletrici e ben drenanti<\/strong> e caratteristiche climatiche\u00a0 sensibilmente differenti dal resto della virtuale patria\u00a0 dell\u2019Oltrep\u00f2 Pavese, e sono proprio esse, principalmente, a donare\u00a0 distinzione e unicit\u00e0 ai\u00a0 vini di Fattoria Cabanon.\u00a0<\/span><\/p>\n<p style=\"text-align: justify;\"><span style=\"font-family: georgia, palatino, serif; font-size: 16px;\">I vigneti di Cabanon sono tutti vecchi, di almeno 40 anni e producono poco, ma di elevata qualit\u00e0. Le rese per ettaro sono molto basse al di sotto dei <strong>45 quintali<\/strong> per ettaro e rese ancora minori in vino, ben al di sotto di quelle previste dal disciplinare di produzione dell&#8217;Oltrepo Pavese DOC\u00a0 che consente anche oltre 100 quintali per ettaro.\u00a0 Fattoria Cabanon ha deciso di uscire dalle DOC dell&#8217;Oltrepo Pavese e di utilizzare la generica Provincia di Pavia IGT o addirittura Vino da Tavola perch\u00e8 non condivideva pi\u00f9 le scelte e le direttive del Consorzio di Tutela.\u00a0<\/span><\/p>\n<p>[\/vc_column_text][\/vc_column][vc_column width=&#8220;3\/6&#8243;][vc_column_text]<\/p>\n<h1 style=\"text-align: justify;\"><span style=\"font-size: 18px; font-family: georgia, palatino, serif;\"><strong>DESCRIZIONE CUORE BIANCO GREGORIO FATTORIA CABANON 2023<\/strong><\/span><\/h1>\n<p class=\"p1\" style=\"text-align: justify;\"><span style=\"font-family: georgia, palatino, serif; font-size: 16px;\">Dedicato a Gregorio, il figlio di Elena la titolare di Fattoria <a href=\"https:\/\/alimentariarrigoni.it\/fattoria-cabanon\/\">Cabanon<\/a>. Questa \u00e8 la prima uscita di questo vino, diventer\u00e0 un classico come il <a href=\"https:\/\/alimentariarrigoni.it\/prodotto\/cuoredivino-la-botte-18-fattoria-cabanon-2018\/\">Cuoredivino<\/a> La botte 18.<\/span><\/p>\n<p class=\"p1\" style=\"text-align: justify;\"><span style=\"font-family: georgia, palatino, serif; font-size: 16px;\">Il Sauvignon gli dona l&#8217;intenso profumo, poi l&#8217;avvolgenza dello Chardonnay e <a href=\"https:\/\/alimentariarrigoni.it\/prodotto\/cavaliere-grigio-pinot-grigio-fattoria-cabanon\/\">Pinot Grigio<\/a>. Freschezza con note dolci, erbe aromatiche, fiori, molto balsamico.<\/span><\/p>\n<p>[\/vc_column_text][vc_empty_space][vc_single_image image=&#8220;7570&#8243; img_size=&#8220;full&#8220;][vc_empty_space][vc_column_text]<\/p>\n<h3 style=\"text-align: justify;\"><span style=\"font-family: georgia, palatino, serif; font-size: 18px;\"><strong>FATTORIA CABANON\u00a0<\/strong><\/span><\/h3>\n<p style=\"text-align: justify;\"><span style=\"font-family: georgia, palatino, serif; font-size: 16px;\">L\u2019azienda vanta da sempre una tradizione di agricoltura biologica, in anticipo di decenni. Il rispetto per l\u2019ambiente e la ricerca di una vita il pi\u00f9 sana possibile \u00e8 la base di tutte le iniziative aziendali; Cabanon produce vini e distillati nel pi\u00f9 assoluto rispetto della natura e della salute dei consumatori.<\/span><\/p>\n<p style=\"text-align: justify;\"><span style=\"font-family: georgia, palatino, serif; font-size: 16px;\">Un\u2019azienda agricola a conduzione familiare che, pur non trascurando le pi\u00f9 moderne tecniche enologiche, coltiva e vinifica uve nell\u2019assoluto rispetto della pi\u00f9 antica tradizione rurale, arricchendo i prodotti di autentici umori e sapori di nostranit\u00e0 e tipicit\u00e0, classici della produzione artigianale.<\/span><\/p>\n<p style=\"text-align: justify;\"><span style=\"font-family: georgia, palatino, serif; font-size: 16px;\">La tradizione vitivinicola di Cabanon \u00e8 attiva sin dal 1909. Fu per\u00f2 Giovanni Mercandelli, padre dell\u2019attuale proprietaria Elena, ad avere l\u2019intuito di creare su quei terreni una attivit\u00e0 vitivinicola imprenditoriale e fu lui a crearla quasi dal nulla, sul finire degli anni \u201960. Ebbe l\u2019intuito di impiantare vitigni innovativi e del tutto estranei al classico territorio Oltrep\u00f2, (quali Cabernet, Sauvignon Blanc, Syrah ed altri ancora, quasi innominabili!) ed ebbe sempre uno sguardo attento verso la Francia.<\/span><\/p>\n<p>[\/vc_column_text][\/vc_column][\/vc_row]<\/p>\n<\/div>","protected":false},"excerpt":{"rendered":"<p class=\"p1\"><span style=\"font-family: georgia, palatino, serif;\"><strong>Tipologia<\/strong>: vino bianco da tavola<\/span><br \/>\n<span style=\"font-family: georgia, palatino, serif;\"><strong>Bottiglie<\/strong>: 6000<\/span><br \/>\n<span style=\"font-family: georgia, palatino, serif;\"><strong>Alcol<\/strong>: 14%vol.<\/span><br \/>\n<span style=\"font-family: georgia, palatino, serif;\"><strong>Vitigni<\/strong>: chardonnay, pinot grigio e sauvignon blanc, riesling italico<\/span><br \/>\n<span style=\"font-family: georgia, palatino, serif;\"><strong>Resa\/ha<\/strong>: 45 q.li<\/span><br \/>\n<span style=\"font-family: georgia, palatino, serif;\"><strong>Allevamento<\/strong>:\u00a0cordone speronato<\/span><br \/>\n<span style=\"font-family: georgia, palatino, serif;\"><strong>Vigneto<\/strong>: viti di oltre 15 anni a 300 m. su suolo argilloso-calcareo, magro e scheletrico, ben ventilato esposte a sud-est<\/span><br \/>\n<span style=\"font-family: georgia, palatino, serif;\"><strong>Vinificazione<\/strong>: fermentazione alcolica in acciaio a temperatura controllata<\/span><br \/>\n<span style=\"font-family: georgia, palatino, serif;\"><strong>Affinamento<\/strong>: 8 mesi in acciaio, 12 mesi in bottiglia<\/span><br \/>\n<span style=\"font-family: georgia, palatino, serif;\"><strong>SO2<\/strong>: 80 mg\/l<\/span><\/p>\n","protected":false},"featured_media":7219,"template":"","meta":[],"product_brand":[],"product_cat":[662,821,885,521,826,827,829,858],"product_tag":[523,810,221,671,548,549,464,687],"class_list":{"0":"post-3162","1":"product","2":"type-product","3":"status-publish","4":"has-post-thumbnail","6":"product_cat-vini-bianchi","7":"product_cat-chardonnay","8":"product_cat-fattoria-cabanon","9":"product_cat-vini-della-lombardia","10":"product_cat-pinot-grigio","11":"product_cat-riesling","12":"product_cat-sauvignon-blanc","13":"product_cat-vino-da-tavola","14":"product_tag-acciaio","15":"product_tag-bianchi","16":"product_tag-chardonnay","17":"product_tag-fattoria-cabanon","18":"product_tag-pinot-grigio","19":"product_tag-riesling","20":"product_tag-sauvignon","21":"product_tag-vino-da-tavola","22":"blog_entry clearfix","24":"first","25":"instock","26":"taxable","27":"shipping-taxable","28":"product-type-simple"},"yoast_head":"<!-- This site is optimized with the Yoast SEO Premium plugin v27.4 (Yoast SEO v27.4) - https:\/\/yoast.com\/product\/yoast-seo-premium-wordpress\/ -->\n<title>Cuore Bianco Fattoria Cabanon 2023<\/title>\n<meta name=\"description\" content=\"Il Cuore Bianco di Fattoria Cabanon \u00e8 dedicato a Gregorio, il figlio di Elena la titolare.\" \/>\n<meta name=\"robots\" content=\"index, follow, max-snippet:-1, max-image-preview:large, max-video-preview:-1\" \/>\n<link rel=\"canonical\" href=\"https:\/\/alimentariarrigoni.it\/de\/prodotto\/cuore-bianco-gregorio-fattoria-cabanon-2023\/\" \/>\n<meta property=\"og:locale\" content=\"de_DE\" \/>\n<meta property=\"og:type\" content=\"article\" \/>\n<meta property=\"og:title\" content=\"Cuore Bianco Gregorio Fattoria Cabanon 2023\" \/>\n<meta property=\"og:description\" content=\"Il Cuore Bianco di Fattoria Cabanon \u00e8 dedicato a Gregorio, il figlio di Elena la titolare.\" \/>\n<meta property=\"og:url\" content=\"https:\/\/alimentariarrigoni.it\/de\/prodotto\/cuore-bianco-gregorio-fattoria-cabanon-2023\/\" \/>\n<meta property=\"og:site_name\" content=\"Alimentari Arrigoni\" \/>\n<meta property=\"article:publisher\" content=\"https:\/\/www.facebook.com\/alimentariarrigoni\/\" \/>\n<meta property=\"article:modified_time\" content=\"2026-02-24T09:25:21+00:00\" \/>\n<meta property=\"og:image\" content=\"https:\/\/alimentariarrigoni.it\/wp-content\/uploads\/2021\/09\/cuore-bianco-cabanon.jpg\" \/>\n\t<meta property=\"og:image:width\" content=\"1050\" \/>\n\t<meta property=\"og:image:height\" content=\"1050\" \/>\n\t<meta property=\"og:image:type\" content=\"image\/jpeg\" \/>\n<meta name=\"twitter:card\" content=\"summary_large_image\" \/>\n<meta name=\"twitter:label1\" content=\"Gesch\u00e4tzte Lesezeit\" \/>\n\t<meta name=\"twitter:data1\" content=\"4\u00a0Minuten\" \/>\n<script type=\"application\/ld+json\" class=\"yoast-schema-graph\">{\"@context\":\"https:\\\/\\\/schema.org\",\"@graph\":[{\"@type\":\"WebPage\",\"@id\":\"https:\\\/\\\/alimentariarrigoni.it\\\/de\\\/prodotto\\\/cuore-bianco-gregorio-fattoria-cabanon-2023\\\/\",\"url\":\"https:\\\/\\\/alimentariarrigoni.it\\\/de\\\/prodotto\\\/cuore-bianco-gregorio-fattoria-cabanon-2023\\\/\",\"name\":\"Cuore Bianco Fattoria Cabanon 2023\",\"isPartOf\":{\"@id\":\"https:\\\/\\\/alimentariarrigoni.it\\\/de\\\/#website\"},\"primaryImageOfPage\":{\"@id\":\"https:\\\/\\\/alimentariarrigoni.it\\\/de\\\/prodotto\\\/cuore-bianco-gregorio-fattoria-cabanon-2023\\\/#primaryimage\"},\"image\":{\"@id\":\"https:\\\/\\\/alimentariarrigoni.it\\\/de\\\/prodotto\\\/cuore-bianco-gregorio-fattoria-cabanon-2023\\\/#primaryimage\"},\"thumbnailUrl\":\"https:\\\/\\\/alimentariarrigoni.it\\\/wp-content\\\/uploads\\\/2021\\\/09\\\/cuore-bianco-cabanon.jpg\",\"datePublished\":\"2021-09-12T07:17:56+00:00\",\"dateModified\":\"2026-02-24T09:25:21+00:00\",\"description\":\"Il Cuore Bianco di Fattoria Cabanon \u00e8 dedicato a Gregorio, il figlio di Elena la titolare.\",\"breadcrumb\":{\"@id\":\"https:\\\/\\\/alimentariarrigoni.it\\\/de\\\/prodotto\\\/cuore-bianco-gregorio-fattoria-cabanon-2023\\\/#breadcrumb\"},\"inLanguage\":\"de\",\"potentialAction\":[{\"@type\":\"ReadAction\",\"target\":[\"https:\\\/\\\/alimentariarrigoni.it\\\/de\\\/prodotto\\\/cuore-bianco-gregorio-fattoria-cabanon-2023\\\/\"]}]},{\"@type\":\"ImageObject\",\"inLanguage\":\"de\",\"@id\":\"https:\\\/\\\/alimentariarrigoni.it\\\/de\\\/prodotto\\\/cuore-bianco-gregorio-fattoria-cabanon-2023\\\/#primaryimage\",\"url\":\"https:\\\/\\\/alimentariarrigoni.it\\\/wp-content\\\/uploads\\\/2021\\\/09\\\/cuore-bianco-cabanon.jpg\",\"contentUrl\":\"https:\\\/\\\/alimentariarrigoni.it\\\/wp-content\\\/uploads\\\/2021\\\/09\\\/cuore-bianco-cabanon.jpg\",\"width\":1050,\"height\":1050,\"caption\":\"cuore-bianco-cabanon\"},{\"@type\":\"BreadcrumbList\",\"@id\":\"https:\\\/\\\/alimentariarrigoni.it\\\/de\\\/prodotto\\\/cuore-bianco-gregorio-fattoria-cabanon-2023\\\/#breadcrumb\",\"itemListElement\":[{\"@type\":\"ListItem\",\"position\":1,\"name\":\"Home\",\"item\":\"https:\\\/\\\/alimentariarrigoni.it\\\/de\\\/\"},{\"@type\":\"ListItem\",\"position\":2,\"name\":\"Shop\",\"item\":\"https:\\\/\\\/alimentariarrigoni.it\\\/de\\\/shop\\\/\"},{\"@type\":\"ListItem\",\"position\":3,\"name\":\"Cuore Bianco Gregorio Fattoria Cabanon 2023\"}]},{\"@type\":\"WebSite\",\"@id\":\"https:\\\/\\\/alimentariarrigoni.it\\\/de\\\/#website\",\"url\":\"https:\\\/\\\/alimentariarrigoni.it\\\/de\\\/\",\"name\":\"Alimentari Arrigoni\",\"description\":\"\",\"publisher\":{\"@id\":\"https:\\\/\\\/alimentariarrigoni.it\\\/de\\\/#organization\"},\"potentialAction\":[{\"@type\":\"SearchAction\",\"target\":{\"@type\":\"EntryPoint\",\"urlTemplate\":\"https:\\\/\\\/alimentariarrigoni.it\\\/de\\\/?s={search_term_string}\"},\"query-input\":{\"@type\":\"PropertyValueSpecification\",\"valueRequired\":true,\"valueName\":\"search_term_string\"}}],\"inLanguage\":\"de\"},{\"@type\":\"Organization\",\"@id\":\"https:\\\/\\\/alimentariarrigoni.it\\\/de\\\/#organization\",\"name\":\"Alimentari dal 1894\",\"url\":\"https:\\\/\\\/alimentariarrigoni.it\\\/de\\\/\",\"logo\":{\"@type\":\"ImageObject\",\"inLanguage\":\"de\",\"@id\":\"https:\\\/\\\/alimentariarrigoni.it\\\/de\\\/#\\\/schema\\\/logo\\\/image\\\/\",\"url\":\"https:\\\/\\\/alimentariarrigoni.it\\\/wp-content\\\/uploads\\\/2022\\\/02\\\/logo-mail-mod.-comp.jpg\",\"contentUrl\":\"https:\\\/\\\/alimentariarrigoni.it\\\/wp-content\\\/uploads\\\/2022\\\/02\\\/logo-mail-mod.-comp.jpg\",\"width\":315,\"height\":100,\"caption\":\"Alimentari dal 1894\"},\"image\":{\"@id\":\"https:\\\/\\\/alimentariarrigoni.it\\\/de\\\/#\\\/schema\\\/logo\\\/image\\\/\"},\"sameAs\":[\"https:\\\/\\\/www.facebook.com\\\/alimentariarrigoni\\\/\",\"https:\\\/\\\/www.instagram.com\\\/alimentariarrigoni\\\/\"]}]}<\/script>\n<!-- \/ Yoast SEO Premium plugin. -->","yoast_head_json":{"title":"Cuore Bianco Fattoria Cabanon 2023","description":"Il Cuore Bianco di Fattoria Cabanon \u00e8 dedicato a Gregorio, il figlio di Elena la titolare.","robots":{"index":"index","follow":"follow","max-snippet":"max-snippet:-1","max-image-preview":"max-image-preview:large","max-video-preview":"max-video-preview:-1"},"canonical":"https:\/\/alimentariarrigoni.it\/de\/prodotto\/cuore-bianco-gregorio-fattoria-cabanon-2023\/","og_locale":"de_DE","og_type":"article","og_title":"Cuore Bianco Gregorio Fattoria Cabanon 2023","og_description":"Il Cuore Bianco di Fattoria Cabanon \u00e8 dedicato a Gregorio, il figlio di Elena la titolare.","og_url":"https:\/\/alimentariarrigoni.it\/de\/prodotto\/cuore-bianco-gregorio-fattoria-cabanon-2023\/","og_site_name":"Alimentari Arrigoni","article_publisher":"https:\/\/www.facebook.com\/alimentariarrigoni\/","article_modified_time":"2026-02-24T09:25:21+00:00","og_image":[{"width":1050,"height":1050,"url":"https:\/\/alimentariarrigoni.it\/wp-content\/uploads\/2021\/09\/cuore-bianco-cabanon.jpg","type":"image\/jpeg"}],"twitter_card":"summary_large_image","twitter_misc":{"Gesch\u00e4tzte Lesezeit":"4\u00a0Minuten"},"schema":{"@context":"https:\/\/schema.org","@graph":[{"@type":"WebPage","@id":"https:\/\/alimentariarrigoni.it\/de\/prodotto\/cuore-bianco-gregorio-fattoria-cabanon-2023\/","url":"https:\/\/alimentariarrigoni.it\/de\/prodotto\/cuore-bianco-gregorio-fattoria-cabanon-2023\/","name":"Cuore Bianco Fattoria Cabanon 2023","isPartOf":{"@id":"https:\/\/alimentariarrigoni.it\/de\/#website"},"primaryImageOfPage":{"@id":"https:\/\/alimentariarrigoni.it\/de\/prodotto\/cuore-bianco-gregorio-fattoria-cabanon-2023\/#primaryimage"},"image":{"@id":"https:\/\/alimentariarrigoni.it\/de\/prodotto\/cuore-bianco-gregorio-fattoria-cabanon-2023\/#primaryimage"},"thumbnailUrl":"https:\/\/alimentariarrigoni.it\/wp-content\/uploads\/2021\/09\/cuore-bianco-cabanon.jpg","datePublished":"2021-09-12T07:17:56+00:00","dateModified":"2026-02-24T09:25:21+00:00","description":"Il Cuore Bianco di Fattoria Cabanon \u00e8 dedicato a Gregorio, il figlio di Elena la titolare.","breadcrumb":{"@id":"https:\/\/alimentariarrigoni.it\/de\/prodotto\/cuore-bianco-gregorio-fattoria-cabanon-2023\/#breadcrumb"},"inLanguage":"de","potentialAction":[{"@type":"ReadAction","target":["https:\/\/alimentariarrigoni.it\/de\/prodotto\/cuore-bianco-gregorio-fattoria-cabanon-2023\/"]}]},{"@type":"ImageObject","inLanguage":"de","@id":"https:\/\/alimentariarrigoni.it\/de\/prodotto\/cuore-bianco-gregorio-fattoria-cabanon-2023\/#primaryimage","url":"https:\/\/alimentariarrigoni.it\/wp-content\/uploads\/2021\/09\/cuore-bianco-cabanon.jpg","contentUrl":"https:\/\/alimentariarrigoni.it\/wp-content\/uploads\/2021\/09\/cuore-bianco-cabanon.jpg","width":1050,"height":1050,"caption":"cuore-bianco-cabanon"},{"@type":"BreadcrumbList","@id":"https:\/\/alimentariarrigoni.it\/de\/prodotto\/cuore-bianco-gregorio-fattoria-cabanon-2023\/#breadcrumb","itemListElement":[{"@type":"ListItem","position":1,"name":"Home","item":"https:\/\/alimentariarrigoni.it\/de\/"},{"@type":"ListItem","position":2,"name":"Shop","item":"https:\/\/alimentariarrigoni.it\/de\/shop\/"},{"@type":"ListItem","position":3,"name":"Cuore Bianco Gregorio Fattoria Cabanon 2023"}]},{"@type":"WebSite","@id":"https:\/\/alimentariarrigoni.it\/de\/#website","url":"https:\/\/alimentariarrigoni.it\/de\/","name":"Alimentari Arrigoni","description":"","publisher":{"@id":"https:\/\/alimentariarrigoni.it\/de\/#organization"},"potentialAction":[{"@type":"SearchAction","target":{"@type":"EntryPoint","urlTemplate":"https:\/\/alimentariarrigoni.it\/de\/?s={search_term_string}"},"query-input":{"@type":"PropertyValueSpecification","valueRequired":true,"valueName":"search_term_string"}}],"inLanguage":"de"},{"@type":"Organization","@id":"https:\/\/alimentariarrigoni.it\/de\/#organization","name":"Alimentari dal 1894","url":"https:\/\/alimentariarrigoni.it\/de\/","logo":{"@type":"ImageObject","inLanguage":"de","@id":"https:\/\/alimentariarrigoni.it\/de\/#\/schema\/logo\/image\/","url":"https:\/\/alimentariarrigoni.it\/wp-content\/uploads\/2022\/02\/logo-mail-mod.-comp.jpg","contentUrl":"https:\/\/alimentariarrigoni.it\/wp-content\/uploads\/2022\/02\/logo-mail-mod.-comp.jpg","width":315,"height":100,"caption":"Alimentari dal 1894"},"image":{"@id":"https:\/\/alimentariarrigoni.it\/de\/#\/schema\/logo\/image\/"},"sameAs":["https:\/\/www.facebook.com\/alimentariarrigoni\/","https:\/\/www.instagram.com\/alimentariarrigoni\/"]}]}},"_links":{"self":[{"href":"https:\/\/alimentariarrigoni.it\/de\/wp-json\/wp\/v2\/product\/3162","targetHints":{"allow":["GET"]}}],"collection":[{"href":"https:\/\/alimentariarrigoni.it\/de\/wp-json\/wp\/v2\/product"}],"about":[{"href":"https:\/\/alimentariarrigoni.it\/de\/wp-json\/wp\/v2\/types\/product"}],"wp:featuredmedia":[{"embeddable":true,"href":"https:\/\/alimentariarrigoni.it\/de\/wp-json\/wp\/v2\/media\/7219"}],"wp:attachment":[{"href":"https:\/\/alimentariarrigoni.it\/de\/wp-json\/wp\/v2\/media?parent=3162"}],"wp:term":[{"taxonomy":"product_brand","embeddable":true,"href":"https:\/\/alimentariarrigoni.it\/de\/wp-json\/wp\/v2\/product_brand?post=3162"},{"taxonomy":"product_cat","embeddable":true,"href":"https:\/\/alimentariarrigoni.it\/de\/wp-json\/wp\/v2\/product_cat?post=3162"},{"taxonomy":"product_tag","embeddable":true,"href":"https:\/\/alimentariarrigoni.it\/de\/wp-json\/wp\/v2\/product_tag?post=3162"}],"curies":[{"name":"wp","href":"https:\/\/api.w.org\/{rel}","templated":true}]}}