{"id":2971,"date":"2021-02-11T13:50:08","date_gmt":"2021-02-11T12:50:08","guid":{"rendered":"https:\/\/yard.sitowp.com\/alimentariarrigoni\/prodotto\/elena-fattoria-cabanon-spumante-dolce-moscato-rosa-naturale-sui-lieviti\/"},"modified":"2025-12-13T14:38:27","modified_gmt":"2025-12-13T13:38:27","slug":"elena-spumante-cabanon","status":"publish","type":"product","link":"https:\/\/alimentariarrigoni.it\/de\/prodotto\/elena-spumante-cabanon\/","title":{"rendered":"Elena Spumante Dolce Fattoria Cabanon"},"content":{"rendered":"<div class=\"wpb-content-wrapper\"><p>[vc_row][vc_column width=&#8220;5\/12&#8243;][vc_column_text]<\/p>\n<h2 style=\"text-align: justify;\"><span style=\"font-size: 18px; font-family: georgia, palatino, serif;\"><strong>GODIASCO SALICE TERME<\/strong><\/span><\/h2>\n<p style=\"text-align: justify;\"><span style=\"font-size: 16px; font-family: georgia, palatino, serif;\"><em>Elena Mercandelli racconta:\u00a0\u00a0\u201cQuando mio padre inizi\u00f2, l\u2019Oltrep\u00f2 Pavese non era per nulla rappresentato nella nostra zona (Godiasco e dintorni) e venivamo spesso derisi da coloro che rappresentavano il classico Oltrep\u00f2. Consideravano, la nostra, una collina troppo impervia e scarna; forse non sono mai esistiti veri motivi per denigrare, ma per il solo fatto che non c\u2019era mai stato nulla e che il cuore dell\u2019Oltrep\u00f2 si trovava dalla parte opposta. Pap\u00e0 ebbe anche l\u2019intuito del \u201cbio\u201d molti anni prima che la Comunit\u00e0 europea ne stilasse il decalogo e la Legge costitutiva; vivere in modo sano, senza inquinare e mangiando e bevendo cose genuine. Io ero una bambina quando pap\u00e0 inizi\u00f2; insieme a lui ed alle sue idee ed ai suoi sogni sono cresciuta. Lo capivo pap\u00e0. Da lui ho imparato (fermo restando che moltissimo ancora devo imparare e che mai si pu\u00f2 finire di farlo)le basi del nostro lavoro ed i principi essenziali e tante sfumature&#8220;.<\/em><\/span><\/p>\n<p>[\/vc_column_text][vc_empty_space][vc_single_image image=&#8220;827&#8243; img_size=&#8220;large&#8220;][vc_empty_space][vc_column_text]<\/p>\n<p style=\"text-align: justify;\"><span style=\"font-family: georgia, palatino, serif; font-size: 16px;\">Godiasco \u00e8 dislocato geograficamente come <strong>\u201c<i>terra di confine<\/i>\u201d<\/strong> con il Piemonte. Ha caratteristiche geologiche con suoli <strong>argilosi-calcarei, scheletrici e ben drenanti<\/strong> e caratteristiche climatiche\u00a0 sensibilmente differenti dal resto della virtuale patria\u00a0 dell\u2019Oltrep\u00f2 Pavese, e sono proprio esse, principalmente, a donare\u00a0 distinzione e unicit\u00e0 ai\u00a0 vini di Fattoria Cabanon.\u00a0<\/span><\/p>\n<p style=\"text-align: justify;\"><span style=\"font-family: georgia, palatino, serif; font-size: 16px;\">I vigneti di Cabanon sono tutti vecchi, di almeno 40 anni e producono poco, ma di elevata qualit\u00e0. Le rese per ettaro sono molto basse al di sotto dei <strong>45 quintali<\/strong> per ettaro e rese ancora minori in vino, ben al di sotto di quelle previste dal disciplinare di produzione dell&#8217;Oltrepo Pavese DOC\u00a0 che consente anche oltre 100 quintali per ettaro.\u00a0 Fattoria Cabanon ha deciso di uscire dalle DOC dell&#8217;Oltrepo Pavese e di utilizzare la generica Provincia di Pavia IGT o addirittura Vino da Tavola perch\u00e8 non condivideva pi\u00f9 le scelte e le direttive del Consorzio di Tutela.\u00a0<\/span><\/p>\n<p>[\/vc_column_text][\/vc_column][vc_column width=&#8220;3\/6&#8243;][vc_column_text]<\/p>\n<h1 style=\"text-align: justify;\"><span style=\"font-size: 16px; font-family: georgia, palatino, serif;\"><strong>DESCRIZIONE ELENA SPUMANTE DOLCE FATTORIA CABANON<\/strong><\/span><\/h1>\n<p class=\"p1\" style=\"text-align: justify;\"><span style=\"font-family: georgia, palatino, serif; font-size: 16px;\">L&#8217;Elena di Fattoria Cabanon sviluppa delle doti olfattive di estrema freschezza, dominate da ampie note aromatiche di petali di rosa rossa, fragoline di bosco e mela rossa, frutta tropicale, accompagnate da un appagante bouquet di frutta candita. Il gusto \u00e8 fragrante, dolce ed equilibrato, esaltato dalla spuma fine e cremosa. \u00c8 un prodotto che regala delle splendide sensazioni speziate immerse in un\u2019anima dolce, mai stucchevole, dal retrogusto lungo e persistente. Indicato come vino da dessert, va servito freddo.<\/span><\/p>\n<p>[\/vc_column_text][vc_empty_space][vc_single_image image=&#8220;7570&#8243; img_size=&#8220;full&#8220;][vc_empty_space][vc_column_text]<\/p>\n<h3 style=\"text-align: justify;\"><a href=\"https:\/\/alimentariarrigoni.it\/fattoria-cabanon\/\"><span style=\"font-family: georgia, palatino, serif; font-size: 18px;\"><strong>FATTORIA CABANON\u00a0<\/strong><\/span><\/a><\/h3>\n<p style=\"text-align: justify;\"><span style=\"font-family: georgia, palatino, serif; font-size: 16px;\">L\u2019azienda vanta da sempre una tradizione di agricoltura biologica, in anticipo di decenni. Il rispetto per l\u2019ambiente e la ricerca di una vita il pi\u00f9 sana possibile \u00e8 la base di tutte le iniziative aziendali; Cabanon produce vini e distillati nel pi\u00f9 assoluto rispetto della natura e della salute dei consumatori.<\/span><\/p>\n<p style=\"text-align: justify;\"><span style=\"font-family: georgia, palatino, serif; font-size: 16px;\">Un\u2019azienda agricola a conduzione familiare che, pur non trascurando le pi\u00f9 moderne tecniche enologiche, coltiva e vinifica uve nell\u2019assoluto rispetto della pi\u00f9 antica tradizione rurale, arricchendo i prodotti di autentici umori e sapori di nostranit\u00e0 e tipicit\u00e0, classici della produzione artigianale.<\/span><\/p>\n<p style=\"text-align: justify;\"><span style=\"font-family: georgia, palatino, serif; font-size: 16px;\">La tradizione vitivinicola di Cabanon \u00e8 attiva sin dal 1909. Fu per\u00f2 Giovanni Mercandelli, padre dell\u2019attuale proprietaria Elena, ad avere l\u2019intuito di creare su quei terreni una attivit\u00e0 vitivinicola imprenditoriale e fu lui a crearla quasi dal nulla, sul finire degli anni \u201960. Ebbe l\u2019intuito di impiantare vitigni innovativi e del tutto estranei al classico territorio Oltrep\u00f2, (quali Cabernet, Sauvignon Blanc, Syrah ed altri ancora, quasi innominabili!) ed ebbe sempre uno sguardo attento verso la Francia.<\/span><\/p>\n<p>[\/vc_column_text][\/vc_column][\/vc_row]<\/p>\n<\/div>","protected":false},"excerpt":{"rendered":"<p class=\"p1\"><span style=\"font-family: georgia, palatino, serif; font-size: 16px;\"><b>Tipologia:\u00a0<\/b>Vino Spumante aromatico di qualit\u00e0. Dolce, metodo ancestrale (tradizionale) senza sboccatura, sui lieviti<\/span><br \/>\n<span style=\"font-family: georgia, palatino, serif; font-size: 16px;\"><b>Bottiglie:<\/b><span class=\"Apple-converted-space\"> 3000<\/span><\/span><br \/>\n<span style=\"font-family: georgia, palatino, serif; font-size: 16px;\"><b>Alcol:<\/b><span class=\"Apple-converted-space\"> 7,5% vol.<\/span><\/span><br \/>\n<span style=\"font-family: georgia, palatino, serif; font-size: 16px;\"><b>Vitigni:<span class=\"Apple-converted-space\">\u00a0<\/span><\/b><span class=\"Apple-converted-space\">moscato rosa, moscato bianco, freisa<\/span><\/span><br \/>\n<span style=\"font-family: georgia, palatino, serif; font-size: 16px;\"><b>Resa\/Ha:<span class=\"Apple-converted-space\">\u00a0<\/span><\/b><span class=\"Apple-converted-space\">45 quintali<\/span><\/span><br \/>\n<span style=\"font-family: georgia, palatino, serif; font-size: 16px;\"><b>Allevamento:<span class=\"Apple-converted-space\">\u00a0<\/span><\/b><span class=\"Apple-converted-space\">cordone speronato<\/span><\/span><br \/>\n<span style=\"font-family: georgia, palatino, serif; font-size: 16px;\"><b>Vigneto:<span class=\"Apple-converted-space\">\u00a0<\/span><\/b><span class=\"Apple-converted-space\">viti di oltre 15 anni a 300 m. su suolo argilloso- calcareo, ben drenato e ripido con buona ventilazione esposte a sud est<\/span><\/span><br \/>\n<span style=\"font-family: georgia, palatino, serif; font-size: 16px;\"><b>Vinificazione: <\/b>vendemmia tardiva per avere uve ben mature. Macerazione pre-fermentativa a freddo. Fermentazione alcolica a bassa temperatura, (mai superiore ai 10\u00b0 C). Raggiunta la gradazione alcolica desiderata (intorno ai 7,5%vol.) il mosto viene filtrato e raffreddato sino alla primavera successiva in cui verr\u00e0 imbottigliato con il residuo zuccherino ideale che porter\u00e0 alla naturale rifermentazione in bottiglia. Non subisce sboccatura, riposa sui propri lieviti<\/span><br \/>\n<span style=\"font-family: georgia, palatino, serif; font-size: 16px;\"><b>Affinamento: <\/b>in bottiglia sui proprio lieviti<\/span><\/p>\n<p><span style=\"font-family: georgia, palatino, serif; font-size: 16px;\"><b>\u00a0<\/b><\/span><\/p>\n","protected":false},"featured_media":6711,"template":"","meta":[],"product_brand":[],"product_cat":[885,521,663],"product_tag":[282,386,671,530,387,388,206],"class_list":{"0":"post-2971","1":"product","2":"type-product","3":"status-publish","4":"has-post-thumbnail","6":"product_cat-fattoria-cabanon","7":"product_cat-vini-della-lombardia","8":"product_cat-spumanti","9":"product_tag-cabanon","10":"product_tag-elena","11":"product_tag-fattoria-cabanon","12":"product_tag-fattoriacabanon","13":"product_tag-moscato","14":"product_tag-rosa","15":"product_tag-spumante","16":"blog_entry clearfix","18":"first","19":"outofstock","20":"taxable","21":"shipping-taxable","22":"product-type-simple"},"yoast_head":"<!-- This site is optimized with the Yoast SEO Premium plugin v27.3 (Yoast SEO v27.4) - https:\/\/yoast.com\/product\/yoast-seo-premium-wordpress\/ -->\n<title>Elena Spumante Dolce Fattoria Cabanon<\/title>\n<meta name=\"robots\" content=\"index, follow, max-snippet:-1, max-image-preview:large, max-video-preview:-1\" \/>\n<link rel=\"canonical\" href=\"https:\/\/alimentariarrigoni.it\/de\/prodotto\/elena-spumante-cabanon\/\" \/>\n<meta property=\"og:locale\" content=\"de_DE\" \/>\n<meta property=\"og:type\" content=\"article\" \/>\n<meta property=\"og:title\" content=\"Elena Spumante Dolce Fattoria Cabanon\" \/>\n<meta property=\"og:description\" content=\"Tipologia:\u00a0Vino Spumante aromatico di qualit\u00e0. Dolce, metodo ancestrale (tradizionale) senza sboccatura, sui lieviti Bottiglie: 3000 Alcol: 7,5% vol. Vitigni:\u00a0moscato rosa, moscato bianco, freisa Resa\/Ha:\u00a045 quintali Allevamento:\u00a0cordone speronato Vigneto:\u00a0viti di oltre 15 anni a 300 m. su suolo argilloso- calcareo, ben drenato e ripido con buona ventilazione esposte a sud est Vinificazione: vendemmia tardiva per avere uve ben mature. Macerazione pre-fermentativa a freddo. Fermentazione alcolica a bassa temperatura, (mai superiore ai 10\u00b0 C). Raggiunta la gradazione alcolica desiderata (intorno ai 7,5%vol.) il mosto viene filtrato e raffreddato sino alla primavera successiva in cui verr\u00e0 imbottigliato con il residuo zuccherino ideale che porter\u00e0 alla naturale rifermentazione in bottiglia. Non subisce sboccatura, riposa sui propri lieviti Affinamento: in bottiglia sui proprio lieviti \u00a0\" \/>\n<meta property=\"og:url\" content=\"https:\/\/alimentariarrigoni.it\/de\/prodotto\/elena-spumante-cabanon\/\" \/>\n<meta property=\"og:site_name\" content=\"Alimentari Arrigoni\" \/>\n<meta property=\"article:publisher\" content=\"https:\/\/www.facebook.com\/alimentariarrigoni\/\" \/>\n<meta property=\"article:modified_time\" content=\"2025-12-13T13:38:27+00:00\" \/>\n<meta property=\"og:image\" content=\"https:\/\/alimentariarrigoni.it\/wp-content\/uploads\/2021\/12\/elena-cabanon.jpg\" \/>\n\t<meta property=\"og:image:width\" content=\"1050\" \/>\n\t<meta property=\"og:image:height\" content=\"1050\" \/>\n\t<meta property=\"og:image:type\" content=\"image\/jpeg\" \/>\n<meta name=\"twitter:card\" content=\"summary_large_image\" \/>\n<meta name=\"twitter:label1\" content=\"Gesch\u00e4tzte Lesezeit\" \/>\n\t<meta name=\"twitter:data1\" content=\"4\u00a0Minuten\" \/>\n<script type=\"application\/ld+json\" class=\"yoast-schema-graph\">{\"@context\":\"https:\\\/\\\/schema.org\",\"@graph\":[{\"@type\":\"WebPage\",\"@id\":\"https:\\\/\\\/alimentariarrigoni.it\\\/de\\\/prodotto\\\/elena-spumante-cabanon\\\/\",\"url\":\"https:\\\/\\\/alimentariarrigoni.it\\\/de\\\/prodotto\\\/elena-spumante-cabanon\\\/\",\"name\":\"Elena Spumante Dolce Fattoria Cabanon\",\"isPartOf\":{\"@id\":\"https:\\\/\\\/alimentariarrigoni.it\\\/de\\\/#website\"},\"primaryImageOfPage\":{\"@id\":\"https:\\\/\\\/alimentariarrigoni.it\\\/de\\\/prodotto\\\/elena-spumante-cabanon\\\/#primaryimage\"},\"image\":{\"@id\":\"https:\\\/\\\/alimentariarrigoni.it\\\/de\\\/prodotto\\\/elena-spumante-cabanon\\\/#primaryimage\"},\"thumbnailUrl\":\"https:\\\/\\\/alimentariarrigoni.it\\\/wp-content\\\/uploads\\\/2021\\\/12\\\/elena-cabanon.jpg\",\"datePublished\":\"2021-02-11T12:50:08+00:00\",\"dateModified\":\"2025-12-13T13:38:27+00:00\",\"breadcrumb\":{\"@id\":\"https:\\\/\\\/alimentariarrigoni.it\\\/de\\\/prodotto\\\/elena-spumante-cabanon\\\/#breadcrumb\"},\"inLanguage\":\"de\",\"potentialAction\":[{\"@type\":\"ReadAction\",\"target\":[\"https:\\\/\\\/alimentariarrigoni.it\\\/de\\\/prodotto\\\/elena-spumante-cabanon\\\/\"]}]},{\"@type\":\"ImageObject\",\"inLanguage\":\"de\",\"@id\":\"https:\\\/\\\/alimentariarrigoni.it\\\/de\\\/prodotto\\\/elena-spumante-cabanon\\\/#primaryimage\",\"url\":\"https:\\\/\\\/alimentariarrigoni.it\\\/wp-content\\\/uploads\\\/2021\\\/12\\\/elena-cabanon.jpg\",\"contentUrl\":\"https:\\\/\\\/alimentariarrigoni.it\\\/wp-content\\\/uploads\\\/2021\\\/12\\\/elena-cabanon.jpg\",\"width\":1050,\"height\":1050},{\"@type\":\"BreadcrumbList\",\"@id\":\"https:\\\/\\\/alimentariarrigoni.it\\\/de\\\/prodotto\\\/elena-spumante-cabanon\\\/#breadcrumb\",\"itemListElement\":[{\"@type\":\"ListItem\",\"position\":1,\"name\":\"Home\",\"item\":\"https:\\\/\\\/alimentariarrigoni.it\\\/de\\\/\"},{\"@type\":\"ListItem\",\"position\":2,\"name\":\"Shop\",\"item\":\"https:\\\/\\\/alimentariarrigoni.it\\\/de\\\/shop\\\/\"},{\"@type\":\"ListItem\",\"position\":3,\"name\":\"Elena Spumante Dolce Fattoria Cabanon\"}]},{\"@type\":\"WebSite\",\"@id\":\"https:\\\/\\\/alimentariarrigoni.it\\\/de\\\/#website\",\"url\":\"https:\\\/\\\/alimentariarrigoni.it\\\/de\\\/\",\"name\":\"Alimentari Arrigoni\",\"description\":\"\",\"publisher\":{\"@id\":\"https:\\\/\\\/alimentariarrigoni.it\\\/de\\\/#organization\"},\"potentialAction\":[{\"@type\":\"SearchAction\",\"target\":{\"@type\":\"EntryPoint\",\"urlTemplate\":\"https:\\\/\\\/alimentariarrigoni.it\\\/de\\\/?s={search_term_string}\"},\"query-input\":{\"@type\":\"PropertyValueSpecification\",\"valueRequired\":true,\"valueName\":\"search_term_string\"}}],\"inLanguage\":\"de\"},{\"@type\":\"Organization\",\"@id\":\"https:\\\/\\\/alimentariarrigoni.it\\\/de\\\/#organization\",\"name\":\"Alimentari dal 1894\",\"url\":\"https:\\\/\\\/alimentariarrigoni.it\\\/de\\\/\",\"logo\":{\"@type\":\"ImageObject\",\"inLanguage\":\"de\",\"@id\":\"https:\\\/\\\/alimentariarrigoni.it\\\/de\\\/#\\\/schema\\\/logo\\\/image\\\/\",\"url\":\"https:\\\/\\\/alimentariarrigoni.it\\\/wp-content\\\/uploads\\\/2022\\\/02\\\/logo-mail-mod.-comp.jpg\",\"contentUrl\":\"https:\\\/\\\/alimentariarrigoni.it\\\/wp-content\\\/uploads\\\/2022\\\/02\\\/logo-mail-mod.-comp.jpg\",\"width\":315,\"height\":100,\"caption\":\"Alimentari dal 1894\"},\"image\":{\"@id\":\"https:\\\/\\\/alimentariarrigoni.it\\\/de\\\/#\\\/schema\\\/logo\\\/image\\\/\"},\"sameAs\":[\"https:\\\/\\\/www.facebook.com\\\/alimentariarrigoni\\\/\",\"https:\\\/\\\/www.instagram.com\\\/alimentariarrigoni\\\/\"]}]}<\/script>\n<!-- \/ Yoast SEO Premium plugin. -->","yoast_head_json":{"title":"Elena Spumante Dolce Fattoria Cabanon","robots":{"index":"index","follow":"follow","max-snippet":"max-snippet:-1","max-image-preview":"max-image-preview:large","max-video-preview":"max-video-preview:-1"},"canonical":"https:\/\/alimentariarrigoni.it\/de\/prodotto\/elena-spumante-cabanon\/","og_locale":"de_DE","og_type":"article","og_title":"Elena Spumante Dolce Fattoria Cabanon","og_description":"Tipologia:\u00a0Vino Spumante aromatico di qualit\u00e0. Dolce, metodo ancestrale (tradizionale) senza sboccatura, sui lieviti Bottiglie: 3000 Alcol: 7,5% vol. Vitigni:\u00a0moscato rosa, moscato bianco, freisa Resa\/Ha:\u00a045 quintali Allevamento:\u00a0cordone speronato Vigneto:\u00a0viti di oltre 15 anni a 300 m. su suolo argilloso- calcareo, ben drenato e ripido con buona ventilazione esposte a sud est Vinificazione: vendemmia tardiva per avere uve ben mature. Macerazione pre-fermentativa a freddo. Fermentazione alcolica a bassa temperatura, (mai superiore ai 10\u00b0 C). Raggiunta la gradazione alcolica desiderata (intorno ai 7,5%vol.) il mosto viene filtrato e raffreddato sino alla primavera successiva in cui verr\u00e0 imbottigliato con il residuo zuccherino ideale che porter\u00e0 alla naturale rifermentazione in bottiglia. Non subisce sboccatura, riposa sui propri lieviti Affinamento: in bottiglia sui proprio lieviti \u00a0","og_url":"https:\/\/alimentariarrigoni.it\/de\/prodotto\/elena-spumante-cabanon\/","og_site_name":"Alimentari Arrigoni","article_publisher":"https:\/\/www.facebook.com\/alimentariarrigoni\/","article_modified_time":"2025-12-13T13:38:27+00:00","og_image":[{"width":1050,"height":1050,"url":"https:\/\/alimentariarrigoni.it\/wp-content\/uploads\/2021\/12\/elena-cabanon.jpg","type":"image\/jpeg"}],"twitter_card":"summary_large_image","twitter_misc":{"Gesch\u00e4tzte Lesezeit":"4\u00a0Minuten"},"schema":{"@context":"https:\/\/schema.org","@graph":[{"@type":"WebPage","@id":"https:\/\/alimentariarrigoni.it\/de\/prodotto\/elena-spumante-cabanon\/","url":"https:\/\/alimentariarrigoni.it\/de\/prodotto\/elena-spumante-cabanon\/","name":"Elena Spumante Dolce Fattoria Cabanon","isPartOf":{"@id":"https:\/\/alimentariarrigoni.it\/de\/#website"},"primaryImageOfPage":{"@id":"https:\/\/alimentariarrigoni.it\/de\/prodotto\/elena-spumante-cabanon\/#primaryimage"},"image":{"@id":"https:\/\/alimentariarrigoni.it\/de\/prodotto\/elena-spumante-cabanon\/#primaryimage"},"thumbnailUrl":"https:\/\/alimentariarrigoni.it\/wp-content\/uploads\/2021\/12\/elena-cabanon.jpg","datePublished":"2021-02-11T12:50:08+00:00","dateModified":"2025-12-13T13:38:27+00:00","breadcrumb":{"@id":"https:\/\/alimentariarrigoni.it\/de\/prodotto\/elena-spumante-cabanon\/#breadcrumb"},"inLanguage":"de","potentialAction":[{"@type":"ReadAction","target":["https:\/\/alimentariarrigoni.it\/de\/prodotto\/elena-spumante-cabanon\/"]}]},{"@type":"ImageObject","inLanguage":"de","@id":"https:\/\/alimentariarrigoni.it\/de\/prodotto\/elena-spumante-cabanon\/#primaryimage","url":"https:\/\/alimentariarrigoni.it\/wp-content\/uploads\/2021\/12\/elena-cabanon.jpg","contentUrl":"https:\/\/alimentariarrigoni.it\/wp-content\/uploads\/2021\/12\/elena-cabanon.jpg","width":1050,"height":1050},{"@type":"BreadcrumbList","@id":"https:\/\/alimentariarrigoni.it\/de\/prodotto\/elena-spumante-cabanon\/#breadcrumb","itemListElement":[{"@type":"ListItem","position":1,"name":"Home","item":"https:\/\/alimentariarrigoni.it\/de\/"},{"@type":"ListItem","position":2,"name":"Shop","item":"https:\/\/alimentariarrigoni.it\/de\/shop\/"},{"@type":"ListItem","position":3,"name":"Elena Spumante Dolce Fattoria Cabanon"}]},{"@type":"WebSite","@id":"https:\/\/alimentariarrigoni.it\/de\/#website","url":"https:\/\/alimentariarrigoni.it\/de\/","name":"Alimentari Arrigoni","description":"","publisher":{"@id":"https:\/\/alimentariarrigoni.it\/de\/#organization"},"potentialAction":[{"@type":"SearchAction","target":{"@type":"EntryPoint","urlTemplate":"https:\/\/alimentariarrigoni.it\/de\/?s={search_term_string}"},"query-input":{"@type":"PropertyValueSpecification","valueRequired":true,"valueName":"search_term_string"}}],"inLanguage":"de"},{"@type":"Organization","@id":"https:\/\/alimentariarrigoni.it\/de\/#organization","name":"Alimentari dal 1894","url":"https:\/\/alimentariarrigoni.it\/de\/","logo":{"@type":"ImageObject","inLanguage":"de","@id":"https:\/\/alimentariarrigoni.it\/de\/#\/schema\/logo\/image\/","url":"https:\/\/alimentariarrigoni.it\/wp-content\/uploads\/2022\/02\/logo-mail-mod.-comp.jpg","contentUrl":"https:\/\/alimentariarrigoni.it\/wp-content\/uploads\/2022\/02\/logo-mail-mod.-comp.jpg","width":315,"height":100,"caption":"Alimentari dal 1894"},"image":{"@id":"https:\/\/alimentariarrigoni.it\/de\/#\/schema\/logo\/image\/"},"sameAs":["https:\/\/www.facebook.com\/alimentariarrigoni\/","https:\/\/www.instagram.com\/alimentariarrigoni\/"]}]}},"_links":{"self":[{"href":"https:\/\/alimentariarrigoni.it\/de\/wp-json\/wp\/v2\/product\/2971","targetHints":{"allow":["GET"]}}],"collection":[{"href":"https:\/\/alimentariarrigoni.it\/de\/wp-json\/wp\/v2\/product"}],"about":[{"href":"https:\/\/alimentariarrigoni.it\/de\/wp-json\/wp\/v2\/types\/product"}],"wp:featuredmedia":[{"embeddable":true,"href":"https:\/\/alimentariarrigoni.it\/de\/wp-json\/wp\/v2\/media\/6711"}],"wp:attachment":[{"href":"https:\/\/alimentariarrigoni.it\/de\/wp-json\/wp\/v2\/media?parent=2971"}],"wp:term":[{"taxonomy":"product_brand","embeddable":true,"href":"https:\/\/alimentariarrigoni.it\/de\/wp-json\/wp\/v2\/product_brand?post=2971"},{"taxonomy":"product_cat","embeddable":true,"href":"https:\/\/alimentariarrigoni.it\/de\/wp-json\/wp\/v2\/product_cat?post=2971"},{"taxonomy":"product_tag","embeddable":true,"href":"https:\/\/alimentariarrigoni.it\/de\/wp-json\/wp\/v2\/product_tag?post=2971"}],"curies":[{"name":"wp","href":"https:\/\/api.w.org\/{rel}","templated":true}]}}