{"id":2065,"date":"2021-04-23T09:40:42","date_gmt":"2021-04-23T07:40:42","guid":{"rendered":"https:\/\/yard.sitowp.com\/alimentariarrigoni\/prodotto\/syrahs-i-gerbidi-fattoria-cabanon-2016\/"},"modified":"2026-04-13T19:10:24","modified_gmt":"2026-04-13T17:10:24","slug":"syrah-gerbidi-cabanon-2018","status":"publish","type":"product","link":"https:\/\/alimentariarrigoni.it\/de\/prodotto\/syrah-gerbidi-cabanon-2018\/","title":{"rendered":"Syrah&#8217;s I Gerbidi Fattoria Cabanon 2018"},"content":{"rendered":"<div class=\"wpb-content-wrapper\"><p>[vc_row][vc_column width=&#8220;5\/12&#8243;][vc_column_text]<\/p>\n<h2 style=\"text-align: justify;\"><span style=\"font-size: 18px; font-family: georgia, palatino, serif;\"><strong>GODIASCO SALICE TERME<\/strong><\/span><\/h2>\n<p style=\"text-align: justify;\"><span style=\"font-size: 16px; font-family: georgia, palatino, serif;\"><em>Elena Mercandelli racconta:\u00a0\u00a0\u201cQuando mio padre inizi\u00f2, l\u2019Oltrep\u00f2 Pavese non era per nulla rappresentato nella nostra zona (Godiasco e dintorni) e venivamo spesso derisi da coloro che rappresentavano il classico Oltrep\u00f2. Consideravano, la nostra, una collina troppo impervia e scarna; forse non sono mai esistiti veri motivi per denigrare, ma per il solo fatto che non c\u2019era mai stato nulla e che il cuore dell\u2019Oltrep\u00f2 si trovava dalla parte opposta. Pap\u00e0 ebbe anche l\u2019intuito del \u201cbio\u201d molti anni prima che la Comunit\u00e0 europea ne stilasse il decalogo e la Legge costitutiva; vivere in modo sano, senza inquinare e mangiando e bevendo cose genuine. Io ero una bambina quando pap\u00e0 inizi\u00f2; insieme a lui ed alle sue idee ed ai suoi sogni sono cresciuta. Lo capivo pap\u00e0. Da lui ho imparato (fermo restando che moltissimo ancora devo imparare e che mai si pu\u00f2 finire di farlo)le basi del nostro lavoro ed i principi essenziali e tante sfumature&#8220;.<\/em><\/span><\/p>\n<p>[\/vc_column_text][vc_empty_space][vc_single_image image=&#8220;827&#8243; img_size=&#8220;large&#8220;][vc_empty_space][vc_column_text]<\/p>\n<p style=\"text-align: justify;\"><span style=\"font-family: georgia, palatino, serif; font-size: 16px;\">Godiasco \u00e8 dislocato geograficamente come <strong>\u201c<i>terra di confine<\/i>\u201d<\/strong> con il Piemonte. Ha caratteristiche geologiche con suoli <strong>argilosi-calcarei, scheletrici e ben drenanti<\/strong> e caratteristiche climatiche\u00a0 sensibilmente differenti dal resto della virtuale patria\u00a0 dell\u2019Oltrep\u00f2 Pavese, e sono proprio esse, principalmente, a donare\u00a0 distinzione e unicit\u00e0 ai\u00a0 vini di Fattoria Cabanon.\u00a0<\/span><\/p>\n<p style=\"text-align: justify;\"><span style=\"font-family: georgia, palatino, serif; font-size: 16px;\">I vigneti di Cabanon sono tutti vecchi, di almeno 40 anni e producono poco, ma di elevata qualit\u00e0. Le rese per ettaro sono molto basse al di sotto dei <strong>45 quintali<\/strong> per ettaro e rese ancora minori in vino, ben al di sotto di quelle previste dal disciplinare di produzione dell&#8217;Oltrepo Pavese DOC\u00a0 che consente anche oltre 100 quintali per ettaro.\u00a0 Fattoria Cabanon ha deciso di uscire dalle DOC dell&#8217;Oltrepo Pavese e di utilizzare la generica Provincia di Pavia IGT o addirittura Vino da Tavola perch\u00e8 non condivideva pi\u00f9 le scelte e le direttive del Consorzio di Tutela.\u00a0<\/span><\/p>\n<p>[\/vc_column_text][\/vc_column][vc_column width=&#8220;3\/6&#8243;][vc_column_text css=&#8220;&#8220;]<\/p>\n<h1><span style=\"font-size: 18px; font-family: georgia, palatino, serif;\"><strong>DESCRIZIONE SYRAH&#8217;S I GERBIDI FATTORIA CABANON 2018<\/strong><\/span><\/h1>\n<p class=\"p1\"><span style=\"font-family: georgia, palatino, serif; font-size: 16px;\">Speziato e fruttato. Sentori di ribes, pepe e note vanigliate. Tannini molto dolci, contornati da un bel colore rosso rubino. Vino molto strutturato e dotato di una elegantissima finezza che lo contraddistingue e ne determina la piacevolissima<span class=\"Apple-converted-space\">\u00a0 <\/span>complessit\u00e0 gusto-olfattiva<\/span><\/p>\n<p>[\/vc_column_text][vc_empty_space][vc_single_image image=&#8220;7570&#8243; img_size=&#8220;full&#8220;][vc_empty_space][vc_column_text]<\/p>\n<h3 style=\"text-align: justify;\"><span style=\"font-family: georgia, palatino, serif; font-size: 18px;\"><strong>FATTORIA CABANON\u00a0<\/strong><\/span><\/h3>\n<p style=\"text-align: justify;\"><span style=\"font-family: georgia, palatino, serif; font-size: 16px;\">L\u2019azienda vanta da sempre una tradizione di agricoltura biologica, in anticipo di decenni. Il rispetto per l\u2019ambiente e la ricerca di una vita il pi\u00f9 sana possibile \u00e8 la base di tutte le iniziative aziendali; Cabanon produce vini e distillati nel pi\u00f9 assoluto rispetto della natura e della salute dei consumatori.<\/span><\/p>\n<p style=\"text-align: justify;\"><span style=\"font-family: georgia, palatino, serif; font-size: 16px;\">Un\u2019azienda agricola a conduzione familiare che, pur non trascurando le pi\u00f9 moderne tecniche enologiche, coltiva e vinifica uve nell\u2019assoluto rispetto della pi\u00f9 antica tradizione rurale, arricchendo i prodotti di autentici umori e sapori di nostranit\u00e0 e tipicit\u00e0, classici della produzione artigianale.<\/span><\/p>\n<p style=\"text-align: justify;\"><span style=\"font-family: georgia, palatino, serif; font-size: 16px;\">La tradizione vitivinicola di Cabanon \u00e8 attiva sin dal 1909. Fu per\u00f2 Giovanni Mercandelli, padre dell\u2019attuale proprietaria Elena, ad avere l\u2019intuito di creare su quei terreni una attivit\u00e0 vitivinicola imprenditoriale e fu lui a crearla quasi dal nulla, sul finire degli anni \u201960. Ebbe l\u2019intuito di impiantare vitigni innovativi e del tutto estranei al classico territorio Oltrep\u00f2, (quali Cabernet, Sauvignon Blanc, Syrah ed altri ancora, quasi innominabili!) ed ebbe sempre uno sguardo attento verso la Francia.<\/span><\/p>\n<p>[\/vc_column_text][\/vc_column][\/vc_row]<\/p>\n<\/div>","protected":false},"excerpt":{"rendered":"<p class=\"p1\"><span style=\"font-family: georgia, palatino, serif; font-size: 16px;\"><strong>Tipologia<\/strong>: vino varietale d&#8217;italia<\/span><br \/>\n<span style=\"font-family: georgia, palatino, serif; font-size: 16px;\"><strong>Bottiglie<\/strong>: 5000<\/span><br \/>\n<span style=\"font-family: georgia, palatino, serif; font-size: 16px;\"><strong>Alcol<\/strong>: 14% vol.<\/span><br \/>\n<span style=\"font-family: georgia, palatino, serif; font-size: 16px;\"><strong>Vitigni<\/strong>: syrah<\/span><br \/>\n<span style=\"font-family: georgia, palatino, serif; font-size: 16px;\"><strong>Resa\/ha<\/strong>: 45 q.li<\/span><br \/>\n<span style=\"font-family: georgia, palatino, serif; font-size: 16px;\"><strong>Allevamento<\/strong>: guyot<\/span><br \/>\n<span style=\"font-family: georgia, palatino, serif; font-size: 16px;\"><strong>Vigneto<\/strong>: viti di oltre 20 anni su suolo molto sassoso e magro a 300 m. esposte a sud-est<\/span><br \/>\n<span style=\"font-family: georgia, palatino, serif; font-size: 16px;\"><strong>Vinificazione<\/strong>: uve raccolte a maturazione avanzata. Fermentazione alcolica e malolattica in botte grande.<\/span><br \/>\n<span style=\"font-family: georgia, palatino, serif; font-size: 16px;\"><strong>Affinamento<\/strong>: 12 mesi in barriques, 24 mesi in acciaio. Ulteriore affinamento in bottiglia<\/span><br \/>\n<span style=\"font-family: georgia, palatino, serif; font-size: 16px;\"><strong>SO2<\/strong>: 80 mg\/l<\/span><\/p>\n","protected":false},"featured_media":2066,"template":"","meta":[],"product_brand":[],"product_cat":[1448,1362,1363,843,857],"product_tag":[681,1450,1453,433,1455,367,688],"class_list":{"0":"post-2065","1":"product","2":"type-product","3":"status-publish","4":"has-post-thumbnail","6":"product_cat-fattoria-cabanon-de","7":"product_cat-lombardia","8":"product_cat-die-rotweine","9":"product_cat-syrah","10":"product_cat-vino-varietale-ditalia","11":"product_tag-barrique","12":"product_tag-cabanon-de","13":"product_tag-fattoria-cabanon-de","14":"product_tag-gerbidi","15":"product_tag-rossi-de","16":"product_tag-syrah","17":"product_tag-vino-varietale-ditalia","18":"blog_entry clearfix","20":"first","21":"instock","22":"taxable","23":"shipping-taxable","24":"purchasable","25":"product-type-simple"},"yoast_head":"<!-- This site is optimized with the Yoast SEO Premium plugin v27.3 (Yoast SEO v27.4) - https:\/\/yoast.com\/product\/yoast-seo-premium-wordpress\/ -->\n<title>Syrah&#039;s I Gerbidi Fattoria Cabanon 2018<\/title>\n<meta name=\"description\" content=\"Syrah&#039;s I Gerbidi Fattoria Cabanon 2018 \u00e8 un vino biologico su terreno sassoso, magro, ideale per questo vitigno\" \/>\n<meta name=\"robots\" content=\"index, follow, max-snippet:-1, max-image-preview:large, max-video-preview:-1\" \/>\n<link rel=\"canonical\" href=\"https:\/\/alimentariarrigoni.it\/de\/prodotto\/syrah-gerbidi-cabanon-2018\/\" \/>\n<meta property=\"og:locale\" content=\"de_DE\" \/>\n<meta property=\"og:type\" content=\"article\" \/>\n<meta property=\"og:title\" content=\"Syrah&#039;s I Gerbidi Fattoria Cabanon 2018\" \/>\n<meta property=\"og:description\" content=\"Syrah&#039;s I Gerbidi Fattoria Cabanon 2018 \u00e8 un vino biologico su terreno sassoso, magro, ideale per questo vitigno\" \/>\n<meta property=\"og:url\" content=\"https:\/\/alimentariarrigoni.it\/de\/prodotto\/syrah-gerbidi-cabanon-2018\/\" \/>\n<meta property=\"og:site_name\" content=\"Alimentari Arrigoni\" \/>\n<meta property=\"article:publisher\" content=\"https:\/\/www.facebook.com\/alimentariarrigoni\/\" \/>\n<meta property=\"article:modified_time\" content=\"2026-04-13T17:10:24+00:00\" \/>\n<meta property=\"og:image\" content=\"https:\/\/alimentariarrigoni.it\/wp-content\/uploads\/2021\/07\/0265-000-223.jpg\" \/>\n\t<meta property=\"og:image:width\" content=\"700\" \/>\n\t<meta property=\"og:image:height\" content=\"700\" \/>\n\t<meta property=\"og:image:type\" content=\"image\/jpeg\" \/>\n<meta name=\"twitter:card\" content=\"summary_large_image\" \/>\n<meta name=\"twitter:label1\" content=\"Gesch\u00e4tzte Lesezeit\" \/>\n\t<meta name=\"twitter:data1\" content=\"4\u00a0Minuten\" \/>\n<script type=\"application\/ld+json\" class=\"yoast-schema-graph\">{\"@context\":\"https:\\\/\\\/schema.org\",\"@graph\":[{\"@type\":\"WebPage\",\"@id\":\"https:\\\/\\\/alimentariarrigoni.it\\\/de\\\/prodotto\\\/syrah-gerbidi-cabanon-2018\\\/\",\"url\":\"https:\\\/\\\/alimentariarrigoni.it\\\/de\\\/prodotto\\\/syrah-gerbidi-cabanon-2018\\\/\",\"name\":\"Syrah's I Gerbidi Fattoria Cabanon 2018\",\"isPartOf\":{\"@id\":\"https:\\\/\\\/alimentariarrigoni.it\\\/de\\\/#website\"},\"primaryImageOfPage\":{\"@id\":\"https:\\\/\\\/alimentariarrigoni.it\\\/de\\\/prodotto\\\/syrah-gerbidi-cabanon-2018\\\/#primaryimage\"},\"image\":{\"@id\":\"https:\\\/\\\/alimentariarrigoni.it\\\/de\\\/prodotto\\\/syrah-gerbidi-cabanon-2018\\\/#primaryimage\"},\"thumbnailUrl\":\"https:\\\/\\\/alimentariarrigoni.it\\\/wp-content\\\/uploads\\\/2021\\\/07\\\/0265-000-223.jpg\",\"datePublished\":\"2021-04-23T07:40:42+00:00\",\"dateModified\":\"2026-04-13T17:10:24+00:00\",\"description\":\"Syrah's I Gerbidi Fattoria Cabanon 2018 \u00e8 un vino biologico su terreno sassoso, magro, ideale per questo vitigno\",\"breadcrumb\":{\"@id\":\"https:\\\/\\\/alimentariarrigoni.it\\\/de\\\/prodotto\\\/syrah-gerbidi-cabanon-2018\\\/#breadcrumb\"},\"inLanguage\":\"de\",\"potentialAction\":[{\"@type\":\"ReadAction\",\"target\":[\"https:\\\/\\\/alimentariarrigoni.it\\\/de\\\/prodotto\\\/syrah-gerbidi-cabanon-2018\\\/\"]}]},{\"@type\":\"ImageObject\",\"inLanguage\":\"de\",\"@id\":\"https:\\\/\\\/alimentariarrigoni.it\\\/de\\\/prodotto\\\/syrah-gerbidi-cabanon-2018\\\/#primaryimage\",\"url\":\"https:\\\/\\\/alimentariarrigoni.it\\\/wp-content\\\/uploads\\\/2021\\\/07\\\/0265-000-223.jpg\",\"contentUrl\":\"https:\\\/\\\/alimentariarrigoni.it\\\/wp-content\\\/uploads\\\/2021\\\/07\\\/0265-000-223.jpg\",\"width\":700,\"height\":700,\"caption\":\"Syrah's I Gerbidi Fattoria Cabanon\"},{\"@type\":\"BreadcrumbList\",\"@id\":\"https:\\\/\\\/alimentariarrigoni.it\\\/de\\\/prodotto\\\/syrah-gerbidi-cabanon-2018\\\/#breadcrumb\",\"itemListElement\":[{\"@type\":\"ListItem\",\"position\":1,\"name\":\"Home\",\"item\":\"https:\\\/\\\/alimentariarrigoni.it\\\/de\\\/\"},{\"@type\":\"ListItem\",\"position\":2,\"name\":\"Shop\",\"item\":\"https:\\\/\\\/alimentariarrigoni.it\\\/de\\\/shop\\\/\"},{\"@type\":\"ListItem\",\"position\":3,\"name\":\"Syrah&#8217;s I Gerbidi Fattoria Cabanon 2018\"}]},{\"@type\":\"WebSite\",\"@id\":\"https:\\\/\\\/alimentariarrigoni.it\\\/de\\\/#website\",\"url\":\"https:\\\/\\\/alimentariarrigoni.it\\\/de\\\/\",\"name\":\"Alimentari Arrigoni\",\"description\":\"\",\"publisher\":{\"@id\":\"https:\\\/\\\/alimentariarrigoni.it\\\/de\\\/#organization\"},\"potentialAction\":[{\"@type\":\"SearchAction\",\"target\":{\"@type\":\"EntryPoint\",\"urlTemplate\":\"https:\\\/\\\/alimentariarrigoni.it\\\/de\\\/?s={search_term_string}\"},\"query-input\":{\"@type\":\"PropertyValueSpecification\",\"valueRequired\":true,\"valueName\":\"search_term_string\"}}],\"inLanguage\":\"de\"},{\"@type\":\"Organization\",\"@id\":\"https:\\\/\\\/alimentariarrigoni.it\\\/de\\\/#organization\",\"name\":\"Alimentari dal 1894\",\"url\":\"https:\\\/\\\/alimentariarrigoni.it\\\/de\\\/\",\"logo\":{\"@type\":\"ImageObject\",\"inLanguage\":\"de\",\"@id\":\"https:\\\/\\\/alimentariarrigoni.it\\\/de\\\/#\\\/schema\\\/logo\\\/image\\\/\",\"url\":\"https:\\\/\\\/alimentariarrigoni.it\\\/wp-content\\\/uploads\\\/2022\\\/02\\\/logo-mail-mod.-comp.jpg\",\"contentUrl\":\"https:\\\/\\\/alimentariarrigoni.it\\\/wp-content\\\/uploads\\\/2022\\\/02\\\/logo-mail-mod.-comp.jpg\",\"width\":315,\"height\":100,\"caption\":\"Alimentari dal 1894\"},\"image\":{\"@id\":\"https:\\\/\\\/alimentariarrigoni.it\\\/de\\\/#\\\/schema\\\/logo\\\/image\\\/\"},\"sameAs\":[\"https:\\\/\\\/www.facebook.com\\\/alimentariarrigoni\\\/\",\"https:\\\/\\\/www.instagram.com\\\/alimentariarrigoni\\\/\"]}]}<\/script>\n<!-- \/ Yoast SEO Premium plugin. -->","yoast_head_json":{"title":"Syrah's I Gerbidi Fattoria Cabanon 2018","description":"Syrah's I Gerbidi Fattoria Cabanon 2018 \u00e8 un vino biologico su terreno sassoso, magro, ideale per questo vitigno","robots":{"index":"index","follow":"follow","max-snippet":"max-snippet:-1","max-image-preview":"max-image-preview:large","max-video-preview":"max-video-preview:-1"},"canonical":"https:\/\/alimentariarrigoni.it\/de\/prodotto\/syrah-gerbidi-cabanon-2018\/","og_locale":"de_DE","og_type":"article","og_title":"Syrah's I Gerbidi Fattoria Cabanon 2018","og_description":"Syrah's I Gerbidi Fattoria Cabanon 2018 \u00e8 un vino biologico su terreno sassoso, magro, ideale per questo vitigno","og_url":"https:\/\/alimentariarrigoni.it\/de\/prodotto\/syrah-gerbidi-cabanon-2018\/","og_site_name":"Alimentari Arrigoni","article_publisher":"https:\/\/www.facebook.com\/alimentariarrigoni\/","article_modified_time":"2026-04-13T17:10:24+00:00","og_image":[{"width":700,"height":700,"url":"https:\/\/alimentariarrigoni.it\/wp-content\/uploads\/2021\/07\/0265-000-223.jpg","type":"image\/jpeg"}],"twitter_card":"summary_large_image","twitter_misc":{"Gesch\u00e4tzte Lesezeit":"4\u00a0Minuten"},"schema":{"@context":"https:\/\/schema.org","@graph":[{"@type":"WebPage","@id":"https:\/\/alimentariarrigoni.it\/de\/prodotto\/syrah-gerbidi-cabanon-2018\/","url":"https:\/\/alimentariarrigoni.it\/de\/prodotto\/syrah-gerbidi-cabanon-2018\/","name":"Syrah's I Gerbidi Fattoria Cabanon 2018","isPartOf":{"@id":"https:\/\/alimentariarrigoni.it\/de\/#website"},"primaryImageOfPage":{"@id":"https:\/\/alimentariarrigoni.it\/de\/prodotto\/syrah-gerbidi-cabanon-2018\/#primaryimage"},"image":{"@id":"https:\/\/alimentariarrigoni.it\/de\/prodotto\/syrah-gerbidi-cabanon-2018\/#primaryimage"},"thumbnailUrl":"https:\/\/alimentariarrigoni.it\/wp-content\/uploads\/2021\/07\/0265-000-223.jpg","datePublished":"2021-04-23T07:40:42+00:00","dateModified":"2026-04-13T17:10:24+00:00","description":"Syrah's I Gerbidi Fattoria Cabanon 2018 \u00e8 un vino biologico su terreno sassoso, magro, ideale per questo vitigno","breadcrumb":{"@id":"https:\/\/alimentariarrigoni.it\/de\/prodotto\/syrah-gerbidi-cabanon-2018\/#breadcrumb"},"inLanguage":"de","potentialAction":[{"@type":"ReadAction","target":["https:\/\/alimentariarrigoni.it\/de\/prodotto\/syrah-gerbidi-cabanon-2018\/"]}]},{"@type":"ImageObject","inLanguage":"de","@id":"https:\/\/alimentariarrigoni.it\/de\/prodotto\/syrah-gerbidi-cabanon-2018\/#primaryimage","url":"https:\/\/alimentariarrigoni.it\/wp-content\/uploads\/2021\/07\/0265-000-223.jpg","contentUrl":"https:\/\/alimentariarrigoni.it\/wp-content\/uploads\/2021\/07\/0265-000-223.jpg","width":700,"height":700,"caption":"Syrah's I Gerbidi Fattoria Cabanon"},{"@type":"BreadcrumbList","@id":"https:\/\/alimentariarrigoni.it\/de\/prodotto\/syrah-gerbidi-cabanon-2018\/#breadcrumb","itemListElement":[{"@type":"ListItem","position":1,"name":"Home","item":"https:\/\/alimentariarrigoni.it\/de\/"},{"@type":"ListItem","position":2,"name":"Shop","item":"https:\/\/alimentariarrigoni.it\/de\/shop\/"},{"@type":"ListItem","position":3,"name":"Syrah&#8217;s I Gerbidi Fattoria Cabanon 2018"}]},{"@type":"WebSite","@id":"https:\/\/alimentariarrigoni.it\/de\/#website","url":"https:\/\/alimentariarrigoni.it\/de\/","name":"Alimentari Arrigoni","description":"","publisher":{"@id":"https:\/\/alimentariarrigoni.it\/de\/#organization"},"potentialAction":[{"@type":"SearchAction","target":{"@type":"EntryPoint","urlTemplate":"https:\/\/alimentariarrigoni.it\/de\/?s={search_term_string}"},"query-input":{"@type":"PropertyValueSpecification","valueRequired":true,"valueName":"search_term_string"}}],"inLanguage":"de"},{"@type":"Organization","@id":"https:\/\/alimentariarrigoni.it\/de\/#organization","name":"Alimentari dal 1894","url":"https:\/\/alimentariarrigoni.it\/de\/","logo":{"@type":"ImageObject","inLanguage":"de","@id":"https:\/\/alimentariarrigoni.it\/de\/#\/schema\/logo\/image\/","url":"https:\/\/alimentariarrigoni.it\/wp-content\/uploads\/2022\/02\/logo-mail-mod.-comp.jpg","contentUrl":"https:\/\/alimentariarrigoni.it\/wp-content\/uploads\/2022\/02\/logo-mail-mod.-comp.jpg","width":315,"height":100,"caption":"Alimentari dal 1894"},"image":{"@id":"https:\/\/alimentariarrigoni.it\/de\/#\/schema\/logo\/image\/"},"sameAs":["https:\/\/www.facebook.com\/alimentariarrigoni\/","https:\/\/www.instagram.com\/alimentariarrigoni\/"]}]}},"_links":{"self":[{"href":"https:\/\/alimentariarrigoni.it\/de\/wp-json\/wp\/v2\/product\/2065","targetHints":{"allow":["GET"]}}],"collection":[{"href":"https:\/\/alimentariarrigoni.it\/de\/wp-json\/wp\/v2\/product"}],"about":[{"href":"https:\/\/alimentariarrigoni.it\/de\/wp-json\/wp\/v2\/types\/product"}],"wp:featuredmedia":[{"embeddable":true,"href":"https:\/\/alimentariarrigoni.it\/de\/wp-json\/wp\/v2\/media\/2066"}],"wp:attachment":[{"href":"https:\/\/alimentariarrigoni.it\/de\/wp-json\/wp\/v2\/media?parent=2065"}],"wp:term":[{"taxonomy":"product_brand","embeddable":true,"href":"https:\/\/alimentariarrigoni.it\/de\/wp-json\/wp\/v2\/product_brand?post=2065"},{"taxonomy":"product_cat","embeddable":true,"href":"https:\/\/alimentariarrigoni.it\/de\/wp-json\/wp\/v2\/product_cat?post=2065"},{"taxonomy":"product_tag","embeddable":true,"href":"https:\/\/alimentariarrigoni.it\/de\/wp-json\/wp\/v2\/product_tag?post=2065"}],"curies":[{"name":"wp","href":"https:\/\/api.w.org\/{rel}","templated":true}]}}