{"id":1850,"date":"2021-01-27T21:25:41","date_gmt":"2021-01-27T20:25:41","guid":{"rendered":"https:\/\/yard.sitowp.com\/alimentariarrigoni\/prodotto\/poggio-a-frati-chianti-classico-riserva-docg-rocca-di-castagnoli-2016\/"},"modified":"2025-12-22T18:17:38","modified_gmt":"2025-12-22T17:17:38","slug":"poggio-a-frati-chianti-classico-riserva-docg-rocca-di-castagnoli-2016","status":"publish","type":"product","link":"https:\/\/alimentariarrigoni.it\/de\/prodotto\/poggio-a-frati-chianti-classico-riserva-docg-rocca-di-castagnoli-2016\/","title":{"rendered":"Poggio a&#8216; Frati Chianti Classico Riserva DOCG Rocca di Castagnoli 2018"},"content":{"rendered":"<div class=\"wpb-content-wrapper\"><p>[vc_row][vc_column width=&#8220;2\/5&#8243;][vc_empty_space][vc_single_image image=&#8220;7054&#8243; img_size=&#8220;large&#8220;][vc_column_text]<\/p>\n<h2 style=\"text-align: justify;\"><span style=\"font-size: 18px; font-family: georgia, palatino, serif;\"><strong>GAIOLE IN CHIANTI\u00a0<\/strong><\/span><\/h2>\n<p style=\"text-align: justify;\"><span style=\"font-family: georgia, palatino, serif; font-size: 16px;\">I vigneti di Rocca di Castagnoli sono nella zona centrale di <strong>Gaiole in Chianti<\/strong> dove si uniscono tutti i diversi tipi di terreno del Chianti Classico. Troviamo suoli su scaglia toscana (<strong>galestro<\/strong>) con marne e calcari, suoli sabbiosi non calcarei su arenaria (<strong>macigno<\/strong>) e suoli argilloso-calcarei su calcari e argilliti (<strong>alberese<\/strong>). Questa variet\u00e0 di suoli \u00e8 la condizione necessaria per avere grandi vini in cui possono essere presenti tutte le migliori qualit\u00e0 che ogni diversa conformazione geologia apporta.\u00a0<\/span><\/p>\n<p>[\/vc_column_text][vc_empty_space][vc_video link=&#8220;https:\/\/www.youtube.com\/watch?v=qKcArr1Kj28&amp;t=1535s&#8220;][vc_empty_space][vc_single_image image=&#8220;7053&#8243; img_size=&#8220;large&#8220;][\/vc_column][vc_column width=&#8220;3\/6&#8243;][vc_column_text]<\/p>\n<h1><span style=\"font-size: 18px; font-family: georgia, palatino, serif;\"><strong>POGGIO A&#8216; FRATI<\/strong><\/span><\/h1>\n<p><span style=\"font-family: georgia, palatino, serif; font-size: 16px;\">Le uve da cui trae origine questo cr\u00f9 aziendale sono prodotte dall\u2019area da cui trae il nome, dove sono in coltivazione da sempre circa 15 Ha di vigneto che circondano una collina dominata da un vecchi convento di frati.<\/span><\/p>\n<p><span style=\"font-family: georgia, palatino, serif; font-size: 18px;\"><strong>DESCRIZIONE<\/strong><\/span><\/p>\n<p style=\"text-align: justify;\"><span style=\"font-family: georgia, palatino, serif; font-size: 16px;\">Il Chianti Classico Riserva Poggio a\u2019 Frati \u00e8 un vino di grande complessit\u00e0, struttura gustativa ed eleganza. Si presenta di colore rosso intenso e brillante, Il profumo \u00e8 ricco di note di piccoli frutti rossi e speziati. Ha profumi avvolgenti, complessi e persistenti che evidenziano la ciliegia e la marasca matura, con un bel finale speziato e balsamico. L\u2019affinamento in bottiglia lo porta ad acquisire una pregevole eleganza e suadenza gustativa.<\/span><\/p>\n<p>[\/vc_column_text][vc_empty_space][vc_single_image image=&#8220;7055&#8243; img_size=&#8220;LARGE&#8220;][vc_empty_space][vc_column_text]<\/p>\n<h3 style=\"text-align: justify;\"><a href=\"https:\/\/alimentariarrigoni.it\/rocca-di-castagnoli\/\"><span style=\"font-family: georgia, palatino, serif; font-size: 18px;\"><strong>ROCCA DI CASTAGNOLI<\/strong><\/span><\/a><\/h3>\n<div class=\"page\" title=\"Page 6\">\n<div class=\"section\">\n<div class=\"layoutArea\">\n<div class=\"column\">\n<p style=\"text-align: justify;\"><span style=\"font-family: georgia, palatino, serif; font-size: 16px;\">Rocca di Castagnoli e\u0300 un\u2019antica fortezza Medievale da cui ha avuto origine la frazione di Castagnoli. Questo luogo e\u0300 stato storicamente posseduto da numerose famiglie con blasone nobiliare, e tra queste i Tempi (il cui stemma rappresenta ancora l\u2019azienda) e i Ricasoli.<\/span><\/p>\n<p style=\"text-align: justify;\"><span style=\"font-family: georgia, palatino, serif; font-size: 16px;\">L\u2019azienda agricola vinicola, presente gia\u0300 dal 1700, e\u0300 sempre stata il centro economico del borgo e si e\u0300 sempre distinta per la grande qualita\u0300 produttiva come testimonia anche la visita, nel 1773, del Granduca Pietro Leopoldo che lodo\u0300 l\u2019ottima gestione, l\u2019innovazione e la manutenzione con cui venivano condotti i terreni.<\/span><\/p>\n<p style=\"text-align: justify;\"><span style=\"font-family: georgia, palatino, serif; font-size: 16px;\">Nel 1924 Rocca di Castagnoli entra a far parte delle aziende agricole che danno vita al <strong>Consorzio del Vino del Chianti Classico.<\/strong><\/span><\/p>\n<p style=\"text-align: justify;\"><span style=\"font-family: georgia, palatino, serif; font-size: 16px;\">Le cantine della rocca medioevale sono state adibite all\u2019invecchiamento in legno, la barricaia, costituita dai migliori legni di rovere francese, mirati all\u2019ottenimento di vini di grande personalita\u0300, eleganza, complessita\u0300 ed equilibrio da gustare nel tempo.<\/span><\/p>\n<\/div>\n<\/div>\n<\/div>\n<\/div>\n<p>[\/vc_column_text][\/vc_column][\/vc_row]<\/p>\n<\/div>","protected":false},"excerpt":{"rendered":"<p>[vc_row][vc_column width=&#8220;2\/5&#8243;][vc_empty_space][vc_single_image image=&#8220;7054&#8243; img_size=&#8220;large&#8220;][vc_column_text] GAIOLE IN CHIANTI\u00a0 I vigneti di Rocca di Castagnoli sono nella zona centrale di Gaiole in Chianti dove si uniscono tutti i diversi tipi di terreno del Chianti Classico. Troviamo suoli su scaglia toscana (galestro) con marne e calcari, suoli sabbiosi non calcarei su arenaria (macigno) e suoli argilloso-calcarei su calcari<\/p>\n<div class=\"klb-readmore\"><a href=\"https:\/\/alimentariarrigoni.it\/de\/prodotto\/poggio-a-frati-chianti-classico-riserva-docg-rocca-di-castagnoli-2016\/\" class=\"btn\">READ MORE<\/a><\/div>\n","protected":false},"featured_media":8229,"template":"","meta":[],"product_brand":[],"product_cat":[498,872,897,661,842,497],"product_tag":[657,703,365,499,809,668],"class_list":{"0":"post-1850","1":"product","2":"type-product","3":"status-publish","4":"has-post-thumbnail","6":"product_cat-chianti-classico","7":"product_cat-chianti-classico-docg","8":"product_cat-rocca-di-castagnoli","9":"product_cat-vini-rossi","10":"product_cat-sangiovese","11":"product_cat-toscana-vino","12":"product_tag-botte-grande","13":"product_tag-chianti-classico-docg","14":"product_tag-poggio","15":"product_tag-rocca-di-castagnoli","16":"product_tag-rossi","17":"product_tag-sangiovese","18":"blog_entry clearfix","20":"first","21":"instock","22":"taxable","23":"shipping-taxable","24":"purchasable","25":"product-type-simple"},"yoast_head":"<!-- This site is optimized with the Yoast SEO Premium plugin v27.3 (Yoast SEO v27.4) - https:\/\/yoast.com\/product\/yoast-seo-premium-wordpress\/ -->\n<title>Poggio a&#039; Frati Chianti Classico Riserva DOCG Rocca di Castagnoli 2018<\/title>\n<meta name=\"description\" content=\"Poggio a&#039; Frati Chianti Classico Riserva Rocca di Castagnoli 2018\" \/>\n<meta name=\"robots\" content=\"index, follow, max-snippet:-1, max-image-preview:large, max-video-preview:-1\" \/>\n<link rel=\"canonical\" href=\"https:\/\/alimentariarrigoni.it\/de\/prodotto\/poggio-a-frati-chianti-classico-riserva-docg-rocca-di-castagnoli-2016\/\" \/>\n<meta property=\"og:locale\" content=\"de_DE\" \/>\n<meta property=\"og:type\" content=\"article\" \/>\n<meta property=\"og:title\" content=\"Poggio a&#039; Frati Chianti Classico Riserva DOCG Rocca di Castagnoli 2018\" \/>\n<meta property=\"og:description\" content=\"Poggio a&#039; Frati Chianti Classico Riserva Rocca di Castagnoli 2018\" \/>\n<meta property=\"og:url\" content=\"https:\/\/alimentariarrigoni.it\/de\/prodotto\/poggio-a-frati-chianti-classico-riserva-docg-rocca-di-castagnoli-2016\/\" \/>\n<meta property=\"og:site_name\" content=\"Alimentari Arrigoni\" \/>\n<meta property=\"article:publisher\" content=\"https:\/\/www.facebook.com\/alimentariarrigoni\/\" \/>\n<meta property=\"article:modified_time\" content=\"2025-12-22T17:17:38+00:00\" \/>\n<meta property=\"og:image\" content=\"https:\/\/alimentariarrigoni.it\/wp-content\/uploads\/2021\/01\/chianti-classico-riserva-poggio-a-frati-rocca-di-castagnoli-2018.jpg\" \/>\n\t<meta property=\"og:image:width\" content=\"945\" \/>\n\t<meta property=\"og:image:height\" content=\"945\" \/>\n\t<meta property=\"og:image:type\" content=\"image\/jpeg\" \/>\n<meta name=\"twitter:card\" content=\"summary_large_image\" \/>\n<meta name=\"twitter:label1\" content=\"Gesch\u00e4tzte Lesezeit\" \/>\n\t<meta name=\"twitter:data1\" content=\"2\u00a0Minuten\" \/>\n<script type=\"application\/ld+json\" class=\"yoast-schema-graph\">{\"@context\":\"https:\\\/\\\/schema.org\",\"@graph\":[{\"@type\":\"WebPage\",\"@id\":\"https:\\\/\\\/alimentariarrigoni.it\\\/de\\\/prodotto\\\/poggio-a-frati-chianti-classico-riserva-docg-rocca-di-castagnoli-2016\\\/\",\"url\":\"https:\\\/\\\/alimentariarrigoni.it\\\/de\\\/prodotto\\\/poggio-a-frati-chianti-classico-riserva-docg-rocca-di-castagnoli-2016\\\/\",\"name\":\"Poggio a' Frati Chianti Classico Riserva DOCG Rocca di Castagnoli 2018\",\"isPartOf\":{\"@id\":\"https:\\\/\\\/alimentariarrigoni.it\\\/de\\\/#website\"},\"primaryImageOfPage\":{\"@id\":\"https:\\\/\\\/alimentariarrigoni.it\\\/de\\\/prodotto\\\/poggio-a-frati-chianti-classico-riserva-docg-rocca-di-castagnoli-2016\\\/#primaryimage\"},\"image\":{\"@id\":\"https:\\\/\\\/alimentariarrigoni.it\\\/de\\\/prodotto\\\/poggio-a-frati-chianti-classico-riserva-docg-rocca-di-castagnoli-2016\\\/#primaryimage\"},\"thumbnailUrl\":\"https:\\\/\\\/alimentariarrigoni.it\\\/wp-content\\\/uploads\\\/2021\\\/01\\\/chianti-classico-riserva-poggio-a-frati-rocca-di-castagnoli-2018.jpg\",\"datePublished\":\"2021-01-27T20:25:41+00:00\",\"dateModified\":\"2025-12-22T17:17:38+00:00\",\"description\":\"Poggio a' Frati Chianti Classico Riserva Rocca di Castagnoli 2018\",\"breadcrumb\":{\"@id\":\"https:\\\/\\\/alimentariarrigoni.it\\\/de\\\/prodotto\\\/poggio-a-frati-chianti-classico-riserva-docg-rocca-di-castagnoli-2016\\\/#breadcrumb\"},\"inLanguage\":\"de\",\"potentialAction\":[{\"@type\":\"ReadAction\",\"target\":[\"https:\\\/\\\/alimentariarrigoni.it\\\/de\\\/prodotto\\\/poggio-a-frati-chianti-classico-riserva-docg-rocca-di-castagnoli-2016\\\/\"]}]},{\"@type\":\"ImageObject\",\"inLanguage\":\"de\",\"@id\":\"https:\\\/\\\/alimentariarrigoni.it\\\/de\\\/prodotto\\\/poggio-a-frati-chianti-classico-riserva-docg-rocca-di-castagnoli-2016\\\/#primaryimage\",\"url\":\"https:\\\/\\\/alimentariarrigoni.it\\\/wp-content\\\/uploads\\\/2021\\\/01\\\/chianti-classico-riserva-poggio-a-frati-rocca-di-castagnoli-2018.jpg\",\"contentUrl\":\"https:\\\/\\\/alimentariarrigoni.it\\\/wp-content\\\/uploads\\\/2021\\\/01\\\/chianti-classico-riserva-poggio-a-frati-rocca-di-castagnoli-2018.jpg\",\"width\":945,\"height\":945,\"caption\":\"Poggio a' Frati\"},{\"@type\":\"BreadcrumbList\",\"@id\":\"https:\\\/\\\/alimentariarrigoni.it\\\/de\\\/prodotto\\\/poggio-a-frati-chianti-classico-riserva-docg-rocca-di-castagnoli-2016\\\/#breadcrumb\",\"itemListElement\":[{\"@type\":\"ListItem\",\"position\":1,\"name\":\"Home\",\"item\":\"https:\\\/\\\/alimentariarrigoni.it\\\/de\\\/\"},{\"@type\":\"ListItem\",\"position\":2,\"name\":\"Shop\",\"item\":\"https:\\\/\\\/alimentariarrigoni.it\\\/de\\\/shop\\\/\"},{\"@type\":\"ListItem\",\"position\":3,\"name\":\"Poggio a&#8217; Frati Chianti Classico Riserva DOCG Rocca di Castagnoli 2018\"}]},{\"@type\":\"WebSite\",\"@id\":\"https:\\\/\\\/alimentariarrigoni.it\\\/de\\\/#website\",\"url\":\"https:\\\/\\\/alimentariarrigoni.it\\\/de\\\/\",\"name\":\"Alimentari Arrigoni\",\"description\":\"\",\"publisher\":{\"@id\":\"https:\\\/\\\/alimentariarrigoni.it\\\/de\\\/#organization\"},\"potentialAction\":[{\"@type\":\"SearchAction\",\"target\":{\"@type\":\"EntryPoint\",\"urlTemplate\":\"https:\\\/\\\/alimentariarrigoni.it\\\/de\\\/?s={search_term_string}\"},\"query-input\":{\"@type\":\"PropertyValueSpecification\",\"valueRequired\":true,\"valueName\":\"search_term_string\"}}],\"inLanguage\":\"de\"},{\"@type\":\"Organization\",\"@id\":\"https:\\\/\\\/alimentariarrigoni.it\\\/de\\\/#organization\",\"name\":\"Alimentari dal 1894\",\"url\":\"https:\\\/\\\/alimentariarrigoni.it\\\/de\\\/\",\"logo\":{\"@type\":\"ImageObject\",\"inLanguage\":\"de\",\"@id\":\"https:\\\/\\\/alimentariarrigoni.it\\\/de\\\/#\\\/schema\\\/logo\\\/image\\\/\",\"url\":\"https:\\\/\\\/alimentariarrigoni.it\\\/wp-content\\\/uploads\\\/2022\\\/02\\\/logo-mail-mod.-comp.jpg\",\"contentUrl\":\"https:\\\/\\\/alimentariarrigoni.it\\\/wp-content\\\/uploads\\\/2022\\\/02\\\/logo-mail-mod.-comp.jpg\",\"width\":315,\"height\":100,\"caption\":\"Alimentari dal 1894\"},\"image\":{\"@id\":\"https:\\\/\\\/alimentariarrigoni.it\\\/de\\\/#\\\/schema\\\/logo\\\/image\\\/\"},\"sameAs\":[\"https:\\\/\\\/www.facebook.com\\\/alimentariarrigoni\\\/\",\"https:\\\/\\\/www.instagram.com\\\/alimentariarrigoni\\\/\"]}]}<\/script>\n<!-- \/ Yoast SEO Premium plugin. -->","yoast_head_json":{"title":"Poggio a' Frati Chianti Classico Riserva DOCG Rocca di Castagnoli 2018","description":"Poggio a' Frati Chianti Classico Riserva Rocca di Castagnoli 2018","robots":{"index":"index","follow":"follow","max-snippet":"max-snippet:-1","max-image-preview":"max-image-preview:large","max-video-preview":"max-video-preview:-1"},"canonical":"https:\/\/alimentariarrigoni.it\/de\/prodotto\/poggio-a-frati-chianti-classico-riserva-docg-rocca-di-castagnoli-2016\/","og_locale":"de_DE","og_type":"article","og_title":"Poggio a' Frati Chianti Classico Riserva DOCG Rocca di Castagnoli 2018","og_description":"Poggio a' Frati Chianti Classico Riserva Rocca di Castagnoli 2018","og_url":"https:\/\/alimentariarrigoni.it\/de\/prodotto\/poggio-a-frati-chianti-classico-riserva-docg-rocca-di-castagnoli-2016\/","og_site_name":"Alimentari Arrigoni","article_publisher":"https:\/\/www.facebook.com\/alimentariarrigoni\/","article_modified_time":"2025-12-22T17:17:38+00:00","og_image":[{"width":945,"height":945,"url":"https:\/\/alimentariarrigoni.it\/wp-content\/uploads\/2021\/01\/chianti-classico-riserva-poggio-a-frati-rocca-di-castagnoli-2018.jpg","type":"image\/jpeg"}],"twitter_card":"summary_large_image","twitter_misc":{"Gesch\u00e4tzte Lesezeit":"2\u00a0Minuten"},"schema":{"@context":"https:\/\/schema.org","@graph":[{"@type":"WebPage","@id":"https:\/\/alimentariarrigoni.it\/de\/prodotto\/poggio-a-frati-chianti-classico-riserva-docg-rocca-di-castagnoli-2016\/","url":"https:\/\/alimentariarrigoni.it\/de\/prodotto\/poggio-a-frati-chianti-classico-riserva-docg-rocca-di-castagnoli-2016\/","name":"Poggio a' Frati Chianti Classico Riserva DOCG Rocca di Castagnoli 2018","isPartOf":{"@id":"https:\/\/alimentariarrigoni.it\/de\/#website"},"primaryImageOfPage":{"@id":"https:\/\/alimentariarrigoni.it\/de\/prodotto\/poggio-a-frati-chianti-classico-riserva-docg-rocca-di-castagnoli-2016\/#primaryimage"},"image":{"@id":"https:\/\/alimentariarrigoni.it\/de\/prodotto\/poggio-a-frati-chianti-classico-riserva-docg-rocca-di-castagnoli-2016\/#primaryimage"},"thumbnailUrl":"https:\/\/alimentariarrigoni.it\/wp-content\/uploads\/2021\/01\/chianti-classico-riserva-poggio-a-frati-rocca-di-castagnoli-2018.jpg","datePublished":"2021-01-27T20:25:41+00:00","dateModified":"2025-12-22T17:17:38+00:00","description":"Poggio a' Frati Chianti Classico Riserva Rocca di Castagnoli 2018","breadcrumb":{"@id":"https:\/\/alimentariarrigoni.it\/de\/prodotto\/poggio-a-frati-chianti-classico-riserva-docg-rocca-di-castagnoli-2016\/#breadcrumb"},"inLanguage":"de","potentialAction":[{"@type":"ReadAction","target":["https:\/\/alimentariarrigoni.it\/de\/prodotto\/poggio-a-frati-chianti-classico-riserva-docg-rocca-di-castagnoli-2016\/"]}]},{"@type":"ImageObject","inLanguage":"de","@id":"https:\/\/alimentariarrigoni.it\/de\/prodotto\/poggio-a-frati-chianti-classico-riserva-docg-rocca-di-castagnoli-2016\/#primaryimage","url":"https:\/\/alimentariarrigoni.it\/wp-content\/uploads\/2021\/01\/chianti-classico-riserva-poggio-a-frati-rocca-di-castagnoli-2018.jpg","contentUrl":"https:\/\/alimentariarrigoni.it\/wp-content\/uploads\/2021\/01\/chianti-classico-riserva-poggio-a-frati-rocca-di-castagnoli-2018.jpg","width":945,"height":945,"caption":"Poggio a' Frati"},{"@type":"BreadcrumbList","@id":"https:\/\/alimentariarrigoni.it\/de\/prodotto\/poggio-a-frati-chianti-classico-riserva-docg-rocca-di-castagnoli-2016\/#breadcrumb","itemListElement":[{"@type":"ListItem","position":1,"name":"Home","item":"https:\/\/alimentariarrigoni.it\/de\/"},{"@type":"ListItem","position":2,"name":"Shop","item":"https:\/\/alimentariarrigoni.it\/de\/shop\/"},{"@type":"ListItem","position":3,"name":"Poggio a&#8217; Frati Chianti Classico Riserva DOCG Rocca di Castagnoli 2018"}]},{"@type":"WebSite","@id":"https:\/\/alimentariarrigoni.it\/de\/#website","url":"https:\/\/alimentariarrigoni.it\/de\/","name":"Alimentari Arrigoni","description":"","publisher":{"@id":"https:\/\/alimentariarrigoni.it\/de\/#organization"},"potentialAction":[{"@type":"SearchAction","target":{"@type":"EntryPoint","urlTemplate":"https:\/\/alimentariarrigoni.it\/de\/?s={search_term_string}"},"query-input":{"@type":"PropertyValueSpecification","valueRequired":true,"valueName":"search_term_string"}}],"inLanguage":"de"},{"@type":"Organization","@id":"https:\/\/alimentariarrigoni.it\/de\/#organization","name":"Alimentari dal 1894","url":"https:\/\/alimentariarrigoni.it\/de\/","logo":{"@type":"ImageObject","inLanguage":"de","@id":"https:\/\/alimentariarrigoni.it\/de\/#\/schema\/logo\/image\/","url":"https:\/\/alimentariarrigoni.it\/wp-content\/uploads\/2022\/02\/logo-mail-mod.-comp.jpg","contentUrl":"https:\/\/alimentariarrigoni.it\/wp-content\/uploads\/2022\/02\/logo-mail-mod.-comp.jpg","width":315,"height":100,"caption":"Alimentari dal 1894"},"image":{"@id":"https:\/\/alimentariarrigoni.it\/de\/#\/schema\/logo\/image\/"},"sameAs":["https:\/\/www.facebook.com\/alimentariarrigoni\/","https:\/\/www.instagram.com\/alimentariarrigoni\/"]}]}},"_links":{"self":[{"href":"https:\/\/alimentariarrigoni.it\/de\/wp-json\/wp\/v2\/product\/1850","targetHints":{"allow":["GET"]}}],"collection":[{"href":"https:\/\/alimentariarrigoni.it\/de\/wp-json\/wp\/v2\/product"}],"about":[{"href":"https:\/\/alimentariarrigoni.it\/de\/wp-json\/wp\/v2\/types\/product"}],"wp:featuredmedia":[{"embeddable":true,"href":"https:\/\/alimentariarrigoni.it\/de\/wp-json\/wp\/v2\/media\/8229"}],"wp:attachment":[{"href":"https:\/\/alimentariarrigoni.it\/de\/wp-json\/wp\/v2\/media?parent=1850"}],"wp:term":[{"taxonomy":"product_brand","embeddable":true,"href":"https:\/\/alimentariarrigoni.it\/de\/wp-json\/wp\/v2\/product_brand?post=1850"},{"taxonomy":"product_cat","embeddable":true,"href":"https:\/\/alimentariarrigoni.it\/de\/wp-json\/wp\/v2\/product_cat?post=1850"},{"taxonomy":"product_tag","embeddable":true,"href":"https:\/\/alimentariarrigoni.it\/de\/wp-json\/wp\/v2\/product_tag?post=1850"}],"curies":[{"name":"wp","href":"https:\/\/api.w.org\/{rel}","templated":true}]}}