{"id":12440,"date":"2024-07-25T16:25:51","date_gmt":"2024-07-25T14:25:51","guid":{"rendered":"https:\/\/alimentariarrigoni.it\/prodotto\/possessione-del-console-fratelli-agnes-2024\/"},"modified":"2025-12-20T10:10:50","modified_gmt":"2025-12-20T09:10:50","slug":"possessione-del-console-fratelli-agnes-2024","status":"publish","type":"product","link":"https:\/\/alimentariarrigoni.it\/de\/prodotto\/possessione-del-console-fratelli-agnes-2024\/","title":{"rendered":"Possessione del Console Fratelli Agnes 2024"},"content":{"rendered":"<div class=\"wpb-content-wrapper\"><p>[vc_row][vc_column width=&#8220;2\/6&#8243;][vc_column_text]<\/p>\n<h2><span style=\"font-size: 18px; font-family: georgia, palatino, serif;\"><strong>ROVESCALA<\/strong><\/span><\/h2>\n<p>[\/vc_column_text][vc_empty_space][vc_column_text]<\/p>\n<p data-start=\"0\" data-end=\"432\">Das <strong data-start=\"4\" data-end=\"29\">Terroir von Rovescala<\/strong> ist besonders gut f\u00fcr die <strong data-start=\"56\" data-end=\"77\">Croatina-Rebsorte<\/strong> geeignet; der Untergrund ist reich an Ton und erm\u00f6glicht ihren Anbau auf h\u00f6chstem Niveau. Zudem handelt es sich um ein Terroir von <strong data-start=\"209\" data-end=\"247\">sehr alten historischen Urspr\u00fcngen<\/strong>, das seit jeher vom Weinbau gepr\u00e4gt ist. Man geht davon aus, dass Rovescala bereits <strong data-start=\"332\" data-end=\"353\">vor dem Jahr 1000<\/strong> ein echtes Dorf war, in dem schon eine betr\u00e4chtliche Zahl von Bewohnern lebte.<\/p>\n<p data-start=\"434\" data-end=\"762\" data-is-last-node=\"\" data-is-only-node=\"\">Im Zuge <strong data-start=\"442\" data-end=\"483\">j\u00fcngerer arch\u00e4ologischer Ausgrabungen<\/strong> auf dem Gemeindegebiet kamen Fragmente von <strong data-start=\"527\" data-end=\"562\">Amphoren, Gef\u00e4\u00dfen, Glasflaschen<\/strong> sowie sogar ein wertvoller <strong data-start=\"590\" data-end=\"612\">bronzerner Cyathus<\/strong>, der zum Einschenken und Verkosten von Wein verwendet wurde, zutage. Diese Funde lassen <strong data-start=\"701\" data-end=\"751\">zweifelsfrei auf den Weinbau in r\u00f6mischer Zeit<\/strong> schlie\u00dfen.<\/p>\n<p>[\/vc_column_text][vc_empty_space][vc_single_image image=&#8220;11985&#8243; img_size=&#8220;large&#8220;][vc_empty_space][\/vc_column][vc_column width=&#8220;3\/6&#8243;][vc_column_text css=&#8220;&#8220;]<\/p>\n<p data-start=\"0\" data-end=\"64\"><strong data-start=\"0\" data-end=\"64\">BESCHREIBUNG POSSESSIONE DEL CONSOLE FRATELLI AGNES 2024<\/strong><\/p>\n<p data-start=\"66\" data-end=\"407\" data-is-last-node=\"\" data-is-only-node=\"\">Intensiv rubinrote Farbe mit violetten Reflexen; in der Jugend erinnert das Bouquet an reife Fr\u00fcchte, Pflaume und Konfit\u00fcre, begleitet von Menthol- und balsamischen Ankl\u00e4ngen, w\u00e4hrend sich mit der Flaschenreife Noten von Unterholz entfalten. Der Geschmack ist voll und trocken: Am Gaumen setzt er sich mit Entschiedenheit und Harmonie durch.<\/p>\n<p>[\/vc_column_text][vc_empty_space][vc_single_image image=&#8220;10151&#8243; img_size=&#8220;large&#8220;][vc_empty_space][vc_column_text]<\/p>\n<p data-start=\"0\" data-end=\"18\"><strong data-start=\"0\" data-end=\"18\">FRATELLI AGNES<\/strong><\/p>\n<p data-start=\"20\" data-end=\"263\">Der landwirtschaftliche Betrieb <strong data-start=\"52\" data-end=\"70\">Fratelli Agnes<\/strong> in Rovescala ist ein Vorposten des Oltrep\u00f2-Gebiets zwischen Pavia und Piacenza. Die lokale Weinbautradition hat <strong data-start=\"183\" data-end=\"205\">sehr tiefe Wurzeln<\/strong>, wie arch\u00e4ologische Funde aus <strong data-start=\"236\" data-end=\"254\">r\u00f6mischer Zeit<\/strong> belegen.<\/p>\n<p data-start=\"265\" data-end=\"960\">Ein Dokument verdient unter allen besondere Erw\u00e4hnung, sowohl wegen seines hohen Zeugniswertes als auch wegen des malerischen historischen Hintergrunds. Es handelt sich um eine <strong data-start=\"442\" data-end=\"482\">notarielle Urkunde vom 22. M\u00e4rz 1192<\/strong>, die im Staatsarchiv in Mailand aufbewahrt wird. Darin verpflichten drei lombardische Feudalherren, adelige Gl\u00e4ubiger, den Grafen von Rovescala, Anselmo, zur Begleichung einer Schuld \u2013 jedoch nicht durch Geldr\u00fcckzahlung, sondern durch die Lieferung von <strong data-start=\"736\" data-end=\"766\">600 Congi (20 Hektolitern)<\/strong><br data-start=\"766\" data-end=\"769\" \/>\u201e<strong data-start=\"770\" data-end=\"854\">de puro vino suarum vinearum de Rovoscalla, de meliori quod habuerit super locum<\/strong>\u201c<br data-start=\"855\" data-end=\"858\" \/>(\u201evon reinem Wein aus seinen Weinbergen von Rovescala, vom besten, den er an Ort und Stelle besitzt\u201c).<\/p>\n<p data-start=\"962\" data-end=\"1083\" data-is-last-node=\"\" data-is-only-node=\"\">Das Etikett des <strong data-start=\"978\" data-end=\"992\">Millennium<\/strong> gibt den originalen Wortlaut der notariellen Urkunde von 1192 wieder.<br data-start=\"1062\" data-end=\"1065\" \/><em data-start=\"1065\" data-end=\"1083\" data-is-last-node=\"\">Siehe Produzent.<\/em><\/p>\n<p>[\/vc_column_text][\/vc_column][\/vc_row]<\/p>\n<\/div>","protected":false},"excerpt":{"rendered":"<p>[vc_row][vc_column width=&#8220;2\/6&#8243;][vc_column_text] ROVESCALA [\/vc_column_text][vc_empty_space][vc_column_text] Das Terroir von Rovescala ist besonders gut f\u00fcr die Croatina-Rebsorte geeignet; der Untergrund ist reich an Ton und erm\u00f6glicht ihren Anbau auf h\u00f6chstem Niveau. Zudem handelt es sich um ein Terroir von sehr alten historischen Urspr\u00fcngen, das seit jeher vom Weinbau gepr\u00e4gt ist. Man geht davon aus, dass Rovescala bereits vor<\/p>\n<div class=\"klb-readmore\"><a href=\"https:\/\/alimentariarrigoni.it\/de\/prodotto\/possessione-del-console-fratelli-agnes-2024\/\" class=\"btn\">READ MORE<\/a><\/div>\n","protected":false},"featured_media":11892,"template":"","meta":[],"product_brand":[],"product_cat":[1364,1363,1366,1362,1415],"product_tag":[1367],"class_list":{"0":"post-12440","1":"product","2":"type-product","3":"status-publish","4":"has-post-thumbnail","6":"product_cat-croatina-de","7":"product_cat-die-rotweine","8":"product_cat-fratelli-agnes-de","9":"product_cat-lombardia","10":"product_cat-vino-da-tavola-de","11":"product_tag-cemento-de","12":"blog_entry clearfix","14":"first","15":"instock","16":"taxable","17":"shipping-taxable","18":"purchasable","19":"product-type-simple"},"yoast_head":"<!-- This site is optimized with the Yoast SEO Premium plugin v27.4 (Yoast SEO v27.4) - https:\/\/yoast.com\/product\/yoast-seo-premium-wordpress\/ -->\n<title>Possessione del Console Fratelli Agnes 2024 - Alimentari Arrigoni<\/title>\n<meta name=\"robots\" content=\"index, follow, max-snippet:-1, max-image-preview:large, max-video-preview:-1\" \/>\n<link rel=\"canonical\" href=\"https:\/\/alimentariarrigoni.it\/de\/prodotto\/possessione-del-console-fratelli-agnes-2024\/\" \/>\n<meta property=\"og:locale\" content=\"de_DE\" \/>\n<meta property=\"og:type\" content=\"article\" \/>\n<meta property=\"og:title\" content=\"Possessione del Console Fratelli Agnes 2024\" \/>\n<meta property=\"og:description\" content=\"[vc_row][vc_column width=&#8220;2\/6&#8243;][vc_column_text] ROVESCALA [\/vc_column_text][vc_empty_space][vc_column_text] Das Terroir von Rovescala ist besonders gut f\u00fcr die Croatina-Rebsorte geeignet; der Untergrund ist reich an Ton und erm\u00f6glicht ihren Anbau auf h\u00f6chstem Niveau. Zudem handelt es sich um ein Terroir von sehr alten historischen Urspr\u00fcngen, das seit jeher vom Weinbau gepr\u00e4gt ist. Man geht davon aus, dass Rovescala bereits vorREAD MORE\" \/>\n<meta property=\"og:url\" content=\"https:\/\/alimentariarrigoni.it\/de\/prodotto\/possessione-del-console-fratelli-agnes-2024\/\" \/>\n<meta property=\"og:site_name\" content=\"Alimentari Arrigoni\" \/>\n<meta property=\"article:publisher\" content=\"https:\/\/www.facebook.com\/alimentariarrigoni\/\" \/>\n<meta property=\"article:modified_time\" content=\"2025-12-20T09:10:50+00:00\" \/>\n<meta property=\"og:image\" content=\"https:\/\/alimentariarrigoni.it\/wp-content\/uploads\/2021\/03\/agnes-possessione-console-def.jpg\" \/>\n\t<meta property=\"og:image:width\" content=\"1024\" \/>\n\t<meta property=\"og:image:height\" content=\"1024\" \/>\n\t<meta property=\"og:image:type\" content=\"image\/jpeg\" \/>\n<meta name=\"twitter:card\" content=\"summary_large_image\" \/>\n<meta name=\"twitter:label1\" content=\"Gesch\u00e4tzte Lesezeit\" \/>\n\t<meta name=\"twitter:data1\" content=\"2\u00a0Minuten\" \/>\n<script type=\"application\/ld+json\" class=\"yoast-schema-graph\">{\"@context\":\"https:\\\/\\\/schema.org\",\"@graph\":[{\"@type\":\"WebPage\",\"@id\":\"https:\\\/\\\/alimentariarrigoni.it\\\/de\\\/prodotto\\\/possessione-del-console-fratelli-agnes-2024\\\/\",\"url\":\"https:\\\/\\\/alimentariarrigoni.it\\\/de\\\/prodotto\\\/possessione-del-console-fratelli-agnes-2024\\\/\",\"name\":\"Possessione del Console Fratelli Agnes 2024 - Alimentari Arrigoni\",\"isPartOf\":{\"@id\":\"https:\\\/\\\/alimentariarrigoni.it\\\/de\\\/#website\"},\"primaryImageOfPage\":{\"@id\":\"https:\\\/\\\/alimentariarrigoni.it\\\/de\\\/prodotto\\\/possessione-del-console-fratelli-agnes-2024\\\/#primaryimage\"},\"image\":{\"@id\":\"https:\\\/\\\/alimentariarrigoni.it\\\/de\\\/prodotto\\\/possessione-del-console-fratelli-agnes-2024\\\/#primaryimage\"},\"thumbnailUrl\":\"https:\\\/\\\/alimentariarrigoni.it\\\/wp-content\\\/uploads\\\/2021\\\/03\\\/agnes-possessione-console-def.jpg\",\"datePublished\":\"2024-07-25T14:25:51+00:00\",\"dateModified\":\"2025-12-20T09:10:50+00:00\",\"breadcrumb\":{\"@id\":\"https:\\\/\\\/alimentariarrigoni.it\\\/de\\\/prodotto\\\/possessione-del-console-fratelli-agnes-2024\\\/#breadcrumb\"},\"inLanguage\":\"de\",\"potentialAction\":[{\"@type\":\"ReadAction\",\"target\":[\"https:\\\/\\\/alimentariarrigoni.it\\\/de\\\/prodotto\\\/possessione-del-console-fratelli-agnes-2024\\\/\"]}]},{\"@type\":\"ImageObject\",\"inLanguage\":\"de\",\"@id\":\"https:\\\/\\\/alimentariarrigoni.it\\\/de\\\/prodotto\\\/possessione-del-console-fratelli-agnes-2024\\\/#primaryimage\",\"url\":\"https:\\\/\\\/alimentariarrigoni.it\\\/wp-content\\\/uploads\\\/2021\\\/03\\\/agnes-possessione-console-def.jpg\",\"contentUrl\":\"https:\\\/\\\/alimentariarrigoni.it\\\/wp-content\\\/uploads\\\/2021\\\/03\\\/agnes-possessione-console-def.jpg\",\"width\":1024,\"height\":1024,\"caption\":\"Possessione del Console F.lli Agnes 2024\"},{\"@type\":\"BreadcrumbList\",\"@id\":\"https:\\\/\\\/alimentariarrigoni.it\\\/de\\\/prodotto\\\/possessione-del-console-fratelli-agnes-2024\\\/#breadcrumb\",\"itemListElement\":[{\"@type\":\"ListItem\",\"position\":1,\"name\":\"Home\",\"item\":\"https:\\\/\\\/alimentariarrigoni.it\\\/de\\\/\"},{\"@type\":\"ListItem\",\"position\":2,\"name\":\"Shop\",\"item\":\"https:\\\/\\\/alimentariarrigoni.it\\\/de\\\/shop\\\/\"},{\"@type\":\"ListItem\",\"position\":3,\"name\":\"Possessione del Console Fratelli Agnes 2024\"}]},{\"@type\":\"WebSite\",\"@id\":\"https:\\\/\\\/alimentariarrigoni.it\\\/de\\\/#website\",\"url\":\"https:\\\/\\\/alimentariarrigoni.it\\\/de\\\/\",\"name\":\"Alimentari Arrigoni\",\"description\":\"\",\"publisher\":{\"@id\":\"https:\\\/\\\/alimentariarrigoni.it\\\/de\\\/#organization\"},\"potentialAction\":[{\"@type\":\"SearchAction\",\"target\":{\"@type\":\"EntryPoint\",\"urlTemplate\":\"https:\\\/\\\/alimentariarrigoni.it\\\/de\\\/?s={search_term_string}\"},\"query-input\":{\"@type\":\"PropertyValueSpecification\",\"valueRequired\":true,\"valueName\":\"search_term_string\"}}],\"inLanguage\":\"de\"},{\"@type\":\"Organization\",\"@id\":\"https:\\\/\\\/alimentariarrigoni.it\\\/de\\\/#organization\",\"name\":\"Alimentari dal 1894\",\"url\":\"https:\\\/\\\/alimentariarrigoni.it\\\/de\\\/\",\"logo\":{\"@type\":\"ImageObject\",\"inLanguage\":\"de\",\"@id\":\"https:\\\/\\\/alimentariarrigoni.it\\\/de\\\/#\\\/schema\\\/logo\\\/image\\\/\",\"url\":\"https:\\\/\\\/alimentariarrigoni.it\\\/wp-content\\\/uploads\\\/2022\\\/02\\\/logo-mail-mod.-comp.jpg\",\"contentUrl\":\"https:\\\/\\\/alimentariarrigoni.it\\\/wp-content\\\/uploads\\\/2022\\\/02\\\/logo-mail-mod.-comp.jpg\",\"width\":315,\"height\":100,\"caption\":\"Alimentari dal 1894\"},\"image\":{\"@id\":\"https:\\\/\\\/alimentariarrigoni.it\\\/de\\\/#\\\/schema\\\/logo\\\/image\\\/\"},\"sameAs\":[\"https:\\\/\\\/www.facebook.com\\\/alimentariarrigoni\\\/\",\"https:\\\/\\\/www.instagram.com\\\/alimentariarrigoni\\\/\"]}]}<\/script>\n<!-- \/ Yoast SEO Premium plugin. -->","yoast_head_json":{"title":"Possessione del Console Fratelli Agnes 2024 - Alimentari Arrigoni","robots":{"index":"index","follow":"follow","max-snippet":"max-snippet:-1","max-image-preview":"max-image-preview:large","max-video-preview":"max-video-preview:-1"},"canonical":"https:\/\/alimentariarrigoni.it\/de\/prodotto\/possessione-del-console-fratelli-agnes-2024\/","og_locale":"de_DE","og_type":"article","og_title":"Possessione del Console Fratelli Agnes 2024","og_description":"[vc_row][vc_column width=&#8220;2\/6&#8243;][vc_column_text] ROVESCALA [\/vc_column_text][vc_empty_space][vc_column_text] Das Terroir von Rovescala ist besonders gut f\u00fcr die Croatina-Rebsorte geeignet; der Untergrund ist reich an Ton und erm\u00f6glicht ihren Anbau auf h\u00f6chstem Niveau. Zudem handelt es sich um ein Terroir von sehr alten historischen Urspr\u00fcngen, das seit jeher vom Weinbau gepr\u00e4gt ist. Man geht davon aus, dass Rovescala bereits vorREAD MORE","og_url":"https:\/\/alimentariarrigoni.it\/de\/prodotto\/possessione-del-console-fratelli-agnes-2024\/","og_site_name":"Alimentari Arrigoni","article_publisher":"https:\/\/www.facebook.com\/alimentariarrigoni\/","article_modified_time":"2025-12-20T09:10:50+00:00","og_image":[{"width":1024,"height":1024,"url":"https:\/\/alimentariarrigoni.it\/wp-content\/uploads\/2021\/03\/agnes-possessione-console-def.jpg","type":"image\/jpeg"}],"twitter_card":"summary_large_image","twitter_misc":{"Gesch\u00e4tzte Lesezeit":"2\u00a0Minuten"},"schema":{"@context":"https:\/\/schema.org","@graph":[{"@type":"WebPage","@id":"https:\/\/alimentariarrigoni.it\/de\/prodotto\/possessione-del-console-fratelli-agnes-2024\/","url":"https:\/\/alimentariarrigoni.it\/de\/prodotto\/possessione-del-console-fratelli-agnes-2024\/","name":"Possessione del Console Fratelli Agnes 2024 - Alimentari Arrigoni","isPartOf":{"@id":"https:\/\/alimentariarrigoni.it\/de\/#website"},"primaryImageOfPage":{"@id":"https:\/\/alimentariarrigoni.it\/de\/prodotto\/possessione-del-console-fratelli-agnes-2024\/#primaryimage"},"image":{"@id":"https:\/\/alimentariarrigoni.it\/de\/prodotto\/possessione-del-console-fratelli-agnes-2024\/#primaryimage"},"thumbnailUrl":"https:\/\/alimentariarrigoni.it\/wp-content\/uploads\/2021\/03\/agnes-possessione-console-def.jpg","datePublished":"2024-07-25T14:25:51+00:00","dateModified":"2025-12-20T09:10:50+00:00","breadcrumb":{"@id":"https:\/\/alimentariarrigoni.it\/de\/prodotto\/possessione-del-console-fratelli-agnes-2024\/#breadcrumb"},"inLanguage":"de","potentialAction":[{"@type":"ReadAction","target":["https:\/\/alimentariarrigoni.it\/de\/prodotto\/possessione-del-console-fratelli-agnes-2024\/"]}]},{"@type":"ImageObject","inLanguage":"de","@id":"https:\/\/alimentariarrigoni.it\/de\/prodotto\/possessione-del-console-fratelli-agnes-2024\/#primaryimage","url":"https:\/\/alimentariarrigoni.it\/wp-content\/uploads\/2021\/03\/agnes-possessione-console-def.jpg","contentUrl":"https:\/\/alimentariarrigoni.it\/wp-content\/uploads\/2021\/03\/agnes-possessione-console-def.jpg","width":1024,"height":1024,"caption":"Possessione del Console F.lli Agnes 2024"},{"@type":"BreadcrumbList","@id":"https:\/\/alimentariarrigoni.it\/de\/prodotto\/possessione-del-console-fratelli-agnes-2024\/#breadcrumb","itemListElement":[{"@type":"ListItem","position":1,"name":"Home","item":"https:\/\/alimentariarrigoni.it\/de\/"},{"@type":"ListItem","position":2,"name":"Shop","item":"https:\/\/alimentariarrigoni.it\/de\/shop\/"},{"@type":"ListItem","position":3,"name":"Possessione del Console Fratelli Agnes 2024"}]},{"@type":"WebSite","@id":"https:\/\/alimentariarrigoni.it\/de\/#website","url":"https:\/\/alimentariarrigoni.it\/de\/","name":"Alimentari Arrigoni","description":"","publisher":{"@id":"https:\/\/alimentariarrigoni.it\/de\/#organization"},"potentialAction":[{"@type":"SearchAction","target":{"@type":"EntryPoint","urlTemplate":"https:\/\/alimentariarrigoni.it\/de\/?s={search_term_string}"},"query-input":{"@type":"PropertyValueSpecification","valueRequired":true,"valueName":"search_term_string"}}],"inLanguage":"de"},{"@type":"Organization","@id":"https:\/\/alimentariarrigoni.it\/de\/#organization","name":"Alimentari dal 1894","url":"https:\/\/alimentariarrigoni.it\/de\/","logo":{"@type":"ImageObject","inLanguage":"de","@id":"https:\/\/alimentariarrigoni.it\/de\/#\/schema\/logo\/image\/","url":"https:\/\/alimentariarrigoni.it\/wp-content\/uploads\/2022\/02\/logo-mail-mod.-comp.jpg","contentUrl":"https:\/\/alimentariarrigoni.it\/wp-content\/uploads\/2022\/02\/logo-mail-mod.-comp.jpg","width":315,"height":100,"caption":"Alimentari dal 1894"},"image":{"@id":"https:\/\/alimentariarrigoni.it\/de\/#\/schema\/logo\/image\/"},"sameAs":["https:\/\/www.facebook.com\/alimentariarrigoni\/","https:\/\/www.instagram.com\/alimentariarrigoni\/"]}]}},"_links":{"self":[{"href":"https:\/\/alimentariarrigoni.it\/de\/wp-json\/wp\/v2\/product\/12440","targetHints":{"allow":["GET"]}}],"collection":[{"href":"https:\/\/alimentariarrigoni.it\/de\/wp-json\/wp\/v2\/product"}],"about":[{"href":"https:\/\/alimentariarrigoni.it\/de\/wp-json\/wp\/v2\/types\/product"}],"wp:featuredmedia":[{"embeddable":true,"href":"https:\/\/alimentariarrigoni.it\/de\/wp-json\/wp\/v2\/media\/11892"}],"wp:attachment":[{"href":"https:\/\/alimentariarrigoni.it\/de\/wp-json\/wp\/v2\/media?parent=12440"}],"wp:term":[{"taxonomy":"product_brand","embeddable":true,"href":"https:\/\/alimentariarrigoni.it\/de\/wp-json\/wp\/v2\/product_brand?post=12440"},{"taxonomy":"product_cat","embeddable":true,"href":"https:\/\/alimentariarrigoni.it\/de\/wp-json\/wp\/v2\/product_cat?post=12440"},{"taxonomy":"product_tag","embeddable":true,"href":"https:\/\/alimentariarrigoni.it\/de\/wp-json\/wp\/v2\/product_tag?post=12440"}],"curies":[{"name":"wp","href":"https:\/\/api.w.org\/{rel}","templated":true}]}}