{"id":12376,"date":"2025-09-05T18:25:03","date_gmt":"2025-09-05T16:25:03","guid":{"rendered":"https:\/\/alimentariarrigoni.it\/prodotto\/alborada-lacrima-di-morro-dalba-doc-brunori-2024\/"},"modified":"2025-11-20T18:19:17","modified_gmt":"2025-11-20T17:19:17","slug":"alborada-lacrima-di-morro-dalba-doc-brunori-2024","status":"publish","type":"product","link":"https:\/\/alimentariarrigoni.it\/de\/prodotto\/alborada-lacrima-di-morro-dalba-doc-brunori-2024\/","title":{"rendered":"Alborada Lacrima di Morro d&#8217;Alba DOC Brunori 2024"},"content":{"rendered":"<div class=\"wpb-content-wrapper\"><p>[vc_row][vc_column width=&#8220;2\/6&#8243;][vc_column_text css=&#8220;&#8220;]<\/p>\n<p style=\"text-align: justify;\"><span style=\"font-family: georgia, palatino, serif;\"><strong data-start=\"37\" data-end=\"45\">JESI<\/strong><\/span><br data-start=\"45\" data-end=\"48\" \/><span style=\"font-family: georgia, palatino, serif;\">Die Vallesina, im Herzen der Provinz Ancona, ist eines der fruchtbarsten und geeignetsten Gebiete der Marken. Eine Landschaft, die sich zwischen den H\u00fcgeln erstreckt, welche die Berge vom Meer trennen, durchquert vom Fluss Esino und bereichert durch perfekt erhaltene mittelalterliche D\u00f6rfer \u2013 die ber\u00fchmten Burgen von Jesi. In diesem Kontext liegt San Paolo di Jesi, eine kleine Burg, die zwischen den Weinbergen entstanden ist, seit jeher eng mit der Weintradition verbunden und H\u00fcterin eines landwirtschaftlichen und kulturellen Erbes, das sich in der Exzellenz seiner Weine widerspiegelt.<\/span><\/p>\n<p>[\/vc_column_text][vc_empty_space][vc_column_text css=&#8220;&#8220;]<\/p>\n<p style=\"text-align: justify;\" data-start=\"37\" data-end=\"48\"><span style=\"font-family: georgia, palatino, serif;\"><strong data-start=\"37\" data-end=\"48\">LACRIMA<\/strong><\/span><\/p>\n<p style=\"text-align: justify;\" data-start=\"50\" data-end=\"509\"><span style=\"font-family: georgia, palatino, serif;\">Die <em data-start=\"54\" data-end=\"79\">Lacrima di Morro d\u2019Alba<\/em> ist eine autochthone rote Rebsorte aus den Marken, die fast ausschlie\u00dflich im Gebiet rund um den Ort Morro d\u2019Alba in der Provinz Ancona angebaut wird. Es handelt sich um eine seltene und kostbare Rebe, deren Anbau in den letzten Jahrzehnten wiederentdeckt und aufgewertet wurde. Ihr Name leitet sich wahrscheinlich von der besonderen Schale der Beeren ab, die dazu neigt, beim Erreichen der vollen Reife Tropfen Saft zu \u201eweinen\u201c.<\/span><\/p>\n<p style=\"text-align: justify;\" data-start=\"511\" data-end=\"900\"><span style=\"font-family: georgia, palatino, serif;\">Der daraus gewonnene Wein ist intensiv duftend, mit floralen Noten von Rose und Veilchen sowie fruchtigen Nuancen von Erdbeere, Sauerkirsche und Pflaume. Am Gaumen zeichnet er sich durch Weichheit, Frische und eine angenehme aromatische Note aus, die ihn im italienischen Weinpanorama einzigartig machen. Er ist durch die DOC <em data-start=\"837\" data-end=\"862\">Lacrima di Morro d\u2019Alba<\/em> gesch\u00fctzt, die 1985 eingef\u00fchrt wurde.<\/span><\/p>\n<p style=\"text-align: justify;\" data-start=\"907\" data-end=\"1001\" data-is-last-node=\"\" data-is-only-node=\"\">\n<p>[\/vc_column_text][vc_empty_space][vc_column_text css=&#8220;&#8220;]<\/p>\n<p style=\"text-align: justify;\" data-start=\"37\" data-end=\"95\"><span style=\"font-family: georgia, palatino, serif;\"><strong data-start=\"37\" data-end=\"95\">Von der Weinbergpflege bis in den Keller, mit Sorgfalt<\/strong><\/span><\/p>\n<p style=\"text-align: justify;\" data-start=\"97\" data-end=\"615\"><span style=\"font-family: georgia, palatino, serif;\">Die Qualit\u00e4t entsteht im Weinberg, mit einem kontrollierten Ertrag dank kurzem Rebschnitt und sommerlicher Ausd\u00fcnnung der Trauben. Die manuelle Lese, die in mehreren Durchg\u00e4ngen erfolgt, wird von einer sanften und sofortigen Pressung begleitet. Im Keller finden G\u00e4rung und Ausbau in emaillierten Betontanks statt, die eine nat\u00fcrliche Kl\u00e4rung beg\u00fcnstigen und den Einsatz von Sch\u00f6nungsmitteln auf ein Minimum reduzieren. Jede Phase respektiert die nat\u00fcrlichen Zeiten des Weins und begleitet ihn behutsam bis zur Flasche<\/span><\/p>\n<p>[\/vc_column_text][vc_empty_space][vc_column_text css=&#8220;&#8220;]<\/p>\n<p style=\"text-align: justify;\" data-start=\"37\" data-end=\"563\"><span style=\"font-family: georgia, palatino, serif;\">Im Jahr 1976 entsteht der erste Cru des <em data-start=\"77\" data-end=\"129\">Verdicchio dei Castelli di Jesi Classico Superiore<\/em>, der <strong data-start=\"135\" data-end=\"149\">San Nicol\u00f2<\/strong>, der mit Traditionen bricht und von der typischen Amphorenflasche zur Bordeauxflasche \u00fcbergeht \u2013 und damit eine neue \u00c4ra f\u00fcr den Verdicchio einleitet. Einer der ersten, der seinen Wert erkannte, war Luigi Veronelli, der einflussreichste italienische Weinkritiker, der ein Freund und Unterst\u00fctzer der Familie Brunori wurde und dazu beitrug, den Verdicchio als einen der gro\u00dfen Wei\u00dfweine Italiens bekannt zu machen.<\/span><\/p>\n<p style=\"text-align: justify;\" data-start=\"565\" data-end=\"721\"><span style=\"font-family: georgia, palatino, serif;\">Heute, \u00fcber ein halbes Jahrhundert sp\u00e4ter, ist der Verdicchio der meistpr\u00e4mierte Wei\u00dfwein Italiens und der San Nicol\u00f2 bleibt das Spitzenetikett der Familie.<\/span><\/p>\n<p>[\/vc_column_text][vc_empty_space][\/vc_column][vc_column width=&#8220;3\/6&#8243;][vc_column_text css=&#8220;&#8220;]<\/p>\n<p style=\"text-align: justify;\"><span style=\"font-family: georgia, palatino, serif;\"><strong data-start=\"37\" data-end=\"53\">BESCHREIBUNG<\/strong><\/span><br data-start=\"53\" data-end=\"56\" \/><span style=\"font-family: georgia, palatino, serif;\">Intensives Rubinrot mit violetten Reflexen in der Jugend. In der Nase intensiv, fruchtig und blumig, mit Ankl\u00e4ngen von Rose, Veilchen und Heidelbeere. Am Gaumen ist er w\u00fcrzig und von mittlerem K\u00f6rper. Seine St\u00e4rke liegt in der Leichtigkeit und der faszinierenden Trinkfreude.<\/span><\/p>\n<p>[\/vc_column_text][vc_empty_space][vc_single_image image=&#8220;12187&#8243; img_size=&#8220;LARGE&#8220; css=&#8220;&#8220;][vc_empty_space][vc_column_text css=&#8220;&#8220;]<\/p>\n<h3 style=\"text-align: justify;\"><span style=\"font-family: georgia, palatino, serif; font-size: 18px;\"><strong>BRUNORI<\/strong><\/span><\/h3>\n<p>[\/vc_column_text][vc_column_text css=&#8220;&#8220;]<\/p>\n<p style=\"text-align: justify;\"><span style=\"font-family: georgia, palatino, serif;\">Die Familie Brunori besitzt 6,5 Hektar Weinberge im Herzen der Castelli di Jesi, in San Paolo. Die B\u00f6den sind ton- und kalkhaltig und reich an Kalium, auf 200 Metern \u00fcber dem Meeresspiegel gelegen. Die S\u00fcdwestlage und die frischen Temperaturunterschiede zwischen Tag und Nacht verleihen den Weinen intensive Aromen und eine unverwechselbare Pers\u00f6nlichkeit.<\/span><\/p>\n<p>[\/vc_column_text][vc_empty_space][vc_single_image image=&#8220;12189&#8243; img_size=&#8220;large&#8220; css=&#8220;&#8220;][vc_empty_space][vc_column_text css=&#8220;&#8220;]<\/p>\n<p style=\"text-align: justify;\" data-start=\"37\" data-end=\"83\"><span style=\"font-family: georgia, palatino, serif;\"><strong data-start=\"37\" data-end=\"83\">Eine Familiengeschichte und der Verdicchio<\/strong><\/span><\/p>\n<p style=\"text-align: justify;\" data-start=\"85\" data-end=\"476\"><span style=\"font-family: georgia, palatino, serif;\">Die Familie Brunori produziert seit 1956 Wein aus Verdicchio-Trauben, als Mario und sein Sohn Giorgio das Weingut in San Paolo di Jesi gr\u00fcndeten und schon bald zu einem Bezugspunkt f\u00fcr abgef\u00fcllten Wein wurden, der damals noch selten war. Im selben Jahr er\u00f6ffneten sie in Jesi eine der ersten st\u00e4dtischen Enotheken, ihrer Zeit voraus und eine Schaufensterb\u00fchne f\u00fcr ihren Verdicchio schaffend.<\/span><\/p>\n<p>[\/vc_column_text][vc_empty_space][vc_single_image image=&#8220;12188&#8243; img_size=&#8220;large&#8220; css=&#8220;&#8220;][vc_empty_space][\/vc_column][\/vc_row][vc_row][vc_column width=&#8220;5\/6&#8243;][vc_column_text css=&#8220;&#8220;]<\/p>\n<p style=\"text-align: justify;\"><span style=\"font-family: georgia, palatino, serif;\"><strong data-start=\"37\" data-end=\"50\">Die Werte<\/strong><\/span><br data-start=\"50\" data-end=\"53\" \/><span style=\"font-family: georgia, palatino, serif;\">Respekt f\u00fcr die Natur, das Gebiet und die Biodiversit\u00e4t: Das ist die Philosophie, die jede unserer Entscheidungen leitet. In den Weinbergen setzen wir auf organische D\u00fcngung, mechanische Unkrautbek\u00e4mpfung und Gr\u00fcnd\u00fcngung, um die Bodenvitalit\u00e4t zu erhalten. Im Keller nutzen wir Solarenergie und nat\u00fcrliche Materialien, um die Umweltbelastung zu reduzieren und gleichzeitig die gesamte Produktionskette direkt zu kontrollieren. Eine Entscheidung aus Verantwortung und Konsequenz, die die Weine von Brunori authentisch und nachhaltig macht.<\/span><\/p>\n<p>[\/vc_column_text][\/vc_column][vc_column width=&#8220;1\/6&#8243;][\/vc_column][\/vc_row]<\/p>\n<\/div>","protected":false},"excerpt":{"rendered":"<p>[vc_row][vc_column width=&#8220;2\/6&#8243;][vc_column_text css=&#8220;&#8220;] JESIDie Vallesina, im Herzen der Provinz Ancona, ist eines der fruchtbarsten und geeignetsten Gebiete der Marken. Eine Landschaft, die sich zwischen den H\u00fcgeln erstreckt, welche die Berge vom Meer trennen, durchquert vom Fluss Esino und bereichert durch perfekt erhaltene mittelalterliche D\u00f6rfer \u2013 die ber\u00fchmten Burgen von Jesi. In diesem Kontext liegt San<\/p>\n<div class=\"klb-readmore\"><a href=\"https:\/\/alimentariarrigoni.it\/de\/prodotto\/alborada-lacrima-di-morro-dalba-doc-brunori-2024\/\" class=\"btn\">READ MORE<\/a><\/div>\n","protected":false},"featured_media":12185,"template":"","meta":[],"product_brand":[],"product_cat":[1375,1376],"product_tag":[1328,1367],"class_list":{"0":"post-12376","1":"product","2":"type-product","3":"status-publish","4":"has-post-thumbnail","6":"product_cat-brunori-de","7":"product_cat-marche-de","8":"product_tag-acciaio-de","9":"product_tag-cemento-de","10":"blog_entry clearfix","12":"first","13":"instock","14":"taxable","15":"shipping-taxable","16":"purchasable","17":"product-type-simple"},"yoast_head":"<!-- This site is optimized with the Yoast SEO Premium plugin v27.4 (Yoast SEO v27.4) - https:\/\/yoast.com\/product\/yoast-seo-premium-wordpress\/ -->\n<title>Alborada Lacrima di Morro d&#039;Alba DOC Brunori 2024 - Alimentari Arrigoni<\/title>\n<meta name=\"robots\" content=\"index, follow, max-snippet:-1, max-image-preview:large, max-video-preview:-1\" \/>\n<link rel=\"canonical\" href=\"https:\/\/alimentariarrigoni.it\/de\/prodotto\/alborada-lacrima-di-morro-dalba-doc-brunori-2024\/\" \/>\n<meta property=\"og:locale\" content=\"de_DE\" \/>\n<meta property=\"og:type\" content=\"article\" \/>\n<meta property=\"og:title\" content=\"Alborada Lacrima di Morro d&#039;Alba DOC Brunori 2024\" \/>\n<meta property=\"og:description\" content=\"[vc_row][vc_column width=&#8220;2\/6&#8243;][vc_column_text css=&#8220;&#8220;] JESIDie Vallesina, im Herzen der Provinz Ancona, ist eines der fruchtbarsten und geeignetsten Gebiete der Marken. Eine Landschaft, die sich zwischen den H\u00fcgeln erstreckt, welche die Berge vom Meer trennen, durchquert vom Fluss Esino und bereichert durch perfekt erhaltene mittelalterliche D\u00f6rfer \u2013 die ber\u00fchmten Burgen von Jesi. In diesem Kontext liegt SanREAD MORE\" \/>\n<meta property=\"og:url\" content=\"https:\/\/alimentariarrigoni.it\/de\/prodotto\/alborada-lacrima-di-morro-dalba-doc-brunori-2024\/\" \/>\n<meta property=\"og:site_name\" content=\"Alimentari Arrigoni\" \/>\n<meta property=\"article:publisher\" content=\"https:\/\/www.facebook.com\/alimentariarrigoni\/\" \/>\n<meta property=\"article:modified_time\" content=\"2025-11-20T17:19:17+00:00\" \/>\n<meta property=\"og:image\" content=\"https:\/\/alimentariarrigoni.it\/wp-content\/uploads\/2025\/09\/alborada-lacrima-.jpg\" \/>\n\t<meta property=\"og:image:width\" content=\"1050\" \/>\n\t<meta property=\"og:image:height\" content=\"1050\" \/>\n\t<meta property=\"og:image:type\" content=\"image\/jpeg\" \/>\n<meta name=\"twitter:card\" content=\"summary_large_image\" \/>\n<meta name=\"twitter:label1\" content=\"Gesch\u00e4tzte Lesezeit\" \/>\n\t<meta name=\"twitter:data1\" content=\"4\u00a0Minuten\" \/>\n<script type=\"application\/ld+json\" class=\"yoast-schema-graph\">{\"@context\":\"https:\\\/\\\/schema.org\",\"@graph\":[{\"@type\":\"WebPage\",\"@id\":\"https:\\\/\\\/alimentariarrigoni.it\\\/de\\\/prodotto\\\/alborada-lacrima-di-morro-dalba-doc-brunori-2024\\\/\",\"url\":\"https:\\\/\\\/alimentariarrigoni.it\\\/de\\\/prodotto\\\/alborada-lacrima-di-morro-dalba-doc-brunori-2024\\\/\",\"name\":\"Alborada Lacrima di Morro d'Alba DOC Brunori 2024 - Alimentari Arrigoni\",\"isPartOf\":{\"@id\":\"https:\\\/\\\/alimentariarrigoni.it\\\/de\\\/#website\"},\"primaryImageOfPage\":{\"@id\":\"https:\\\/\\\/alimentariarrigoni.it\\\/de\\\/prodotto\\\/alborada-lacrima-di-morro-dalba-doc-brunori-2024\\\/#primaryimage\"},\"image\":{\"@id\":\"https:\\\/\\\/alimentariarrigoni.it\\\/de\\\/prodotto\\\/alborada-lacrima-di-morro-dalba-doc-brunori-2024\\\/#primaryimage\"},\"thumbnailUrl\":\"https:\\\/\\\/alimentariarrigoni.it\\\/wp-content\\\/uploads\\\/2025\\\/09\\\/alborada-lacrima-.jpg\",\"datePublished\":\"2025-09-05T16:25:03+00:00\",\"dateModified\":\"2025-11-20T17:19:17+00:00\",\"breadcrumb\":{\"@id\":\"https:\\\/\\\/alimentariarrigoni.it\\\/de\\\/prodotto\\\/alborada-lacrima-di-morro-dalba-doc-brunori-2024\\\/#breadcrumb\"},\"inLanguage\":\"de\",\"potentialAction\":[{\"@type\":\"ReadAction\",\"target\":[\"https:\\\/\\\/alimentariarrigoni.it\\\/de\\\/prodotto\\\/alborada-lacrima-di-morro-dalba-doc-brunori-2024\\\/\"]}]},{\"@type\":\"ImageObject\",\"inLanguage\":\"de\",\"@id\":\"https:\\\/\\\/alimentariarrigoni.it\\\/de\\\/prodotto\\\/alborada-lacrima-di-morro-dalba-doc-brunori-2024\\\/#primaryimage\",\"url\":\"https:\\\/\\\/alimentariarrigoni.it\\\/wp-content\\\/uploads\\\/2025\\\/09\\\/alborada-lacrima-.jpg\",\"contentUrl\":\"https:\\\/\\\/alimentariarrigoni.it\\\/wp-content\\\/uploads\\\/2025\\\/09\\\/alborada-lacrima-.jpg\",\"width\":1050,\"height\":1050,\"caption\":\"Alborada Lacrima di Morro d'Alba DOC Brunori 2024\"},{\"@type\":\"BreadcrumbList\",\"@id\":\"https:\\\/\\\/alimentariarrigoni.it\\\/de\\\/prodotto\\\/alborada-lacrima-di-morro-dalba-doc-brunori-2024\\\/#breadcrumb\",\"itemListElement\":[{\"@type\":\"ListItem\",\"position\":1,\"name\":\"Home\",\"item\":\"https:\\\/\\\/alimentariarrigoni.it\\\/de\\\/\"},{\"@type\":\"ListItem\",\"position\":2,\"name\":\"Shop\",\"item\":\"https:\\\/\\\/alimentariarrigoni.it\\\/de\\\/shop\\\/\"},{\"@type\":\"ListItem\",\"position\":3,\"name\":\"Alborada Lacrima di Morro d&#8217;Alba DOC Brunori 2024\"}]},{\"@type\":\"WebSite\",\"@id\":\"https:\\\/\\\/alimentariarrigoni.it\\\/de\\\/#website\",\"url\":\"https:\\\/\\\/alimentariarrigoni.it\\\/de\\\/\",\"name\":\"Alimentari Arrigoni\",\"description\":\"\",\"publisher\":{\"@id\":\"https:\\\/\\\/alimentariarrigoni.it\\\/de\\\/#organization\"},\"potentialAction\":[{\"@type\":\"SearchAction\",\"target\":{\"@type\":\"EntryPoint\",\"urlTemplate\":\"https:\\\/\\\/alimentariarrigoni.it\\\/de\\\/?s={search_term_string}\"},\"query-input\":{\"@type\":\"PropertyValueSpecification\",\"valueRequired\":true,\"valueName\":\"search_term_string\"}}],\"inLanguage\":\"de\"},{\"@type\":\"Organization\",\"@id\":\"https:\\\/\\\/alimentariarrigoni.it\\\/de\\\/#organization\",\"name\":\"Alimentari dal 1894\",\"url\":\"https:\\\/\\\/alimentariarrigoni.it\\\/de\\\/\",\"logo\":{\"@type\":\"ImageObject\",\"inLanguage\":\"de\",\"@id\":\"https:\\\/\\\/alimentariarrigoni.it\\\/de\\\/#\\\/schema\\\/logo\\\/image\\\/\",\"url\":\"https:\\\/\\\/alimentariarrigoni.it\\\/wp-content\\\/uploads\\\/2022\\\/02\\\/logo-mail-mod.-comp.jpg\",\"contentUrl\":\"https:\\\/\\\/alimentariarrigoni.it\\\/wp-content\\\/uploads\\\/2022\\\/02\\\/logo-mail-mod.-comp.jpg\",\"width\":315,\"height\":100,\"caption\":\"Alimentari dal 1894\"},\"image\":{\"@id\":\"https:\\\/\\\/alimentariarrigoni.it\\\/de\\\/#\\\/schema\\\/logo\\\/image\\\/\"},\"sameAs\":[\"https:\\\/\\\/www.facebook.com\\\/alimentariarrigoni\\\/\",\"https:\\\/\\\/www.instagram.com\\\/alimentariarrigoni\\\/\"]}]}<\/script>\n<!-- \/ Yoast SEO Premium plugin. -->","yoast_head_json":{"title":"Alborada Lacrima di Morro d'Alba DOC Brunori 2024 - Alimentari Arrigoni","robots":{"index":"index","follow":"follow","max-snippet":"max-snippet:-1","max-image-preview":"max-image-preview:large","max-video-preview":"max-video-preview:-1"},"canonical":"https:\/\/alimentariarrigoni.it\/de\/prodotto\/alborada-lacrima-di-morro-dalba-doc-brunori-2024\/","og_locale":"de_DE","og_type":"article","og_title":"Alborada Lacrima di Morro d'Alba DOC Brunori 2024","og_description":"[vc_row][vc_column width=&#8220;2\/6&#8243;][vc_column_text css=&#8220;&#8220;] JESIDie Vallesina, im Herzen der Provinz Ancona, ist eines der fruchtbarsten und geeignetsten Gebiete der Marken. Eine Landschaft, die sich zwischen den H\u00fcgeln erstreckt, welche die Berge vom Meer trennen, durchquert vom Fluss Esino und bereichert durch perfekt erhaltene mittelalterliche D\u00f6rfer \u2013 die ber\u00fchmten Burgen von Jesi. In diesem Kontext liegt SanREAD MORE","og_url":"https:\/\/alimentariarrigoni.it\/de\/prodotto\/alborada-lacrima-di-morro-dalba-doc-brunori-2024\/","og_site_name":"Alimentari Arrigoni","article_publisher":"https:\/\/www.facebook.com\/alimentariarrigoni\/","article_modified_time":"2025-11-20T17:19:17+00:00","og_image":[{"width":1050,"height":1050,"url":"https:\/\/alimentariarrigoni.it\/wp-content\/uploads\/2025\/09\/alborada-lacrima-.jpg","type":"image\/jpeg"}],"twitter_card":"summary_large_image","twitter_misc":{"Gesch\u00e4tzte Lesezeit":"4\u00a0Minuten"},"schema":{"@context":"https:\/\/schema.org","@graph":[{"@type":"WebPage","@id":"https:\/\/alimentariarrigoni.it\/de\/prodotto\/alborada-lacrima-di-morro-dalba-doc-brunori-2024\/","url":"https:\/\/alimentariarrigoni.it\/de\/prodotto\/alborada-lacrima-di-morro-dalba-doc-brunori-2024\/","name":"Alborada Lacrima di Morro d'Alba DOC Brunori 2024 - Alimentari Arrigoni","isPartOf":{"@id":"https:\/\/alimentariarrigoni.it\/de\/#website"},"primaryImageOfPage":{"@id":"https:\/\/alimentariarrigoni.it\/de\/prodotto\/alborada-lacrima-di-morro-dalba-doc-brunori-2024\/#primaryimage"},"image":{"@id":"https:\/\/alimentariarrigoni.it\/de\/prodotto\/alborada-lacrima-di-morro-dalba-doc-brunori-2024\/#primaryimage"},"thumbnailUrl":"https:\/\/alimentariarrigoni.it\/wp-content\/uploads\/2025\/09\/alborada-lacrima-.jpg","datePublished":"2025-09-05T16:25:03+00:00","dateModified":"2025-11-20T17:19:17+00:00","breadcrumb":{"@id":"https:\/\/alimentariarrigoni.it\/de\/prodotto\/alborada-lacrima-di-morro-dalba-doc-brunori-2024\/#breadcrumb"},"inLanguage":"de","potentialAction":[{"@type":"ReadAction","target":["https:\/\/alimentariarrigoni.it\/de\/prodotto\/alborada-lacrima-di-morro-dalba-doc-brunori-2024\/"]}]},{"@type":"ImageObject","inLanguage":"de","@id":"https:\/\/alimentariarrigoni.it\/de\/prodotto\/alborada-lacrima-di-morro-dalba-doc-brunori-2024\/#primaryimage","url":"https:\/\/alimentariarrigoni.it\/wp-content\/uploads\/2025\/09\/alborada-lacrima-.jpg","contentUrl":"https:\/\/alimentariarrigoni.it\/wp-content\/uploads\/2025\/09\/alborada-lacrima-.jpg","width":1050,"height":1050,"caption":"Alborada Lacrima di Morro d'Alba DOC Brunori 2024"},{"@type":"BreadcrumbList","@id":"https:\/\/alimentariarrigoni.it\/de\/prodotto\/alborada-lacrima-di-morro-dalba-doc-brunori-2024\/#breadcrumb","itemListElement":[{"@type":"ListItem","position":1,"name":"Home","item":"https:\/\/alimentariarrigoni.it\/de\/"},{"@type":"ListItem","position":2,"name":"Shop","item":"https:\/\/alimentariarrigoni.it\/de\/shop\/"},{"@type":"ListItem","position":3,"name":"Alborada Lacrima di Morro d&#8217;Alba DOC Brunori 2024"}]},{"@type":"WebSite","@id":"https:\/\/alimentariarrigoni.it\/de\/#website","url":"https:\/\/alimentariarrigoni.it\/de\/","name":"Alimentari Arrigoni","description":"","publisher":{"@id":"https:\/\/alimentariarrigoni.it\/de\/#organization"},"potentialAction":[{"@type":"SearchAction","target":{"@type":"EntryPoint","urlTemplate":"https:\/\/alimentariarrigoni.it\/de\/?s={search_term_string}"},"query-input":{"@type":"PropertyValueSpecification","valueRequired":true,"valueName":"search_term_string"}}],"inLanguage":"de"},{"@type":"Organization","@id":"https:\/\/alimentariarrigoni.it\/de\/#organization","name":"Alimentari dal 1894","url":"https:\/\/alimentariarrigoni.it\/de\/","logo":{"@type":"ImageObject","inLanguage":"de","@id":"https:\/\/alimentariarrigoni.it\/de\/#\/schema\/logo\/image\/","url":"https:\/\/alimentariarrigoni.it\/wp-content\/uploads\/2022\/02\/logo-mail-mod.-comp.jpg","contentUrl":"https:\/\/alimentariarrigoni.it\/wp-content\/uploads\/2022\/02\/logo-mail-mod.-comp.jpg","width":315,"height":100,"caption":"Alimentari dal 1894"},"image":{"@id":"https:\/\/alimentariarrigoni.it\/de\/#\/schema\/logo\/image\/"},"sameAs":["https:\/\/www.facebook.com\/alimentariarrigoni\/","https:\/\/www.instagram.com\/alimentariarrigoni\/"]}]}},"_links":{"self":[{"href":"https:\/\/alimentariarrigoni.it\/de\/wp-json\/wp\/v2\/product\/12376","targetHints":{"allow":["GET"]}}],"collection":[{"href":"https:\/\/alimentariarrigoni.it\/de\/wp-json\/wp\/v2\/product"}],"about":[{"href":"https:\/\/alimentariarrigoni.it\/de\/wp-json\/wp\/v2\/types\/product"}],"wp:featuredmedia":[{"embeddable":true,"href":"https:\/\/alimentariarrigoni.it\/de\/wp-json\/wp\/v2\/media\/12185"}],"wp:attachment":[{"href":"https:\/\/alimentariarrigoni.it\/de\/wp-json\/wp\/v2\/media?parent=12376"}],"wp:term":[{"taxonomy":"product_brand","embeddable":true,"href":"https:\/\/alimentariarrigoni.it\/de\/wp-json\/wp\/v2\/product_brand?post=12376"},{"taxonomy":"product_cat","embeddable":true,"href":"https:\/\/alimentariarrigoni.it\/de\/wp-json\/wp\/v2\/product_cat?post=12376"},{"taxonomy":"product_tag","embeddable":true,"href":"https:\/\/alimentariarrigoni.it\/de\/wp-json\/wp\/v2\/product_tag?post=12376"}],"curies":[{"name":"wp","href":"https:\/\/api.w.org\/{rel}","templated":true}]}}