{"id":12284,"date":"2025-11-15T10:54:05","date_gmt":"2025-11-15T09:54:05","guid":{"rendered":"https:\/\/alimentariarrigoni.it\/?post_type=product&#038;p=12284"},"modified":"2025-11-15T14:25:05","modified_gmt":"2025-11-15T13:25:05","slug":"schioppetino-coldigrotta-friuli-isonzo-doc-colmello-2022","status":"publish","type":"product","link":"https:\/\/alimentariarrigoni.it\/de\/prodotto\/schioppetino-coldigrotta-friuli-isonzo-doc-colmello-2022\/","title":{"rendered":"Schioppetino Coldigrotta Friuli Isonzo DOC Colmello 2022"},"content":{"rendered":"<div class=\"wpb-content-wrapper\"><p>[vc_row][vc_column width=&#8220;2\/3&#8243;][vc_column_text css=&#8220;&#8220;]<\/p>\n<section>\n<div>\n<div>\n<div>\n<p style=\"text-align: justify;\"><span style=\"font-family: georgia, palatino, serif; font-size: 16px;\">Colore rosso rubino, non molto carico, con decisi riflessi violacei. Al naso spiccano la ciliegia a l\u2019amarena, con interessanti note di foglie di tabacco e pepe verde. Il palato risulta molto equilibrato, dominato da sensazioni fresche. Nel contempo il vino risulta avvolgente. Questa interpretazione \u00e8 volta a esaltare al massimo la tipicit\u00e0 di questa variet\u00e0 autoctona.<\/span><\/p>\n<p>&nbsp;<\/p>\n<p><span style=\"font-family: georgia, palatino, serif; font-size: 16px;\"><strong>UVE<\/strong>: Schioppettino<\/span><\/p>\n<\/div>\n<\/div>\n<div>\n<div>\n<p><span style=\"font-family: georgia, palatino, serif; font-size: 16px;\"><strong>ESPOSIZIONE E ALTIMETRIA<\/strong>: 40 m s.l.m.<\/span><\/p>\n<\/div>\n<\/div>\n<div>\n<div>\n<p><span style=\"font-family: georgia, palatino, serif; font-size: 16px;\"><strong>TIPOLOGIA DEL TERRENO<\/strong>: origine alluvionale, ghiaiosa e argillosa<\/span><\/p>\n<\/div>\n<\/div>\n<div>\n<div>\n<p><span style=\"font-family: georgia, palatino, serif; font-size: 16px;\"><strong>SISTEMA DI ALLEVAMENTO E DENSIT\u00c0 DELL\u2019IMPIANTO<\/strong>: Spalliera- Guyot<\/span><\/p>\n<\/div>\n<\/div>\n<div>\n<div>\n<p><span style=\"font-family: georgia, palatino, serif; font-size: 16px;\"><strong>ET\u00c0 MEDIA DELLE VITI IN PRODUZIONE<\/strong>: 3 anni<\/span><\/p>\n<\/div>\n<\/div>\n<div>\n<div>\n<p><span style=\"font-family: georgia, palatino, serif; font-size: 16px;\"><strong>EPOCA E CONDUZIONE VENDEMMIA<\/strong>: I decade di ottobre, conduzione del raccolto manuale<\/span><\/p>\n<\/div>\n<\/div>\n<div>\n<div>\n<p><span style=\"font-family: georgia, palatino, serif; font-size: 16px;\"><strong>MATERIALE DELLE VASCHE DI FERMENTAZIONE<\/strong>: acciaio inox<\/span><\/p>\n<\/div>\n<\/div>\n<div>\n<div>\n<p><span style=\"font-family: georgia, palatino, serif; font-size: 16px;\"><strong>LIEVITI IMPIEGATI<\/strong>: selezionati<\/span><\/p>\n<\/div>\n<\/div>\n<div>\n<div>\n<p><span style=\"font-family: georgia, palatino, serif; font-size: 16px;\"><strong>TEMPERATURA DI FERMENTAZIONE<\/strong>: 25-30\u00b0<\/span><\/p>\n<\/div>\n<\/div>\n<div>\n<div>\n<p><span style=\"font-family: georgia, palatino, serif; font-size: 16px;\"><strong>DURATA DELLA FERMENTAZIONE E DELLA MACERAZIONE PELLICOLARE<\/strong>:\u00a018-20 giorni<\/span><\/p>\n<\/div>\n<\/div>\n<div><\/div>\n<\/div>\n<div><\/div>\n<\/section>\n<p>[\/vc_column_text][\/vc_column][vc_column width=&#8220;1\/3&#8243;][\/vc_column][\/vc_row]<\/p>\n<\/div>","protected":false},"excerpt":{"rendered":"<p>[vc_row][vc_column width=&#8220;2\/3&#8243;][vc_column_text css=&#8220;&#8220;] Colore rosso rubino, non molto carico, con decisi riflessi violacei. Al naso spiccano la ciliegia a l\u2019amarena, con interessanti note di foglie di tabacco e pepe verde. Il palato risulta molto equilibrato, dominato da sensazioni fresche. Nel contempo il vino risulta avvolgente. Questa interpretazione \u00e8 volta a esaltare al massimo la tipicit\u00e0<\/p>\n<div class=\"klb-readmore\"><a href=\"https:\/\/alimentariarrigoni.it\/de\/prodotto\/schioppetino-coldigrotta-friuli-isonzo-doc-colmello-2022\/\" class=\"btn\">READ MORE<\/a><\/div>\n","protected":false},"featured_media":12330,"template":"","meta":[],"product_brand":[],"product_cat":[1475,1479,1481],"product_tag":[523],"class_list":{"0":"post-12284","1":"product","2":"type-product","3":"status-publish","4":"has-post-thumbnail","6":"product_cat-colmello","7":"product_cat-friuli-isonzo-doc","8":"product_cat-schioppettino","9":"product_tag-acciaio","10":"blog_entry clearfix","12":"first","13":"instock","14":"taxable","15":"shipping-taxable","16":"purchasable","17":"product-type-simple"},"yoast_head":"<!-- This site is optimized with the Yoast SEO Premium plugin v27.4 (Yoast SEO v27.4) - https:\/\/yoast.com\/product\/yoast-seo-premium-wordpress\/ -->\n<title>Schioppetino Coldigrotta Friuli Isonzo DOC Colmello 2022<\/title>\n<meta name=\"description\" content=\"Schioppetino Coldigrotta Friuli Isonzo DOC Colmello 2022\" \/>\n<meta name=\"robots\" content=\"index, follow, max-snippet:-1, max-image-preview:large, max-video-preview:-1\" \/>\n<link rel=\"canonical\" href=\"https:\/\/alimentariarrigoni.it\/de\/prodotto\/schioppetino-coldigrotta-friuli-isonzo-doc-colmello-2022\/\" \/>\n<meta property=\"og:locale\" content=\"de_DE\" \/>\n<meta property=\"og:type\" content=\"article\" \/>\n<meta property=\"og:title\" content=\"Schioppetino Coldigrotta Friuli Isonzo DOC Colmello 2022\" \/>\n<meta property=\"og:description\" content=\"Schioppetino Coldigrotta Friuli Isonzo DOC Colmello 2022\" \/>\n<meta property=\"og:url\" content=\"https:\/\/alimentariarrigoni.it\/de\/prodotto\/schioppetino-coldigrotta-friuli-isonzo-doc-colmello-2022\/\" \/>\n<meta property=\"og:site_name\" content=\"Alimentari Arrigoni\" \/>\n<meta property=\"article:publisher\" content=\"https:\/\/www.facebook.com\/alimentariarrigoni\/\" \/>\n<meta property=\"article:modified_time\" content=\"2025-11-15T13:25:05+00:00\" \/>\n<meta property=\"og:image\" content=\"https:\/\/alimentariarrigoni.it\/wp-content\/uploads\/2025\/11\/schioppettino-friuli-coldigrotta-colmello.jpg\" \/>\n\t<meta property=\"og:image:width\" content=\"1050\" \/>\n\t<meta property=\"og:image:height\" content=\"1050\" \/>\n\t<meta property=\"og:image:type\" content=\"image\/jpeg\" \/>\n<meta name=\"twitter:card\" content=\"summary_large_image\" \/>\n<meta name=\"twitter:label1\" content=\"Gesch\u00e4tzte Lesezeit\" \/>\n\t<meta name=\"twitter:data1\" content=\"1\u00a0Minute\" \/>\n<script type=\"application\/ld+json\" class=\"yoast-schema-graph\">{\"@context\":\"https:\\\/\\\/schema.org\",\"@graph\":[{\"@type\":\"WebPage\",\"@id\":\"https:\\\/\\\/alimentariarrigoni.it\\\/de\\\/prodotto\\\/schioppetino-coldigrotta-friuli-isonzo-doc-colmello-2022\\\/\",\"url\":\"https:\\\/\\\/alimentariarrigoni.it\\\/de\\\/prodotto\\\/schioppetino-coldigrotta-friuli-isonzo-doc-colmello-2022\\\/\",\"name\":\"Schioppetino Coldigrotta Friuli Isonzo DOC Colmello 2022\",\"isPartOf\":{\"@id\":\"https:\\\/\\\/alimentariarrigoni.it\\\/de\\\/#website\"},\"primaryImageOfPage\":{\"@id\":\"https:\\\/\\\/alimentariarrigoni.it\\\/de\\\/prodotto\\\/schioppetino-coldigrotta-friuli-isonzo-doc-colmello-2022\\\/#primaryimage\"},\"image\":{\"@id\":\"https:\\\/\\\/alimentariarrigoni.it\\\/de\\\/prodotto\\\/schioppetino-coldigrotta-friuli-isonzo-doc-colmello-2022\\\/#primaryimage\"},\"thumbnailUrl\":\"https:\\\/\\\/alimentariarrigoni.it\\\/wp-content\\\/uploads\\\/2025\\\/11\\\/schioppettino-friuli-coldigrotta-colmello.jpg\",\"datePublished\":\"2025-11-15T09:54:05+00:00\",\"dateModified\":\"2025-11-15T13:25:05+00:00\",\"description\":\"Schioppetino Coldigrotta Friuli Isonzo DOC Colmello 2022\",\"breadcrumb\":{\"@id\":\"https:\\\/\\\/alimentariarrigoni.it\\\/de\\\/prodotto\\\/schioppetino-coldigrotta-friuli-isonzo-doc-colmello-2022\\\/#breadcrumb\"},\"inLanguage\":\"de\",\"potentialAction\":[{\"@type\":\"ReadAction\",\"target\":[\"https:\\\/\\\/alimentariarrigoni.it\\\/de\\\/prodotto\\\/schioppetino-coldigrotta-friuli-isonzo-doc-colmello-2022\\\/\"]}]},{\"@type\":\"ImageObject\",\"inLanguage\":\"de\",\"@id\":\"https:\\\/\\\/alimentariarrigoni.it\\\/de\\\/prodotto\\\/schioppetino-coldigrotta-friuli-isonzo-doc-colmello-2022\\\/#primaryimage\",\"url\":\"https:\\\/\\\/alimentariarrigoni.it\\\/wp-content\\\/uploads\\\/2025\\\/11\\\/schioppettino-friuli-coldigrotta-colmello.jpg\",\"contentUrl\":\"https:\\\/\\\/alimentariarrigoni.it\\\/wp-content\\\/uploads\\\/2025\\\/11\\\/schioppettino-friuli-coldigrotta-colmello.jpg\",\"width\":1050,\"height\":1050,\"caption\":\"Schioppetino Coldigrotta Friuli Isonzo DOC Colmello 2022\"},{\"@type\":\"BreadcrumbList\",\"@id\":\"https:\\\/\\\/alimentariarrigoni.it\\\/de\\\/prodotto\\\/schioppetino-coldigrotta-friuli-isonzo-doc-colmello-2022\\\/#breadcrumb\",\"itemListElement\":[{\"@type\":\"ListItem\",\"position\":1,\"name\":\"Home\",\"item\":\"https:\\\/\\\/alimentariarrigoni.it\\\/de\\\/\"},{\"@type\":\"ListItem\",\"position\":2,\"name\":\"Shop\",\"item\":\"https:\\\/\\\/alimentariarrigoni.it\\\/de\\\/shop\\\/\"},{\"@type\":\"ListItem\",\"position\":3,\"name\":\"Schioppetino Coldigrotta Friuli Isonzo DOC Colmello 2022\"}]},{\"@type\":\"WebSite\",\"@id\":\"https:\\\/\\\/alimentariarrigoni.it\\\/de\\\/#website\",\"url\":\"https:\\\/\\\/alimentariarrigoni.it\\\/de\\\/\",\"name\":\"Alimentari Arrigoni\",\"description\":\"\",\"publisher\":{\"@id\":\"https:\\\/\\\/alimentariarrigoni.it\\\/de\\\/#organization\"},\"potentialAction\":[{\"@type\":\"SearchAction\",\"target\":{\"@type\":\"EntryPoint\",\"urlTemplate\":\"https:\\\/\\\/alimentariarrigoni.it\\\/de\\\/?s={search_term_string}\"},\"query-input\":{\"@type\":\"PropertyValueSpecification\",\"valueRequired\":true,\"valueName\":\"search_term_string\"}}],\"inLanguage\":\"de\"},{\"@type\":\"Organization\",\"@id\":\"https:\\\/\\\/alimentariarrigoni.it\\\/de\\\/#organization\",\"name\":\"Alimentari dal 1894\",\"url\":\"https:\\\/\\\/alimentariarrigoni.it\\\/de\\\/\",\"logo\":{\"@type\":\"ImageObject\",\"inLanguage\":\"de\",\"@id\":\"https:\\\/\\\/alimentariarrigoni.it\\\/de\\\/#\\\/schema\\\/logo\\\/image\\\/\",\"url\":\"https:\\\/\\\/alimentariarrigoni.it\\\/wp-content\\\/uploads\\\/2022\\\/02\\\/logo-mail-mod.-comp.jpg\",\"contentUrl\":\"https:\\\/\\\/alimentariarrigoni.it\\\/wp-content\\\/uploads\\\/2022\\\/02\\\/logo-mail-mod.-comp.jpg\",\"width\":315,\"height\":100,\"caption\":\"Alimentari dal 1894\"},\"image\":{\"@id\":\"https:\\\/\\\/alimentariarrigoni.it\\\/de\\\/#\\\/schema\\\/logo\\\/image\\\/\"},\"sameAs\":[\"https:\\\/\\\/www.facebook.com\\\/alimentariarrigoni\\\/\",\"https:\\\/\\\/www.instagram.com\\\/alimentariarrigoni\\\/\"]}]}<\/script>\n<!-- \/ Yoast SEO Premium plugin. -->","yoast_head_json":{"title":"Schioppetino Coldigrotta Friuli Isonzo DOC Colmello 2022","description":"Schioppetino Coldigrotta Friuli Isonzo DOC Colmello 2022","robots":{"index":"index","follow":"follow","max-snippet":"max-snippet:-1","max-image-preview":"max-image-preview:large","max-video-preview":"max-video-preview:-1"},"canonical":"https:\/\/alimentariarrigoni.it\/de\/prodotto\/schioppetino-coldigrotta-friuli-isonzo-doc-colmello-2022\/","og_locale":"de_DE","og_type":"article","og_title":"Schioppetino Coldigrotta Friuli Isonzo DOC Colmello 2022","og_description":"Schioppetino Coldigrotta Friuli Isonzo DOC Colmello 2022","og_url":"https:\/\/alimentariarrigoni.it\/de\/prodotto\/schioppetino-coldigrotta-friuli-isonzo-doc-colmello-2022\/","og_site_name":"Alimentari Arrigoni","article_publisher":"https:\/\/www.facebook.com\/alimentariarrigoni\/","article_modified_time":"2025-11-15T13:25:05+00:00","og_image":[{"width":1050,"height":1050,"url":"https:\/\/alimentariarrigoni.it\/wp-content\/uploads\/2025\/11\/schioppettino-friuli-coldigrotta-colmello.jpg","type":"image\/jpeg"}],"twitter_card":"summary_large_image","twitter_misc":{"Gesch\u00e4tzte Lesezeit":"1\u00a0Minute"},"schema":{"@context":"https:\/\/schema.org","@graph":[{"@type":"WebPage","@id":"https:\/\/alimentariarrigoni.it\/de\/prodotto\/schioppetino-coldigrotta-friuli-isonzo-doc-colmello-2022\/","url":"https:\/\/alimentariarrigoni.it\/de\/prodotto\/schioppetino-coldigrotta-friuli-isonzo-doc-colmello-2022\/","name":"Schioppetino Coldigrotta Friuli Isonzo DOC Colmello 2022","isPartOf":{"@id":"https:\/\/alimentariarrigoni.it\/de\/#website"},"primaryImageOfPage":{"@id":"https:\/\/alimentariarrigoni.it\/de\/prodotto\/schioppetino-coldigrotta-friuli-isonzo-doc-colmello-2022\/#primaryimage"},"image":{"@id":"https:\/\/alimentariarrigoni.it\/de\/prodotto\/schioppetino-coldigrotta-friuli-isonzo-doc-colmello-2022\/#primaryimage"},"thumbnailUrl":"https:\/\/alimentariarrigoni.it\/wp-content\/uploads\/2025\/11\/schioppettino-friuli-coldigrotta-colmello.jpg","datePublished":"2025-11-15T09:54:05+00:00","dateModified":"2025-11-15T13:25:05+00:00","description":"Schioppetino Coldigrotta Friuli Isonzo DOC Colmello 2022","breadcrumb":{"@id":"https:\/\/alimentariarrigoni.it\/de\/prodotto\/schioppetino-coldigrotta-friuli-isonzo-doc-colmello-2022\/#breadcrumb"},"inLanguage":"de","potentialAction":[{"@type":"ReadAction","target":["https:\/\/alimentariarrigoni.it\/de\/prodotto\/schioppetino-coldigrotta-friuli-isonzo-doc-colmello-2022\/"]}]},{"@type":"ImageObject","inLanguage":"de","@id":"https:\/\/alimentariarrigoni.it\/de\/prodotto\/schioppetino-coldigrotta-friuli-isonzo-doc-colmello-2022\/#primaryimage","url":"https:\/\/alimentariarrigoni.it\/wp-content\/uploads\/2025\/11\/schioppettino-friuli-coldigrotta-colmello.jpg","contentUrl":"https:\/\/alimentariarrigoni.it\/wp-content\/uploads\/2025\/11\/schioppettino-friuli-coldigrotta-colmello.jpg","width":1050,"height":1050,"caption":"Schioppetino Coldigrotta Friuli Isonzo DOC Colmello 2022"},{"@type":"BreadcrumbList","@id":"https:\/\/alimentariarrigoni.it\/de\/prodotto\/schioppetino-coldigrotta-friuli-isonzo-doc-colmello-2022\/#breadcrumb","itemListElement":[{"@type":"ListItem","position":1,"name":"Home","item":"https:\/\/alimentariarrigoni.it\/de\/"},{"@type":"ListItem","position":2,"name":"Shop","item":"https:\/\/alimentariarrigoni.it\/de\/shop\/"},{"@type":"ListItem","position":3,"name":"Schioppetino Coldigrotta Friuli Isonzo DOC Colmello 2022"}]},{"@type":"WebSite","@id":"https:\/\/alimentariarrigoni.it\/de\/#website","url":"https:\/\/alimentariarrigoni.it\/de\/","name":"Alimentari Arrigoni","description":"","publisher":{"@id":"https:\/\/alimentariarrigoni.it\/de\/#organization"},"potentialAction":[{"@type":"SearchAction","target":{"@type":"EntryPoint","urlTemplate":"https:\/\/alimentariarrigoni.it\/de\/?s={search_term_string}"},"query-input":{"@type":"PropertyValueSpecification","valueRequired":true,"valueName":"search_term_string"}}],"inLanguage":"de"},{"@type":"Organization","@id":"https:\/\/alimentariarrigoni.it\/de\/#organization","name":"Alimentari dal 1894","url":"https:\/\/alimentariarrigoni.it\/de\/","logo":{"@type":"ImageObject","inLanguage":"de","@id":"https:\/\/alimentariarrigoni.it\/de\/#\/schema\/logo\/image\/","url":"https:\/\/alimentariarrigoni.it\/wp-content\/uploads\/2022\/02\/logo-mail-mod.-comp.jpg","contentUrl":"https:\/\/alimentariarrigoni.it\/wp-content\/uploads\/2022\/02\/logo-mail-mod.-comp.jpg","width":315,"height":100,"caption":"Alimentari dal 1894"},"image":{"@id":"https:\/\/alimentariarrigoni.it\/de\/#\/schema\/logo\/image\/"},"sameAs":["https:\/\/www.facebook.com\/alimentariarrigoni\/","https:\/\/www.instagram.com\/alimentariarrigoni\/"]}]}},"_links":{"self":[{"href":"https:\/\/alimentariarrigoni.it\/de\/wp-json\/wp\/v2\/product\/12284","targetHints":{"allow":["GET"]}}],"collection":[{"href":"https:\/\/alimentariarrigoni.it\/de\/wp-json\/wp\/v2\/product"}],"about":[{"href":"https:\/\/alimentariarrigoni.it\/de\/wp-json\/wp\/v2\/types\/product"}],"wp:featuredmedia":[{"embeddable":true,"href":"https:\/\/alimentariarrigoni.it\/de\/wp-json\/wp\/v2\/media\/12330"}],"wp:attachment":[{"href":"https:\/\/alimentariarrigoni.it\/de\/wp-json\/wp\/v2\/media?parent=12284"}],"wp:term":[{"taxonomy":"product_brand","embeddable":true,"href":"https:\/\/alimentariarrigoni.it\/de\/wp-json\/wp\/v2\/product_brand?post=12284"},{"taxonomy":"product_cat","embeddable":true,"href":"https:\/\/alimentariarrigoni.it\/de\/wp-json\/wp\/v2\/product_cat?post=12284"},{"taxonomy":"product_tag","embeddable":true,"href":"https:\/\/alimentariarrigoni.it\/de\/wp-json\/wp\/v2\/product_tag?post=12284"}],"curies":[{"name":"wp","href":"https:\/\/api.w.org\/{rel}","templated":true}]}}