{"id":12233,"date":"2021-02-11T14:58:57","date_gmt":"2021-02-11T13:58:57","guid":{"rendered":"https:\/\/alimentariarrigoni.it\/prodotto\/loghetto-fratelli-agnes-2023\/"},"modified":"2025-10-16T15:37:29","modified_gmt":"2025-10-16T13:37:29","slug":"loghetto-fratelli-agnes-2023","status":"publish","type":"product","link":"https:\/\/alimentariarrigoni.it\/de\/prodotto\/loghetto-fratelli-agnes-2023\/","title":{"rendered":"Loghetto Ammandorlato Fratelli Agnes 2023"},"content":{"rendered":"<div class=\"wpb-content-wrapper\"><p>[vc_row][vc_column width=&#8220;3\/6&#8243;][vc_column_text css=&#8220;&#8220;]<\/p>\n<h1 style=\"text-align: justify;\"><span style=\"font-family: georgia, palatino, serif; font-size: 18px;\"><strong>BESCHREIBUNG<a href=\"https:\/\/www.zenomag.com\/post\/%C3%A8-tempo-di-castagne\">LOGHETTO<\/a> FRATELLI AGNES 2023<\/strong><\/span><\/h1>\n<p class=\"p2\" style=\"text-align: justify;\"><span style=\"font-family: georgia, palatino, serif; font-size: 18px;\">Ein wundersch\u00f6nes, lebhaftes, intensives Rubinrot mit purpurnen Reflexen.<br \/>\nIn der Nase intensiv und vielschichtig, mit feinen, \u00e4u\u00dferst eleganten Gew\u00fcrznoten. Ein facettenreiches Aromenspektrum, in dem die Frucht niemals von der W\u00fcrze \u00fcberlagert wird \u2013 ein perfektes Gleichgewicht.<br \/>\nEin jodhaltiger Hauch ist wahrnehmbar. Das Bouquet entwickelt sich rasch weiter und legt sich wie eine Meeresbrise \u00fcber einen marinen Untergrund.<br \/>\nWurzeln und balsamische Noten.<br \/>\nDeutlich erkennbar sind Aromen von Brombeermarmelade, roten Johannisbeeren und Himbeeren sowie ein \u00e4therischer Nachhall.<br \/>\nAm Gaumen ist er umh\u00fcllend, regelrecht explosiv, mit einem kr\u00e4ftigen, gro\u00dfz\u00fcgigen und doch \u00e4u\u00dferst eleganten Tannin.<br \/>\nCola, Chinarinde, Lakritz.<br \/>\nDer Antritt ist leicht prickelnd auf der Zungenspitze, dann breitet sich eine sanfte F\u00fclle aus, die den Mund vollst\u00e4ndig mit Tannin einh\u00fcllt.<br \/>\nEine fast zitrusartige Note erinnert an einen Hauch Orangen-Zeste.<br \/>\nDie gro\u00dfe Weichheit wird im Abgang von einer mandelartigen Note unterbrochen, die eine neue aromatische Ebene er\u00f6ffnet und den Gaumen auf den n\u00e4chsten Schluck vorbereitet \u2013 ohne jemals zu erm\u00fcden.<br \/>\n<\/span><\/p>\n<p>[\/vc_column_text][vc_empty_space][vc_single_image image=&#8220;861&#8243; img_size=&#8220;large&#8220;][vc_empty_space][vc_column_text]<\/p>\n<h3 style=\"text-align: justify;\"><span style=\"font-family: georgia, palatino, serif; font-size: 18px;\"><strong>FRATELLI AGNES<\/strong><\/span><\/h3>\n<p class=\"p1\" style=\"text-align: justify;\"><span style=\"font-family: georgia, palatino, serif; font-size: 16px;\">Der landwirtschaftliche Betrieb I Fratelli Agnes in Rovescala ist ein Vorposten des Oltrep\u00f2 zwischen Pavia und Piacenza. Die lokale Weintradition hat sehr tiefe Wurzeln, wie arch\u00e4ologische Funde aus der R\u00f6merzeit belegen.<br \/>\nEin Dokument verdient besondere Erw\u00e4hnung \u2013 sowohl wegen seines hohen Zeugniswertes als auch wegen des pittoresken historischen Hintergrundes. Es handelt sich um eine notarielle Urkunde vom 22. M\u00e4rz 1192, die im Staatsarchiv von Mailand aufbewahrt wird. Darin verpflichten drei lombardische Feudalherren, edle Gl\u00e4ubiger, den Grafen von Rovescala, Anselmo, zur Begleichung einer Schuld nicht mit Geld, sondern mit der Lieferung von 600 Congi (20 Hektoliter) \u201ede puro vino suarum vinearum de Rovoscalla, de meliori quod habuerit super locum\u201c.<br \/>\nDas Etikett des Millennium tr\u00e4gt die originale notarielle Urkunde aus dem Jahr 1192.<\/span><\/p>\n<p>[\/vc_column_text][\/vc_column][vc_column width=&#8220;2\/6&#8243;][vc_column_text]<\/p>\n<h2><span style=\"font-size: 18px; font-family: georgia, palatino, serif;\"><strong>ROVESCALA<\/strong><\/span><\/h2>\n<p>[\/vc_column_text][vc_empty_space][vc_column_text]<\/p>\n<p style=\"text-align: justify;\"><span style=\"font-family: georgia, palatino, serif; font-size: 16px;\">Das Terroir von Rovescala ist besonders f\u00fcr die Rebsorte Croatina geeignet: der tonreiche Untergrund erlaubt deren Kultivierung auf h\u00f6chstem Niveau. Zudem handelt es sich um ein Terroir mit uralten historischen Wurzeln, das seit jeher mit Reben bepflanzt ist.<br \/>\nMan nimmt an, dass Rovescala bereits vor dem Jahrtausendwechsel ein richtiges Dorf war, in dem sich schon eine bedeutende Anzahl von Bewohnern niedergelassen hatte. Bei j\u00fcngsten arch\u00e4ologischen Ausgrabungen auf dem Gemeindegebiet kamen Fragmente von Amphoren, Gef\u00e4\u00dfen, Glasflaschen und sogar ein kostbarer Bronzebecher (Cyathus), der zum Einschenken und Verkosten von Wein diente, ans Licht. Diese Funde belegen eindeutig, dass der Weinbau in Rovescala bis in die r\u00f6mische Zeit zur\u00fcckreicht.<\/strong><\/span><\/p>\n<p>[\/vc_column_text][vc_empty_space][vc_single_image image=&#8220;7549&#8243; img_size=&#8220;large&#8220;][vc_empty_space][\/vc_column][\/vc_row]<\/p>\n<\/div>","protected":false},"excerpt":{"rendered":"<p>[vc_row][vc_column width=&#8220;3\/6&#8243;][vc_column_text css=&#8220;&#8220;] BESCHREIBUNGLOGHETTO FRATELLI AGNES 2023 Ein wundersch\u00f6nes, lebhaftes, intensives Rubinrot mit purpurnen Reflexen. In der Nase intensiv und vielschichtig, mit feinen, \u00e4u\u00dferst eleganten Gew\u00fcrznoten. Ein facettenreiches Aromenspektrum, in dem die Frucht niemals von der W\u00fcrze \u00fcberlagert wird \u2013 ein perfektes Gleichgewicht. Ein jodhaltiger Hauch ist wahrnehmbar. Das Bouquet entwickelt sich rasch weiter und<\/p>\n<div class=\"klb-readmore\"><a href=\"https:\/\/alimentariarrigoni.it\/de\/prodotto\/loghetto-fratelli-agnes-2023\/\" class=\"btn\">READ MORE<\/a><\/div>\n","protected":false},"featured_media":12001,"template":"","meta":[],"product_brand":[],"product_cat":[1364,1363,1366,1362,1415],"product_tag":[1367],"class_list":{"0":"post-12233","1":"product","2":"type-product","3":"status-publish","4":"has-post-thumbnail","6":"product_cat-croatina-de","7":"product_cat-die-rotweine","8":"product_cat-fratelli-agnes-de","9":"product_cat-lombardia","10":"product_cat-vino-da-tavola-de","11":"product_tag-cemento-de","12":"blog_entry clearfix","14":"first","15":"instock","16":"taxable","17":"shipping-taxable","18":"purchasable","19":"product-type-simple"},"yoast_head":"<!-- This site is optimized with the Yoast SEO Premium plugin v27.4 (Yoast SEO v27.4) - https:\/\/yoast.com\/product\/yoast-seo-premium-wordpress\/ -->\n<title>Loghetto Fratelli Agnes 2023<\/title>\n<meta name=\"description\" content=\"Il Loghetto Ammandorlato dei Fratelli Agnes 2023 al palato \u00e8 morbido e la percezione zuccherina\u00a0 \u00e8 supportata dalla briosa freschezza.\" \/>\n<meta name=\"robots\" content=\"index, follow, max-snippet:-1, max-image-preview:large, max-video-preview:-1\" \/>\n<link rel=\"canonical\" href=\"https:\/\/alimentariarrigoni.it\/de\/prodotto\/loghetto-fratelli-agnes-2023\/\" \/>\n<meta property=\"og:locale\" content=\"de_DE\" \/>\n<meta property=\"og:type\" content=\"article\" \/>\n<meta property=\"og:title\" content=\"Loghetto Ammandorlato Fratelli Agnes 2023\" \/>\n<meta property=\"og:description\" content=\"Il Loghetto Ammandorlato dei Fratelli Agnes 2023 al palato \u00e8 morbido e la percezione zuccherina\u00a0 \u00e8 supportata dalla briosa freschezza.\" \/>\n<meta property=\"og:url\" content=\"https:\/\/alimentariarrigoni.it\/de\/prodotto\/loghetto-fratelli-agnes-2023\/\" \/>\n<meta property=\"og:site_name\" content=\"Alimentari Arrigoni\" \/>\n<meta property=\"article:publisher\" content=\"https:\/\/www.facebook.com\/alimentariarrigoni\/\" \/>\n<meta property=\"article:modified_time\" content=\"2025-10-16T13:37:29+00:00\" \/>\n<meta property=\"og:image\" content=\"https:\/\/alimentariarrigoni.it\/wp-content\/uploads\/2021\/02\/loghetto-2019-agnes.jpg\" \/>\n\t<meta property=\"og:image:width\" content=\"1050\" \/>\n\t<meta property=\"og:image:height\" content=\"1050\" \/>\n\t<meta property=\"og:image:type\" content=\"image\/jpeg\" \/>\n<meta name=\"twitter:card\" content=\"summary_large_image\" \/>\n<meta name=\"twitter:label1\" content=\"Gesch\u00e4tzte Lesezeit\" \/>\n\t<meta name=\"twitter:data1\" content=\"3\u00a0Minuten\" \/>\n<script type=\"application\/ld+json\" class=\"yoast-schema-graph\">{\"@context\":\"https:\\\/\\\/schema.org\",\"@graph\":[{\"@type\":\"WebPage\",\"@id\":\"https:\\\/\\\/alimentariarrigoni.it\\\/de\\\/prodotto\\\/loghetto-fratelli-agnes-2023\\\/\",\"url\":\"https:\\\/\\\/alimentariarrigoni.it\\\/de\\\/prodotto\\\/loghetto-fratelli-agnes-2023\\\/\",\"name\":\"Loghetto Fratelli Agnes 2023\",\"isPartOf\":{\"@id\":\"https:\\\/\\\/alimentariarrigoni.it\\\/de\\\/#website\"},\"primaryImageOfPage\":{\"@id\":\"https:\\\/\\\/alimentariarrigoni.it\\\/de\\\/prodotto\\\/loghetto-fratelli-agnes-2023\\\/#primaryimage\"},\"image\":{\"@id\":\"https:\\\/\\\/alimentariarrigoni.it\\\/de\\\/prodotto\\\/loghetto-fratelli-agnes-2023\\\/#primaryimage\"},\"thumbnailUrl\":\"https:\\\/\\\/alimentariarrigoni.it\\\/wp-content\\\/uploads\\\/2021\\\/02\\\/loghetto-2019-agnes.jpg\",\"datePublished\":\"2021-02-11T13:58:57+00:00\",\"dateModified\":\"2025-10-16T13:37:29+00:00\",\"description\":\"Il Loghetto Ammandorlato dei Fratelli Agnes 2023 al palato \u00e8 morbido e la percezione zuccherina\u00a0 \u00e8 supportata dalla briosa freschezza.\",\"breadcrumb\":{\"@id\":\"https:\\\/\\\/alimentariarrigoni.it\\\/de\\\/prodotto\\\/loghetto-fratelli-agnes-2023\\\/#breadcrumb\"},\"inLanguage\":\"de\",\"potentialAction\":[{\"@type\":\"ReadAction\",\"target\":[\"https:\\\/\\\/alimentariarrigoni.it\\\/de\\\/prodotto\\\/loghetto-fratelli-agnes-2023\\\/\"]}]},{\"@type\":\"ImageObject\",\"inLanguage\":\"de\",\"@id\":\"https:\\\/\\\/alimentariarrigoni.it\\\/de\\\/prodotto\\\/loghetto-fratelli-agnes-2023\\\/#primaryimage\",\"url\":\"https:\\\/\\\/alimentariarrigoni.it\\\/wp-content\\\/uploads\\\/2021\\\/02\\\/loghetto-2019-agnes.jpg\",\"contentUrl\":\"https:\\\/\\\/alimentariarrigoni.it\\\/wp-content\\\/uploads\\\/2021\\\/02\\\/loghetto-2019-agnes.jpg\",\"width\":1050,\"height\":1050},{\"@type\":\"BreadcrumbList\",\"@id\":\"https:\\\/\\\/alimentariarrigoni.it\\\/de\\\/prodotto\\\/loghetto-fratelli-agnes-2023\\\/#breadcrumb\",\"itemListElement\":[{\"@type\":\"ListItem\",\"position\":1,\"name\":\"Home\",\"item\":\"https:\\\/\\\/alimentariarrigoni.it\\\/de\\\/\"},{\"@type\":\"ListItem\",\"position\":2,\"name\":\"Shop\",\"item\":\"https:\\\/\\\/alimentariarrigoni.it\\\/de\\\/shop\\\/\"},{\"@type\":\"ListItem\",\"position\":3,\"name\":\"Loghetto Ammandorlato Fratelli Agnes 2023\"}]},{\"@type\":\"WebSite\",\"@id\":\"https:\\\/\\\/alimentariarrigoni.it\\\/de\\\/#website\",\"url\":\"https:\\\/\\\/alimentariarrigoni.it\\\/de\\\/\",\"name\":\"Alimentari Arrigoni\",\"description\":\"\",\"publisher\":{\"@id\":\"https:\\\/\\\/alimentariarrigoni.it\\\/de\\\/#organization\"},\"potentialAction\":[{\"@type\":\"SearchAction\",\"target\":{\"@type\":\"EntryPoint\",\"urlTemplate\":\"https:\\\/\\\/alimentariarrigoni.it\\\/de\\\/?s={search_term_string}\"},\"query-input\":{\"@type\":\"PropertyValueSpecification\",\"valueRequired\":true,\"valueName\":\"search_term_string\"}}],\"inLanguage\":\"de\"},{\"@type\":\"Organization\",\"@id\":\"https:\\\/\\\/alimentariarrigoni.it\\\/de\\\/#organization\",\"name\":\"Alimentari dal 1894\",\"url\":\"https:\\\/\\\/alimentariarrigoni.it\\\/de\\\/\",\"logo\":{\"@type\":\"ImageObject\",\"inLanguage\":\"de\",\"@id\":\"https:\\\/\\\/alimentariarrigoni.it\\\/de\\\/#\\\/schema\\\/logo\\\/image\\\/\",\"url\":\"https:\\\/\\\/alimentariarrigoni.it\\\/wp-content\\\/uploads\\\/2022\\\/02\\\/logo-mail-mod.-comp.jpg\",\"contentUrl\":\"https:\\\/\\\/alimentariarrigoni.it\\\/wp-content\\\/uploads\\\/2022\\\/02\\\/logo-mail-mod.-comp.jpg\",\"width\":315,\"height\":100,\"caption\":\"Alimentari dal 1894\"},\"image\":{\"@id\":\"https:\\\/\\\/alimentariarrigoni.it\\\/de\\\/#\\\/schema\\\/logo\\\/image\\\/\"},\"sameAs\":[\"https:\\\/\\\/www.facebook.com\\\/alimentariarrigoni\\\/\",\"https:\\\/\\\/www.instagram.com\\\/alimentariarrigoni\\\/\"]}]}<\/script>\n<!-- \/ Yoast SEO Premium plugin. -->","yoast_head_json":{"title":"Loghetto Fratelli Agnes 2023","description":"Il Loghetto Ammandorlato dei Fratelli Agnes 2023 al palato \u00e8 morbido e la percezione zuccherina\u00a0 \u00e8 supportata dalla briosa freschezza.","robots":{"index":"index","follow":"follow","max-snippet":"max-snippet:-1","max-image-preview":"max-image-preview:large","max-video-preview":"max-video-preview:-1"},"canonical":"https:\/\/alimentariarrigoni.it\/de\/prodotto\/loghetto-fratelli-agnes-2023\/","og_locale":"de_DE","og_type":"article","og_title":"Loghetto Ammandorlato Fratelli Agnes 2023","og_description":"Il Loghetto Ammandorlato dei Fratelli Agnes 2023 al palato \u00e8 morbido e la percezione zuccherina\u00a0 \u00e8 supportata dalla briosa freschezza.","og_url":"https:\/\/alimentariarrigoni.it\/de\/prodotto\/loghetto-fratelli-agnes-2023\/","og_site_name":"Alimentari Arrigoni","article_publisher":"https:\/\/www.facebook.com\/alimentariarrigoni\/","article_modified_time":"2025-10-16T13:37:29+00:00","og_image":[{"width":1050,"height":1050,"url":"https:\/\/alimentariarrigoni.it\/wp-content\/uploads\/2021\/02\/loghetto-2019-agnes.jpg","type":"image\/jpeg"}],"twitter_card":"summary_large_image","twitter_misc":{"Gesch\u00e4tzte Lesezeit":"3\u00a0Minuten"},"schema":{"@context":"https:\/\/schema.org","@graph":[{"@type":"WebPage","@id":"https:\/\/alimentariarrigoni.it\/de\/prodotto\/loghetto-fratelli-agnes-2023\/","url":"https:\/\/alimentariarrigoni.it\/de\/prodotto\/loghetto-fratelli-agnes-2023\/","name":"Loghetto Fratelli Agnes 2023","isPartOf":{"@id":"https:\/\/alimentariarrigoni.it\/de\/#website"},"primaryImageOfPage":{"@id":"https:\/\/alimentariarrigoni.it\/de\/prodotto\/loghetto-fratelli-agnes-2023\/#primaryimage"},"image":{"@id":"https:\/\/alimentariarrigoni.it\/de\/prodotto\/loghetto-fratelli-agnes-2023\/#primaryimage"},"thumbnailUrl":"https:\/\/alimentariarrigoni.it\/wp-content\/uploads\/2021\/02\/loghetto-2019-agnes.jpg","datePublished":"2021-02-11T13:58:57+00:00","dateModified":"2025-10-16T13:37:29+00:00","description":"Il Loghetto Ammandorlato dei Fratelli Agnes 2023 al palato \u00e8 morbido e la percezione zuccherina\u00a0 \u00e8 supportata dalla briosa freschezza.","breadcrumb":{"@id":"https:\/\/alimentariarrigoni.it\/de\/prodotto\/loghetto-fratelli-agnes-2023\/#breadcrumb"},"inLanguage":"de","potentialAction":[{"@type":"ReadAction","target":["https:\/\/alimentariarrigoni.it\/de\/prodotto\/loghetto-fratelli-agnes-2023\/"]}]},{"@type":"ImageObject","inLanguage":"de","@id":"https:\/\/alimentariarrigoni.it\/de\/prodotto\/loghetto-fratelli-agnes-2023\/#primaryimage","url":"https:\/\/alimentariarrigoni.it\/wp-content\/uploads\/2021\/02\/loghetto-2019-agnes.jpg","contentUrl":"https:\/\/alimentariarrigoni.it\/wp-content\/uploads\/2021\/02\/loghetto-2019-agnes.jpg","width":1050,"height":1050},{"@type":"BreadcrumbList","@id":"https:\/\/alimentariarrigoni.it\/de\/prodotto\/loghetto-fratelli-agnes-2023\/#breadcrumb","itemListElement":[{"@type":"ListItem","position":1,"name":"Home","item":"https:\/\/alimentariarrigoni.it\/de\/"},{"@type":"ListItem","position":2,"name":"Shop","item":"https:\/\/alimentariarrigoni.it\/de\/shop\/"},{"@type":"ListItem","position":3,"name":"Loghetto Ammandorlato Fratelli Agnes 2023"}]},{"@type":"WebSite","@id":"https:\/\/alimentariarrigoni.it\/de\/#website","url":"https:\/\/alimentariarrigoni.it\/de\/","name":"Alimentari Arrigoni","description":"","publisher":{"@id":"https:\/\/alimentariarrigoni.it\/de\/#organization"},"potentialAction":[{"@type":"SearchAction","target":{"@type":"EntryPoint","urlTemplate":"https:\/\/alimentariarrigoni.it\/de\/?s={search_term_string}"},"query-input":{"@type":"PropertyValueSpecification","valueRequired":true,"valueName":"search_term_string"}}],"inLanguage":"de"},{"@type":"Organization","@id":"https:\/\/alimentariarrigoni.it\/de\/#organization","name":"Alimentari dal 1894","url":"https:\/\/alimentariarrigoni.it\/de\/","logo":{"@type":"ImageObject","inLanguage":"de","@id":"https:\/\/alimentariarrigoni.it\/de\/#\/schema\/logo\/image\/","url":"https:\/\/alimentariarrigoni.it\/wp-content\/uploads\/2022\/02\/logo-mail-mod.-comp.jpg","contentUrl":"https:\/\/alimentariarrigoni.it\/wp-content\/uploads\/2022\/02\/logo-mail-mod.-comp.jpg","width":315,"height":100,"caption":"Alimentari dal 1894"},"image":{"@id":"https:\/\/alimentariarrigoni.it\/de\/#\/schema\/logo\/image\/"},"sameAs":["https:\/\/www.facebook.com\/alimentariarrigoni\/","https:\/\/www.instagram.com\/alimentariarrigoni\/"]}]}},"_links":{"self":[{"href":"https:\/\/alimentariarrigoni.it\/de\/wp-json\/wp\/v2\/product\/12233","targetHints":{"allow":["GET"]}}],"collection":[{"href":"https:\/\/alimentariarrigoni.it\/de\/wp-json\/wp\/v2\/product"}],"about":[{"href":"https:\/\/alimentariarrigoni.it\/de\/wp-json\/wp\/v2\/types\/product"}],"wp:featuredmedia":[{"embeddable":true,"href":"https:\/\/alimentariarrigoni.it\/de\/wp-json\/wp\/v2\/media\/12001"}],"wp:attachment":[{"href":"https:\/\/alimentariarrigoni.it\/de\/wp-json\/wp\/v2\/media?parent=12233"}],"wp:term":[{"taxonomy":"product_brand","embeddable":true,"href":"https:\/\/alimentariarrigoni.it\/de\/wp-json\/wp\/v2\/product_brand?post=12233"},{"taxonomy":"product_cat","embeddable":true,"href":"https:\/\/alimentariarrigoni.it\/de\/wp-json\/wp\/v2\/product_cat?post=12233"},{"taxonomy":"product_tag","embeddable":true,"href":"https:\/\/alimentariarrigoni.it\/de\/wp-json\/wp\/v2\/product_tag?post=12233"}],"curies":[{"name":"wp","href":"https:\/\/api.w.org\/{rel}","templated":true}]}}