{"id":12228,"date":"2025-03-15T19:47:17","date_gmt":"2025-03-15T18:47:17","guid":{"rendered":"https:\/\/alimentariarrigoni.it\/prodotto\/ghemme-docg-vigna-carelle-miru-2017\/"},"modified":"2025-10-15T17:30:54","modified_gmt":"2025-10-15T15:30:54","slug":"ghemme-docg-vigna-carelle-miru-2017","status":"publish","type":"product","link":"https:\/\/alimentariarrigoni.it\/de\/prodotto\/ghemme-docg-vigna-carelle-miru-2017\/","title":{"rendered":"Ghemme DOCG Vigna Carelle Mir\u00f9 2017"},"content":{"rendered":"<div class=\"wpb-content-wrapper\"><p>[vc_row][vc_column width=&#8220;2\/6&#8243;][vc_column_text css=&#8220;&#8220;]<\/p>\n<h4><span style=\"color: #800000;\"><strong><span style=\"font-size: 18px; font-family: georgia, palatino, serif;\">GHEMME<\/span><\/strong><\/span><\/h4>\n<p>[\/vc_column_text][vc_empty_space height=&#8220;10px&#8220;][vc_single_image image=&#8220;7565&#8243; img_size=&#8220;full&#8220;][vc_empty_space height=&#8220;10px&#8220;][vc_column_text css=&#8220;&#8220;]<\/p>\n<p style=\"text-align: justify;\"><span style=\"font-family: georgia, palatino, serif; font-size: 16px;\">An der orografisch linken Seite der Sesia liegt Ghemme, ein Dorf mit alter Weinbautradition. Als n\u00f6rdliche Verl\u00e4ngerung von Fara und Sizzano erstreckt sich der Weinberg \u00fcber zwei kleine H\u00fcgelr\u00fccken, die in S\u00fcd-S\u00fcdost- bzw. Nord-Nordwest-Richtung verlaufen und durch das kleine Tal des Baches Strona voneinander getrennt sind. Vier Hauptzonen lassen sich unterscheiden: die Ronchi, also der Hang, der sich aus der Ebene erhebt; der erste H\u00fcgel, ein flaches Hochplateau, das an der Spitze der Ronchi beginnt und sich dann ostw\u00e4rts ins Tal der Strona absenkt; darauf folgen \u2013 fast spiegelbildlich \u2013 die Ronchetti, die aus dem Strona-Tal aufsteigen, und schlie\u00dflich dahinter der zweite H\u00fcgel, bis hin zum Tal des Baches Strego, der die \u00f6stliche Grenze der Herkunftsbezeichnung markiert.<\/span><\/p>\n<p style=\"text-align: justify;\"><span style=\"font-family: georgia, palatino, serif; font-size: 16px;\">Die geologische Beschaffenheit ist \u2013 wie in Fara und Sizzano \u2013 fluvioglazialen Ursprungs, das Ergebnis der Erosion durch den Fluss Sesia. Der Boden ist daher vielf\u00e4ltig zusammengesetzt: Er enth\u00e4lt mehr Ton als andere Anbaugebiete, unterschiedlich verdichtete Schluffschichten, vulkanisches Gestein, Gneis, Kiesel und mineralreiche Steine, die leicht zerfallen und durch eindringendes Wasser, das gefriert und sie aufsprengt, oft zu Sand zermalmt werden. Ghemme stellt eine geologische Zusammenfassung des gesamten Valsesia-Gebietes dar.<\/span><\/p>\n<p>[\/vc_column_text][vc_empty_space height=&#8220;10px&#8220;][vc_column_text css=&#8220;&#8220;]<\/p>\n<h3 style=\"text-align: justify;\"><span style=\"font-family: georgia, palatino, serif; font-size: 18px; color: #800000;\"><strong>MIRU&#8216;<\/strong><\/span><\/h3>\n<p class=\"p1\" style=\"text-align: justify;\"><span style=\"font-family: georgia, palatino, serif; font-size: 16px;\">Der Weinkeller befindet sich im Zentrum von Ghemme, neben der Kirche Santa Maria Assunta, deren Bau 1666 begann und 1863 vollendet wurde.<\/span><\/p>\n<p class=\"p1\" style=\"text-align: justify;\"><span style=\"font-family: georgia, palatino, serif; font-size: 16px;\">In dieser atmosph\u00e4rischen Umgebung aus vergangener Zeit entsteht aus unseren Trauben, die stark mineralisiert sind durch den fluvioglazialen Boden, ein Wein mit \u201esakralem\u201c Ursprung, gro\u00dfer Struktur und mittlerem K\u00f6rper. Der Weinkeller liegt genau hier, im historischen Zentrum, in unmittelbarer N\u00e4he der Patronatskirche.<\/span><\/p>\n<p>[\/vc_column_text][vc_column_text]<\/p>\n<p class=\"p1\" style=\"text-align: justify;\"><span style=\"font-family: georgia, palatino, serif; font-size: 16px;\">Il Chiosso wurde 2007 von Marco Arlunno und Carlo Cambieri gegr\u00fcndet \u2013 der erste bereits ein Ghemme-Produzent, der zweite Besitzer und Bewirtschafter von Weinbergen in Gattinara.<\/span><\/p>\n<p class=\"p1\" style=\"text-align: justify;\"><span style=\"font-family: georgia, palatino, serif; font-size: 16px;\">Mit der festen \u00dcberzeugung, dass das Terroir des n\u00f6rdlichen Piemonts in jeder Hinsicht au\u00dfergew\u00f6hnliche Weine hervorbringen kann.<\/span><\/p>\n<p>[\/vc_column_text][\/vc_column][vc_column width=&#8220;3\/6&#8243;][vc_single_image image=&#8220;9604&#8243; img_size=&#8220;full&#8220; css=&#8220;&#8220;][vc_empty_space height=&#8220;10px&#8220;][vc_column_text css=&#8220;&#8220;]<\/p>\n<h2 style=\"text-align: justify;\"><span style=\"color: #800000;\"><a style=\"color: #800000;\" href=\"https:\/\/alimentariarrigoni.it\/nebbiolo-tra-alto-piemonte-e-langhe\/\"><span style=\"font-size: 18px; font-family: georgia, palatino, serif;\"><strong>ALTO PIEMONTE<\/strong><\/span><\/a><\/span><\/h2>\n<p style=\"text-align: justify;\"><span style=\"font-size: 18px;\"><!-- \/wp:post-content --><\/span><\/p>\n<p>[\/vc_column_text][vc_column_text]<\/p>\n<p style=\"text-align: justify;\"><span style=\"font-size: 16px; font-family: georgia, palatino, serif;\">Vor 180 Millionen Jahren \u2013 die Explosion eines Supervulkans von solcher Wucht, dass sie das Klima unseres Planeten \u00fcber Jahre hinweg ver\u00e4nderte: So beginnt die Geschichte des Alto Piemonte.<\/span><\/p>\n<p style=\"text-align: justify;\"><span style=\"font-size: 16px; font-family: georgia, palatino, serif;\"><!-- \/wp:paragraph --><\/span><\/p>\n<p style=\"text-align: justify;\"><span style=\"font-size: 16px; font-family: georgia, palatino, serif;\"><!-- wp:paragraph -->Vor 50 Millionen Jahren kollidierte die afrikanische Platte mit der europ\u00e4ischen, wodurch die Alpen entstanden. Durch diese Kollision wurde die gesamte unterirdische Struktur des einstigen Supervulkans an die Oberfl\u00e4che gedr\u00fcckt und nahm eine horizontale Lage ein. Die riesige Caldera des Supervulkans entspricht heute den T\u00e4lern der Fl\u00fcsse Sesia und Sessera, in den Provinzen Novara, Vercelli und Biella im Alto Piemonte.<\/span><\/p>\n<p style=\"text-align: justify;\"><span style=\"font-size: 16px; font-family: georgia, palatino, serif;\"><!-- \/wp:paragraph --><\/span><\/p>\n<p style=\"text-align: justify;\"><span style=\"font-size: 16px; font-family: georgia, palatino, serif;\"><!-- wp:paragraph -->Der Boden besteht aus Porphyrgestein in Farbt\u00f6nen von Gelb \u00fcber Rosa bis Rot \u2013 ein br\u00fcchiges Gestein, humusfrei, sauer, salzhaltig und reich an Mineralien. Die Weine, die aus Reben stammen, deren Wurzeln in diesen einzigartigen Boden eindringen, zeichnen sich durch unverwechselbare, \u00e4u\u00dferst faszinierende Aromen und Geschmacksnoten aus.<\/span><\/p>\n<p>[\/vc_column_text][vc_empty_space][vc_single_image image=&#8220;7566&#8243; img_size=&#8220;full&#8220;][vc_empty_space height=&#8220;10px&#8220;][vc_column_text css=&#8220;&#8220;]<\/p>\n<h1><span style=\"font-size: 18px; font-family: georgia, palatino, serif; color: #800000;\"><strong>GHEMME VIGNA CARELLE<\/strong><\/span><\/h1>\n<p><span style=\"font-family: georgia, palatino, serif; font-size: 16px;\">Nur in den besten Jahrg\u00e4ngen produziert<\/span><\/p>\n<p><span style=\"font-family: georgia, palatino, serif; font-size: 16px;\"><strong>Farbe<\/strong>: Rubinrot mit purpurnen Reflexen <\/span><\/p>\n<p><span style=\"font-family: georgia, palatino, serif; font-size: 16px;\"><strong>Duft<\/strong>: intensiv, mit Noten von Sauerkirsche, Veilchen, Tabak, Gew\u00fcrzen und Leder<\/span><\/p>\n<p><span style=\"font-family: georgia, palatino, serif; font-size: 16px;\"><strong>Geschmack<\/strong>: ausgewogen, sehr persistent und von gro\u00dfer Struktur; harmonischer Abgang<\/span><\/p>\n<p>&nbsp;<\/p>\n<p>[\/vc_column_text][\/vc_column][\/vc_row]<\/p>\n<\/div>","protected":false},"excerpt":{"rendered":"<p>[vc_row][vc_column width=&#8220;2\/6&#8243;][vc_column_text css=&#8220;&#8220;] GHEMME [\/vc_column_text][vc_empty_space height=&#8220;10px&#8220;][vc_single_image image=&#8220;7565&#8243; img_size=&#8220;full&#8220;][vc_empty_space height=&#8220;10px&#8220;][vc_column_text css=&#8220;&#8220;] An der orografisch linken Seite der Sesia liegt Ghemme, ein Dorf mit alter Weinbautradition. Als n\u00f6rdliche Verl\u00e4ngerung von Fara und Sizzano erstreckt sich der Weinberg \u00fcber zwei kleine H\u00fcgelr\u00fccken, die in S\u00fcd-S\u00fcdost- bzw. Nord-Nordwest-Richtung verlaufen und durch das kleine Tal des Baches Strona voneinander getrennt<\/p>\n<div class=\"klb-readmore\"><a href=\"https:\/\/alimentariarrigoni.it\/de\/prodotto\/ghemme-docg-vigna-carelle-miru-2017\/\" class=\"btn\">READ MORE<\/a><\/div>\n","protected":false},"featured_media":12175,"template":"","meta":[],"product_brand":[],"product_cat":[1391,1363,1392,1393,1394,1395],"product_tag":[1396],"class_list":{"0":"post-12228","1":"product","2":"type-product","3":"status-publish","4":"has-post-thumbnail","6":"product_cat-alto-piemonte-de","7":"product_cat-die-rotweine","8":"product_cat-ghemme-docg-de","9":"product_cat-miru-de","10":"product_cat-nebbiolo-de","11":"product_cat-vini-del-piemonte-de","12":"product_tag-botte-grande-de","13":"blog_entry clearfix","15":"first","16":"instock","17":"taxable","18":"shipping-taxable","19":"purchasable","20":"product-type-simple"},"yoast_head":"<!-- This site is optimized with the Yoast SEO Premium plugin v27.4 (Yoast SEO v27.4) - https:\/\/yoast.com\/product\/yoast-seo-premium-wordpress\/ -->\n<title>Ghemme DOCG Vigna Carelle Mir\u00f9 2017<\/title>\n<meta name=\"description\" content=\"Ghemme DOCG Vigna Carelle Mir\u00f9 2017\" \/>\n<meta name=\"robots\" content=\"index, follow, max-snippet:-1, max-image-preview:large, max-video-preview:-1\" \/>\n<link rel=\"canonical\" href=\"https:\/\/alimentariarrigoni.it\/de\/prodotto\/ghemme-docg-vigna-carelle-miru-2017\/\" \/>\n<meta property=\"og:locale\" content=\"de_DE\" \/>\n<meta property=\"og:type\" content=\"article\" \/>\n<meta property=\"og:title\" content=\"Ghemme DOCG Vigna Carelle Mir\u00f9 2017\" \/>\n<meta property=\"og:description\" content=\"Ghemme DOCG Vigna Carelle Mir\u00f9 2017\" \/>\n<meta property=\"og:url\" content=\"https:\/\/alimentariarrigoni.it\/de\/prodotto\/ghemme-docg-vigna-carelle-miru-2017\/\" \/>\n<meta property=\"og:site_name\" content=\"Alimentari Arrigoni\" \/>\n<meta property=\"article:publisher\" content=\"https:\/\/www.facebook.com\/alimentariarrigoni\/\" \/>\n<meta property=\"article:modified_time\" content=\"2025-10-15T15:30:54+00:00\" \/>\n<meta property=\"og:image\" content=\"https:\/\/alimentariarrigoni.it\/wp-content\/uploads\/2025\/03\/ghemme-carelle-miru-2017.jpg\" \/>\n\t<meta property=\"og:image:width\" content=\"1050\" \/>\n\t<meta property=\"og:image:height\" content=\"1050\" \/>\n\t<meta property=\"og:image:type\" content=\"image\/jpeg\" \/>\n<meta name=\"twitter:card\" content=\"summary_large_image\" \/>\n<meta name=\"twitter:label1\" content=\"Gesch\u00e4tzte Lesezeit\" \/>\n\t<meta name=\"twitter:data1\" content=\"3\u00a0Minuten\" \/>\n<script type=\"application\/ld+json\" class=\"yoast-schema-graph\">{\"@context\":\"https:\\\/\\\/schema.org\",\"@graph\":[{\"@type\":\"WebPage\",\"@id\":\"https:\\\/\\\/alimentariarrigoni.it\\\/de\\\/prodotto\\\/ghemme-docg-vigna-carelle-miru-2017\\\/\",\"url\":\"https:\\\/\\\/alimentariarrigoni.it\\\/de\\\/prodotto\\\/ghemme-docg-vigna-carelle-miru-2017\\\/\",\"name\":\"Ghemme DOCG Vigna Carelle Mir\u00f9 2017\",\"isPartOf\":{\"@id\":\"https:\\\/\\\/alimentariarrigoni.it\\\/de\\\/#website\"},\"primaryImageOfPage\":{\"@id\":\"https:\\\/\\\/alimentariarrigoni.it\\\/de\\\/prodotto\\\/ghemme-docg-vigna-carelle-miru-2017\\\/#primaryimage\"},\"image\":{\"@id\":\"https:\\\/\\\/alimentariarrigoni.it\\\/de\\\/prodotto\\\/ghemme-docg-vigna-carelle-miru-2017\\\/#primaryimage\"},\"thumbnailUrl\":\"https:\\\/\\\/alimentariarrigoni.it\\\/wp-content\\\/uploads\\\/2025\\\/03\\\/ghemme-carelle-miru-2017.jpg\",\"datePublished\":\"2025-03-15T18:47:17+00:00\",\"dateModified\":\"2025-10-15T15:30:54+00:00\",\"description\":\"Ghemme DOCG Vigna Carelle Mir\u00f9 2017\",\"breadcrumb\":{\"@id\":\"https:\\\/\\\/alimentariarrigoni.it\\\/de\\\/prodotto\\\/ghemme-docg-vigna-carelle-miru-2017\\\/#breadcrumb\"},\"inLanguage\":\"de\",\"potentialAction\":[{\"@type\":\"ReadAction\",\"target\":[\"https:\\\/\\\/alimentariarrigoni.it\\\/de\\\/prodotto\\\/ghemme-docg-vigna-carelle-miru-2017\\\/\"]}]},{\"@type\":\"ImageObject\",\"inLanguage\":\"de\",\"@id\":\"https:\\\/\\\/alimentariarrigoni.it\\\/de\\\/prodotto\\\/ghemme-docg-vigna-carelle-miru-2017\\\/#primaryimage\",\"url\":\"https:\\\/\\\/alimentariarrigoni.it\\\/wp-content\\\/uploads\\\/2025\\\/03\\\/ghemme-carelle-miru-2017.jpg\",\"contentUrl\":\"https:\\\/\\\/alimentariarrigoni.it\\\/wp-content\\\/uploads\\\/2025\\\/03\\\/ghemme-carelle-miru-2017.jpg\",\"width\":1050,\"height\":1050,\"caption\":\"ghemme-carelle-miru\u0300-2017\"},{\"@type\":\"BreadcrumbList\",\"@id\":\"https:\\\/\\\/alimentariarrigoni.it\\\/de\\\/prodotto\\\/ghemme-docg-vigna-carelle-miru-2017\\\/#breadcrumb\",\"itemListElement\":[{\"@type\":\"ListItem\",\"position\":1,\"name\":\"Home\",\"item\":\"https:\\\/\\\/alimentariarrigoni.it\\\/de\\\/\"},{\"@type\":\"ListItem\",\"position\":2,\"name\":\"Shop\",\"item\":\"https:\\\/\\\/alimentariarrigoni.it\\\/de\\\/shop\\\/\"},{\"@type\":\"ListItem\",\"position\":3,\"name\":\"Ghemme DOCG Vigna Carelle Mir\u00f9 2017\"}]},{\"@type\":\"WebSite\",\"@id\":\"https:\\\/\\\/alimentariarrigoni.it\\\/de\\\/#website\",\"url\":\"https:\\\/\\\/alimentariarrigoni.it\\\/de\\\/\",\"name\":\"Alimentari Arrigoni\",\"description\":\"\",\"publisher\":{\"@id\":\"https:\\\/\\\/alimentariarrigoni.it\\\/de\\\/#organization\"},\"potentialAction\":[{\"@type\":\"SearchAction\",\"target\":{\"@type\":\"EntryPoint\",\"urlTemplate\":\"https:\\\/\\\/alimentariarrigoni.it\\\/de\\\/?s={search_term_string}\"},\"query-input\":{\"@type\":\"PropertyValueSpecification\",\"valueRequired\":true,\"valueName\":\"search_term_string\"}}],\"inLanguage\":\"de\"},{\"@type\":\"Organization\",\"@id\":\"https:\\\/\\\/alimentariarrigoni.it\\\/de\\\/#organization\",\"name\":\"Alimentari dal 1894\",\"url\":\"https:\\\/\\\/alimentariarrigoni.it\\\/de\\\/\",\"logo\":{\"@type\":\"ImageObject\",\"inLanguage\":\"de\",\"@id\":\"https:\\\/\\\/alimentariarrigoni.it\\\/de\\\/#\\\/schema\\\/logo\\\/image\\\/\",\"url\":\"https:\\\/\\\/alimentariarrigoni.it\\\/wp-content\\\/uploads\\\/2022\\\/02\\\/logo-mail-mod.-comp.jpg\",\"contentUrl\":\"https:\\\/\\\/alimentariarrigoni.it\\\/wp-content\\\/uploads\\\/2022\\\/02\\\/logo-mail-mod.-comp.jpg\",\"width\":315,\"height\":100,\"caption\":\"Alimentari dal 1894\"},\"image\":{\"@id\":\"https:\\\/\\\/alimentariarrigoni.it\\\/de\\\/#\\\/schema\\\/logo\\\/image\\\/\"},\"sameAs\":[\"https:\\\/\\\/www.facebook.com\\\/alimentariarrigoni\\\/\",\"https:\\\/\\\/www.instagram.com\\\/alimentariarrigoni\\\/\"]}]}<\/script>\n<!-- \/ Yoast SEO Premium plugin. -->","yoast_head_json":{"title":"Ghemme DOCG Vigna Carelle Mir\u00f9 2017","description":"Ghemme DOCG Vigna Carelle Mir\u00f9 2017","robots":{"index":"index","follow":"follow","max-snippet":"max-snippet:-1","max-image-preview":"max-image-preview:large","max-video-preview":"max-video-preview:-1"},"canonical":"https:\/\/alimentariarrigoni.it\/de\/prodotto\/ghemme-docg-vigna-carelle-miru-2017\/","og_locale":"de_DE","og_type":"article","og_title":"Ghemme DOCG Vigna Carelle Mir\u00f9 2017","og_description":"Ghemme DOCG Vigna Carelle Mir\u00f9 2017","og_url":"https:\/\/alimentariarrigoni.it\/de\/prodotto\/ghemme-docg-vigna-carelle-miru-2017\/","og_site_name":"Alimentari Arrigoni","article_publisher":"https:\/\/www.facebook.com\/alimentariarrigoni\/","article_modified_time":"2025-10-15T15:30:54+00:00","og_image":[{"width":1050,"height":1050,"url":"https:\/\/alimentariarrigoni.it\/wp-content\/uploads\/2025\/03\/ghemme-carelle-miru-2017.jpg","type":"image\/jpeg"}],"twitter_card":"summary_large_image","twitter_misc":{"Gesch\u00e4tzte Lesezeit":"3\u00a0Minuten"},"schema":{"@context":"https:\/\/schema.org","@graph":[{"@type":"WebPage","@id":"https:\/\/alimentariarrigoni.it\/de\/prodotto\/ghemme-docg-vigna-carelle-miru-2017\/","url":"https:\/\/alimentariarrigoni.it\/de\/prodotto\/ghemme-docg-vigna-carelle-miru-2017\/","name":"Ghemme DOCG Vigna Carelle Mir\u00f9 2017","isPartOf":{"@id":"https:\/\/alimentariarrigoni.it\/de\/#website"},"primaryImageOfPage":{"@id":"https:\/\/alimentariarrigoni.it\/de\/prodotto\/ghemme-docg-vigna-carelle-miru-2017\/#primaryimage"},"image":{"@id":"https:\/\/alimentariarrigoni.it\/de\/prodotto\/ghemme-docg-vigna-carelle-miru-2017\/#primaryimage"},"thumbnailUrl":"https:\/\/alimentariarrigoni.it\/wp-content\/uploads\/2025\/03\/ghemme-carelle-miru-2017.jpg","datePublished":"2025-03-15T18:47:17+00:00","dateModified":"2025-10-15T15:30:54+00:00","description":"Ghemme DOCG Vigna Carelle Mir\u00f9 2017","breadcrumb":{"@id":"https:\/\/alimentariarrigoni.it\/de\/prodotto\/ghemme-docg-vigna-carelle-miru-2017\/#breadcrumb"},"inLanguage":"de","potentialAction":[{"@type":"ReadAction","target":["https:\/\/alimentariarrigoni.it\/de\/prodotto\/ghemme-docg-vigna-carelle-miru-2017\/"]}]},{"@type":"ImageObject","inLanguage":"de","@id":"https:\/\/alimentariarrigoni.it\/de\/prodotto\/ghemme-docg-vigna-carelle-miru-2017\/#primaryimage","url":"https:\/\/alimentariarrigoni.it\/wp-content\/uploads\/2025\/03\/ghemme-carelle-miru-2017.jpg","contentUrl":"https:\/\/alimentariarrigoni.it\/wp-content\/uploads\/2025\/03\/ghemme-carelle-miru-2017.jpg","width":1050,"height":1050,"caption":"ghemme-carelle-miru\u0300-2017"},{"@type":"BreadcrumbList","@id":"https:\/\/alimentariarrigoni.it\/de\/prodotto\/ghemme-docg-vigna-carelle-miru-2017\/#breadcrumb","itemListElement":[{"@type":"ListItem","position":1,"name":"Home","item":"https:\/\/alimentariarrigoni.it\/de\/"},{"@type":"ListItem","position":2,"name":"Shop","item":"https:\/\/alimentariarrigoni.it\/de\/shop\/"},{"@type":"ListItem","position":3,"name":"Ghemme DOCG Vigna Carelle Mir\u00f9 2017"}]},{"@type":"WebSite","@id":"https:\/\/alimentariarrigoni.it\/de\/#website","url":"https:\/\/alimentariarrigoni.it\/de\/","name":"Alimentari Arrigoni","description":"","publisher":{"@id":"https:\/\/alimentariarrigoni.it\/de\/#organization"},"potentialAction":[{"@type":"SearchAction","target":{"@type":"EntryPoint","urlTemplate":"https:\/\/alimentariarrigoni.it\/de\/?s={search_term_string}"},"query-input":{"@type":"PropertyValueSpecification","valueRequired":true,"valueName":"search_term_string"}}],"inLanguage":"de"},{"@type":"Organization","@id":"https:\/\/alimentariarrigoni.it\/de\/#organization","name":"Alimentari dal 1894","url":"https:\/\/alimentariarrigoni.it\/de\/","logo":{"@type":"ImageObject","inLanguage":"de","@id":"https:\/\/alimentariarrigoni.it\/de\/#\/schema\/logo\/image\/","url":"https:\/\/alimentariarrigoni.it\/wp-content\/uploads\/2022\/02\/logo-mail-mod.-comp.jpg","contentUrl":"https:\/\/alimentariarrigoni.it\/wp-content\/uploads\/2022\/02\/logo-mail-mod.-comp.jpg","width":315,"height":100,"caption":"Alimentari dal 1894"},"image":{"@id":"https:\/\/alimentariarrigoni.it\/de\/#\/schema\/logo\/image\/"},"sameAs":["https:\/\/www.facebook.com\/alimentariarrigoni\/","https:\/\/www.instagram.com\/alimentariarrigoni\/"]}]}},"_links":{"self":[{"href":"https:\/\/alimentariarrigoni.it\/de\/wp-json\/wp\/v2\/product\/12228","targetHints":{"allow":["GET"]}}],"collection":[{"href":"https:\/\/alimentariarrigoni.it\/de\/wp-json\/wp\/v2\/product"}],"about":[{"href":"https:\/\/alimentariarrigoni.it\/de\/wp-json\/wp\/v2\/types\/product"}],"wp:featuredmedia":[{"embeddable":true,"href":"https:\/\/alimentariarrigoni.it\/de\/wp-json\/wp\/v2\/media\/12175"}],"wp:attachment":[{"href":"https:\/\/alimentariarrigoni.it\/de\/wp-json\/wp\/v2\/media?parent=12228"}],"wp:term":[{"taxonomy":"product_brand","embeddable":true,"href":"https:\/\/alimentariarrigoni.it\/de\/wp-json\/wp\/v2\/product_brand?post=12228"},{"taxonomy":"product_cat","embeddable":true,"href":"https:\/\/alimentariarrigoni.it\/de\/wp-json\/wp\/v2\/product_cat?post=12228"},{"taxonomy":"product_tag","embeddable":true,"href":"https:\/\/alimentariarrigoni.it\/de\/wp-json\/wp\/v2\/product_tag?post=12228"}],"curies":[{"name":"wp","href":"https:\/\/api.w.org\/{rel}","templated":true}]}}