{"id":12226,"date":"2025-08-21T17:17:31","date_gmt":"2025-08-21T15:17:31","guid":{"rendered":"https:\/\/alimentariarrigoni.it\/prodotto\/san-nicolo-verdicchio-dei-castelli-di-jesi-classico-superiore-doc-brunori\/"},"modified":"2025-10-14T11:44:49","modified_gmt":"2025-10-14T09:44:49","slug":"san-nicolo-verdicchio-dei-castelli-di-jesi-classico-superiore-doc-brunori","status":"publish","type":"product","link":"https:\/\/alimentariarrigoni.it\/de\/prodotto\/san-nicolo-verdicchio-dei-castelli-di-jesi-classico-superiore-doc-brunori\/","title":{"rendered":"San Nicol\u00f2 Verdicchio dei Castelli di Jesi Classico Superiore DOC Brunori 2024"},"content":{"rendered":"<div class=\"wpb-content-wrapper\"><p>[vc_row][vc_column width=&#8220;2\/6&#8243;][vc_column_text css=&#8220;&#8220;]<\/p>\n<h2 style=\"text-align: justify;\"><strong><span style=\"font-family: georgia, palatino, serif;\"><span style=\"font-size: 18px;\">JESI<\/span><\/span><\/strong><\/h2>\n<p style=\"text-align: justify;\"><span style=\"font-family: georgia, palatino, serif; font-size: 18px;\">Die Vallesina im Herzen der Provinz Ancona geh\u00f6rt zu den fruchtbarsten und am besten geeigneten Weinbaugebieten der Marken. Eine Landschaft, die sich zwischen den H\u00fcgeln erstreckt, die Berge und Meer trennen, durchzogen vom Fluss Esino und geschm\u00fcckt mit hervorragend erhaltenen mittelalterlichen D\u00f6rfern \u2013 den ber\u00fchmten Castelli di Jesi. In diesem Kontext liegt San Paolo di Jesi, ein kleines Schloss, das zwischen den Weinbergen entstanden ist, seit jeher mit der Weinbautradition verbunden und H\u00fcter eines l\u00e4ndlichen und kulturellen Erbes, das sich in der Exzellenz seiner Weine widerspiegelt.<\/span><\/p>\n<p>[\/vc_column_text][vc_empty_space][vc_column_text css=&#8220;&#8220;]<\/p>\n<p style=\"text-align: justify;\"><span style=\"font-family: georgia, palatino, serif; font-size: 18px;\"><strong>DER VERDICCHIO\u00a0<\/strong><\/span><\/p>\n<p style=\"text-align: justify;\"><br data-start=\"103\" data-end=\"106\" \/><span style=\"font-family: georgia, palatino, serif; font-size: 18px;\">Die Identit\u00e4t der Castelli di Jesi spiegelt sich im Verdicchio wider, einem der bedeutendsten Wei\u00dfweine Italiens. Bei den Weinen von Brunori finden sich seine authentischsten Merkmale: Frische und ausgepr\u00e4gte S\u00e4ure, die Langlebigkeit garantieren; W\u00fcrze, ein Geschenk der mineralreichen B\u00f6den, und eine lange geschmackliche Persistenz, mit einem leicht bitteren Finale, das an Mandeln erinnert.<\/span><\/p>\n<p>[\/vc_column_text][vc_empty_space][vc_column_text css=&#8220;&#8220;]<\/p>\n<p style=\"text-align: justify;\"><span style=\"font-family: georgia, palatino, serif; font-size: 18px;\"><strong data-start=\"111\" data-end=\"149\">Vom Weinberg zum Keller \u2013 mit Sorgfalt<\/strong><\/span><\/p>\n<p style=\"text-align: justify;\"><span style=\"font-family: georgia, palatino, serif; font-size: 18px;\">Qualit\u00e4t entsteht im Weinberg, mit kontrolliertem Ertrag dank Kurzschnitt und sommerlichem Ausd\u00fcnnen der Trauben. Die Handlese erfolgt in mehreren Durchg\u00e4ngen und wird unmittelbar von einer sanften Pressung begleitet. Im Keller erfolgen die G\u00e4rung und Reifung in zementverglasten F\u00e4ssern, die eine nat\u00fcrliche Kl\u00e4rung beg\u00fcnstigen und den Einsatz von Kl\u00e4rmitteln auf ein Minimum reduzieren. Jede Phase respektiert die nat\u00fcrlichen Rhythmen des Weins und begleitet ihn behutsam bis zur Flasche.<\/span><\/p>\n<p>[\/vc_column_text][vc_empty_space][vc_column_text css=&#8220;&#8220;]<\/p>\n<p style=\"text-align: justify;\" data-start=\"619\" data-end=\"1107\"><span style=\"font-family: georgia, palatino, serif; font-size: 18px;\">1976 entstand der erste Cru des Verdicchio dei Castelli di Jesi Classico Superiore, der San Nicol\u00f2, der neue Ma\u00dfst\u00e4be setzte, indem er von der traditionellen Amphorenflasche auf die Bordelaiser Flasche wechselte und eine neue \u00c4ra f\u00fcr den Verdicchio einl\u00e4utete. Zu den ersten, die seinen Wert erkannten, geh\u00f6rte Luigi Veronelli, der einflussreichste italienische Weinkritiker, der Freund und Unterst\u00fctzer der Familie Brunori wurde und dazu beitrug, den Verdicchio als einen der gro\u00dfen Wei\u00dfweine Italiens bekannt zu machen.<\/span><\/p>\n<p>[\/vc_column_text][vc_empty_space][\/vc_column][vc_column width=&#8220;3\/6&#8243;][vc_column_text css=&#8220;&#8220;]<\/p>\n<h1><span style=\"font-size: 18px; font-family: georgia, palatino, serif;\"><strong>DESCRIZIONE\u00a0<\/strong><\/span><\/h1>\n<p style=\"text-align: justify;\"><span style=\"font-family: georgia, palatino, serif; font-size: 18px;\">Heute, mehr als ein halbes Jahrhundert sp\u00e4ter, ist der Verdicchio der meistpr\u00e4mierte Wei\u00dfwein Italiens, und der San Nicol\u00f2 bleibt das Aush\u00e4ngeschild der Familie.\u00a0<\/span><\/p>\n<p>[\/vc_column_text][vc_empty_space][vc_single_image image=&#8220;9767&#8243; img_size=&#8220;LARGE&#8220; css=&#8220;&#8220;][vc_empty_space][vc_column_text css=&#8220;&#8220;]<\/p>\n<h3 style=\"text-align: justify;\"><span style=\"font-family: georgia, palatino, serif; font-size: 18px;\"><strong>BRUNORI<\/strong><\/span><\/h3>\n<p>[\/vc_column_text][vc_column_text css=&#8220;&#8220;]<\/p>\n<p style=\"text-align: justify;\"><span style=\"font-family: georgia, palatino, serif; font-size: 18px;\">Die Familie Brunori besitzt 6,5 Hektar Weinberge im Herzen der Castelli di Jesi, in San Paolo. Die B\u00f6den sind ton-kalkhaltig und reich an Kalium, auf 200 Metern \u00fcber dem Meeresspiegel gelegen. Die S\u00fcdwest-Ausrichtung und die frischen Temperaturschwankungen zwischen Tag und Nacht verleihen den Weinen intensive D\u00fcfte und eine unverwechselbare Pers\u00f6nlichkeit.<\/span><\/p>\n<p>[\/vc_column_text][vc_empty_space][vc_single_image image=&#8220;9769&#8243; img_size=&#8220;large&#8220; css=&#8220;&#8220;][vc_empty_space][vc_column_text css=&#8220;&#8220;]<\/p>\n<p style=\"text-align: justify;\" data-start=\"127\" data-end=\"617\"><span style=\"font-family: georgia, palatino, serif; font-size: 18px;\"><strong data-start=\"127\" data-end=\"169\">Eine Familiengeschichte und Verdicchio<\/strong><\/span><\/p>\n<p style=\"text-align: justify;\" data-start=\"127\" data-end=\"617\"><span style=\"font-family: georgia, palatino, serif; font-size: 18px;\">Die Familie Brunori produziert Wein aus Verdicchio-Trauben seit 1956, als Mario gemeinsam mit seinem Sohn Giorgio das Weingut in San Paolo di Jesi gr\u00fcndete. Bald wurde es zu einem Bezugspunkt f\u00fcr abgef\u00fcllten Wein, der zu jener Zeit noch selten war. Im selben Jahr er\u00f6ffneten sie in Jesi eine der ersten st\u00e4dtischen Weinhandlungen, waren ihrer Zeit voraus und schufen eine Schaufensterplattform f\u00fcr ihren Verdicchio.<\/span><\/p>\n<p>[\/vc_column_text][vc_empty_space][vc_single_image image=&#8220;9768&#8243; img_size=&#8220;large&#8220; css=&#8220;&#8220;][vc_empty_space][\/vc_column][\/vc_row][vc_row][vc_column width=&#8220;5\/6&#8243;][vc_column_text css=&#8220;&#8220;]<\/p>\n<p style=\"text-align: justify;\" data-start=\"1264\" data-end=\"1742\"><span style=\"font-family: georgia, palatino, serif; font-size: 18px;\"><strong data-start=\"1264\" data-end=\"1283\">DIE WERTE<\/strong><\/span><\/p>\n<p style=\"text-align: justify;\" data-start=\"1264\" data-end=\"1742\"><br data-start=\"1283\" data-end=\"1286\" \/><span style=\"font-family: georgia, palatino, serif; font-size: 18px;\">Respekt vor der Natur, dem Terroir und der Biodiversit\u00e4t \u2013 das ist die Philosophie, die jede Entscheidung leitet. In den Weinbergen praktizieren wir organische D\u00fcngung, mechanische Unkrautbek\u00e4mpfung und Gr\u00fcnd\u00fcngung, um die Bodenfruchtbarkeit zu erhalten. Im Weinkeller nutzen wir Solarenergie und nat\u00fcrliche Materialien, um die Umweltbelastung zu reduzieren, w\u00e4hrend wir die Kontrolle \u00fcber die gesamte Wertsch\u00f6pfungskette behalten. Eine Entscheidung aus Verantwortung und Konsequenz, die die Weine von Brunori authentisch und nachhaltig macht.<\/span><\/p>\n<p>[\/vc_column_text][\/vc_column][vc_column width=&#8220;1\/6&#8243;][\/vc_column][\/vc_row]<\/p>\n<\/div>","protected":false},"excerpt":{"rendered":"<p>[vc_row][vc_column width=&#8220;2\/6&#8243;][vc_column_text css=&#8220;&#8220;] JESI Die Vallesina im Herzen der Provinz Ancona geh\u00f6rt zu den fruchtbarsten und am besten geeigneten Weinbaugebieten der Marken. Eine Landschaft, die sich zwischen den H\u00fcgeln erstreckt, die Berge und Meer trennen, durchzogen vom Fluss Esino und geschm\u00fcckt mit hervorragend erhaltenen mittelalterlichen D\u00f6rfern \u2013 den ber\u00fchmten Castelli di Jesi. In diesem Kontext<\/p>\n<div class=\"klb-readmore\"><a href=\"https:\/\/alimentariarrigoni.it\/de\/prodotto\/san-nicolo-verdicchio-dei-castelli-di-jesi-classico-superiore-doc-brunori\/\" class=\"btn\">READ MORE<\/a><\/div>\n","protected":false},"featured_media":12183,"template":"","meta":[],"product_brand":[],"product_cat":[1375,1376,1377,1378],"product_tag":[1328,1367],"class_list":{"0":"post-12226","1":"product","2":"type-product","3":"status-publish","4":"has-post-thumbnail","6":"product_cat-brunori-de","7":"product_cat-marche-de","8":"product_cat-verdicchio-de","9":"product_cat-verdicchio-dei-castelli-di-jesi-classico-superiore-doc-de","10":"product_tag-acciaio-de","11":"product_tag-cemento-de","12":"blog_entry clearfix","14":"first","15":"instock","16":"taxable","17":"shipping-taxable","18":"purchasable","19":"product-type-simple"},"yoast_head":"<!-- This site is optimized with the Yoast SEO Premium plugin v27.4 (Yoast SEO v27.4) - https:\/\/yoast.com\/product\/yoast-seo-premium-wordpress\/ -->\n<title>San Nicol\u00f2 Verdicchio dei Castelli di Jesi Classico Superiore DOC Brunori 2024<\/title>\n<meta name=\"description\" content=\"San Nicol\u00f2 Verdicchio dei Castelli di Jesi Classico Superiore DOC Brunori\" \/>\n<meta name=\"robots\" content=\"index, follow, max-snippet:-1, max-image-preview:large, max-video-preview:-1\" \/>\n<link rel=\"canonical\" href=\"https:\/\/alimentariarrigoni.it\/de\/prodotto\/san-nicolo-verdicchio-dei-castelli-di-jesi-classico-superiore-doc-brunori\/\" \/>\n<meta property=\"og:locale\" content=\"de_DE\" \/>\n<meta property=\"og:type\" content=\"article\" \/>\n<meta property=\"og:title\" content=\"San Nicol\u00f2 Verdicchio dei Castelli di Jesi Classico Superiore DOC Brunori 2024\" \/>\n<meta property=\"og:description\" content=\"San Nicol\u00f2 Verdicchio dei Castelli di Jesi Classico Superiore DOC Brunori\" \/>\n<meta property=\"og:url\" content=\"https:\/\/alimentariarrigoni.it\/de\/prodotto\/san-nicolo-verdicchio-dei-castelli-di-jesi-classico-superiore-doc-brunori\/\" \/>\n<meta property=\"og:site_name\" content=\"Alimentari Arrigoni\" \/>\n<meta property=\"article:publisher\" content=\"https:\/\/www.facebook.com\/alimentariarrigoni\/\" \/>\n<meta property=\"article:modified_time\" content=\"2025-10-14T09:44:49+00:00\" \/>\n<meta property=\"og:image\" content=\"https:\/\/alimentariarrigoni.it\/wp-content\/uploads\/2025\/08\/verdicchio-san-nicolo-classico-sup.jpg\" \/>\n\t<meta property=\"og:image:width\" content=\"1050\" \/>\n\t<meta property=\"og:image:height\" content=\"1050\" \/>\n\t<meta property=\"og:image:type\" content=\"image\/jpeg\" \/>\n<meta name=\"twitter:card\" content=\"summary_large_image\" \/>\n<meta name=\"twitter:label1\" content=\"Gesch\u00e4tzte Lesezeit\" \/>\n\t<meta name=\"twitter:data1\" content=\"4\u00a0Minuten\" \/>\n<script type=\"application\/ld+json\" class=\"yoast-schema-graph\">{\"@context\":\"https:\\\/\\\/schema.org\",\"@graph\":[{\"@type\":\"WebPage\",\"@id\":\"https:\\\/\\\/alimentariarrigoni.it\\\/de\\\/prodotto\\\/san-nicolo-verdicchio-dei-castelli-di-jesi-classico-superiore-doc-brunori\\\/\",\"url\":\"https:\\\/\\\/alimentariarrigoni.it\\\/de\\\/prodotto\\\/san-nicolo-verdicchio-dei-castelli-di-jesi-classico-superiore-doc-brunori\\\/\",\"name\":\"San Nicol\u00f2 Verdicchio dei Castelli di Jesi Classico Superiore DOC Brunori 2024\",\"isPartOf\":{\"@id\":\"https:\\\/\\\/alimentariarrigoni.it\\\/de\\\/#website\"},\"primaryImageOfPage\":{\"@id\":\"https:\\\/\\\/alimentariarrigoni.it\\\/de\\\/prodotto\\\/san-nicolo-verdicchio-dei-castelli-di-jesi-classico-superiore-doc-brunori\\\/#primaryimage\"},\"image\":{\"@id\":\"https:\\\/\\\/alimentariarrigoni.it\\\/de\\\/prodotto\\\/san-nicolo-verdicchio-dei-castelli-di-jesi-classico-superiore-doc-brunori\\\/#primaryimage\"},\"thumbnailUrl\":\"https:\\\/\\\/alimentariarrigoni.it\\\/wp-content\\\/uploads\\\/2025\\\/08\\\/verdicchio-san-nicolo-classico-sup.jpg\",\"datePublished\":\"2025-08-21T15:17:31+00:00\",\"dateModified\":\"2025-10-14T09:44:49+00:00\",\"description\":\"San Nicol\u00f2 Verdicchio dei Castelli di Jesi Classico Superiore DOC Brunori\",\"breadcrumb\":{\"@id\":\"https:\\\/\\\/alimentariarrigoni.it\\\/de\\\/prodotto\\\/san-nicolo-verdicchio-dei-castelli-di-jesi-classico-superiore-doc-brunori\\\/#breadcrumb\"},\"inLanguage\":\"de\",\"potentialAction\":[{\"@type\":\"ReadAction\",\"target\":[\"https:\\\/\\\/alimentariarrigoni.it\\\/de\\\/prodotto\\\/san-nicolo-verdicchio-dei-castelli-di-jesi-classico-superiore-doc-brunori\\\/\"]}]},{\"@type\":\"ImageObject\",\"inLanguage\":\"de\",\"@id\":\"https:\\\/\\\/alimentariarrigoni.it\\\/de\\\/prodotto\\\/san-nicolo-verdicchio-dei-castelli-di-jesi-classico-superiore-doc-brunori\\\/#primaryimage\",\"url\":\"https:\\\/\\\/alimentariarrigoni.it\\\/wp-content\\\/uploads\\\/2025\\\/08\\\/verdicchio-san-nicolo-classico-sup.jpg\",\"contentUrl\":\"https:\\\/\\\/alimentariarrigoni.it\\\/wp-content\\\/uploads\\\/2025\\\/08\\\/verdicchio-san-nicolo-classico-sup.jpg\",\"width\":1050,\"height\":1050,\"caption\":\"San Nicol\u00f2 Verdicchio dei Castelli di Jesi Classico Superiore DOC Brunori\"},{\"@type\":\"BreadcrumbList\",\"@id\":\"https:\\\/\\\/alimentariarrigoni.it\\\/de\\\/prodotto\\\/san-nicolo-verdicchio-dei-castelli-di-jesi-classico-superiore-doc-brunori\\\/#breadcrumb\",\"itemListElement\":[{\"@type\":\"ListItem\",\"position\":1,\"name\":\"Home\",\"item\":\"https:\\\/\\\/alimentariarrigoni.it\\\/de\\\/\"},{\"@type\":\"ListItem\",\"position\":2,\"name\":\"Shop\",\"item\":\"https:\\\/\\\/alimentariarrigoni.it\\\/de\\\/shop\\\/\"},{\"@type\":\"ListItem\",\"position\":3,\"name\":\"San Nicol\u00f2 Verdicchio dei Castelli di Jesi Classico Superiore DOC Brunori 2024\"}]},{\"@type\":\"WebSite\",\"@id\":\"https:\\\/\\\/alimentariarrigoni.it\\\/de\\\/#website\",\"url\":\"https:\\\/\\\/alimentariarrigoni.it\\\/de\\\/\",\"name\":\"Alimentari Arrigoni\",\"description\":\"\",\"publisher\":{\"@id\":\"https:\\\/\\\/alimentariarrigoni.it\\\/de\\\/#organization\"},\"potentialAction\":[{\"@type\":\"SearchAction\",\"target\":{\"@type\":\"EntryPoint\",\"urlTemplate\":\"https:\\\/\\\/alimentariarrigoni.it\\\/de\\\/?s={search_term_string}\"},\"query-input\":{\"@type\":\"PropertyValueSpecification\",\"valueRequired\":true,\"valueName\":\"search_term_string\"}}],\"inLanguage\":\"de\"},{\"@type\":\"Organization\",\"@id\":\"https:\\\/\\\/alimentariarrigoni.it\\\/de\\\/#organization\",\"name\":\"Alimentari dal 1894\",\"url\":\"https:\\\/\\\/alimentariarrigoni.it\\\/de\\\/\",\"logo\":{\"@type\":\"ImageObject\",\"inLanguage\":\"de\",\"@id\":\"https:\\\/\\\/alimentariarrigoni.it\\\/de\\\/#\\\/schema\\\/logo\\\/image\\\/\",\"url\":\"https:\\\/\\\/alimentariarrigoni.it\\\/wp-content\\\/uploads\\\/2022\\\/02\\\/logo-mail-mod.-comp.jpg\",\"contentUrl\":\"https:\\\/\\\/alimentariarrigoni.it\\\/wp-content\\\/uploads\\\/2022\\\/02\\\/logo-mail-mod.-comp.jpg\",\"width\":315,\"height\":100,\"caption\":\"Alimentari dal 1894\"},\"image\":{\"@id\":\"https:\\\/\\\/alimentariarrigoni.it\\\/de\\\/#\\\/schema\\\/logo\\\/image\\\/\"},\"sameAs\":[\"https:\\\/\\\/www.facebook.com\\\/alimentariarrigoni\\\/\",\"https:\\\/\\\/www.instagram.com\\\/alimentariarrigoni\\\/\"]}]}<\/script>\n<!-- \/ Yoast SEO Premium plugin. -->","yoast_head_json":{"title":"San Nicol\u00f2 Verdicchio dei Castelli di Jesi Classico Superiore DOC Brunori 2024","description":"San Nicol\u00f2 Verdicchio dei Castelli di Jesi Classico Superiore DOC Brunori","robots":{"index":"index","follow":"follow","max-snippet":"max-snippet:-1","max-image-preview":"max-image-preview:large","max-video-preview":"max-video-preview:-1"},"canonical":"https:\/\/alimentariarrigoni.it\/de\/prodotto\/san-nicolo-verdicchio-dei-castelli-di-jesi-classico-superiore-doc-brunori\/","og_locale":"de_DE","og_type":"article","og_title":"San Nicol\u00f2 Verdicchio dei Castelli di Jesi Classico Superiore DOC Brunori 2024","og_description":"San Nicol\u00f2 Verdicchio dei Castelli di Jesi Classico Superiore DOC Brunori","og_url":"https:\/\/alimentariarrigoni.it\/de\/prodotto\/san-nicolo-verdicchio-dei-castelli-di-jesi-classico-superiore-doc-brunori\/","og_site_name":"Alimentari Arrigoni","article_publisher":"https:\/\/www.facebook.com\/alimentariarrigoni\/","article_modified_time":"2025-10-14T09:44:49+00:00","og_image":[{"width":1050,"height":1050,"url":"https:\/\/alimentariarrigoni.it\/wp-content\/uploads\/2025\/08\/verdicchio-san-nicolo-classico-sup.jpg","type":"image\/jpeg"}],"twitter_card":"summary_large_image","twitter_misc":{"Gesch\u00e4tzte Lesezeit":"4\u00a0Minuten"},"schema":{"@context":"https:\/\/schema.org","@graph":[{"@type":"WebPage","@id":"https:\/\/alimentariarrigoni.it\/de\/prodotto\/san-nicolo-verdicchio-dei-castelli-di-jesi-classico-superiore-doc-brunori\/","url":"https:\/\/alimentariarrigoni.it\/de\/prodotto\/san-nicolo-verdicchio-dei-castelli-di-jesi-classico-superiore-doc-brunori\/","name":"San Nicol\u00f2 Verdicchio dei Castelli di Jesi Classico Superiore DOC Brunori 2024","isPartOf":{"@id":"https:\/\/alimentariarrigoni.it\/de\/#website"},"primaryImageOfPage":{"@id":"https:\/\/alimentariarrigoni.it\/de\/prodotto\/san-nicolo-verdicchio-dei-castelli-di-jesi-classico-superiore-doc-brunori\/#primaryimage"},"image":{"@id":"https:\/\/alimentariarrigoni.it\/de\/prodotto\/san-nicolo-verdicchio-dei-castelli-di-jesi-classico-superiore-doc-brunori\/#primaryimage"},"thumbnailUrl":"https:\/\/alimentariarrigoni.it\/wp-content\/uploads\/2025\/08\/verdicchio-san-nicolo-classico-sup.jpg","datePublished":"2025-08-21T15:17:31+00:00","dateModified":"2025-10-14T09:44:49+00:00","description":"San Nicol\u00f2 Verdicchio dei Castelli di Jesi Classico Superiore DOC Brunori","breadcrumb":{"@id":"https:\/\/alimentariarrigoni.it\/de\/prodotto\/san-nicolo-verdicchio-dei-castelli-di-jesi-classico-superiore-doc-brunori\/#breadcrumb"},"inLanguage":"de","potentialAction":[{"@type":"ReadAction","target":["https:\/\/alimentariarrigoni.it\/de\/prodotto\/san-nicolo-verdicchio-dei-castelli-di-jesi-classico-superiore-doc-brunori\/"]}]},{"@type":"ImageObject","inLanguage":"de","@id":"https:\/\/alimentariarrigoni.it\/de\/prodotto\/san-nicolo-verdicchio-dei-castelli-di-jesi-classico-superiore-doc-brunori\/#primaryimage","url":"https:\/\/alimentariarrigoni.it\/wp-content\/uploads\/2025\/08\/verdicchio-san-nicolo-classico-sup.jpg","contentUrl":"https:\/\/alimentariarrigoni.it\/wp-content\/uploads\/2025\/08\/verdicchio-san-nicolo-classico-sup.jpg","width":1050,"height":1050,"caption":"San Nicol\u00f2 Verdicchio dei Castelli di Jesi Classico Superiore DOC Brunori"},{"@type":"BreadcrumbList","@id":"https:\/\/alimentariarrigoni.it\/de\/prodotto\/san-nicolo-verdicchio-dei-castelli-di-jesi-classico-superiore-doc-brunori\/#breadcrumb","itemListElement":[{"@type":"ListItem","position":1,"name":"Home","item":"https:\/\/alimentariarrigoni.it\/de\/"},{"@type":"ListItem","position":2,"name":"Shop","item":"https:\/\/alimentariarrigoni.it\/de\/shop\/"},{"@type":"ListItem","position":3,"name":"San Nicol\u00f2 Verdicchio dei Castelli di Jesi Classico Superiore DOC Brunori 2024"}]},{"@type":"WebSite","@id":"https:\/\/alimentariarrigoni.it\/de\/#website","url":"https:\/\/alimentariarrigoni.it\/de\/","name":"Alimentari Arrigoni","description":"","publisher":{"@id":"https:\/\/alimentariarrigoni.it\/de\/#organization"},"potentialAction":[{"@type":"SearchAction","target":{"@type":"EntryPoint","urlTemplate":"https:\/\/alimentariarrigoni.it\/de\/?s={search_term_string}"},"query-input":{"@type":"PropertyValueSpecification","valueRequired":true,"valueName":"search_term_string"}}],"inLanguage":"de"},{"@type":"Organization","@id":"https:\/\/alimentariarrigoni.it\/de\/#organization","name":"Alimentari dal 1894","url":"https:\/\/alimentariarrigoni.it\/de\/","logo":{"@type":"ImageObject","inLanguage":"de","@id":"https:\/\/alimentariarrigoni.it\/de\/#\/schema\/logo\/image\/","url":"https:\/\/alimentariarrigoni.it\/wp-content\/uploads\/2022\/02\/logo-mail-mod.-comp.jpg","contentUrl":"https:\/\/alimentariarrigoni.it\/wp-content\/uploads\/2022\/02\/logo-mail-mod.-comp.jpg","width":315,"height":100,"caption":"Alimentari dal 1894"},"image":{"@id":"https:\/\/alimentariarrigoni.it\/de\/#\/schema\/logo\/image\/"},"sameAs":["https:\/\/www.facebook.com\/alimentariarrigoni\/","https:\/\/www.instagram.com\/alimentariarrigoni\/"]}]}},"_links":{"self":[{"href":"https:\/\/alimentariarrigoni.it\/de\/wp-json\/wp\/v2\/product\/12226","targetHints":{"allow":["GET"]}}],"collection":[{"href":"https:\/\/alimentariarrigoni.it\/de\/wp-json\/wp\/v2\/product"}],"about":[{"href":"https:\/\/alimentariarrigoni.it\/de\/wp-json\/wp\/v2\/types\/product"}],"wp:featuredmedia":[{"embeddable":true,"href":"https:\/\/alimentariarrigoni.it\/de\/wp-json\/wp\/v2\/media\/12183"}],"wp:attachment":[{"href":"https:\/\/alimentariarrigoni.it\/de\/wp-json\/wp\/v2\/media?parent=12226"}],"wp:term":[{"taxonomy":"product_brand","embeddable":true,"href":"https:\/\/alimentariarrigoni.it\/de\/wp-json\/wp\/v2\/product_brand?post=12226"},{"taxonomy":"product_cat","embeddable":true,"href":"https:\/\/alimentariarrigoni.it\/de\/wp-json\/wp\/v2\/product_cat?post=12226"},{"taxonomy":"product_tag","embeddable":true,"href":"https:\/\/alimentariarrigoni.it\/de\/wp-json\/wp\/v2\/product_tag?post=12226"}],"curies":[{"name":"wp","href":"https:\/\/api.w.org\/{rel}","templated":true}]}}