{"id":12216,"date":"2020-12-18T14:09:22","date_gmt":"2020-12-18T13:09:22","guid":{"rendered":"https:\/\/alimentariarrigoni.it\/prodotto\/cresta-del-ghiffi-bonarda-vivace-dello-p-doc-fratelli-agnes-2024\/"},"modified":"2025-10-13T14:47:47","modified_gmt":"2025-10-13T12:47:47","slug":"cresta-del-ghiffi-bonarda-vivace-dello-p-doc-fratelli-agnes-2024","status":"publish","type":"product","link":"https:\/\/alimentariarrigoni.it\/de\/prodotto\/cresta-del-ghiffi-bonarda-vivace-dello-p-doc-fratelli-agnes-2024\/","title":{"rendered":"Cresta del Ghiffi  Bonarda Vivace dell&#8217;O.P. DOC  Fratelli Agnes 2024"},"content":{"rendered":"<div class=\"wpb-content-wrapper\"><p>[vc_row][vc_column width=&#8220;2\/6&#8243;][vc_column_text]<\/p>\n<h2><span style=\"font-size: 18px; font-family: georgia, palatino, serif;\"><strong>ROVESCALA<\/strong><\/span><\/h2>\n<p>[\/vc_column_text][vc_empty_space][vc_column_text]<\/p>\n<p style=\"text-align: justify;\"><span style=\"font-family: georgia, palatino, serif; font-size: 16px;\">Das Terroir von Rovescala ist besonders f\u00fcr die Croatina geeignet; der Untergrund ist reich an Ton, was den Anbau auf h\u00f6chstem Niveau erm\u00f6glicht. Dar\u00fcber hinaus handelt es sich um ein Terroir mit sehr alten historischen Urspr\u00fcngen, das schon immer mit Weinreben bepflanzt war. Man nimmt an, dass Rovescala bereits vor dem Jahr 1000 ein richtiges Dorf war, in dem schon eine gewisse Anzahl von Einwohnern lebte. Fragmente von Amphoren, Gef\u00e4\u00dfen, Glasflaschen und sogar ein kostbarer Bronzekyathus, der f\u00fcr das Einschenken und Probieren von Wein verwendet wurde, kamen bei j\u00fcngsten arch\u00e4ologischen Ausgrabungen im Gemeindegebiet ans Licht. Aus diesen Funden l\u00e4sst sich eindeutig schlie\u00dfen, dass der Weinbau bereits in der r\u00f6mischen Zeit betrieben wurde.<\/span><\/p>\n<p>[\/vc_column_text][vc_empty_space][vc_single_image image=&#8220;7549&#8243; img_size=&#8220;large&#8220;][vc_empty_space][\/vc_column][vc_column width=&#8220;3\/6&#8243;][vc_column_text css=&#8220;&#8220;]<\/p>\n<h1 style=\"text-align: justify;\"><span style=\"font-size: 16px; font-family: georgia, palatino, serif;\"><strong>DESCRIZIONE BONARDA VIVACE DELL&#8217;O.P. DOC CRESTA DEL GHIFFI FRATELLI AGNES 2024<\/strong><\/span><\/h1>\n<p style=\"text-align: justify;\"><span style=\"font-family: georgia, palatino, serif; font-size: 16px;\">Ghiffi BESCHREIBUNG<br \/>\nTiefes, leuchtendes Amaranthrot mit guter Lebendigkeit.<br \/>\nDas Duftprofil konzentriert sich auf sanfte Ankl\u00e4nge von Heidelbeere, Johannisbeere, Pflaume und einen Strau\u00df roter Blumen.<br \/>\nAm Gaumen zeigt sich eine gute Struktur: Zun\u00e4chst dominiert eine weiche Note, dann tritt eine lebendige Frische hervor.<br \/>\nEine leichte, fl\u00fcchtige Perlage belebt angenehm den Gaumen.<br \/>\n\u00a0<\/span><\/p>\n<p>[\/vc_column_text][vc_empty_space][vc_single_image image=&#8220;861&#8243; img_size=&#8220;large&#8220;][vc_empty_space][vc_column_text]<\/p>\n<h3 style=\"text-align: justify;\"><span style=\"font-family: georgia, palatino, serif; font-size: 18px;\"><strong>FRATELLI AGNES<\/strong><\/span><\/h3>\n<p class=\"p1\" style=\"text-align: justify;\"><span style=\"font-family: georgia, palatino, serif; font-size: 16px;\"> Der landwirtschaftliche Betrieb I Fratelli Agnes in Rovescala ist ein Vorposten des Oltrep\u00f2 zwischen Pavia und Piacenza. Die lokale Weinbautradition hat sehr tiefe Wurzeln, wie arch\u00e4ologische Funde aus der R\u00f6merzeit belegen.<br \/>\nEin Dokument sticht besonders hervor, sowohl wegen seiner bedeutenden Aussagekraft als auch wegen des malerischen historischen Hintergrunds. Es handelt sich um eine notarielle Urkunde vom 22. M\u00e4rz 1192, aufbewahrt in Mailand im Staatsarchiv, in der drei lombardische Feudalherren, edle Gl\u00e4ubiger, im Ausgleich einer Schuld dem Grafen von Rovescala, Anselmo, nicht die R\u00fcckzahlung des Geldes, sondern die Lieferung von 600 Congi (20 Hektoliter) \u201ede puro vino suarum vinearum de Rovoscalla, de meliori quod habuerit super locum\u201c auferlegen.<br \/>\nDas Etikett des Millennium zitiert die originale notarielle Urkunde von 1192<\/span><\/p>\n<p>[\/vc_column_text][\/vc_column][\/vc_row]<\/p>\n<\/div>","protected":false},"excerpt":{"rendered":"<p>[vc_row][vc_column width=&#8220;2\/6&#8243;][vc_column_text] ROVESCALA [\/vc_column_text][vc_empty_space][vc_column_text] Das Terroir von Rovescala ist besonders f\u00fcr die Croatina geeignet; der Untergrund ist reich an Ton, was den Anbau auf h\u00f6chstem Niveau erm\u00f6glicht. Dar\u00fcber hinaus handelt es sich um ein Terroir mit sehr alten historischen Urspr\u00fcngen, das schon immer mit Weinreben bepflanzt war. Man nimmt an, dass Rovescala bereits vor dem<\/p>\n<div class=\"klb-readmore\"><a href=\"https:\/\/alimentariarrigoni.it\/de\/prodotto\/cresta-del-ghiffi-bonarda-vivace-dello-p-doc-fratelli-agnes-2024\/\" class=\"btn\">READ MORE<\/a><\/div>\n","protected":false},"featured_media":11893,"template":"","meta":[],"product_brand":[],"product_cat":[1365,1364,1363,1366,1362],"product_tag":[1328,1367],"class_list":{"0":"post-12216","1":"product","2":"type-product","3":"status-publish","4":"has-post-thumbnail","6":"product_cat-bonarda-delloltrepo-pavese-doc-de","7":"product_cat-croatina-de","8":"product_cat-die-rotweine","9":"product_cat-fratelli-agnes-de","10":"product_cat-lombardia","11":"product_tag-acciaio-de","12":"product_tag-cemento-de","13":"blog_entry clearfix","15":"first","16":"instock","17":"taxable","18":"shipping-taxable","19":"purchasable","20":"product-type-simple"},"yoast_head":"<!-- This site is optimized with the Yoast SEO Premium plugin v27.4 (Yoast SEO v27.4) - https:\/\/yoast.com\/product\/yoast-seo-premium-wordpress\/ -->\n<title>Cresta del Ghiffi Bonarda Vivace dell&#039;O.P. DOC Fratelli Agnes 2024<\/title>\n<meta name=\"description\" content=\"Bonarda Vivace Cresta del Ghiffi da un vigneto\u00a0dI 65 anni. Profumo\u00a0intenso; sapore vinoso e fruttato, generoso. Lievemente tannico\" \/>\n<meta name=\"robots\" content=\"index, follow, max-snippet:-1, max-image-preview:large, max-video-preview:-1\" \/>\n<link rel=\"canonical\" href=\"https:\/\/alimentariarrigoni.it\/de\/prodotto\/cresta-del-ghiffi-bonarda-vivace-dello-p-doc-fratelli-agnes-2024\/\" \/>\n<meta property=\"og:locale\" content=\"de_DE\" \/>\n<meta property=\"og:type\" content=\"article\" \/>\n<meta property=\"og:title\" content=\"Cresta del Ghiffi Bonarda Vivace dell&#039;O.P. DOC Fratelli Agnes 2024\" \/>\n<meta property=\"og:description\" content=\"Bonarda Vivace Cresta del Ghiffi da un vigneto\u00a0dI 65 anni. Profumo\u00a0intenso; sapore vinoso e fruttato, generoso. Lievemente tannico\" \/>\n<meta property=\"og:url\" content=\"https:\/\/alimentariarrigoni.it\/de\/prodotto\/cresta-del-ghiffi-bonarda-vivace-dello-p-doc-fratelli-agnes-2024\/\" \/>\n<meta property=\"og:site_name\" content=\"Alimentari Arrigoni\" \/>\n<meta property=\"article:publisher\" content=\"https:\/\/www.facebook.com\/alimentariarrigoni\/\" \/>\n<meta property=\"article:modified_time\" content=\"2025-10-13T12:47:47+00:00\" \/>\n<meta property=\"og:image\" content=\"https:\/\/alimentariarrigoni.it\/wp-content\/uploads\/2020\/12\/cresta-del-ghiffi-agnes.jpg\" \/>\n\t<meta property=\"og:image:width\" content=\"1050\" \/>\n\t<meta property=\"og:image:height\" content=\"1050\" \/>\n\t<meta property=\"og:image:type\" content=\"image\/jpeg\" \/>\n<meta name=\"twitter:card\" content=\"summary_large_image\" \/>\n<meta name=\"twitter:label1\" content=\"Gesch\u00e4tzte Lesezeit\" \/>\n\t<meta name=\"twitter:data1\" content=\"2\u00a0Minuten\" \/>\n<script type=\"application\/ld+json\" class=\"yoast-schema-graph\">{\"@context\":\"https:\\\/\\\/schema.org\",\"@graph\":[{\"@type\":\"WebPage\",\"@id\":\"https:\\\/\\\/alimentariarrigoni.it\\\/de\\\/prodotto\\\/cresta-del-ghiffi-bonarda-vivace-dello-p-doc-fratelli-agnes-2024\\\/\",\"url\":\"https:\\\/\\\/alimentariarrigoni.it\\\/de\\\/prodotto\\\/cresta-del-ghiffi-bonarda-vivace-dello-p-doc-fratelli-agnes-2024\\\/\",\"name\":\"Cresta del Ghiffi Bonarda Vivace dell'O.P. DOC Fratelli Agnes 2024\",\"isPartOf\":{\"@id\":\"https:\\\/\\\/alimentariarrigoni.it\\\/de\\\/#website\"},\"primaryImageOfPage\":{\"@id\":\"https:\\\/\\\/alimentariarrigoni.it\\\/de\\\/prodotto\\\/cresta-del-ghiffi-bonarda-vivace-dello-p-doc-fratelli-agnes-2024\\\/#primaryimage\"},\"image\":{\"@id\":\"https:\\\/\\\/alimentariarrigoni.it\\\/de\\\/prodotto\\\/cresta-del-ghiffi-bonarda-vivace-dello-p-doc-fratelli-agnes-2024\\\/#primaryimage\"},\"thumbnailUrl\":\"https:\\\/\\\/alimentariarrigoni.it\\\/wp-content\\\/uploads\\\/2020\\\/12\\\/cresta-del-ghiffi-agnes.jpg\",\"datePublished\":\"2020-12-18T13:09:22+00:00\",\"dateModified\":\"2025-10-13T12:47:47+00:00\",\"description\":\"Bonarda Vivace Cresta del Ghiffi da un vigneto\u00a0dI 65 anni. Profumo\u00a0intenso; sapore vinoso e fruttato, generoso. Lievemente tannico\",\"breadcrumb\":{\"@id\":\"https:\\\/\\\/alimentariarrigoni.it\\\/de\\\/prodotto\\\/cresta-del-ghiffi-bonarda-vivace-dello-p-doc-fratelli-agnes-2024\\\/#breadcrumb\"},\"inLanguage\":\"de\",\"potentialAction\":[{\"@type\":\"ReadAction\",\"target\":[\"https:\\\/\\\/alimentariarrigoni.it\\\/de\\\/prodotto\\\/cresta-del-ghiffi-bonarda-vivace-dello-p-doc-fratelli-agnes-2024\\\/\"]}]},{\"@type\":\"ImageObject\",\"inLanguage\":\"de\",\"@id\":\"https:\\\/\\\/alimentariarrigoni.it\\\/de\\\/prodotto\\\/cresta-del-ghiffi-bonarda-vivace-dello-p-doc-fratelli-agnes-2024\\\/#primaryimage\",\"url\":\"https:\\\/\\\/alimentariarrigoni.it\\\/wp-content\\\/uploads\\\/2020\\\/12\\\/cresta-del-ghiffi-agnes.jpg\",\"contentUrl\":\"https:\\\/\\\/alimentariarrigoni.it\\\/wp-content\\\/uploads\\\/2020\\\/12\\\/cresta-del-ghiffi-agnes.jpg\",\"width\":1050,\"height\":1050,\"caption\":\"cresta del ghiffi bonarda fratelli agnes\"},{\"@type\":\"BreadcrumbList\",\"@id\":\"https:\\\/\\\/alimentariarrigoni.it\\\/de\\\/prodotto\\\/cresta-del-ghiffi-bonarda-vivace-dello-p-doc-fratelli-agnes-2024\\\/#breadcrumb\",\"itemListElement\":[{\"@type\":\"ListItem\",\"position\":1,\"name\":\"Home\",\"item\":\"https:\\\/\\\/alimentariarrigoni.it\\\/de\\\/\"},{\"@type\":\"ListItem\",\"position\":2,\"name\":\"Shop\",\"item\":\"https:\\\/\\\/alimentariarrigoni.it\\\/de\\\/shop\\\/\"},{\"@type\":\"ListItem\",\"position\":3,\"name\":\"Cresta del Ghiffi Bonarda Vivace dell&#8217;O.P. DOC Fratelli Agnes 2024\"}]},{\"@type\":\"WebSite\",\"@id\":\"https:\\\/\\\/alimentariarrigoni.it\\\/de\\\/#website\",\"url\":\"https:\\\/\\\/alimentariarrigoni.it\\\/de\\\/\",\"name\":\"Alimentari Arrigoni\",\"description\":\"\",\"publisher\":{\"@id\":\"https:\\\/\\\/alimentariarrigoni.it\\\/de\\\/#organization\"},\"potentialAction\":[{\"@type\":\"SearchAction\",\"target\":{\"@type\":\"EntryPoint\",\"urlTemplate\":\"https:\\\/\\\/alimentariarrigoni.it\\\/de\\\/?s={search_term_string}\"},\"query-input\":{\"@type\":\"PropertyValueSpecification\",\"valueRequired\":true,\"valueName\":\"search_term_string\"}}],\"inLanguage\":\"de\"},{\"@type\":\"Organization\",\"@id\":\"https:\\\/\\\/alimentariarrigoni.it\\\/de\\\/#organization\",\"name\":\"Alimentari dal 1894\",\"url\":\"https:\\\/\\\/alimentariarrigoni.it\\\/de\\\/\",\"logo\":{\"@type\":\"ImageObject\",\"inLanguage\":\"de\",\"@id\":\"https:\\\/\\\/alimentariarrigoni.it\\\/de\\\/#\\\/schema\\\/logo\\\/image\\\/\",\"url\":\"https:\\\/\\\/alimentariarrigoni.it\\\/wp-content\\\/uploads\\\/2022\\\/02\\\/logo-mail-mod.-comp.jpg\",\"contentUrl\":\"https:\\\/\\\/alimentariarrigoni.it\\\/wp-content\\\/uploads\\\/2022\\\/02\\\/logo-mail-mod.-comp.jpg\",\"width\":315,\"height\":100,\"caption\":\"Alimentari dal 1894\"},\"image\":{\"@id\":\"https:\\\/\\\/alimentariarrigoni.it\\\/de\\\/#\\\/schema\\\/logo\\\/image\\\/\"},\"sameAs\":[\"https:\\\/\\\/www.facebook.com\\\/alimentariarrigoni\\\/\",\"https:\\\/\\\/www.instagram.com\\\/alimentariarrigoni\\\/\"]}]}<\/script>\n<!-- \/ Yoast SEO Premium plugin. -->","yoast_head_json":{"title":"Cresta del Ghiffi Bonarda Vivace dell'O.P. DOC Fratelli Agnes 2024","description":"Bonarda Vivace Cresta del Ghiffi da un vigneto\u00a0dI 65 anni. Profumo\u00a0intenso; sapore vinoso e fruttato, generoso. Lievemente tannico","robots":{"index":"index","follow":"follow","max-snippet":"max-snippet:-1","max-image-preview":"max-image-preview:large","max-video-preview":"max-video-preview:-1"},"canonical":"https:\/\/alimentariarrigoni.it\/de\/prodotto\/cresta-del-ghiffi-bonarda-vivace-dello-p-doc-fratelli-agnes-2024\/","og_locale":"de_DE","og_type":"article","og_title":"Cresta del Ghiffi Bonarda Vivace dell'O.P. DOC Fratelli Agnes 2024","og_description":"Bonarda Vivace Cresta del Ghiffi da un vigneto\u00a0dI 65 anni. Profumo\u00a0intenso; sapore vinoso e fruttato, generoso. Lievemente tannico","og_url":"https:\/\/alimentariarrigoni.it\/de\/prodotto\/cresta-del-ghiffi-bonarda-vivace-dello-p-doc-fratelli-agnes-2024\/","og_site_name":"Alimentari Arrigoni","article_publisher":"https:\/\/www.facebook.com\/alimentariarrigoni\/","article_modified_time":"2025-10-13T12:47:47+00:00","og_image":[{"width":1050,"height":1050,"url":"https:\/\/alimentariarrigoni.it\/wp-content\/uploads\/2020\/12\/cresta-del-ghiffi-agnes.jpg","type":"image\/jpeg"}],"twitter_card":"summary_large_image","twitter_misc":{"Gesch\u00e4tzte Lesezeit":"2\u00a0Minuten"},"schema":{"@context":"https:\/\/schema.org","@graph":[{"@type":"WebPage","@id":"https:\/\/alimentariarrigoni.it\/de\/prodotto\/cresta-del-ghiffi-bonarda-vivace-dello-p-doc-fratelli-agnes-2024\/","url":"https:\/\/alimentariarrigoni.it\/de\/prodotto\/cresta-del-ghiffi-bonarda-vivace-dello-p-doc-fratelli-agnes-2024\/","name":"Cresta del Ghiffi Bonarda Vivace dell'O.P. DOC Fratelli Agnes 2024","isPartOf":{"@id":"https:\/\/alimentariarrigoni.it\/de\/#website"},"primaryImageOfPage":{"@id":"https:\/\/alimentariarrigoni.it\/de\/prodotto\/cresta-del-ghiffi-bonarda-vivace-dello-p-doc-fratelli-agnes-2024\/#primaryimage"},"image":{"@id":"https:\/\/alimentariarrigoni.it\/de\/prodotto\/cresta-del-ghiffi-bonarda-vivace-dello-p-doc-fratelli-agnes-2024\/#primaryimage"},"thumbnailUrl":"https:\/\/alimentariarrigoni.it\/wp-content\/uploads\/2020\/12\/cresta-del-ghiffi-agnes.jpg","datePublished":"2020-12-18T13:09:22+00:00","dateModified":"2025-10-13T12:47:47+00:00","description":"Bonarda Vivace Cresta del Ghiffi da un vigneto\u00a0dI 65 anni. Profumo\u00a0intenso; sapore vinoso e fruttato, generoso. Lievemente tannico","breadcrumb":{"@id":"https:\/\/alimentariarrigoni.it\/de\/prodotto\/cresta-del-ghiffi-bonarda-vivace-dello-p-doc-fratelli-agnes-2024\/#breadcrumb"},"inLanguage":"de","potentialAction":[{"@type":"ReadAction","target":["https:\/\/alimentariarrigoni.it\/de\/prodotto\/cresta-del-ghiffi-bonarda-vivace-dello-p-doc-fratelli-agnes-2024\/"]}]},{"@type":"ImageObject","inLanguage":"de","@id":"https:\/\/alimentariarrigoni.it\/de\/prodotto\/cresta-del-ghiffi-bonarda-vivace-dello-p-doc-fratelli-agnes-2024\/#primaryimage","url":"https:\/\/alimentariarrigoni.it\/wp-content\/uploads\/2020\/12\/cresta-del-ghiffi-agnes.jpg","contentUrl":"https:\/\/alimentariarrigoni.it\/wp-content\/uploads\/2020\/12\/cresta-del-ghiffi-agnes.jpg","width":1050,"height":1050,"caption":"cresta del ghiffi bonarda fratelli agnes"},{"@type":"BreadcrumbList","@id":"https:\/\/alimentariarrigoni.it\/de\/prodotto\/cresta-del-ghiffi-bonarda-vivace-dello-p-doc-fratelli-agnes-2024\/#breadcrumb","itemListElement":[{"@type":"ListItem","position":1,"name":"Home","item":"https:\/\/alimentariarrigoni.it\/de\/"},{"@type":"ListItem","position":2,"name":"Shop","item":"https:\/\/alimentariarrigoni.it\/de\/shop\/"},{"@type":"ListItem","position":3,"name":"Cresta del Ghiffi Bonarda Vivace dell&#8217;O.P. DOC Fratelli Agnes 2024"}]},{"@type":"WebSite","@id":"https:\/\/alimentariarrigoni.it\/de\/#website","url":"https:\/\/alimentariarrigoni.it\/de\/","name":"Alimentari Arrigoni","description":"","publisher":{"@id":"https:\/\/alimentariarrigoni.it\/de\/#organization"},"potentialAction":[{"@type":"SearchAction","target":{"@type":"EntryPoint","urlTemplate":"https:\/\/alimentariarrigoni.it\/de\/?s={search_term_string}"},"query-input":{"@type":"PropertyValueSpecification","valueRequired":true,"valueName":"search_term_string"}}],"inLanguage":"de"},{"@type":"Organization","@id":"https:\/\/alimentariarrigoni.it\/de\/#organization","name":"Alimentari dal 1894","url":"https:\/\/alimentariarrigoni.it\/de\/","logo":{"@type":"ImageObject","inLanguage":"de","@id":"https:\/\/alimentariarrigoni.it\/de\/#\/schema\/logo\/image\/","url":"https:\/\/alimentariarrigoni.it\/wp-content\/uploads\/2022\/02\/logo-mail-mod.-comp.jpg","contentUrl":"https:\/\/alimentariarrigoni.it\/wp-content\/uploads\/2022\/02\/logo-mail-mod.-comp.jpg","width":315,"height":100,"caption":"Alimentari dal 1894"},"image":{"@id":"https:\/\/alimentariarrigoni.it\/de\/#\/schema\/logo\/image\/"},"sameAs":["https:\/\/www.facebook.com\/alimentariarrigoni\/","https:\/\/www.instagram.com\/alimentariarrigoni\/"]}]}},"_links":{"self":[{"href":"https:\/\/alimentariarrigoni.it\/de\/wp-json\/wp\/v2\/product\/12216","targetHints":{"allow":["GET"]}}],"collection":[{"href":"https:\/\/alimentariarrigoni.it\/de\/wp-json\/wp\/v2\/product"}],"about":[{"href":"https:\/\/alimentariarrigoni.it\/de\/wp-json\/wp\/v2\/types\/product"}],"wp:featuredmedia":[{"embeddable":true,"href":"https:\/\/alimentariarrigoni.it\/de\/wp-json\/wp\/v2\/media\/11893"}],"wp:attachment":[{"href":"https:\/\/alimentariarrigoni.it\/de\/wp-json\/wp\/v2\/media?parent=12216"}],"wp:term":[{"taxonomy":"product_brand","embeddable":true,"href":"https:\/\/alimentariarrigoni.it\/de\/wp-json\/wp\/v2\/product_brand?post=12216"},{"taxonomy":"product_cat","embeddable":true,"href":"https:\/\/alimentariarrigoni.it\/de\/wp-json\/wp\/v2\/product_cat?post=12216"},{"taxonomy":"product_tag","embeddable":true,"href":"https:\/\/alimentariarrigoni.it\/de\/wp-json\/wp\/v2\/product_tag?post=12216"}],"curies":[{"name":"wp","href":"https:\/\/api.w.org\/{rel}","templated":true}]}}