{"id":12214,"date":"2024-03-17T12:13:13","date_gmt":"2024-03-17T11:13:13","guid":{"rendered":"https:\/\/alimentariarrigoni.it\/prodotto\/biancospino-valcalepio-bianco-doc-la-collina-2023\/"},"modified":"2025-10-13T14:33:26","modified_gmt":"2025-10-13T12:33:26","slug":"biancospino-valcalepio-bianco-doc-la-collina-2023","status":"publish","type":"product","link":"https:\/\/alimentariarrigoni.it\/de\/prodotto\/biancospino-valcalepio-bianco-doc-la-collina-2023\/","title":{"rendered":"Biancospino Valcalepio Bianco DOC La Collina 2023"},"content":{"rendered":"<div class=\"wpb-content-wrapper\"><p>[vc_row][vc_column width=&#8220;2\/6&#8243;][vc_column_text]<\/p>\n<h2 style=\"text-align: justify;\"><span style=\"font-size: 16px; font-family: georgia, palatino, serif;\"><strong>VALCALEPIO UND GRUMELLO DEL MONTE\u00a0<\/strong><\/span><\/h2>\n<p>&nbsp;<\/p>\n<p class=\"p1\" style=\"text-align: justify;\"><span style=\"font-family: georgia, palatino, serif; font-size: 16px;\">Die Valcalepio ist der h\u00fcgelige Vorbergstreifen in der Provinz Bergamo, der sich von Almenno San Bartolomeo, dem westlichsten Gebiet, bis zu den Ufern und dem s\u00fcdlichen Bereich des Iseosees mit Grumello del Monte und Sarnico erstreckt. Eine Ansammlung von H\u00fcgeln, alle auf der rechten orografischen Seite des Flusses Oglio, wo die b\u00e4uerliche Weintradition bereits seit der R\u00f6merzeit tief verwurzelt ist, wie Plinius beschreibt.\u00a0<\/span><\/p>\n<p class=\"p1\" style=\"text-align: justify;\"><span style=\"font-family: georgia, palatino, serif; font-size: 16px;\">Im westlichsten Gebiet von Bergamo f\u00fchren tiefere, tonhaltige B\u00f6den zu strukturierteren und komplexeren Weinen, w\u00e4hrend im Osten und in der N\u00e4he des Iseosees sowie von Grumello del Monte die Weine eleganter und feiner ausfallen.<\/span><\/p>\n<p class=\"p1\" style=\"text-align: justify;\"><span style=\"font-family: georgia, palatino, serif; font-size: 16px;\">Die Rebsorten f\u00fcr Rotweine sind Merlot und Cabernet Sauvignon, w\u00e4hrend f\u00fcr Wei\u00dfweine Chardonnay, Wei\u00dfer Pinot und Grauer Pinot verwendet werden.<\/span><\/p>\n<p>[\/vc_column_text][vc_empty_space][vc_single_image image=&#8220;9073&#8243; img_size=&#8220;FULL&#8220; alignment=&#8220;center&#8220;][vc_empty_space][vc_column_text][\/vc_column_text][\/vc_column][vc_column width=&#8220;3\/6&#8243;][vc_column_text]<\/p>\n<h1><span style=\"font-size: 18px; font-family: georgia, palatino, serif;\"><strong>DESCRIZIONE Biancospino Valcalepio Bianco DOC La Collina 2023<\/strong><\/span><\/h1>\n<p style=\"text-align: justify;\"><span style=\"font-family: georgia, palatino, serif; font-size: 16px;\">Ein eleganter Wei\u00dfwein mit floralen Aromen, wei\u00dfen Bl\u00fcten und fruchtigen Noten von Banane, wei\u00dfem Pfirsich und exotischen Fr\u00fcchten wie Passionsfrucht, abgerundet durch eine leichte Zedratschale. Bereits jetzt ist eine gr\u00fcne Mandel und eine aufkommende mineralische Note wahrnehmbar, die sich mit der Flaschenreifung noch st\u00e4rker entfalten wird. \u00dcber allem schwebt ein dezenter, frischer balsamischer Duft von Minze.\u00a0<\/span><br \/>\n<span style=\"font-family: georgia, palatino, serif; font-size: 16px;\">Eine Cuv\u00e9e aus 70 % Chardonnay und 30 % Pinot Grigio, die ausschlie\u00dflich im Edelstahltank ausgebaut wird, wodurch die fruchtige Frische vollst\u00e4ndig erhalten bleibt.<\/span><br \/>\n<span style=\"font-family: georgia, palatino, serif; font-size: 16px;\">Die schonende Pressung mit Abk\u00fchlung der Trauben durch Trockeneis erm\u00f6glicht einen oxidationsfreien Wein mit ausgepr\u00e4gten und reichen Fruchtaromen. Am Gaumen wirkt er konzentriert, besitzt jedoch eine bemerkenswerte S\u00e4ure und eine gute Mineralit\u00e4t, die das Trinken frisch und angenehm machen. Sowohl in der Nase als auch am Gaumen tritt eine frische Mandelnote hervor, die den Wein interessant und niemals flach oder langweilig erscheinen l\u00e4sst.\u00a0<\/span><\/p>\n<p>[\/vc_column_text][vc_empty_space height=&#8220;50px&#8220;][vc_single_image image=&#8220;9074&#8243; img_size=&#8220;large&#8220;][vc_empty_space height=&#8220;15 px&#8220;][vc_column_text]<\/p>\n<h3><span style=\"font-family: georgia, palatino, serif;\"><span style=\"font-size: 18px;\">LA COLLINA\u00a0<\/span><\/span><\/h3>\n<p style=\"text-align: justify;\"><span style=\"font-family: georgia, palatino, serif; font-size: 16px;\"> Der Urgro\u00dfvater Luigi, der 1830 aus dem Valle Imagna nach Grumello del Monte zog, legte die Grundpfeiler des Weinguts in dem malerischen Bauernhaus, das noch heute den Kern des Anwesens bildet. Gro\u00dfvater Andrea und sp\u00e4ter Vater Bruno gaben diesem K\u00f6rper eine Seele; eine Seele voller Leidenschaft, Respekt und Opferbereitschaft f\u00fcr den Weinberg \u2013 jene Seele, die unbewusst an den Sohn Luigi weitergegeben wurde, den Winzer unserer Zeit.<\/span><\/p>\n<p>[\/vc_column_text][\/vc_column][\/vc_row]<\/p>\n<\/div>","protected":false},"excerpt":{"rendered":"<p style=\"text-align: justify;\"><span style=\"font-family: georgia, palatino, serif; font-size: 16px;\">Ein eleganter Wei\u00dfwein mit floralen Aromen, wei\u00dfen Bl\u00fcten und fruchtigen Noten von Banane, wei\u00dfem Pfirsich und exotischen Fr\u00fcchten wie Passionsfrucht, abgerundet durch eine leichte Zedratschale. Bereits jetzt ist eine gr\u00fcne Mandel und eine aufkommende mineralische Note wahrnehmbar, die sich mit der Flaschenreifung noch st\u00e4rker entfalten wird. \u00dcber allem schwebt ein dezenter, frischer balsamischer Duft von Minze.\u00a0<\/span><\/p>\n","protected":false},"featured_media":12125,"template":"","meta":[],"product_brand":[],"product_cat":[1324,1325,1326,1327],"product_tag":[1328],"class_list":{"0":"post-12214","1":"product","2":"type-product","3":"status-publish","4":"has-post-thumbnail","6":"product_cat-chardonnay-de","7":"product_cat-la-collina-de","8":"product_cat-pinot-grigio-de","9":"product_cat-valcalepio-doc-de","10":"product_tag-acciaio-de","11":"blog_entry clearfix","13":"first","14":"instock","15":"taxable","16":"shipping-taxable","17":"purchasable","18":"product-type-simple"},"yoast_head":"<!-- This site is optimized with the Yoast SEO Premium plugin v27.4 (Yoast SEO v27.4) - https:\/\/yoast.com\/product\/yoast-seo-premium-wordpress\/ -->\n<title>Biancospino Valcalepio Bianco DOC La Collina 2023<\/title>\n<meta name=\"description\" content=\"Biancospino Valcalepio Bianco DOC La Collina 2023\" \/>\n<meta name=\"robots\" content=\"index, follow, max-snippet:-1, max-image-preview:large, max-video-preview:-1\" \/>\n<link rel=\"canonical\" href=\"https:\/\/alimentariarrigoni.it\/de\/prodotto\/biancospino-valcalepio-bianco-doc-la-collina-2023\/\" \/>\n<meta property=\"og:locale\" content=\"de_DE\" \/>\n<meta property=\"og:type\" content=\"article\" \/>\n<meta property=\"og:title\" content=\"Biancospino Valcalepio Bianco DOC La Collina 2023\" \/>\n<meta property=\"og:description\" content=\"Biancospino Valcalepio Bianco DOC La Collina 2023\" \/>\n<meta property=\"og:url\" content=\"https:\/\/alimentariarrigoni.it\/de\/prodotto\/biancospino-valcalepio-bianco-doc-la-collina-2023\/\" \/>\n<meta property=\"og:site_name\" content=\"Alimentari Arrigoni\" \/>\n<meta property=\"article:publisher\" content=\"https:\/\/www.facebook.com\/alimentariarrigoni\/\" \/>\n<meta property=\"article:modified_time\" content=\"2025-10-13T12:33:26+00:00\" \/>\n<meta property=\"og:image\" content=\"https:\/\/alimentariarrigoni.it\/wp-content\/uploads\/2024\/03\/biancospino-collina.jpg\" \/>\n\t<meta property=\"og:image:width\" content=\"1050\" \/>\n\t<meta property=\"og:image:height\" content=\"1050\" \/>\n\t<meta property=\"og:image:type\" content=\"image\/jpeg\" \/>\n<meta name=\"twitter:card\" content=\"summary_large_image\" \/>\n<meta name=\"twitter:label1\" content=\"Gesch\u00e4tzte Lesezeit\" \/>\n\t<meta name=\"twitter:data1\" content=\"3\u00a0Minuten\" \/>\n<script type=\"application\/ld+json\" class=\"yoast-schema-graph\">{\"@context\":\"https:\\\/\\\/schema.org\",\"@graph\":[{\"@type\":\"WebPage\",\"@id\":\"https:\\\/\\\/alimentariarrigoni.it\\\/de\\\/prodotto\\\/biancospino-valcalepio-bianco-doc-la-collina-2023\\\/\",\"url\":\"https:\\\/\\\/alimentariarrigoni.it\\\/de\\\/prodotto\\\/biancospino-valcalepio-bianco-doc-la-collina-2023\\\/\",\"name\":\"Biancospino Valcalepio Bianco DOC La Collina 2023\",\"isPartOf\":{\"@id\":\"https:\\\/\\\/alimentariarrigoni.it\\\/de\\\/#website\"},\"primaryImageOfPage\":{\"@id\":\"https:\\\/\\\/alimentariarrigoni.it\\\/de\\\/prodotto\\\/biancospino-valcalepio-bianco-doc-la-collina-2023\\\/#primaryimage\"},\"image\":{\"@id\":\"https:\\\/\\\/alimentariarrigoni.it\\\/de\\\/prodotto\\\/biancospino-valcalepio-bianco-doc-la-collina-2023\\\/#primaryimage\"},\"thumbnailUrl\":\"https:\\\/\\\/alimentariarrigoni.it\\\/wp-content\\\/uploads\\\/2024\\\/03\\\/biancospino-collina.jpg\",\"datePublished\":\"2024-03-17T11:13:13+00:00\",\"dateModified\":\"2025-10-13T12:33:26+00:00\",\"description\":\"Biancospino Valcalepio Bianco DOC La Collina 2023\",\"breadcrumb\":{\"@id\":\"https:\\\/\\\/alimentariarrigoni.it\\\/de\\\/prodotto\\\/biancospino-valcalepio-bianco-doc-la-collina-2023\\\/#breadcrumb\"},\"inLanguage\":\"de\",\"potentialAction\":[{\"@type\":\"ReadAction\",\"target\":[\"https:\\\/\\\/alimentariarrigoni.it\\\/de\\\/prodotto\\\/biancospino-valcalepio-bianco-doc-la-collina-2023\\\/\"]}]},{\"@type\":\"ImageObject\",\"inLanguage\":\"de\",\"@id\":\"https:\\\/\\\/alimentariarrigoni.it\\\/de\\\/prodotto\\\/biancospino-valcalepio-bianco-doc-la-collina-2023\\\/#primaryimage\",\"url\":\"https:\\\/\\\/alimentariarrigoni.it\\\/wp-content\\\/uploads\\\/2024\\\/03\\\/biancospino-collina.jpg\",\"contentUrl\":\"https:\\\/\\\/alimentariarrigoni.it\\\/wp-content\\\/uploads\\\/2024\\\/03\\\/biancospino-collina.jpg\",\"width\":1050,\"height\":1050},{\"@type\":\"BreadcrumbList\",\"@id\":\"https:\\\/\\\/alimentariarrigoni.it\\\/de\\\/prodotto\\\/biancospino-valcalepio-bianco-doc-la-collina-2023\\\/#breadcrumb\",\"itemListElement\":[{\"@type\":\"ListItem\",\"position\":1,\"name\":\"Home\",\"item\":\"https:\\\/\\\/alimentariarrigoni.it\\\/de\\\/\"},{\"@type\":\"ListItem\",\"position\":2,\"name\":\"Shop\",\"item\":\"https:\\\/\\\/alimentariarrigoni.it\\\/de\\\/shop\\\/\"},{\"@type\":\"ListItem\",\"position\":3,\"name\":\"Biancospino Valcalepio Bianco DOC La Collina 2023\"}]},{\"@type\":\"WebSite\",\"@id\":\"https:\\\/\\\/alimentariarrigoni.it\\\/de\\\/#website\",\"url\":\"https:\\\/\\\/alimentariarrigoni.it\\\/de\\\/\",\"name\":\"Alimentari Arrigoni\",\"description\":\"\",\"publisher\":{\"@id\":\"https:\\\/\\\/alimentariarrigoni.it\\\/de\\\/#organization\"},\"potentialAction\":[{\"@type\":\"SearchAction\",\"target\":{\"@type\":\"EntryPoint\",\"urlTemplate\":\"https:\\\/\\\/alimentariarrigoni.it\\\/de\\\/?s={search_term_string}\"},\"query-input\":{\"@type\":\"PropertyValueSpecification\",\"valueRequired\":true,\"valueName\":\"search_term_string\"}}],\"inLanguage\":\"de\"},{\"@type\":\"Organization\",\"@id\":\"https:\\\/\\\/alimentariarrigoni.it\\\/de\\\/#organization\",\"name\":\"Alimentari dal 1894\",\"url\":\"https:\\\/\\\/alimentariarrigoni.it\\\/de\\\/\",\"logo\":{\"@type\":\"ImageObject\",\"inLanguage\":\"de\",\"@id\":\"https:\\\/\\\/alimentariarrigoni.it\\\/de\\\/#\\\/schema\\\/logo\\\/image\\\/\",\"url\":\"https:\\\/\\\/alimentariarrigoni.it\\\/wp-content\\\/uploads\\\/2022\\\/02\\\/logo-mail-mod.-comp.jpg\",\"contentUrl\":\"https:\\\/\\\/alimentariarrigoni.it\\\/wp-content\\\/uploads\\\/2022\\\/02\\\/logo-mail-mod.-comp.jpg\",\"width\":315,\"height\":100,\"caption\":\"Alimentari dal 1894\"},\"image\":{\"@id\":\"https:\\\/\\\/alimentariarrigoni.it\\\/de\\\/#\\\/schema\\\/logo\\\/image\\\/\"},\"sameAs\":[\"https:\\\/\\\/www.facebook.com\\\/alimentariarrigoni\\\/\",\"https:\\\/\\\/www.instagram.com\\\/alimentariarrigoni\\\/\"]}]}<\/script>\n<!-- \/ Yoast SEO Premium plugin. -->","yoast_head_json":{"title":"Biancospino Valcalepio Bianco DOC La Collina 2023","description":"Biancospino Valcalepio Bianco DOC La Collina 2023","robots":{"index":"index","follow":"follow","max-snippet":"max-snippet:-1","max-image-preview":"max-image-preview:large","max-video-preview":"max-video-preview:-1"},"canonical":"https:\/\/alimentariarrigoni.it\/de\/prodotto\/biancospino-valcalepio-bianco-doc-la-collina-2023\/","og_locale":"de_DE","og_type":"article","og_title":"Biancospino Valcalepio Bianco DOC La Collina 2023","og_description":"Biancospino Valcalepio Bianco DOC La Collina 2023","og_url":"https:\/\/alimentariarrigoni.it\/de\/prodotto\/biancospino-valcalepio-bianco-doc-la-collina-2023\/","og_site_name":"Alimentari Arrigoni","article_publisher":"https:\/\/www.facebook.com\/alimentariarrigoni\/","article_modified_time":"2025-10-13T12:33:26+00:00","og_image":[{"width":1050,"height":1050,"url":"https:\/\/alimentariarrigoni.it\/wp-content\/uploads\/2024\/03\/biancospino-collina.jpg","type":"image\/jpeg"}],"twitter_card":"summary_large_image","twitter_misc":{"Gesch\u00e4tzte Lesezeit":"3\u00a0Minuten"},"schema":{"@context":"https:\/\/schema.org","@graph":[{"@type":"WebPage","@id":"https:\/\/alimentariarrigoni.it\/de\/prodotto\/biancospino-valcalepio-bianco-doc-la-collina-2023\/","url":"https:\/\/alimentariarrigoni.it\/de\/prodotto\/biancospino-valcalepio-bianco-doc-la-collina-2023\/","name":"Biancospino Valcalepio Bianco DOC La Collina 2023","isPartOf":{"@id":"https:\/\/alimentariarrigoni.it\/de\/#website"},"primaryImageOfPage":{"@id":"https:\/\/alimentariarrigoni.it\/de\/prodotto\/biancospino-valcalepio-bianco-doc-la-collina-2023\/#primaryimage"},"image":{"@id":"https:\/\/alimentariarrigoni.it\/de\/prodotto\/biancospino-valcalepio-bianco-doc-la-collina-2023\/#primaryimage"},"thumbnailUrl":"https:\/\/alimentariarrigoni.it\/wp-content\/uploads\/2024\/03\/biancospino-collina.jpg","datePublished":"2024-03-17T11:13:13+00:00","dateModified":"2025-10-13T12:33:26+00:00","description":"Biancospino Valcalepio Bianco DOC La Collina 2023","breadcrumb":{"@id":"https:\/\/alimentariarrigoni.it\/de\/prodotto\/biancospino-valcalepio-bianco-doc-la-collina-2023\/#breadcrumb"},"inLanguage":"de","potentialAction":[{"@type":"ReadAction","target":["https:\/\/alimentariarrigoni.it\/de\/prodotto\/biancospino-valcalepio-bianco-doc-la-collina-2023\/"]}]},{"@type":"ImageObject","inLanguage":"de","@id":"https:\/\/alimentariarrigoni.it\/de\/prodotto\/biancospino-valcalepio-bianco-doc-la-collina-2023\/#primaryimage","url":"https:\/\/alimentariarrigoni.it\/wp-content\/uploads\/2024\/03\/biancospino-collina.jpg","contentUrl":"https:\/\/alimentariarrigoni.it\/wp-content\/uploads\/2024\/03\/biancospino-collina.jpg","width":1050,"height":1050},{"@type":"BreadcrumbList","@id":"https:\/\/alimentariarrigoni.it\/de\/prodotto\/biancospino-valcalepio-bianco-doc-la-collina-2023\/#breadcrumb","itemListElement":[{"@type":"ListItem","position":1,"name":"Home","item":"https:\/\/alimentariarrigoni.it\/de\/"},{"@type":"ListItem","position":2,"name":"Shop","item":"https:\/\/alimentariarrigoni.it\/de\/shop\/"},{"@type":"ListItem","position":3,"name":"Biancospino Valcalepio Bianco DOC La Collina 2023"}]},{"@type":"WebSite","@id":"https:\/\/alimentariarrigoni.it\/de\/#website","url":"https:\/\/alimentariarrigoni.it\/de\/","name":"Alimentari Arrigoni","description":"","publisher":{"@id":"https:\/\/alimentariarrigoni.it\/de\/#organization"},"potentialAction":[{"@type":"SearchAction","target":{"@type":"EntryPoint","urlTemplate":"https:\/\/alimentariarrigoni.it\/de\/?s={search_term_string}"},"query-input":{"@type":"PropertyValueSpecification","valueRequired":true,"valueName":"search_term_string"}}],"inLanguage":"de"},{"@type":"Organization","@id":"https:\/\/alimentariarrigoni.it\/de\/#organization","name":"Alimentari dal 1894","url":"https:\/\/alimentariarrigoni.it\/de\/","logo":{"@type":"ImageObject","inLanguage":"de","@id":"https:\/\/alimentariarrigoni.it\/de\/#\/schema\/logo\/image\/","url":"https:\/\/alimentariarrigoni.it\/wp-content\/uploads\/2022\/02\/logo-mail-mod.-comp.jpg","contentUrl":"https:\/\/alimentariarrigoni.it\/wp-content\/uploads\/2022\/02\/logo-mail-mod.-comp.jpg","width":315,"height":100,"caption":"Alimentari dal 1894"},"image":{"@id":"https:\/\/alimentariarrigoni.it\/de\/#\/schema\/logo\/image\/"},"sameAs":["https:\/\/www.facebook.com\/alimentariarrigoni\/","https:\/\/www.instagram.com\/alimentariarrigoni\/"]}]}},"_links":{"self":[{"href":"https:\/\/alimentariarrigoni.it\/de\/wp-json\/wp\/v2\/product\/12214","targetHints":{"allow":["GET"]}}],"collection":[{"href":"https:\/\/alimentariarrigoni.it\/de\/wp-json\/wp\/v2\/product"}],"about":[{"href":"https:\/\/alimentariarrigoni.it\/de\/wp-json\/wp\/v2\/types\/product"}],"wp:featuredmedia":[{"embeddable":true,"href":"https:\/\/alimentariarrigoni.it\/de\/wp-json\/wp\/v2\/media\/12125"}],"wp:attachment":[{"href":"https:\/\/alimentariarrigoni.it\/de\/wp-json\/wp\/v2\/media?parent=12214"}],"wp:term":[{"taxonomy":"product_brand","embeddable":true,"href":"https:\/\/alimentariarrigoni.it\/de\/wp-json\/wp\/v2\/product_brand?post=12214"},{"taxonomy":"product_cat","embeddable":true,"href":"https:\/\/alimentariarrigoni.it\/de\/wp-json\/wp\/v2\/product_cat?post=12214"},{"taxonomy":"product_tag","embeddable":true,"href":"https:\/\/alimentariarrigoni.it\/de\/wp-json\/wp\/v2\/product_tag?post=12214"}],"curies":[{"name":"wp","href":"https:\/\/api.w.org\/{rel}","templated":true}]}}