{"id":1013,"date":"2021-09-23T11:33:53","date_gmt":"2021-09-23T09:33:53","guid":{"rendered":"https:\/\/yard.sitowp.com\/alimentariarrigoni\/prodotto\/grillo-sicilia-doc-poggio-graffetta-2019\/"},"modified":"2025-06-28T21:25:52","modified_gmt":"2025-06-28T19:25:52","slug":"grillo-sicilia-doc-poggio-graffetta-2023","status":"publish","type":"product","link":"https:\/\/alimentariarrigoni.it\/de\/prodotto\/grillo-sicilia-doc-poggio-graffetta-2023\/","title":{"rendered":"Grillo Sicilia DOC Poggio Graffetta 2023"},"content":{"rendered":"<div class=\"wpb-content-wrapper\"><p>[vc_row][vc_column][vc_column_text css=&#8220;&#8220;]<\/p>\n<p style=\"text-align: center;\"><span style=\"font-size: 22px;\"><strong><span style=\"font-family: 'times new roman', times, serif;\">Grillo Poggio Graffetta 2023<\/span><\/strong><\/span><\/p>\n<p><span style=\"font-family: 'times new roman', times, serif; font-size: 18px;\">Collaborazioni sorte nella conduzione dei vigneti di propriet\u00e0 hanno portato alla conduzione di vigneti siti a ca. 600m sul livello del mare in zona Segesta, Ispica in provincia di Ragusa nel bellissimo Val di Noto, un area ad altissima vocazione per vitigni a bacca bianca come il Grillo. <\/span><\/p>\n<p><span style=\"font-family: 'times new roman', times, serif; font-size: 18px;\">L&#8217;Azienda agricola siciliana Poggio Graffetta \u00e8 di recente acquisizione. La Propriet\u00e0 di 22 ettari di vigneto a 40 metri sul livello del mare, nel Ragusano vicino a Ispica, nei pressi della strada che dal paese conduce al mare di Marina di Pozzallo.<br \/>\nVini potenti e concentrati. E&#8216; un baglio del Cinquecento appartenuto precedentemente, come del resto tutta la propriet\u00e0, al Conte di Modica. Graffetta \u00e8 a un passo dal comune di Ispica, limitrofa a Noto e Modica, i borghi del barocco siciliano pi\u00f9 autentico, architetture che segnano la rinascita della Val di Noto dopo il tremendo terremoto del 1697, che rade al suolo i principali centri della zona.<\/span><\/p>\n<p><span style=\"font-family: 'times new roman', times, serif; font-size: 18px;\"><b style=\"font-weight: bold; margin-right: 3px;\">DENOMINAZIONE<\/b> Sicilia DOC<\/span><\/p>\n<p><span style=\"font-family: 'times new roman', times, serif; font-size: 18px;\"><b style=\"font-weight: bold; margin-right: 3px;\">VITIGNO<\/b>Grillo 100%<\/span><\/p>\n<p><span style=\"font-family: 'times new roman', times, serif; font-size: 18px;\"><b style=\"font-weight: bold; margin-right: 3px;\">ALCOL <\/b>13,5%vol.\u00a0<\/span><\/p>\n<p><span style=\"font-family: 'times new roman', times, serif; font-size: 18px;\"><b style=\"font-weight: bold; margin-right: 3px;\">VIGNETO\u00a0<\/b>Localit\u00e0 Segesta<\/span><\/p>\n<p><span style=\"font-family: 'times new roman', times, serif; font-size: 18px;\"><b style=\"font-weight: bold; margin-right: 3px;\">TERRENO\u00a0<\/b>Collinare ricco di scheletro con rocce affioranti<\/span><\/p>\n<p><span style=\"font-family: 'times new roman', times, serif; font-size: 18px;\"><b style=\"font-weight: bold; margin-right: 3px;\">SUPERFICIE DEL VIGNETO\u00a0<\/b>4 Ha<\/span><\/p>\n<p><span style=\"font-family: 'times new roman', times, serif; font-size: 18px;\"><b style=\"font-weight: bold; margin-right: 3px;\">ET\u00c0 DELL\u2019IMPIANTO\u00a0<\/b>12 anni<\/span><\/p>\n<p><span style=\"font-family: 'times new roman', times, serif; font-size: 18px;\"><b style=\"font-weight: bold; margin-right: 3px;\">ESPOSIZIONE\u00a0<\/b>Est-Ovest<\/span><\/p>\n<p><span style=\"font-family: 'times new roman', times, serif; font-size: 18px;\"><b style=\"font-weight: bold; margin-right: 3px;\">ALTITUDINE MEDIA\u00a0<\/b>600m slm<\/span><\/p>\n<p><span style=\"font-family: 'times new roman', times, serif; font-size: 18px;\"><b style=\"font-weight: bold; margin-right: 3px;\">DENSIT\u00c0 DELL\u2019IMPIANTO<\/b>6.500 viti\/ettaro<\/span><\/p>\n<p><span style=\"font-family: 'times new roman', times, serif; font-size: 18px;\"><b style=\"font-weight: bold; margin-right: 3px;\">RESA MEDIA PER PIANTA\u00a0<\/b>1,2Kg<\/span><\/p>\n<p><span style=\"font-family: 'times new roman', times, serif; font-size: 18px;\"><b style=\"font-weight: bold; margin-right: 3px;\">ALLEVAMENTO\/POTATURA\u00a0<\/b>Cordone speronato<\/span><\/p>\n<p><span style=\"font-family: 'times new roman', times, serif; font-size: 18px;\"><b style=\"font-weight: bold; margin-right: 3px;\">VENDEMMIA\u00a0<\/b>Prima met\u00e0 di Settembre<\/span><\/p>\n<p><span style=\"font-family: 'times new roman', times, serif; font-size: 18px;\"><b style=\"font-weight: bold; margin-right: 3px;\">FERMENTAZIONE\u00a0<\/b>A temperatura di 18\u00b0 C circa per 10\/12 giorni<\/span><\/p>\n<p><span style=\"font-family: 'times new roman', times, serif; font-size: 18px;\"><b style=\"font-weight: bold; margin-right: 3px;\">MALOLATTICA\u00a0<\/b>In acciaio<\/span><\/p>\n<p><span style=\"font-family: 'times new roman', times, serif; font-size: 18px;\"><b style=\"font-weight: bold; margin-right: 3px;\">AFFINAMENTO<\/b>In acciaio e almeno 3 mesi in bottiglia.<\/span><\/p>\n<p><span style=\"font-family: 'times new roman', times, serif; font-size: 18px;\"><b style=\"font-weight: bold; margin-right: 3px;\">PRODUZIONE ANNUA\u00a0<\/b>Circa 12.000 bottiglie<\/span><\/p>\n<p><span style=\"font-family: 'times new roman', times, serif; font-size: 18px;\"><b style=\"font-weight: bold; margin-right: 3px;\">CARATT. ORGANOLETTICHE<\/b>Di colore giallo paglierino, all\u2019olfatto svela note delicate e complesse di fiori essiccati, fieno e paglia. Al palato esprime calore mediterraneo ben contrastato dalla freschezza donata da una spiccata acidit\u00e0.<\/span><\/p>\n<p><span style=\"font-family: 'times new roman', times, serif; font-size: 18px;\"><b style=\"font-weight: bold; margin-right: 3px;\">ABBINAMENTI<\/b>Pesce e crostacei in genere, primi piatti con sughi mediterranei.<\/span><\/p>\n<p><span style=\"font-family: 'times new roman', times, serif; font-size: 18px;\"><b style=\"font-weight: bold;\">TEMPERATURA DI SERVIZIO<\/b>16\u00b0 C.<\/span><\/p>\n<p>[\/vc_column_text][\/vc_column][\/vc_row]<\/p>\n<\/div>","protected":false},"excerpt":{"rendered":"<p><span style=\"font-size: 14px;\">Da un vigneto a 600 m. s.l.m, il Grillo Poggio Graffetta ha un colore giallo paglierino, all\u2019olfatto svela note delicate e complesse di fiori essiccati, fieno e paglia. Al palato esprime calore mediterraneo ben contrastato\u00a0dalla freschezza donata da una spiccata acidit\u00e0.<\/span><\/p>\n","protected":false},"featured_media":2615,"template":"","meta":[],"product_brand":[],"product_cat":[662,823,896,501,877],"product_tag":[523,810,235,236,677,237,502],"class_list":{"0":"post-1013","1":"product","2":"type-product","3":"status-publish","4":"has-post-thumbnail","6":"product_cat-vini-bianchi","7":"product_cat-grillo","8":"product_cat-poggio-graffetta","9":"product_cat-sicilia-vino","10":"product_cat-sicilia-doc","11":"product_tag-acciaio","12":"product_tag-bianchi","13":"product_tag-graffetta","14":"product_tag-grillo","15":"product_tag-poggio-graffetta","16":"product_tag-sicilia","17":"product_tag-sicilia-doc","18":"blog_entry clearfix","20":"first","21":"instock","22":"taxable","23":"shipping-taxable","24":"purchasable","25":"product-type-simple"},"yoast_head":"<!-- This site is optimized with the Yoast SEO Premium plugin v27.3 (Yoast SEO v27.4) - https:\/\/yoast.com\/product\/yoast-seo-premium-wordpress\/ -->\n<title>Grillo Sicilia DOC Poggio Graffetta 2023<\/title>\n<meta name=\"description\" content=\"Grillo Sicilia DOC Poggio Graffetta Di colore giallo paglierino, all\u2019olfatto svela note delicate e complesse di fiori essiccati, fieno e paglia. Al palato esprime calore mediterraneo ben contrastato dalla freschezza donata da una spiccata acidit\u00e0.\" \/>\n<meta name=\"robots\" content=\"index, follow, max-snippet:-1, max-image-preview:large, max-video-preview:-1\" \/>\n<link rel=\"canonical\" href=\"https:\/\/alimentariarrigoni.it\/de\/prodotto\/grillo-sicilia-doc-poggio-graffetta-2023\/\" \/>\n<meta property=\"og:locale\" content=\"de_DE\" \/>\n<meta property=\"og:type\" content=\"article\" \/>\n<meta property=\"og:title\" content=\"Grillo Sicilia DOC Poggio Graffetta 2023\" \/>\n<meta property=\"og:description\" content=\"Grillo Sicilia DOC Poggio Graffetta Di colore giallo paglierino, all\u2019olfatto svela note delicate e complesse di fiori essiccati, fieno e paglia. Al palato esprime calore mediterraneo ben contrastato dalla freschezza donata da una spiccata acidit\u00e0.\" \/>\n<meta property=\"og:url\" content=\"https:\/\/alimentariarrigoni.it\/de\/prodotto\/grillo-sicilia-doc-poggio-graffetta-2023\/\" \/>\n<meta property=\"og:site_name\" content=\"Alimentari Arrigoni\" \/>\n<meta property=\"article:publisher\" content=\"https:\/\/www.facebook.com\/alimentariarrigoni\/\" \/>\n<meta property=\"article:modified_time\" content=\"2025-06-28T19:25:52+00:00\" \/>\n<meta property=\"og:image\" content=\"https:\/\/alimentariarrigoni.it\/wp-content\/uploads\/2021\/09\/192115E7-6937-442D-BD70-4EE4402E01DF.jpeg\" \/>\n\t<meta property=\"og:image:width\" content=\"700\" \/>\n\t<meta property=\"og:image:height\" content=\"700\" \/>\n\t<meta property=\"og:image:type\" content=\"image\/jpeg\" \/>\n<meta name=\"twitter:card\" content=\"summary_large_image\" \/>\n<meta name=\"twitter:label1\" content=\"Gesch\u00e4tzte Lesezeit\" \/>\n\t<meta name=\"twitter:data1\" content=\"2\u00a0Minuten\" \/>\n<script type=\"application\/ld+json\" class=\"yoast-schema-graph\">{\"@context\":\"https:\\\/\\\/schema.org\",\"@graph\":[{\"@type\":\"WebPage\",\"@id\":\"https:\\\/\\\/alimentariarrigoni.it\\\/de\\\/prodotto\\\/grillo-sicilia-doc-poggio-graffetta-2023\\\/\",\"url\":\"https:\\\/\\\/alimentariarrigoni.it\\\/de\\\/prodotto\\\/grillo-sicilia-doc-poggio-graffetta-2023\\\/\",\"name\":\"Grillo Sicilia DOC Poggio Graffetta 2023\",\"isPartOf\":{\"@id\":\"https:\\\/\\\/alimentariarrigoni.it\\\/de\\\/#website\"},\"primaryImageOfPage\":{\"@id\":\"https:\\\/\\\/alimentariarrigoni.it\\\/de\\\/prodotto\\\/grillo-sicilia-doc-poggio-graffetta-2023\\\/#primaryimage\"},\"image\":{\"@id\":\"https:\\\/\\\/alimentariarrigoni.it\\\/de\\\/prodotto\\\/grillo-sicilia-doc-poggio-graffetta-2023\\\/#primaryimage\"},\"thumbnailUrl\":\"https:\\\/\\\/alimentariarrigoni.it\\\/wp-content\\\/uploads\\\/2021\\\/09\\\/192115E7-6937-442D-BD70-4EE4402E01DF.jpeg\",\"datePublished\":\"2021-09-23T09:33:53+00:00\",\"dateModified\":\"2025-06-28T19:25:52+00:00\",\"description\":\"Grillo Sicilia DOC Poggio Graffetta Di colore giallo paglierino, all\u2019olfatto svela note delicate e complesse di fiori essiccati, fieno e paglia. Al palato esprime calore mediterraneo ben contrastato dalla freschezza donata da una spiccata acidit\u00e0.\",\"breadcrumb\":{\"@id\":\"https:\\\/\\\/alimentariarrigoni.it\\\/de\\\/prodotto\\\/grillo-sicilia-doc-poggio-graffetta-2023\\\/#breadcrumb\"},\"inLanguage\":\"de\",\"potentialAction\":[{\"@type\":\"ReadAction\",\"target\":[\"https:\\\/\\\/alimentariarrigoni.it\\\/de\\\/prodotto\\\/grillo-sicilia-doc-poggio-graffetta-2023\\\/\"]}]},{\"@type\":\"ImageObject\",\"inLanguage\":\"de\",\"@id\":\"https:\\\/\\\/alimentariarrigoni.it\\\/de\\\/prodotto\\\/grillo-sicilia-doc-poggio-graffetta-2023\\\/#primaryimage\",\"url\":\"https:\\\/\\\/alimentariarrigoni.it\\\/wp-content\\\/uploads\\\/2021\\\/09\\\/192115E7-6937-442D-BD70-4EE4402E01DF.jpeg\",\"contentUrl\":\"https:\\\/\\\/alimentariarrigoni.it\\\/wp-content\\\/uploads\\\/2021\\\/09\\\/192115E7-6937-442D-BD70-4EE4402E01DF.jpeg\",\"width\":700,\"height\":700,\"caption\":\"Sicilia DOC Grillo Poggio Graffetta\"},{\"@type\":\"BreadcrumbList\",\"@id\":\"https:\\\/\\\/alimentariarrigoni.it\\\/de\\\/prodotto\\\/grillo-sicilia-doc-poggio-graffetta-2023\\\/#breadcrumb\",\"itemListElement\":[{\"@type\":\"ListItem\",\"position\":1,\"name\":\"Home\",\"item\":\"https:\\\/\\\/alimentariarrigoni.it\\\/de\\\/\"},{\"@type\":\"ListItem\",\"position\":2,\"name\":\"Shop\",\"item\":\"https:\\\/\\\/alimentariarrigoni.it\\\/de\\\/shop\\\/\"},{\"@type\":\"ListItem\",\"position\":3,\"name\":\"Grillo Sicilia DOC Poggio Graffetta 2023\"}]},{\"@type\":\"WebSite\",\"@id\":\"https:\\\/\\\/alimentariarrigoni.it\\\/de\\\/#website\",\"url\":\"https:\\\/\\\/alimentariarrigoni.it\\\/de\\\/\",\"name\":\"Alimentari Arrigoni\",\"description\":\"\",\"publisher\":{\"@id\":\"https:\\\/\\\/alimentariarrigoni.it\\\/de\\\/#organization\"},\"potentialAction\":[{\"@type\":\"SearchAction\",\"target\":{\"@type\":\"EntryPoint\",\"urlTemplate\":\"https:\\\/\\\/alimentariarrigoni.it\\\/de\\\/?s={search_term_string}\"},\"query-input\":{\"@type\":\"PropertyValueSpecification\",\"valueRequired\":true,\"valueName\":\"search_term_string\"}}],\"inLanguage\":\"de\"},{\"@type\":\"Organization\",\"@id\":\"https:\\\/\\\/alimentariarrigoni.it\\\/de\\\/#organization\",\"name\":\"Alimentari dal 1894\",\"url\":\"https:\\\/\\\/alimentariarrigoni.it\\\/de\\\/\",\"logo\":{\"@type\":\"ImageObject\",\"inLanguage\":\"de\",\"@id\":\"https:\\\/\\\/alimentariarrigoni.it\\\/de\\\/#\\\/schema\\\/logo\\\/image\\\/\",\"url\":\"https:\\\/\\\/alimentariarrigoni.it\\\/wp-content\\\/uploads\\\/2022\\\/02\\\/logo-mail-mod.-comp.jpg\",\"contentUrl\":\"https:\\\/\\\/alimentariarrigoni.it\\\/wp-content\\\/uploads\\\/2022\\\/02\\\/logo-mail-mod.-comp.jpg\",\"width\":315,\"height\":100,\"caption\":\"Alimentari dal 1894\"},\"image\":{\"@id\":\"https:\\\/\\\/alimentariarrigoni.it\\\/de\\\/#\\\/schema\\\/logo\\\/image\\\/\"},\"sameAs\":[\"https:\\\/\\\/www.facebook.com\\\/alimentariarrigoni\\\/\",\"https:\\\/\\\/www.instagram.com\\\/alimentariarrigoni\\\/\"]}]}<\/script>\n<!-- \/ Yoast SEO Premium plugin. -->","yoast_head_json":{"title":"Grillo Sicilia DOC Poggio Graffetta 2023","description":"Grillo Sicilia DOC Poggio Graffetta Di colore giallo paglierino, all\u2019olfatto svela note delicate e complesse di fiori essiccati, fieno e paglia. Al palato esprime calore mediterraneo ben contrastato dalla freschezza donata da una spiccata acidit\u00e0.","robots":{"index":"index","follow":"follow","max-snippet":"max-snippet:-1","max-image-preview":"max-image-preview:large","max-video-preview":"max-video-preview:-1"},"canonical":"https:\/\/alimentariarrigoni.it\/de\/prodotto\/grillo-sicilia-doc-poggio-graffetta-2023\/","og_locale":"de_DE","og_type":"article","og_title":"Grillo Sicilia DOC Poggio Graffetta 2023","og_description":"Grillo Sicilia DOC Poggio Graffetta Di colore giallo paglierino, all\u2019olfatto svela note delicate e complesse di fiori essiccati, fieno e paglia. Al palato esprime calore mediterraneo ben contrastato dalla freschezza donata da una spiccata acidit\u00e0.","og_url":"https:\/\/alimentariarrigoni.it\/de\/prodotto\/grillo-sicilia-doc-poggio-graffetta-2023\/","og_site_name":"Alimentari Arrigoni","article_publisher":"https:\/\/www.facebook.com\/alimentariarrigoni\/","article_modified_time":"2025-06-28T19:25:52+00:00","og_image":[{"width":700,"height":700,"url":"https:\/\/alimentariarrigoni.it\/wp-content\/uploads\/2021\/09\/192115E7-6937-442D-BD70-4EE4402E01DF.jpeg","type":"image\/jpeg"}],"twitter_card":"summary_large_image","twitter_misc":{"Gesch\u00e4tzte Lesezeit":"2\u00a0Minuten"},"schema":{"@context":"https:\/\/schema.org","@graph":[{"@type":"WebPage","@id":"https:\/\/alimentariarrigoni.it\/de\/prodotto\/grillo-sicilia-doc-poggio-graffetta-2023\/","url":"https:\/\/alimentariarrigoni.it\/de\/prodotto\/grillo-sicilia-doc-poggio-graffetta-2023\/","name":"Grillo Sicilia DOC Poggio Graffetta 2023","isPartOf":{"@id":"https:\/\/alimentariarrigoni.it\/de\/#website"},"primaryImageOfPage":{"@id":"https:\/\/alimentariarrigoni.it\/de\/prodotto\/grillo-sicilia-doc-poggio-graffetta-2023\/#primaryimage"},"image":{"@id":"https:\/\/alimentariarrigoni.it\/de\/prodotto\/grillo-sicilia-doc-poggio-graffetta-2023\/#primaryimage"},"thumbnailUrl":"https:\/\/alimentariarrigoni.it\/wp-content\/uploads\/2021\/09\/192115E7-6937-442D-BD70-4EE4402E01DF.jpeg","datePublished":"2021-09-23T09:33:53+00:00","dateModified":"2025-06-28T19:25:52+00:00","description":"Grillo Sicilia DOC Poggio Graffetta Di colore giallo paglierino, all\u2019olfatto svela note delicate e complesse di fiori essiccati, fieno e paglia. Al palato esprime calore mediterraneo ben contrastato dalla freschezza donata da una spiccata acidit\u00e0.","breadcrumb":{"@id":"https:\/\/alimentariarrigoni.it\/de\/prodotto\/grillo-sicilia-doc-poggio-graffetta-2023\/#breadcrumb"},"inLanguage":"de","potentialAction":[{"@type":"ReadAction","target":["https:\/\/alimentariarrigoni.it\/de\/prodotto\/grillo-sicilia-doc-poggio-graffetta-2023\/"]}]},{"@type":"ImageObject","inLanguage":"de","@id":"https:\/\/alimentariarrigoni.it\/de\/prodotto\/grillo-sicilia-doc-poggio-graffetta-2023\/#primaryimage","url":"https:\/\/alimentariarrigoni.it\/wp-content\/uploads\/2021\/09\/192115E7-6937-442D-BD70-4EE4402E01DF.jpeg","contentUrl":"https:\/\/alimentariarrigoni.it\/wp-content\/uploads\/2021\/09\/192115E7-6937-442D-BD70-4EE4402E01DF.jpeg","width":700,"height":700,"caption":"Sicilia DOC Grillo Poggio Graffetta"},{"@type":"BreadcrumbList","@id":"https:\/\/alimentariarrigoni.it\/de\/prodotto\/grillo-sicilia-doc-poggio-graffetta-2023\/#breadcrumb","itemListElement":[{"@type":"ListItem","position":1,"name":"Home","item":"https:\/\/alimentariarrigoni.it\/de\/"},{"@type":"ListItem","position":2,"name":"Shop","item":"https:\/\/alimentariarrigoni.it\/de\/shop\/"},{"@type":"ListItem","position":3,"name":"Grillo Sicilia DOC Poggio Graffetta 2023"}]},{"@type":"WebSite","@id":"https:\/\/alimentariarrigoni.it\/de\/#website","url":"https:\/\/alimentariarrigoni.it\/de\/","name":"Alimentari Arrigoni","description":"","publisher":{"@id":"https:\/\/alimentariarrigoni.it\/de\/#organization"},"potentialAction":[{"@type":"SearchAction","target":{"@type":"EntryPoint","urlTemplate":"https:\/\/alimentariarrigoni.it\/de\/?s={search_term_string}"},"query-input":{"@type":"PropertyValueSpecification","valueRequired":true,"valueName":"search_term_string"}}],"inLanguage":"de"},{"@type":"Organization","@id":"https:\/\/alimentariarrigoni.it\/de\/#organization","name":"Alimentari dal 1894","url":"https:\/\/alimentariarrigoni.it\/de\/","logo":{"@type":"ImageObject","inLanguage":"de","@id":"https:\/\/alimentariarrigoni.it\/de\/#\/schema\/logo\/image\/","url":"https:\/\/alimentariarrigoni.it\/wp-content\/uploads\/2022\/02\/logo-mail-mod.-comp.jpg","contentUrl":"https:\/\/alimentariarrigoni.it\/wp-content\/uploads\/2022\/02\/logo-mail-mod.-comp.jpg","width":315,"height":100,"caption":"Alimentari dal 1894"},"image":{"@id":"https:\/\/alimentariarrigoni.it\/de\/#\/schema\/logo\/image\/"},"sameAs":["https:\/\/www.facebook.com\/alimentariarrigoni\/","https:\/\/www.instagram.com\/alimentariarrigoni\/"]}]}},"_links":{"self":[{"href":"https:\/\/alimentariarrigoni.it\/de\/wp-json\/wp\/v2\/product\/1013","targetHints":{"allow":["GET"]}}],"collection":[{"href":"https:\/\/alimentariarrigoni.it\/de\/wp-json\/wp\/v2\/product"}],"about":[{"href":"https:\/\/alimentariarrigoni.it\/de\/wp-json\/wp\/v2\/types\/product"}],"wp:featuredmedia":[{"embeddable":true,"href":"https:\/\/alimentariarrigoni.it\/de\/wp-json\/wp\/v2\/media\/2615"}],"wp:attachment":[{"href":"https:\/\/alimentariarrigoni.it\/de\/wp-json\/wp\/v2\/media?parent=1013"}],"wp:term":[{"taxonomy":"product_brand","embeddable":true,"href":"https:\/\/alimentariarrigoni.it\/de\/wp-json\/wp\/v2\/product_brand?post=1013"},{"taxonomy":"product_cat","embeddable":true,"href":"https:\/\/alimentariarrigoni.it\/de\/wp-json\/wp\/v2\/product_cat?post=1013"},{"taxonomy":"product_tag","embeddable":true,"href":"https:\/\/alimentariarrigoni.it\/de\/wp-json\/wp\/v2\/product_tag?post=1013"}],"curies":[{"name":"wp","href":"https:\/\/api.w.org\/{rel}","templated":true}]}}